{"id":5885,"date":"2024-01-05T13:53:12","date_gmt":"2024-01-05T12:53:12","guid":{"rendered":"https:\/\/forma5.com\/diseno-de-producto\/"},"modified":"2025-03-19T16:19:59","modified_gmt":"2025-03-19T15:19:59","slug":"designer","status":"publish","type":"page","link":"https:\/\/forma5.com\/de\/designer\/","title":{"rendered":"Designers"},"content":{"rendered":"<div class=\"wp-block-columns flex-container is-layout-flex wp-container-core-columns-is-layout-9d6595d7 wp-block-columns-is-layout-flex\"><div class=\"wp-block-column is-layout-flow wp-block-column-is-layout-flow\" style=\"flex-basis:33.33%\"><h2 class=\"wp-block-heading\">Eine <em>Idee<\/em>, <br\/>ein <em>Gedanke<\/em>, <br\/>ein <em>Gef\u00fchl<\/em>, <br\/>ein <em>Eindruck<\/em><\/h2><\/div>\n\n<div class=\"wp-block-column is-layout-flow wp-block-column-is-layout-flow\" style=\"flex-basis:66.66%\"><p><br\/>Alles abstrakte und \u00e4therische Konzepte, die nur die brillantesten K\u00f6pfe in die reale Welt transportieren k\u00f6nnen. Beim Design geht es genau darum: abstrakte Konzepte zum Leben erwecken, unseren Gef\u00fchlen eine Form geben, Gedanken greifbar machen. Bei Forma 5 wissen wir die Rolle der Produktdesigner zu sch\u00e4tzen, da allein sie in der Lage sind, diese Meisterleistung zu vollbringen. Ob es um die Gestaltung von B\u00fcrom\u00f6beln, die Einrichtung von Arbeitspl\u00e4tzen, Innovationen im Bereich der Ergonomie oder die Entwicklung nachhaltiger Produkte geht, die Designer sind das Herzblut der Produkte von Forma 5. Die st\u00e4ndige Innovation im M\u00f6beldesign und die Umsetzung neuer Technologien im Produktdesign sind zwei wichtige Aspekte in unserem Sektor, der immer lebendig und offen f\u00fcr Ver\u00e4nderungen ist. Deshalb suchen wir bei Forma 5 nach Fachkr\u00e4ften, die Vorreiter in Sachen Innovation und Produktentwicklung sind, als Verst\u00e4rkung f\u00fcr unsere hausinterne Abteilung, die sich auf die Entwicklung innovativer Produkte f\u00fcr Unternehmensm\u00f6bel konzentriert.<\/p>\n\n<p>M\u00f6chten Sie im Detail wissen, wer die Designer von Forma 5 sind? Haben Sie einen Lieblingsdesigner und m\u00f6chten wissen, welche Produkte er entworfen hat? Klicken Sie auf den jeweiligen Designer, um mehr zu erfahren. Eine Welt voller Design und Kreativit\u00e4t erwartet Sie.<\/p><\/div><\/div>","protected":false},"excerpt":{"rendered":"<p>Eine Idee, ein Gedanke, ein Gef\u00fchl, ein Eindruck Alles abstrakte und \u00e4therische Konzepte, die nur die brillantesten K\u00f6pfe in die reale Welt transportieren k\u00f6nnen. Beim Design &#8230; <a title=\"Designers\" class=\"read-more\" href=\"https:\/\/forma5.com\/de\/designer\/\" aria-label=\"Mehr Informationen \u00fcber Designers\">Weiterlesen<\/a><\/p>\n","protected":false},"author":1,"featured_media":5886,"parent":0,"menu_order":0,"comment_status":"closed","ping_status":"closed","template":"page-designers.php","meta":{"_acf_changed":false,"footnotes":""},"class_list":["post-5885","page","type-page","status-publish","has-post-thumbnail"],"acf":[],"yoast_head":"<!-- This site is optimized with the Yoast SEO plugin v25.2 - https:\/\/yoast.com\/wordpress\/plugins\/seo\/ -->\n<title>\u25b6 Alle M\u00f6beldesigner - Gruppe Forma 5<\/title>\n<meta name=\"description\" content=\"Lernen Sie unsere B\u00fcrom\u00f6beldesigner kennen. Innovation und Kreativit\u00e4t in jedem Projekt. Klicken Sie und erfahren Sie mehr!\" \/>\n<meta name=\"robots\" content=\"index, follow, max-snippet:-1, max-image-preview:large, max-video-preview:-1\" \/>\n<link rel=\"canonical\" href=\"https:\/\/forma5.com\/de\/designer\/\" \/>\n<meta property=\"og:locale\" content=\"de_DE\" \/>\n<meta property=\"og:type\" content=\"article\" \/>\n<meta property=\"og:title\" content=\"\u25b6 Alle M\u00f6beldesigner - Gruppe Forma 5\" \/>\n<meta property=\"og:description\" content=\"Lernen Sie unsere B\u00fcrom\u00f6beldesigner kennen. Innovation und Kreativit\u00e4t in jedem Projekt. Klicken Sie und erfahren Sie mehr!\" \/>\n<meta property=\"og:url\" content=\"https:\/\/forma5.com\/de\/designer\/\" \/>\n<meta property=\"og:site_name\" content=\"Forma 5\" \/>\n<meta property=\"article:modified_time\" content=\"2025-03-19T15:19:59+00:00\" \/>\n<meta property=\"og:image\" content=\"https:\/\/forma5.com\/wp-content\/uploads\/profesionales-scaled.webp\" \/>\n\t<meta property=\"og:image:width\" content=\"2560\" \/>\n\t<meta property=\"og:image:height\" content=\"1118\" \/>\n\t<meta property=\"og:image:type\" content=\"image\/webp\" \/>\n<meta name=\"twitter:card\" content=\"summary_large_image\" \/>\n<meta name=\"twitter:label1\" content=\"Gesch\u00e4tzte Lesezeit\" \/>\n\t<meta name=\"twitter:data1\" content=\"2\u00a0Minuten\" \/>\n<script type=\"application\/ld+json\" class=\"yoast-schema-graph\">{\"@context\":\"https:\/\/schema.org\",\"@graph\":[{\"@type\":\"WebPage\",\"@id\":\"https:\/\/forma5.com\/de\/designer\/\",\"url\":\"https:\/\/forma5.com\/de\/designer\/\",\"name\":\"\u25b6 Alle M\u00f6beldesigner - Gruppe Forma 5\",\"isPartOf\":{\"@id\":\"https:\/\/forma5.com\/de\/#website\"},\"primaryImageOfPage\":{\"@id\":\"https:\/\/forma5.com\/de\/designer\/#primaryimage\"},\"image\":{\"@id\":\"https:\/\/forma5.com\/de\/designer\/#primaryimage\"},\"thumbnailUrl\":\"https:\/\/forma5.com\/wp-content\/uploads\/profesionales-scaled.webp\",\"datePublished\":\"2024-01-05T12:53:12+00:00\",\"dateModified\":\"2025-03-19T15:19:59+00:00\",\"description\":\"Lernen Sie unsere B\u00fcrom\u00f6beldesigner kennen. Innovation und Kreativit\u00e4t in jedem Projekt. Klicken Sie und erfahren Sie mehr!\",\"breadcrumb\":{\"@id\":\"https:\/\/forma5.com\/de\/designer\/#breadcrumb\"},\"inLanguage\":\"de\",\"potentialAction\":[{\"@type\":\"ReadAction\",\"target\":[\"https:\/\/forma5.com\/de\/designer\/\"]}]},{\"@type\":\"ImageObject\",\"inLanguage\":\"de\",\"@id\":\"https:\/\/forma5.com\/de\/designer\/#primaryimage\",\"url\":\"https:\/\/forma5.com\/wp-content\/uploads\/profesionales-scaled.webp\",\"contentUrl\":\"https:\/\/forma5.com\/wp-content\/uploads\/profesionales-scaled.webp\",\"width\":2560,\"height\":1118},{\"@type\":\"BreadcrumbList\",\"@id\":\"https:\/\/forma5.com\/de\/designer\/#breadcrumb\",\"itemListElement\":[{\"@type\":\"ListItem\",\"position\":1,\"name\":\"Portada\",\"item\":\"https:\/\/forma5.com\/de\/\"},{\"@type\":\"ListItem\",\"position\":2,\"name\":\"Designers\"}]},{\"@type\":\"WebSite\",\"@id\":\"https:\/\/forma5.com\/de\/#website\",\"url\":\"https:\/\/forma5.com\/de\/\",\"name\":\"Forma 5\",\"description\":\"\",\"publisher\":{\"@id\":\"https:\/\/forma5.com\/de\/#organization\"},\"potentialAction\":[{\"@type\":\"SearchAction\",\"target\":{\"@type\":\"EntryPoint\",\"urlTemplate\":\"https:\/\/forma5.com\/de\/?s={search_term_string}\"},\"query-input\":{\"@type\":\"PropertyValueSpecification\",\"valueRequired\":true,\"valueName\":\"search_term_string\"}}],\"inLanguage\":\"de\"},{\"@type\":\"Organization\",\"@id\":\"https:\/\/forma5.com\/de\/#organization\",\"name\":\"Forma 5\",\"url\":\"https:\/\/forma5.com\/de\/\",\"logo\":{\"@type\":\"ImageObject\",\"inLanguage\":\"de\",\"@id\":\"https:\/\/forma5.com\/de\/#\/schema\/logo\/image\/\",\"url\":\"https:\/\/forma5.com\/wp-content\/uploads\/cropped-Logo-2D-Forma-5_BLACK.png\",\"contentUrl\":\"https:\/\/forma5.com\/wp-content\/uploads\/cropped-Logo-2D-Forma-5_BLACK.png\",\"width\":1129,\"height\":225,\"caption\":\"Forma 5\"},\"image\":{\"@id\":\"https:\/\/forma5.com\/de\/#\/schema\/logo\/image\/\"}}]}<\/script>\n<!-- \/ Yoast SEO plugin. -->","yoast_head_json":{"title":"\u25b6 Alle M\u00f6beldesigner - Gruppe Forma 5","description":"Lernen Sie unsere B\u00fcrom\u00f6beldesigner kennen. Innovation und Kreativit\u00e4t in jedem Projekt. Klicken Sie und erfahren Sie mehr!","robots":{"index":"index","follow":"follow","max-snippet":"max-snippet:-1","max-image-preview":"max-image-preview:large","max-video-preview":"max-video-preview:-1"},"canonical":"https:\/\/forma5.com\/de\/designer\/","og_locale":"de_DE","og_type":"article","og_title":"\u25b6 Alle M\u00f6beldesigner - Gruppe Forma 5","og_description":"Lernen Sie unsere B\u00fcrom\u00f6beldesigner kennen. Innovation und Kreativit\u00e4t in jedem Projekt. Klicken Sie und erfahren Sie mehr!","og_url":"https:\/\/forma5.com\/de\/designer\/","og_site_name":"Forma 5","article_modified_time":"2025-03-19T15:19:59+00:00","og_image":[{"width":2560,"height":1118,"url":"https:\/\/forma5.com\/wp-content\/uploads\/profesionales-scaled.webp","type":"image\/webp"}],"twitter_card":"summary_large_image","twitter_misc":{"Gesch\u00e4tzte Lesezeit":"2\u00a0Minuten"},"schema":{"@context":"https:\/\/schema.org","@graph":[{"@type":"WebPage","@id":"https:\/\/forma5.com\/de\/designer\/","url":"https:\/\/forma5.com\/de\/designer\/","name":"\u25b6 Alle M\u00f6beldesigner - Gruppe Forma 5","isPartOf":{"@id":"https:\/\/forma5.com\/de\/#website"},"primaryImageOfPage":{"@id":"https:\/\/forma5.com\/de\/designer\/#primaryimage"},"image":{"@id":"https:\/\/forma5.com\/de\/designer\/#primaryimage"},"thumbnailUrl":"https:\/\/forma5.com\/wp-content\/uploads\/profesionales-scaled.webp","datePublished":"2024-01-05T12:53:12+00:00","dateModified":"2025-03-19T15:19:59+00:00","description":"Lernen Sie unsere B\u00fcrom\u00f6beldesigner kennen. Innovation und Kreativit\u00e4t in jedem Projekt. Klicken Sie und erfahren Sie mehr!","breadcrumb":{"@id":"https:\/\/forma5.com\/de\/designer\/#breadcrumb"},"inLanguage":"de","potentialAction":[{"@type":"ReadAction","target":["https:\/\/forma5.com\/de\/designer\/"]}]},{"@type":"ImageObject","inLanguage":"de","@id":"https:\/\/forma5.com\/de\/designer\/#primaryimage","url":"https:\/\/forma5.com\/wp-content\/uploads\/profesionales-scaled.webp","contentUrl":"https:\/\/forma5.com\/wp-content\/uploads\/profesionales-scaled.webp","width":2560,"height":1118},{"@type":"BreadcrumbList","@id":"https:\/\/forma5.com\/de\/designer\/#breadcrumb","itemListElement":[{"@type":"ListItem","position":1,"name":"Portada","item":"https:\/\/forma5.com\/de\/"},{"@type":"ListItem","position":2,"name":"Designers"}]},{"@type":"WebSite","@id":"https:\/\/forma5.com\/de\/#website","url":"https:\/\/forma5.com\/de\/","name":"Forma 5","description":"","publisher":{"@id":"https:\/\/forma5.com\/de\/#organization"},"potentialAction":[{"@type":"SearchAction","target":{"@type":"EntryPoint","urlTemplate":"https:\/\/forma5.com\/de\/?s={search_term_string}"},"query-input":{"@type":"PropertyValueSpecification","valueRequired":true,"valueName":"search_term_string"}}],"inLanguage":"de"},{"@type":"Organization","@id":"https:\/\/forma5.com\/de\/#organization","name":"Forma 5","url":"https:\/\/forma5.com\/de\/","logo":{"@type":"ImageObject","inLanguage":"de","@id":"https:\/\/forma5.com\/de\/#\/schema\/logo\/image\/","url":"https:\/\/forma5.com\/wp-content\/uploads\/cropped-Logo-2D-Forma-5_BLACK.png","contentUrl":"https:\/\/forma5.com\/wp-content\/uploads\/cropped-Logo-2D-Forma-5_BLACK.png","width":1129,"height":225,"caption":"Forma 5"},"image":{"@id":"https:\/\/forma5.com\/de\/#\/schema\/logo\/image\/"}}]}},"_links":{"self":[{"href":"https:\/\/forma5.com\/de\/wp-json\/wp\/v2\/pages\/5885","targetHints":{"allow":["GET"]}}],"collection":[{"href":"https:\/\/forma5.com\/de\/wp-json\/wp\/v2\/pages"}],"about":[{"href":"https:\/\/forma5.com\/de\/wp-json\/wp\/v2\/types\/page"}],"author":[{"embeddable":true,"href":"https:\/\/forma5.com\/de\/wp-json\/wp\/v2\/users\/1"}],"replies":[{"embeddable":true,"href":"https:\/\/forma5.com\/de\/wp-json\/wp\/v2\/comments?post=5885"}],"version-history":[{"count":3,"href":"https:\/\/forma5.com\/de\/wp-json\/wp\/v2\/pages\/5885\/revisions"}],"predecessor-version":[{"id":5894,"href":"https:\/\/forma5.com\/de\/wp-json\/wp\/v2\/pages\/5885\/revisions\/5894"}],"wp:featuredmedia":[{"embeddable":true,"href":"https:\/\/forma5.com\/de\/wp-json\/wp\/v2\/media\/5886"}],"wp:attachment":[{"href":"https:\/\/forma5.com\/de\/wp-json\/wp\/v2\/media?parent=5885"}],"curies":[{"name":"wp","href":"https:\/\/api.w.org\/{rel}","templated":true}]}}