{"id":5895,"date":"2023-10-30T12:44:31","date_gmt":"2023-10-30T11:44:31","guid":{"rendered":"https:\/\/forma5.com\/contenido-descargable\/"},"modified":"2026-04-01T15:26:46","modified_gmt":"2026-04-01T13:26:46","slug":"downloads","status":"publish","type":"page","link":"https:\/\/forma5.com\/de\/downloads\/","title":{"rendered":"Downloads"},"content":{"rendered":"","protected":false},"excerpt":{"rendered":"","protected":false},"author":1,"featured_media":0,"parent":0,"menu_order":0,"comment_status":"closed","ping_status":"closed","template":"page-downloads.php","meta":{"_acf_changed":false,"footnotes":""},"class_list":["post-5895","page","type-page","status-publish"],"acf":[],"yoast_head":"<!-- This site is optimized with the Yoast SEO plugin v25.2 - https:\/\/yoast.com\/wordpress\/plugins\/seo\/ -->\n<title>\u25b6 B\u00fcrom\u00f6belkatalog und andere Dokumente - Gruppe Forma 5<\/title>\n<meta name=\"description\" content=\"Laden Sie unseren Katalog und die Dokumentation \u00fcber Forma 5 B\u00fcrom\u00f6bel herunter. Klicken Sie hier, um zu allen Informationen und Ressourcen zu gelangen!\" \/>\n<meta name=\"robots\" content=\"index, follow, max-snippet:-1, max-image-preview:large, max-video-preview:-1\" \/>\n<link rel=\"canonical\" href=\"https:\/\/forma5.com\/de\/downloads\/\" \/>\n<meta property=\"og:locale\" content=\"de_DE\" \/>\n<meta property=\"og:type\" content=\"article\" \/>\n<meta property=\"og:title\" content=\"\u25b6 B\u00fcrom\u00f6belkatalog und andere Dokumente - Gruppe Forma 5\" \/>\n<meta property=\"og:description\" content=\"Laden Sie unseren Katalog und die Dokumentation \u00fcber Forma 5 B\u00fcrom\u00f6bel herunter. Klicken Sie hier, um zu allen Informationen und Ressourcen zu gelangen!\" \/>\n<meta property=\"og:url\" content=\"https:\/\/forma5.com\/de\/downloads\/\" \/>\n<meta property=\"og:site_name\" content=\"Forma 5\" \/>\n<meta property=\"article:modified_time\" content=\"2026-04-01T13:26:46+00:00\" \/>\n<meta name=\"twitter:card\" content=\"summary_large_image\" \/>\n<script type=\"application\/ld+json\" class=\"yoast-schema-graph\">{\"@context\":\"https:\/\/schema.org\",\"@graph\":[{\"@type\":\"WebPage\",\"@id\":\"https:\/\/forma5.com\/de\/downloads\/\",\"url\":\"https:\/\/forma5.com\/de\/downloads\/\",\"name\":\"\u25b6 B\u00fcrom\u00f6belkatalog und andere Dokumente - Gruppe Forma 5\",\"isPartOf\":{\"@id\":\"https:\/\/forma5.com\/de\/#website\"},\"datePublished\":\"2023-10-30T11:44:31+00:00\",\"dateModified\":\"2026-04-01T13:26:46+00:00\",\"description\":\"Laden Sie unseren Katalog und die Dokumentation \u00fcber Forma 5 B\u00fcrom\u00f6bel herunter. Klicken Sie hier, um zu allen Informationen und Ressourcen zu gelangen!\",\"breadcrumb\":{\"@id\":\"https:\/\/forma5.com\/de\/downloads\/#breadcrumb\"},\"inLanguage\":\"de\",\"potentialAction\":[{\"@type\":\"ReadAction\",\"target\":[\"https:\/\/forma5.com\/de\/downloads\/\"]}]},{\"@type\":\"BreadcrumbList\",\"@id\":\"https:\/\/forma5.com\/de\/downloads\/#breadcrumb\",\"itemListElement\":[{\"@type\":\"ListItem\",\"position\":1,\"name\":\"Portada\",\"item\":\"https:\/\/forma5.com\/de\/\"},{\"@type\":\"ListItem\",\"position\":2,\"name\":\"Downloads\"}]},{\"@type\":\"WebSite\",\"@id\":\"https:\/\/forma5.com\/de\/#website\",\"url\":\"https:\/\/forma5.com\/de\/\",\"name\":\"Forma 5\",\"description\":\"\",\"publisher\":{\"@id\":\"https:\/\/forma5.com\/de\/#organization\"},\"potentialAction\":[{\"@type\":\"SearchAction\",\"target\":{\"@type\":\"EntryPoint\",\"urlTemplate\":\"https:\/\/forma5.com\/de\/?s={search_term_string}\"},\"query-input\":{\"@type\":\"PropertyValueSpecification\",\"valueRequired\":true,\"valueName\":\"search_term_string\"}}],\"inLanguage\":\"de\"},{\"@type\":\"Organization\",\"@id\":\"https:\/\/forma5.com\/de\/#organization\",\"name\":\"Forma 5\",\"url\":\"https:\/\/forma5.com\/de\/\",\"logo\":{\"@type\":\"ImageObject\",\"inLanguage\":\"de\",\"@id\":\"https:\/\/forma5.com\/de\/#\/schema\/logo\/image\/\",\"url\":\"https:\/\/forma5.com\/wp-content\/uploads\/cropped-Logo-2D-Forma-5_BLACK.png\",\"contentUrl\":\"https:\/\/forma5.com\/wp-content\/uploads\/cropped-Logo-2D-Forma-5_BLACK.png\",\"width\":1129,\"height\":225,\"caption\":\"Forma 5\"},\"image\":{\"@id\":\"https:\/\/forma5.com\/de\/#\/schema\/logo\/image\/\"}}]}<\/script>\n<!-- \/ Yoast SEO plugin. -->","yoast_head_json":{"title":"\u25b6 B\u00fcrom\u00f6belkatalog und andere Dokumente - Gruppe Forma 5","description":"Laden Sie unseren Katalog und die Dokumentation \u00fcber Forma 5 B\u00fcrom\u00f6bel herunter. Klicken Sie hier, um zu allen Informationen und Ressourcen zu gelangen!","robots":{"index":"index","follow":"follow","max-snippet":"max-snippet:-1","max-image-preview":"max-image-preview:large","max-video-preview":"max-video-preview:-1"},"canonical":"https:\/\/forma5.com\/de\/downloads\/","og_locale":"de_DE","og_type":"article","og_title":"\u25b6 B\u00fcrom\u00f6belkatalog und andere Dokumente - Gruppe Forma 5","og_description":"Laden Sie unseren Katalog und die Dokumentation \u00fcber Forma 5 B\u00fcrom\u00f6bel herunter. Klicken Sie hier, um zu allen Informationen und Ressourcen zu gelangen!","og_url":"https:\/\/forma5.com\/de\/downloads\/","og_site_name":"Forma 5","article_modified_time":"2026-04-01T13:26:46+00:00","twitter_card":"summary_large_image","schema":{"@context":"https:\/\/schema.org","@graph":[{"@type":"WebPage","@id":"https:\/\/forma5.com\/de\/downloads\/","url":"https:\/\/forma5.com\/de\/downloads\/","name":"\u25b6 B\u00fcrom\u00f6belkatalog und andere Dokumente - Gruppe Forma 5","isPartOf":{"@id":"https:\/\/forma5.com\/de\/#website"},"datePublished":"2023-10-30T11:44:31+00:00","dateModified":"2026-04-01T13:26:46+00:00","description":"Laden Sie unseren Katalog und die Dokumentation \u00fcber Forma 5 B\u00fcrom\u00f6bel herunter. Klicken Sie hier, um zu allen Informationen und Ressourcen zu gelangen!","breadcrumb":{"@id":"https:\/\/forma5.com\/de\/downloads\/#breadcrumb"},"inLanguage":"de","potentialAction":[{"@type":"ReadAction","target":["https:\/\/forma5.com\/de\/downloads\/"]}]},{"@type":"BreadcrumbList","@id":"https:\/\/forma5.com\/de\/downloads\/#breadcrumb","itemListElement":[{"@type":"ListItem","position":1,"name":"Portada","item":"https:\/\/forma5.com\/de\/"},{"@type":"ListItem","position":2,"name":"Downloads"}]},{"@type":"WebSite","@id":"https:\/\/forma5.com\/de\/#website","url":"https:\/\/forma5.com\/de\/","name":"Forma 5","description":"","publisher":{"@id":"https:\/\/forma5.com\/de\/#organization"},"potentialAction":[{"@type":"SearchAction","target":{"@type":"EntryPoint","urlTemplate":"https:\/\/forma5.com\/de\/?s={search_term_string}"},"query-input":{"@type":"PropertyValueSpecification","valueRequired":true,"valueName":"search_term_string"}}],"inLanguage":"de"},{"@type":"Organization","@id":"https:\/\/forma5.com\/de\/#organization","name":"Forma 5","url":"https:\/\/forma5.com\/de\/","logo":{"@type":"ImageObject","inLanguage":"de","@id":"https:\/\/forma5.com\/de\/#\/schema\/logo\/image\/","url":"https:\/\/forma5.com\/wp-content\/uploads\/cropped-Logo-2D-Forma-5_BLACK.png","contentUrl":"https:\/\/forma5.com\/wp-content\/uploads\/cropped-Logo-2D-Forma-5_BLACK.png","width":1129,"height":225,"caption":"Forma 5"},"image":{"@id":"https:\/\/forma5.com\/de\/#\/schema\/logo\/image\/"}}]}},"_links":{"self":[{"href":"https:\/\/forma5.com\/de\/wp-json\/wp\/v2\/pages\/5895","targetHints":{"allow":["GET"]}}],"collection":[{"href":"https:\/\/forma5.com\/de\/wp-json\/wp\/v2\/pages"}],"about":[{"href":"https:\/\/forma5.com\/de\/wp-json\/wp\/v2\/types\/page"}],"author":[{"embeddable":true,"href":"https:\/\/forma5.com\/de\/wp-json\/wp\/v2\/users\/1"}],"replies":[{"embeddable":true,"href":"https:\/\/forma5.com\/de\/wp-json\/wp\/v2\/comments?post=5895"}],"version-history":[{"count":39,"href":"https:\/\/forma5.com\/de\/wp-json\/wp\/v2\/pages\/5895\/revisions"}],"predecessor-version":[{"id":10819,"href":"https:\/\/forma5.com\/de\/wp-json\/wp\/v2\/pages\/5895\/revisions\/10819"}],"wp:attachment":[{"href":"https:\/\/forma5.com\/de\/wp-json\/wp\/v2\/media?parent=5895"}],"curies":[{"name":"wp","href":"https:\/\/api.w.org\/{rel}","templated":true}]}}