{"id":10263,"date":"2024-08-19T10:04:17","date_gmt":"2024-08-19T08:04:17","guid":{"rendered":"https:\/\/forma5.com\/producto\/unkategorisiert\/m10\/"},"modified":"2026-01-15T15:05:23","modified_gmt":"2026-01-15T14:05:23","slug":"m10","status":"publish","type":"product","link":"https:\/\/forma5.com\/de\/producto\/m10\/","title":{"rendered":"M10"},"content":{"rendered":"<p>Schlangenf\u00f6rmige Konfigurationen, Raumteiler auf unterschiedlichen Ebenen, neue Staurauml\u00f6sungen am Arbeitsplatz, Verbindungselemente, Empfangstheken und Besprechungstische.<\/p>\n<p>All dies und vieles mehr, vereint mit einem leichten und exklusiven Design, bietet das neue Systemprogramm M10.<\/p>\n","protected":false},"excerpt":{"rendered":"<h2>Personalisierung und vielseitige <em>Konfigurationen in Stauraum und Anordnung<\/em><\/h2>\n","protected":false},"featured_media":10265,"template":"","meta":{"_acf_changed":false},"product_brand":[],"product_cat":[263,234],"product_tag":[],"class_list":{"0":"post-10263","1":"product","2":"type-product","3":"status-publish","4":"has-post-thumbnail","6":"product_cat-tische-system","7":"product_cat-besprechungsraume","9":"first","10":"instock","11":"shipping-taxable","12":"product-type-simple"},"acf":{"bigger_product_image":["isBigger"],"background-text":"","product_designer":[1029],"inactive_designer_info":{"custom_designer_name":"","custom_designer_image":null},"scene_gallery":[2641,2643,2647,2651],"gallery_bg_color":"#b5b5b5","details_gallery":[{"slide_text":"Eine der Eigenschaften von M10 ist die \u00dcberwindung architektonischer oder funktionaler <strong>Barrieren zugunsten der \u00c4sthetik.<\/strong>","slide_image":2645},{"slide_text":"Ein gutes Projekt bietet optimale L\u00f6sungen f\u00fcr jede der vom Personal ausge\u00fcbten Funktionen und schlie\u00dft Alternativen f\u00fcr zuk\u00fcnftige T\u00e4tigkeiten mit ein. Ein Projekt muss dauerhaft und funktional sein und zudem die Werte des Unternehmens vermitteln.","slide_image":3368}],"product_video":{"video_link":"https:\/\/vimeo.com\/995333599","video_cover":2643},"product_downloads_path":"mesas-oficina\/escritorio","product_downloads":[{"select_file_type":"normal","file_type":"catalog","file_type_special":"","file_name":"C_m10.pdf","file_customlabel":"Katalog"},{"select_file_type":"normal","file_type":"technicalFeatures","file_type_special":"","file_name":"_CCTT_M10.pdf","file_customlabel":"Technische Merkmale"},{"select_file_type":"normal","file_type":"images","file_type_special":"","file_name":"06_M10.zip","file_customlabel":"Bilder"},{"select_file_type":"normal","file_type":"autocad","file_type_special":"","file_name":"M10.zip","file_customlabel":"3D-Geometrie"},{"select_file_type":"normal","file_type":"revitBim","file_type_special":"","file_name":"M10.zip","file_customlabel":"Revit\/BIM"}],"grid_image_gallery":[10123,10127,10131,10135,10139,10143,10147,10151,10155,10159,10163,10167,10171,10175]},"yoast_head":"<!-- This site is optimized with the Yoast SEO plugin v25.2 - https:\/\/yoast.com\/wordpress\/plugins\/seo\/ -->\n<title>\u25b6 Schreibtisch in Wei\u00df und Holz B\u00fcro \u2013 Forma 5<\/title>\n<meta name=\"description\" content=\"Entdecke den wei\u00dfen Schreibtisch in Holzoptik. Die perfekte Kombination aus Stil und Funktionalit\u00e4t f\u00fcr dein B\u00fcro.\" \/>\n<meta name=\"robots\" content=\"index, follow, max-snippet:-1, max-image-preview:large, max-video-preview:-1\" \/>\n<link rel=\"canonical\" href=\"https:\/\/forma5.com\/de\/producto\/m10\/\" \/>\n<meta property=\"og:locale\" content=\"de_DE\" \/>\n<meta property=\"og:type\" content=\"article\" \/>\n<meta property=\"og:title\" content=\"\u25b6 Schreibtisch in Wei\u00df und Holz B\u00fcro \u2013 Forma 5\" \/>\n<meta property=\"og:description\" content=\"Entdecke den wei\u00dfen Schreibtisch in Holzoptik. Die perfekte Kombination aus Stil und Funktionalit\u00e4t f\u00fcr dein B\u00fcro.\" \/>\n<meta property=\"og:url\" content=\"https:\/\/forma5.com\/de\/producto\/m10\/\" \/>\n<meta property=\"og:site_name\" content=\"Forma 5\" \/>\n<meta property=\"article:modified_time\" content=\"2026-01-15T14:05:23+00:00\" \/>\n<meta property=\"og:image\" content=\"https:\/\/forma5.com\/wp-content\/uploads\/m10.webp\" \/>\n\t<meta property=\"og:image:width\" content=\"1200\" \/>\n\t<meta property=\"og:image:height\" content=\"1200\" \/>\n\t<meta property=\"og:image:type\" content=\"image\/webp\" \/>\n<meta name=\"twitter:card\" content=\"summary_large_image\" \/>\n<meta name=\"twitter:label1\" content=\"Gesch\u00e4tzte Lesezeit\" \/>\n\t<meta name=\"twitter:data1\" content=\"1\u00a0Minute\" \/>\n<script type=\"application\/ld+json\" class=\"yoast-schema-graph\">{\"@context\":\"https:\/\/schema.org\",\"@graph\":[{\"@type\":\"WebPage\",\"@id\":\"https:\/\/forma5.com\/de\/producto\/m10\/\",\"url\":\"https:\/\/forma5.com\/de\/producto\/m10\/\",\"name\":\"\u25b6 Schreibtisch in Wei\u00df und Holz B\u00fcro \u2013 Forma 5\",\"isPartOf\":{\"@id\":\"https:\/\/forma5.com\/de\/#website\"},\"primaryImageOfPage\":{\"@id\":\"https:\/\/forma5.com\/de\/producto\/m10\/#primaryimage\"},\"image\":{\"@id\":\"https:\/\/forma5.com\/de\/producto\/m10\/#primaryimage\"},\"thumbnailUrl\":\"https:\/\/forma5.com\/wp-content\/uploads\/m10.webp\",\"datePublished\":\"2024-08-19T08:04:17+00:00\",\"dateModified\":\"2026-01-15T14:05:23+00:00\",\"description\":\"Entdecke den wei\u00dfen Schreibtisch in Holzoptik. Die perfekte Kombination aus Stil und Funktionalit\u00e4t f\u00fcr dein B\u00fcro.\",\"breadcrumb\":{\"@id\":\"https:\/\/forma5.com\/de\/producto\/m10\/#breadcrumb\"},\"inLanguage\":\"de\",\"potentialAction\":[{\"@type\":\"ReadAction\",\"target\":[\"https:\/\/forma5.com\/de\/producto\/m10\/\"]}]},{\"@type\":\"ImageObject\",\"inLanguage\":\"de\",\"@id\":\"https:\/\/forma5.com\/de\/producto\/m10\/#primaryimage\",\"url\":\"https:\/\/forma5.com\/wp-content\/uploads\/m10.webp\",\"contentUrl\":\"https:\/\/forma5.com\/wp-content\/uploads\/m10.webp\",\"width\":1200,\"height\":1200},{\"@type\":\"BreadcrumbList\",\"@id\":\"https:\/\/forma5.com\/de\/producto\/m10\/#breadcrumb\",\"itemListElement\":[{\"@type\":\"ListItem\",\"position\":1,\"name\":\"Portada\",\"item\":\"https:\/\/forma5.com\/de\/\"},{\"@type\":\"ListItem\",\"position\":2,\"name\":\"Productos\",\"item\":\"https:\/\/forma5.com\/shop\/\"},{\"@type\":\"ListItem\",\"position\":3,\"name\":\"M10\"}]},{\"@type\":\"WebSite\",\"@id\":\"https:\/\/forma5.com\/de\/#website\",\"url\":\"https:\/\/forma5.com\/de\/\",\"name\":\"Forma 5\",\"description\":\"\",\"publisher\":{\"@id\":\"https:\/\/forma5.com\/de\/#organization\"},\"potentialAction\":[{\"@type\":\"SearchAction\",\"target\":{\"@type\":\"EntryPoint\",\"urlTemplate\":\"https:\/\/forma5.com\/de\/?s={search_term_string}\"},\"query-input\":{\"@type\":\"PropertyValueSpecification\",\"valueRequired\":true,\"valueName\":\"search_term_string\"}}],\"inLanguage\":\"de\"},{\"@type\":\"Organization\",\"@id\":\"https:\/\/forma5.com\/de\/#organization\",\"name\":\"Forma 5\",\"url\":\"https:\/\/forma5.com\/de\/\",\"logo\":{\"@type\":\"ImageObject\",\"inLanguage\":\"de\",\"@id\":\"https:\/\/forma5.com\/de\/#\/schema\/logo\/image\/\",\"url\":\"https:\/\/forma5.com\/wp-content\/uploads\/cropped-Logo-2D-Forma-5_BLACK.png\",\"contentUrl\":\"https:\/\/forma5.com\/wp-content\/uploads\/cropped-Logo-2D-Forma-5_BLACK.png\",\"width\":1129,\"height\":225,\"caption\":\"Forma 5\"},\"image\":{\"@id\":\"https:\/\/forma5.com\/de\/#\/schema\/logo\/image\/\"}}]}<\/script>\n<!-- \/ Yoast SEO plugin. -->","yoast_head_json":{"title":"\u25b6 Schreibtisch in Wei\u00df und Holz B\u00fcro \u2013 Forma 5","description":"Entdecke den wei\u00dfen Schreibtisch in Holzoptik. Die perfekte Kombination aus Stil und Funktionalit\u00e4t f\u00fcr dein B\u00fcro.","robots":{"index":"index","follow":"follow","max-snippet":"max-snippet:-1","max-image-preview":"max-image-preview:large","max-video-preview":"max-video-preview:-1"},"canonical":"https:\/\/forma5.com\/de\/producto\/m10\/","og_locale":"de_DE","og_type":"article","og_title":"\u25b6 Schreibtisch in Wei\u00df und Holz B\u00fcro \u2013 Forma 5","og_description":"Entdecke den wei\u00dfen Schreibtisch in Holzoptik. Die perfekte Kombination aus Stil und Funktionalit\u00e4t f\u00fcr dein B\u00fcro.","og_url":"https:\/\/forma5.com\/de\/producto\/m10\/","og_site_name":"Forma 5","article_modified_time":"2026-01-15T14:05:23+00:00","og_image":[{"width":1200,"height":1200,"url":"https:\/\/forma5.com\/wp-content\/uploads\/m10.webp","type":"image\/webp"}],"twitter_card":"summary_large_image","twitter_misc":{"Gesch\u00e4tzte Lesezeit":"1\u00a0Minute"},"schema":{"@context":"https:\/\/schema.org","@graph":[{"@type":"WebPage","@id":"https:\/\/forma5.com\/de\/producto\/m10\/","url":"https:\/\/forma5.com\/de\/producto\/m10\/","name":"\u25b6 Schreibtisch in Wei\u00df und Holz B\u00fcro \u2013 Forma 5","isPartOf":{"@id":"https:\/\/forma5.com\/de\/#website"},"primaryImageOfPage":{"@id":"https:\/\/forma5.com\/de\/producto\/m10\/#primaryimage"},"image":{"@id":"https:\/\/forma5.com\/de\/producto\/m10\/#primaryimage"},"thumbnailUrl":"https:\/\/forma5.com\/wp-content\/uploads\/m10.webp","datePublished":"2024-08-19T08:04:17+00:00","dateModified":"2026-01-15T14:05:23+00:00","description":"Entdecke den wei\u00dfen Schreibtisch in Holzoptik. Die perfekte Kombination aus Stil und Funktionalit\u00e4t f\u00fcr dein B\u00fcro.","breadcrumb":{"@id":"https:\/\/forma5.com\/de\/producto\/m10\/#breadcrumb"},"inLanguage":"de","potentialAction":[{"@type":"ReadAction","target":["https:\/\/forma5.com\/de\/producto\/m10\/"]}]},{"@type":"ImageObject","inLanguage":"de","@id":"https:\/\/forma5.com\/de\/producto\/m10\/#primaryimage","url":"https:\/\/forma5.com\/wp-content\/uploads\/m10.webp","contentUrl":"https:\/\/forma5.com\/wp-content\/uploads\/m10.webp","width":1200,"height":1200},{"@type":"BreadcrumbList","@id":"https:\/\/forma5.com\/de\/producto\/m10\/#breadcrumb","itemListElement":[{"@type":"ListItem","position":1,"name":"Portada","item":"https:\/\/forma5.com\/de\/"},{"@type":"ListItem","position":2,"name":"Productos","item":"https:\/\/forma5.com\/shop\/"},{"@type":"ListItem","position":3,"name":"M10"}]},{"@type":"WebSite","@id":"https:\/\/forma5.com\/de\/#website","url":"https:\/\/forma5.com\/de\/","name":"Forma 5","description":"","publisher":{"@id":"https:\/\/forma5.com\/de\/#organization"},"potentialAction":[{"@type":"SearchAction","target":{"@type":"EntryPoint","urlTemplate":"https:\/\/forma5.com\/de\/?s={search_term_string}"},"query-input":{"@type":"PropertyValueSpecification","valueRequired":true,"valueName":"search_term_string"}}],"inLanguage":"de"},{"@type":"Organization","@id":"https:\/\/forma5.com\/de\/#organization","name":"Forma 5","url":"https:\/\/forma5.com\/de\/","logo":{"@type":"ImageObject","inLanguage":"de","@id":"https:\/\/forma5.com\/de\/#\/schema\/logo\/image\/","url":"https:\/\/forma5.com\/wp-content\/uploads\/cropped-Logo-2D-Forma-5_BLACK.png","contentUrl":"https:\/\/forma5.com\/wp-content\/uploads\/cropped-Logo-2D-Forma-5_BLACK.png","width":1129,"height":225,"caption":"Forma 5"},"image":{"@id":"https:\/\/forma5.com\/de\/#\/schema\/logo\/image\/"}}]}},"_links":{"self":[{"href":"https:\/\/forma5.com\/de\/wp-json\/wp\/v2\/product\/10263","targetHints":{"allow":["GET"]}}],"collection":[{"href":"https:\/\/forma5.com\/de\/wp-json\/wp\/v2\/product"}],"about":[{"href":"https:\/\/forma5.com\/de\/wp-json\/wp\/v2\/types\/product"}],"acf:attachment":[{"embeddable":true,"href":"https:\/\/forma5.com\/de\/wp-json\/wp\/v2\/media\/10175"},{"embeddable":true,"href":"https:\/\/forma5.com\/de\/wp-json\/wp\/v2\/media\/10171"},{"embeddable":true,"href":"https:\/\/forma5.com\/de\/wp-json\/wp\/v2\/media\/10167"},{"embeddable":true,"href":"https:\/\/forma5.com\/de\/wp-json\/wp\/v2\/media\/10163"},{"embeddable":true,"href":"https:\/\/forma5.com\/de\/wp-json\/wp\/v2\/media\/10159"},{"embeddable":true,"href":"https:\/\/forma5.com\/de\/wp-json\/wp\/v2\/media\/10155"},{"embeddable":true,"href":"https:\/\/forma5.com\/de\/wp-json\/wp\/v2\/media\/10151"},{"embeddable":true,"href":"https:\/\/forma5.com\/de\/wp-json\/wp\/v2\/media\/10147"},{"embeddable":true,"href":"https:\/\/forma5.com\/de\/wp-json\/wp\/v2\/media\/10143"},{"embeddable":true,"href":"https:\/\/forma5.com\/de\/wp-json\/wp\/v2\/media\/10139"},{"embeddable":true,"href":"https:\/\/forma5.com\/de\/wp-json\/wp\/v2\/media\/10135"},{"embeddable":true,"href":"https:\/\/forma5.com\/de\/wp-json\/wp\/v2\/media\/10131"},{"embeddable":true,"href":"https:\/\/forma5.com\/de\/wp-json\/wp\/v2\/media\/10127"},{"embeddable":true,"href":"https:\/\/forma5.com\/de\/wp-json\/wp\/v2\/media\/10123"},{"embeddable":true,"href":"https:\/\/forma5.com\/de\/wp-json\/wp\/v2\/media\/2651"},{"embeddable":true,"href":"https:\/\/forma5.com\/de\/wp-json\/wp\/v2\/media\/2647"},{"embeddable":true,"href":"https:\/\/forma5.com\/de\/wp-json\/wp\/v2\/media\/2643"},{"embeddable":true,"href":"https:\/\/forma5.com\/de\/wp-json\/wp\/v2\/media\/2641"}],"acf:post":[{"embeddable":true,"href":"https:\/\/forma5.com\/de\/wp-json\/wp\/v2\/disenador\/1029"}],"wp:featuredmedia":[{"embeddable":true,"href":"https:\/\/forma5.com\/de\/wp-json\/wp\/v2\/media\/10265"}],"wp:attachment":[{"href":"https:\/\/forma5.com\/de\/wp-json\/wp\/v2\/media?parent=10263"}],"wp:term":[{"taxonomy":"product_brand","embeddable":true,"href":"https:\/\/forma5.com\/de\/wp-json\/wp\/v2\/product_brand?post=10263"},{"taxonomy":"product_cat","embeddable":true,"href":"https:\/\/forma5.com\/de\/wp-json\/wp\/v2\/product_cat?post=10263"},{"taxonomy":"product_tag","embeddable":true,"href":"https:\/\/forma5.com\/de\/wp-json\/wp\/v2\/product_tag?post=10263"}],"curies":[{"name":"wp","href":"https:\/\/api.w.org\/{rel}","templated":true}]}}