{"id":10267,"date":"2024-04-10T08:04:18","date_gmt":"2024-04-10T06:04:18","guid":{"rendered":"https:\/\/forma5.com\/producto\/unkategorisiert\/madera-hexa\/"},"modified":"2026-01-15T15:17:02","modified_gmt":"2026-01-15T14:17:02","slug":"holz-hexa","status":"publish","type":"product","link":"https:\/\/forma5.com\/de\/producto\/madera-hexa\/","title":{"rendered":"Hexa"},"content":{"rendered":"<p>Die Geometrie von Hexa ist einzigartig, unterscheidend und \u00e4sthetisch dank des Aluminiums seiner F\u00fc\u00dfe. Doch Hexa ist weit mehr als \u00c4sthetik und Design. Hexa steht f\u00fcr Funktionalit\u00e4t, ein vielf\u00e4ltiges Sortiment und eine gro\u00dfe Auswahl an innovativen und attraktiven Oberfl\u00e4chen, die den modernen B\u00fcros eine frische und unverwechselbare Note verleihen.<\/p>\n","protected":false},"excerpt":{"rendered":"<h2>Einzigartige, unterscheidende <em>Geometrie dank der Aluminiumf\u00fc\u00dfe<\/em><\/h2>\n","protected":false},"featured_media":7775,"template":"","meta":{"_acf_changed":false},"product_brand":[],"product_cat":[263,234],"product_tag":[],"class_list":{"0":"post-10267","1":"product","2":"type-product","3":"status-publish","4":"has-post-thumbnail","6":"product_cat-tische-system","7":"product_cat-besprechungsraume","9":"first","10":"instock","11":"shipping-taxable","12":"product-type-simple"},"acf":{"bigger_product_image":["isBigger"],"background-text":"","product_designer":[2309],"inactive_designer_info":{"custom_designer_name":"Ramos Bassols","custom_designer_image":2610},"scene_gallery":[2608,2610,2614],"gallery_bg_color":"#adadad","details_gallery":[{"slide_text":"<strong>Neue Materialien und Oberfl\u00e4chen<\/strong> machen Hexa zu einem exklusiven Produkt.","slide_image":2612},{"slide_text":"Das organische Konzept verleiht den B\u00fcros Dynamik und schafft eine neue Art der Interaktion zwischen den Nutzern.","slide_image":2620}],"product_video":{"video_link":"","video_cover":""},"product_downloads_path":"mesas-oficina\/escritorio","product_downloads":[{"select_file_type":"normal","file_type":"catalog","file_type_special":"","file_name":"C_Hexa.pdf","file_customlabel":"Katalog"},{"select_file_type":"normal","file_type":"technicalFeatures","file_type_special":"","file_name":"_CCTT_Hexa.pdf","file_customlabel":"Technische Eigenschaften"},{"select_file_type":"normal","file_type":"images","file_type_special":"","file_name":"03_Hexa.zip","file_customlabel":"Bilder"},{"select_file_type":"normal","file_type":"autocad","file_type_special":"","file_name":"Hexa.zip","file_customlabel":"3D-Geometrie"},{"select_file_type":"normal","file_type":"revitBim","file_type_special":"","file_name":"HEXA.zip","file_customlabel":"Revit\/BIM"}],"grid_image_gallery":null},"yoast_head":"<!-- This site is optimized with the Yoast SEO plugin v25.2 - https:\/\/yoast.com\/wordpress\/plugins\/seo\/ -->\n<title>\u25b6 B\u00fcroschreibtisch aus Holz Hexa \u2013 Forma 5<\/title>\n<meta name=\"description\" content=\"Entdecke den B\u00fcroschreibtisch aus Holz \u201eHexa\u201c. Design und Qualit\u00e4t f\u00fcr deinen Arbeitsbereich.\" \/>\n<meta name=\"robots\" content=\"index, follow, max-snippet:-1, max-image-preview:large, max-video-preview:-1\" \/>\n<link rel=\"canonical\" href=\"https:\/\/forma5.com\/de\/producto\/madera-hexa\/\" \/>\n<meta property=\"og:locale\" content=\"de_DE\" \/>\n<meta property=\"og:type\" content=\"article\" \/>\n<meta property=\"og:title\" content=\"\u25b6 B\u00fcroschreibtisch aus Holz Hexa \u2013 Forma 5\" \/>\n<meta property=\"og:description\" content=\"Entdecke den B\u00fcroschreibtisch aus Holz \u201eHexa\u201c. Design und Qualit\u00e4t f\u00fcr deinen Arbeitsbereich.\" \/>\n<meta property=\"og:url\" content=\"https:\/\/forma5.com\/de\/producto\/madera-hexa\/\" \/>\n<meta property=\"og:site_name\" content=\"Forma 5\" \/>\n<meta property=\"article:modified_time\" content=\"2026-01-15T14:17:02+00:00\" \/>\n<meta property=\"og:image\" content=\"https:\/\/forma5.com\/wp-content\/uploads\/hexa-01-1.png\" \/>\n\t<meta property=\"og:image:width\" content=\"800\" \/>\n\t<meta property=\"og:image:height\" content=\"800\" \/>\n\t<meta property=\"og:image:type\" content=\"image\/png\" \/>\n<meta name=\"twitter:card\" content=\"summary_large_image\" \/>\n<meta name=\"twitter:label1\" content=\"Gesch\u00e4tzte Lesezeit\" \/>\n\t<meta name=\"twitter:data1\" content=\"1\u00a0Minute\" \/>\n<script type=\"application\/ld+json\" class=\"yoast-schema-graph\">{\"@context\":\"https:\/\/schema.org\",\"@graph\":[{\"@type\":\"WebPage\",\"@id\":\"https:\/\/forma5.com\/de\/producto\/madera-hexa\/\",\"url\":\"https:\/\/forma5.com\/de\/producto\/madera-hexa\/\",\"name\":\"\u25b6 B\u00fcroschreibtisch aus Holz Hexa \u2013 Forma 5\",\"isPartOf\":{\"@id\":\"https:\/\/forma5.com\/de\/#website\"},\"primaryImageOfPage\":{\"@id\":\"https:\/\/forma5.com\/de\/producto\/madera-hexa\/#primaryimage\"},\"image\":{\"@id\":\"https:\/\/forma5.com\/de\/producto\/madera-hexa\/#primaryimage\"},\"thumbnailUrl\":\"https:\/\/forma5.com\/wp-content\/uploads\/hexa-01-1.png\",\"datePublished\":\"2024-04-10T06:04:18+00:00\",\"dateModified\":\"2026-01-15T14:17:02+00:00\",\"description\":\"Entdecke den B\u00fcroschreibtisch aus Holz \u201eHexa\u201c. Design und Qualit\u00e4t f\u00fcr deinen Arbeitsbereich.\",\"breadcrumb\":{\"@id\":\"https:\/\/forma5.com\/de\/producto\/madera-hexa\/#breadcrumb\"},\"inLanguage\":\"de\",\"potentialAction\":[{\"@type\":\"ReadAction\",\"target\":[\"https:\/\/forma5.com\/de\/producto\/madera-hexa\/\"]}]},{\"@type\":\"ImageObject\",\"inLanguage\":\"de\",\"@id\":\"https:\/\/forma5.com\/de\/producto\/madera-hexa\/#primaryimage\",\"url\":\"https:\/\/forma5.com\/wp-content\/uploads\/hexa-01-1.png\",\"contentUrl\":\"https:\/\/forma5.com\/wp-content\/uploads\/hexa-01-1.png\",\"width\":800,\"height\":800},{\"@type\":\"BreadcrumbList\",\"@id\":\"https:\/\/forma5.com\/de\/producto\/madera-hexa\/#breadcrumb\",\"itemListElement\":[{\"@type\":\"ListItem\",\"position\":1,\"name\":\"Portada\",\"item\":\"https:\/\/forma5.com\/de\/\"},{\"@type\":\"ListItem\",\"position\":2,\"name\":\"Productos\",\"item\":\"https:\/\/forma5.com\/shop\/\"},{\"@type\":\"ListItem\",\"position\":3,\"name\":\"Hexa\"}]},{\"@type\":\"WebSite\",\"@id\":\"https:\/\/forma5.com\/de\/#website\",\"url\":\"https:\/\/forma5.com\/de\/\",\"name\":\"Forma 5\",\"description\":\"\",\"publisher\":{\"@id\":\"https:\/\/forma5.com\/de\/#organization\"},\"potentialAction\":[{\"@type\":\"SearchAction\",\"target\":{\"@type\":\"EntryPoint\",\"urlTemplate\":\"https:\/\/forma5.com\/de\/?s={search_term_string}\"},\"query-input\":{\"@type\":\"PropertyValueSpecification\",\"valueRequired\":true,\"valueName\":\"search_term_string\"}}],\"inLanguage\":\"de\"},{\"@type\":\"Organization\",\"@id\":\"https:\/\/forma5.com\/de\/#organization\",\"name\":\"Forma 5\",\"url\":\"https:\/\/forma5.com\/de\/\",\"logo\":{\"@type\":\"ImageObject\",\"inLanguage\":\"de\",\"@id\":\"https:\/\/forma5.com\/de\/#\/schema\/logo\/image\/\",\"url\":\"https:\/\/forma5.com\/wp-content\/uploads\/cropped-Logo-2D-Forma-5_BLACK.png\",\"contentUrl\":\"https:\/\/forma5.com\/wp-content\/uploads\/cropped-Logo-2D-Forma-5_BLACK.png\",\"width\":1129,\"height\":225,\"caption\":\"Forma 5\"},\"image\":{\"@id\":\"https:\/\/forma5.com\/de\/#\/schema\/logo\/image\/\"}}]}<\/script>\n<!-- \/ Yoast SEO plugin. -->","yoast_head_json":{"title":"\u25b6 B\u00fcroschreibtisch aus Holz Hexa \u2013 Forma 5","description":"Entdecke den B\u00fcroschreibtisch aus Holz \u201eHexa\u201c. Design und Qualit\u00e4t f\u00fcr deinen Arbeitsbereich.","robots":{"index":"index","follow":"follow","max-snippet":"max-snippet:-1","max-image-preview":"max-image-preview:large","max-video-preview":"max-video-preview:-1"},"canonical":"https:\/\/forma5.com\/de\/producto\/madera-hexa\/","og_locale":"de_DE","og_type":"article","og_title":"\u25b6 B\u00fcroschreibtisch aus Holz Hexa \u2013 Forma 5","og_description":"Entdecke den B\u00fcroschreibtisch aus Holz \u201eHexa\u201c. Design und Qualit\u00e4t f\u00fcr deinen Arbeitsbereich.","og_url":"https:\/\/forma5.com\/de\/producto\/madera-hexa\/","og_site_name":"Forma 5","article_modified_time":"2026-01-15T14:17:02+00:00","og_image":[{"width":800,"height":800,"url":"https:\/\/forma5.com\/wp-content\/uploads\/hexa-01-1.png","type":"image\/png"}],"twitter_card":"summary_large_image","twitter_misc":{"Gesch\u00e4tzte Lesezeit":"1\u00a0Minute"},"schema":{"@context":"https:\/\/schema.org","@graph":[{"@type":"WebPage","@id":"https:\/\/forma5.com\/de\/producto\/madera-hexa\/","url":"https:\/\/forma5.com\/de\/producto\/madera-hexa\/","name":"\u25b6 B\u00fcroschreibtisch aus Holz Hexa \u2013 Forma 5","isPartOf":{"@id":"https:\/\/forma5.com\/de\/#website"},"primaryImageOfPage":{"@id":"https:\/\/forma5.com\/de\/producto\/madera-hexa\/#primaryimage"},"image":{"@id":"https:\/\/forma5.com\/de\/producto\/madera-hexa\/#primaryimage"},"thumbnailUrl":"https:\/\/forma5.com\/wp-content\/uploads\/hexa-01-1.png","datePublished":"2024-04-10T06:04:18+00:00","dateModified":"2026-01-15T14:17:02+00:00","description":"Entdecke den B\u00fcroschreibtisch aus Holz \u201eHexa\u201c. Design und Qualit\u00e4t f\u00fcr deinen Arbeitsbereich.","breadcrumb":{"@id":"https:\/\/forma5.com\/de\/producto\/madera-hexa\/#breadcrumb"},"inLanguage":"de","potentialAction":[{"@type":"ReadAction","target":["https:\/\/forma5.com\/de\/producto\/madera-hexa\/"]}]},{"@type":"ImageObject","inLanguage":"de","@id":"https:\/\/forma5.com\/de\/producto\/madera-hexa\/#primaryimage","url":"https:\/\/forma5.com\/wp-content\/uploads\/hexa-01-1.png","contentUrl":"https:\/\/forma5.com\/wp-content\/uploads\/hexa-01-1.png","width":800,"height":800},{"@type":"BreadcrumbList","@id":"https:\/\/forma5.com\/de\/producto\/madera-hexa\/#breadcrumb","itemListElement":[{"@type":"ListItem","position":1,"name":"Portada","item":"https:\/\/forma5.com\/de\/"},{"@type":"ListItem","position":2,"name":"Productos","item":"https:\/\/forma5.com\/shop\/"},{"@type":"ListItem","position":3,"name":"Hexa"}]},{"@type":"WebSite","@id":"https:\/\/forma5.com\/de\/#website","url":"https:\/\/forma5.com\/de\/","name":"Forma 5","description":"","publisher":{"@id":"https:\/\/forma5.com\/de\/#organization"},"potentialAction":[{"@type":"SearchAction","target":{"@type":"EntryPoint","urlTemplate":"https:\/\/forma5.com\/de\/?s={search_term_string}"},"query-input":{"@type":"PropertyValueSpecification","valueRequired":true,"valueName":"search_term_string"}}],"inLanguage":"de"},{"@type":"Organization","@id":"https:\/\/forma5.com\/de\/#organization","name":"Forma 5","url":"https:\/\/forma5.com\/de\/","logo":{"@type":"ImageObject","inLanguage":"de","@id":"https:\/\/forma5.com\/de\/#\/schema\/logo\/image\/","url":"https:\/\/forma5.com\/wp-content\/uploads\/cropped-Logo-2D-Forma-5_BLACK.png","contentUrl":"https:\/\/forma5.com\/wp-content\/uploads\/cropped-Logo-2D-Forma-5_BLACK.png","width":1129,"height":225,"caption":"Forma 5"},"image":{"@id":"https:\/\/forma5.com\/de\/#\/schema\/logo\/image\/"}}]}},"_links":{"self":[{"href":"https:\/\/forma5.com\/de\/wp-json\/wp\/v2\/product\/10267","targetHints":{"allow":["GET"]}}],"collection":[{"href":"https:\/\/forma5.com\/de\/wp-json\/wp\/v2\/product"}],"about":[{"href":"https:\/\/forma5.com\/de\/wp-json\/wp\/v2\/types\/product"}],"acf:attachment":[{"embeddable":true,"href":"https:\/\/forma5.com\/de\/wp-json\/wp\/v2\/media\/2614"},{"embeddable":true,"href":"https:\/\/forma5.com\/de\/wp-json\/wp\/v2\/media\/2610"},{"embeddable":true,"href":"https:\/\/forma5.com\/de\/wp-json\/wp\/v2\/media\/2608"}],"acf:post":[{"embeddable":true,"href":"https:\/\/forma5.com\/de\/wp-json\/wp\/v2\/disenador\/2309"}],"wp:featuredmedia":[{"embeddable":true,"href":"https:\/\/forma5.com\/de\/wp-json\/wp\/v2\/media\/7775"}],"wp:attachment":[{"href":"https:\/\/forma5.com\/de\/wp-json\/wp\/v2\/media?parent=10267"}],"wp:term":[{"taxonomy":"product_brand","embeddable":true,"href":"https:\/\/forma5.com\/de\/wp-json\/wp\/v2\/product_brand?post=10267"},{"taxonomy":"product_cat","embeddable":true,"href":"https:\/\/forma5.com\/de\/wp-json\/wp\/v2\/product_cat?post=10267"},{"taxonomy":"product_tag","embeddable":true,"href":"https:\/\/forma5.com\/de\/wp-json\/wp\/v2\/product_tag?post=10267"}],"curies":[{"name":"wp","href":"https:\/\/api.w.org\/{rel}","templated":true}]}}