{"id":10269,"date":"2024-08-16T11:26:47","date_gmt":"2024-08-16T09:26:47","guid":{"rendered":"https:\/\/forma5.com\/producto\/unkategorisiert\/escritorio-lets-work\/"},"modified":"2026-01-15T15:23:02","modified_gmt":"2026-01-15T14:23:02","slug":"schreibtisch-lets-work","status":"publish","type":"product","link":"https:\/\/forma5.com\/de\/producto\/escritorio-lets-work\/","title":{"rendered":"Let&#8217;s Work"},"content":{"rendered":"<p>Das System Let\u2019s Work erf\u00fcllt ein \u00e4sthetisches Bed\u00fcrfnis und bringt frischen Wind, der sich den Anforderungen moderner architektonischer R\u00e4ume anpasst. Obwohl sein \u00e4sthetischer Charakter dominiert, gewinnen die funktionalen Aspekte an Lebendigkeit und Bedeutung.<\/p>\n","protected":false},"excerpt":{"rendered":"<h2>Sein \u00e4sthetischer Charakter geht nicht zulasten <em>seiner Funktionalit\u00e4t.<\/em><\/h2>\n","protected":false},"featured_media":6732,"template":"","meta":{"_acf_changed":false},"product_brand":[],"product_cat":[263,227],"product_tag":[],"class_list":{"0":"post-10269","1":"product","2":"type-product","3":"status-publish","4":"has-post-thumbnail","6":"product_cat-tische-system","7":"product_cat-beistelltische","9":"first","10":"instock","11":"shipping-taxable","12":"product-type-simple"},"acf":{"bigger_product_image":["isBigger"],"background-text":"","product_designer":[1047],"inactive_designer_info":{"custom_designer_name":"","custom_designer_image":null},"scene_gallery":[2636,2638],"gallery_bg_color":"#999999","details_gallery":[{"slide_text":"Unterst\u00fctzung mit \u00e4therischem Erscheinungsbild, die dem Gesamten dennoch gro\u00dfe <strong>Stabilit\u00e4t und Widerstandskraft verleiht.<\/strong>","slide_image":2632}],"product_video":{"video_link":"","video_cover":""},"product_downloads_path":"mesas-oficina\/escritorio","product_downloads":[{"select_file_type":"normal","file_type":"catalog","file_type_special":"","file_name":"C_Lets.pdf","file_customlabel":"Katalog"},{"select_file_type":"normal","file_type":"technicalFeatures","file_type_special":"","file_name":"_CCTT_Lets_work.pdf","file_customlabel":"Caracter\u00edsticas T\u00e9cnicas"},{"select_file_type":"normal","file_type":"images","file_type_special":"","file_name":"05_Lets Work.zip","file_customlabel":"Im\u00e1genes"},{"select_file_type":"normal","file_type":"autocad","file_type_special":"","file_name":"Letswork.zip","file_customlabel":"Geometrie 3D"},{"select_file_type":"normal","file_type":"revitBim","file_type_special":"","file_name":"LETS_WORK.zip","file_customlabel":"Revit\/BIM"}],"grid_image_gallery":[10179,10183,10187,10191,10195,10199,10203,10207,10211,10215,10219,10223,10227,10231,10235,10239,10243]},"yoast_head":"<!-- This site is optimized with the Yoast SEO plugin v25.2 - https:\/\/yoast.com\/wordpress\/plugins\/seo\/ -->\n<title>\u25b6 Minimalistischer, personalisierbarer B\u00fcroschreibtisch mit Stuhl \u2013 Forma 5<\/title>\n<meta name=\"description\" content=\"Entdecke den minimalistischen, personalisierbaren Schreibtisch mit Stuhl. Ideal f\u00fcr jedes B\u00fcro.\" \/>\n<meta name=\"robots\" content=\"index, follow, max-snippet:-1, max-image-preview:large, max-video-preview:-1\" \/>\n<link rel=\"canonical\" href=\"https:\/\/forma5.com\/de\/producto\/escritorio-lets-work\/\" \/>\n<meta property=\"og:locale\" content=\"de_DE\" \/>\n<meta property=\"og:type\" content=\"article\" \/>\n<meta property=\"og:title\" content=\"\u25b6 Minimalistischer, personalisierbarer B\u00fcroschreibtisch mit Stuhl \u2013 Forma 5\" \/>\n<meta property=\"og:description\" content=\"Entdecke den minimalistischen, personalisierbaren Schreibtisch mit Stuhl. Ideal f\u00fcr jedes B\u00fcro.\" \/>\n<meta property=\"og:url\" content=\"https:\/\/forma5.com\/de\/producto\/escritorio-lets-work\/\" \/>\n<meta property=\"og:site_name\" content=\"Forma 5\" \/>\n<meta property=\"article:modified_time\" content=\"2026-01-15T14:23:02+00:00\" \/>\n<meta property=\"og:image\" content=\"https:\/\/forma5.com\/wp-content\/uploads\/Lets-01-1.png\" \/>\n\t<meta property=\"og:image:width\" content=\"800\" \/>\n\t<meta property=\"og:image:height\" content=\"800\" \/>\n\t<meta property=\"og:image:type\" content=\"image\/png\" \/>\n<meta name=\"twitter:card\" content=\"summary_large_image\" \/>\n<meta name=\"twitter:label1\" content=\"Gesch\u00e4tzte Lesezeit\" \/>\n\t<meta name=\"twitter:data1\" content=\"1\u00a0Minute\" \/>\n<script type=\"application\/ld+json\" class=\"yoast-schema-graph\">{\"@context\":\"https:\/\/schema.org\",\"@graph\":[{\"@type\":\"WebPage\",\"@id\":\"https:\/\/forma5.com\/de\/producto\/escritorio-lets-work\/\",\"url\":\"https:\/\/forma5.com\/de\/producto\/escritorio-lets-work\/\",\"name\":\"\u25b6 Minimalistischer, personalisierbarer B\u00fcroschreibtisch mit Stuhl \u2013 Forma 5\",\"isPartOf\":{\"@id\":\"https:\/\/forma5.com\/de\/#website\"},\"primaryImageOfPage\":{\"@id\":\"https:\/\/forma5.com\/de\/producto\/escritorio-lets-work\/#primaryimage\"},\"image\":{\"@id\":\"https:\/\/forma5.com\/de\/producto\/escritorio-lets-work\/#primaryimage\"},\"thumbnailUrl\":\"https:\/\/forma5.com\/wp-content\/uploads\/Lets-01-1.png\",\"datePublished\":\"2024-08-16T09:26:47+00:00\",\"dateModified\":\"2026-01-15T14:23:02+00:00\",\"description\":\"Entdecke den minimalistischen, personalisierbaren Schreibtisch mit Stuhl. Ideal f\u00fcr jedes B\u00fcro.\",\"breadcrumb\":{\"@id\":\"https:\/\/forma5.com\/de\/producto\/escritorio-lets-work\/#breadcrumb\"},\"inLanguage\":\"de\",\"potentialAction\":[{\"@type\":\"ReadAction\",\"target\":[\"https:\/\/forma5.com\/de\/producto\/escritorio-lets-work\/\"]}]},{\"@type\":\"ImageObject\",\"inLanguage\":\"de\",\"@id\":\"https:\/\/forma5.com\/de\/producto\/escritorio-lets-work\/#primaryimage\",\"url\":\"https:\/\/forma5.com\/wp-content\/uploads\/Lets-01-1.png\",\"contentUrl\":\"https:\/\/forma5.com\/wp-content\/uploads\/Lets-01-1.png\",\"width\":800,\"height\":800},{\"@type\":\"BreadcrumbList\",\"@id\":\"https:\/\/forma5.com\/de\/producto\/escritorio-lets-work\/#breadcrumb\",\"itemListElement\":[{\"@type\":\"ListItem\",\"position\":1,\"name\":\"Portada\",\"item\":\"https:\/\/forma5.com\/de\/\"},{\"@type\":\"ListItem\",\"position\":2,\"name\":\"Productos\",\"item\":\"https:\/\/forma5.com\/shop\/\"},{\"@type\":\"ListItem\",\"position\":3,\"name\":\"Let&#8217;s Work\"}]},{\"@type\":\"WebSite\",\"@id\":\"https:\/\/forma5.com\/de\/#website\",\"url\":\"https:\/\/forma5.com\/de\/\",\"name\":\"Forma 5\",\"description\":\"\",\"publisher\":{\"@id\":\"https:\/\/forma5.com\/de\/#organization\"},\"potentialAction\":[{\"@type\":\"SearchAction\",\"target\":{\"@type\":\"EntryPoint\",\"urlTemplate\":\"https:\/\/forma5.com\/de\/?s={search_term_string}\"},\"query-input\":{\"@type\":\"PropertyValueSpecification\",\"valueRequired\":true,\"valueName\":\"search_term_string\"}}],\"inLanguage\":\"de\"},{\"@type\":\"Organization\",\"@id\":\"https:\/\/forma5.com\/de\/#organization\",\"name\":\"Forma 5\",\"url\":\"https:\/\/forma5.com\/de\/\",\"logo\":{\"@type\":\"ImageObject\",\"inLanguage\":\"de\",\"@id\":\"https:\/\/forma5.com\/de\/#\/schema\/logo\/image\/\",\"url\":\"https:\/\/forma5.com\/wp-content\/uploads\/cropped-Logo-2D-Forma-5_BLACK.png\",\"contentUrl\":\"https:\/\/forma5.com\/wp-content\/uploads\/cropped-Logo-2D-Forma-5_BLACK.png\",\"width\":1129,\"height\":225,\"caption\":\"Forma 5\"},\"image\":{\"@id\":\"https:\/\/forma5.com\/de\/#\/schema\/logo\/image\/\"}}]}<\/script>\n<!-- \/ Yoast SEO plugin. -->","yoast_head_json":{"title":"\u25b6 Minimalistischer, personalisierbarer B\u00fcroschreibtisch mit Stuhl \u2013 Forma 5","description":"Entdecke den minimalistischen, personalisierbaren Schreibtisch mit Stuhl. Ideal f\u00fcr jedes B\u00fcro.","robots":{"index":"index","follow":"follow","max-snippet":"max-snippet:-1","max-image-preview":"max-image-preview:large","max-video-preview":"max-video-preview:-1"},"canonical":"https:\/\/forma5.com\/de\/producto\/escritorio-lets-work\/","og_locale":"de_DE","og_type":"article","og_title":"\u25b6 Minimalistischer, personalisierbarer B\u00fcroschreibtisch mit Stuhl \u2013 Forma 5","og_description":"Entdecke den minimalistischen, personalisierbaren Schreibtisch mit Stuhl. Ideal f\u00fcr jedes B\u00fcro.","og_url":"https:\/\/forma5.com\/de\/producto\/escritorio-lets-work\/","og_site_name":"Forma 5","article_modified_time":"2026-01-15T14:23:02+00:00","og_image":[{"width":800,"height":800,"url":"https:\/\/forma5.com\/wp-content\/uploads\/Lets-01-1.png","type":"image\/png"}],"twitter_card":"summary_large_image","twitter_misc":{"Gesch\u00e4tzte Lesezeit":"1\u00a0Minute"},"schema":{"@context":"https:\/\/schema.org","@graph":[{"@type":"WebPage","@id":"https:\/\/forma5.com\/de\/producto\/escritorio-lets-work\/","url":"https:\/\/forma5.com\/de\/producto\/escritorio-lets-work\/","name":"\u25b6 Minimalistischer, personalisierbarer B\u00fcroschreibtisch mit Stuhl \u2013 Forma 5","isPartOf":{"@id":"https:\/\/forma5.com\/de\/#website"},"primaryImageOfPage":{"@id":"https:\/\/forma5.com\/de\/producto\/escritorio-lets-work\/#primaryimage"},"image":{"@id":"https:\/\/forma5.com\/de\/producto\/escritorio-lets-work\/#primaryimage"},"thumbnailUrl":"https:\/\/forma5.com\/wp-content\/uploads\/Lets-01-1.png","datePublished":"2024-08-16T09:26:47+00:00","dateModified":"2026-01-15T14:23:02+00:00","description":"Entdecke den minimalistischen, personalisierbaren Schreibtisch mit Stuhl. Ideal f\u00fcr jedes B\u00fcro.","breadcrumb":{"@id":"https:\/\/forma5.com\/de\/producto\/escritorio-lets-work\/#breadcrumb"},"inLanguage":"de","potentialAction":[{"@type":"ReadAction","target":["https:\/\/forma5.com\/de\/producto\/escritorio-lets-work\/"]}]},{"@type":"ImageObject","inLanguage":"de","@id":"https:\/\/forma5.com\/de\/producto\/escritorio-lets-work\/#primaryimage","url":"https:\/\/forma5.com\/wp-content\/uploads\/Lets-01-1.png","contentUrl":"https:\/\/forma5.com\/wp-content\/uploads\/Lets-01-1.png","width":800,"height":800},{"@type":"BreadcrumbList","@id":"https:\/\/forma5.com\/de\/producto\/escritorio-lets-work\/#breadcrumb","itemListElement":[{"@type":"ListItem","position":1,"name":"Portada","item":"https:\/\/forma5.com\/de\/"},{"@type":"ListItem","position":2,"name":"Productos","item":"https:\/\/forma5.com\/shop\/"},{"@type":"ListItem","position":3,"name":"Let&#8217;s Work"}]},{"@type":"WebSite","@id":"https:\/\/forma5.com\/de\/#website","url":"https:\/\/forma5.com\/de\/","name":"Forma 5","description":"","publisher":{"@id":"https:\/\/forma5.com\/de\/#organization"},"potentialAction":[{"@type":"SearchAction","target":{"@type":"EntryPoint","urlTemplate":"https:\/\/forma5.com\/de\/?s={search_term_string}"},"query-input":{"@type":"PropertyValueSpecification","valueRequired":true,"valueName":"search_term_string"}}],"inLanguage":"de"},{"@type":"Organization","@id":"https:\/\/forma5.com\/de\/#organization","name":"Forma 5","url":"https:\/\/forma5.com\/de\/","logo":{"@type":"ImageObject","inLanguage":"de","@id":"https:\/\/forma5.com\/de\/#\/schema\/logo\/image\/","url":"https:\/\/forma5.com\/wp-content\/uploads\/cropped-Logo-2D-Forma-5_BLACK.png","contentUrl":"https:\/\/forma5.com\/wp-content\/uploads\/cropped-Logo-2D-Forma-5_BLACK.png","width":1129,"height":225,"caption":"Forma 5"},"image":{"@id":"https:\/\/forma5.com\/de\/#\/schema\/logo\/image\/"}}]}},"_links":{"self":[{"href":"https:\/\/forma5.com\/de\/wp-json\/wp\/v2\/product\/10269","targetHints":{"allow":["GET"]}}],"collection":[{"href":"https:\/\/forma5.com\/de\/wp-json\/wp\/v2\/product"}],"about":[{"href":"https:\/\/forma5.com\/de\/wp-json\/wp\/v2\/types\/product"}],"acf:attachment":[{"embeddable":true,"href":"https:\/\/forma5.com\/de\/wp-json\/wp\/v2\/media\/10243"},{"embeddable":true,"href":"https:\/\/forma5.com\/de\/wp-json\/wp\/v2\/media\/10239"},{"embeddable":true,"href":"https:\/\/forma5.com\/de\/wp-json\/wp\/v2\/media\/10235"},{"embeddable":true,"href":"https:\/\/forma5.com\/de\/wp-json\/wp\/v2\/media\/10231"},{"embeddable":true,"href":"https:\/\/forma5.com\/de\/wp-json\/wp\/v2\/media\/10227"},{"embeddable":true,"href":"https:\/\/forma5.com\/de\/wp-json\/wp\/v2\/media\/10223"},{"embeddable":true,"href":"https:\/\/forma5.com\/de\/wp-json\/wp\/v2\/media\/10219"},{"embeddable":true,"href":"https:\/\/forma5.com\/de\/wp-json\/wp\/v2\/media\/10215"},{"embeddable":true,"href":"https:\/\/forma5.com\/de\/wp-json\/wp\/v2\/media\/10211"},{"embeddable":true,"href":"https:\/\/forma5.com\/de\/wp-json\/wp\/v2\/media\/10207"},{"embeddable":true,"href":"https:\/\/forma5.com\/de\/wp-json\/wp\/v2\/media\/10203"},{"embeddable":true,"href":"https:\/\/forma5.com\/de\/wp-json\/wp\/v2\/media\/10199"},{"embeddable":true,"href":"https:\/\/forma5.com\/de\/wp-json\/wp\/v2\/media\/10195"},{"embeddable":true,"href":"https:\/\/forma5.com\/de\/wp-json\/wp\/v2\/media\/10191"},{"embeddable":true,"href":"https:\/\/forma5.com\/de\/wp-json\/wp\/v2\/media\/10187"},{"embeddable":true,"href":"https:\/\/forma5.com\/de\/wp-json\/wp\/v2\/media\/10183"},{"embeddable":true,"href":"https:\/\/forma5.com\/de\/wp-json\/wp\/v2\/media\/10179"},{"embeddable":true,"href":"https:\/\/forma5.com\/de\/wp-json\/wp\/v2\/media\/2638"},{"embeddable":true,"href":"https:\/\/forma5.com\/de\/wp-json\/wp\/v2\/media\/2636"}],"acf:post":[{"embeddable":true,"href":"https:\/\/forma5.com\/de\/wp-json\/wp\/v2\/disenador\/1047"}],"wp:featuredmedia":[{"embeddable":true,"href":"https:\/\/forma5.com\/de\/wp-json\/wp\/v2\/media\/6732"}],"wp:attachment":[{"href":"https:\/\/forma5.com\/de\/wp-json\/wp\/v2\/media?parent=10269"}],"wp:term":[{"taxonomy":"product_brand","embeddable":true,"href":"https:\/\/forma5.com\/de\/wp-json\/wp\/v2\/product_brand?post=10269"},{"taxonomy":"product_cat","embeddable":true,"href":"https:\/\/forma5.com\/de\/wp-json\/wp\/v2\/product_cat?post=10269"},{"taxonomy":"product_tag","embeddable":true,"href":"https:\/\/forma5.com\/de\/wp-json\/wp\/v2\/product_tag?post=10269"}],"curies":[{"name":"wp","href":"https:\/\/api.w.org\/{rel}","templated":true}]}}