{"id":10273,"date":"2025-07-03T11:00:59","date_gmt":"2025-07-03T09:00:59","guid":{"rendered":"https:\/\/forma5.com\/producto\/unkategorisiert\/m-next\/"},"modified":"2026-01-15T15:46:01","modified_gmt":"2026-01-15T14:46:01","slug":"m-next","status":"publish","type":"product","link":"https:\/\/forma5.com\/de\/producto\/m-next\/","title":{"rendered":"M-Next"},"content":{"rendered":"<p>M-Next versteht den Arbeitsplatz als ein sich st\u00e4ndig entwickelndes \u00d6kosystem, das flexible und anpassungsf\u00e4hige L\u00f6sungen erfordert. Seine Struktur, basierend auf einem einfachen Design, erm\u00f6glicht verschiedene Konfigurationen, die eine effiziente Organisation ohne technische Komplikationen erlauben. Diese Anpassungsf\u00e4higkeit macht M-Next zu einem strategischen Werkzeug f\u00fcr dynamische Arbeitsumgebungen, das mit dem Nutzer mitwachsen und sich vollst\u00e4ndig an neue Arbeitsmodelle und -formen anpassen kann. Dank seines modularen Designs passt sich M-Next den sich wandelnden Anforderungen jedes Raums an.<\/p>\n","protected":false},"excerpt":{"rendered":"<h2>Erm\u00f6glicht die Gestaltung von B\u00fcros, die sich im gleichen <em>Tempo wie ihre Nutzer<\/em> weiterentwickeln und den Raum intelligent optimieren.<\/h2>\n","protected":false},"featured_media":7767,"template":"","meta":{"_acf_changed":false},"product_brand":[],"product_cat":[263,182,234],"product_tag":[],"class_list":{"0":"post-10273","1":"product","2":"type-product","3":"status-publish","4":"has-post-thumbnail","6":"product_cat-tische-system","7":"product_cat-tische","8":"product_cat-besprechungsraume","10":"first","11":"instock","12":"shipping-taxable","13":"product-type-simple"},"acf":{"bigger_product_image":"","background-text":"M-Next","product_designer":[1024],"inactive_designer_info":{"custom_designer_name":"","custom_designer_image":null},"scene_gallery":[7466,7470,7478,7482],"gallery_bg_color":"#777777","details_gallery":[{"slide_text":"<strong>M-Next<\/strong> vereint Funktionalit\u00e4t mit einem zug\u00e4nglichen und leichten Design. Ideal f\u00fcr Arbeitsbereiche im st\u00e4ndigen Wandel, die eine flexible Struktur erfordern. Funktional, vielseitig und auf die realen Bed\u00fcrfnisse des modernen B\u00fcros ausgerichtet.","slide_image":7474},{"slide_text":"Mit M-Next l\u00e4utet Forma 5 eine neue \u00c4ra im Bereich der operativen B\u00fcrom\u00f6bel ein, gepr\u00e4gt von einem klaren und mutigen Bekenntnis zur Farbe. Die Integration eines Teils der Farbauswahl von <strong>esPattio<\/strong>, darunter Farben wie Atlantikblau, Olivgr\u00fcn, Ubrique-Braun und Alhambra-Terrakotta, verwandelt die Metallstruktur der M\u00f6bel in ein visuelles Element, das die Umgebung bereichert, ohne deren Funktionalit\u00e4t zu beeintr\u00e4chtigen.","slide_image":7568},{"slide_text":"Die Struktur von <strong>M-Next<\/strong> basiert auf einem zentralen Tr\u00e4ger, der mit einem System aus Metallrahmen verbunden ist. Dies gew\u00e4hrleistet Stabilit\u00e4t, Leichtigkeit und eine einfache Integration von Zubeh\u00f6r.","slide_image":7572},{"slide_text":"Die Rahmen von <strong>M-Next<\/strong> zeichnen sich durch ein klares, vereinfachtes Liniendesign aus, das eine leichtere \u00c4sthetik bietet, ohne die Robustheit zu beeintr\u00e4chtigen.","slide_image":7576}],"product_video":{"video_link":"","video_cover":""},"product_downloads_path":"mesas-oficina\/escritorio","product_downloads":[{"select_file_type":"normal","file_type":"catalog","file_type_special":"","file_name":"C_M-Next.pdf","file_customlabel":"Katalog"},{"select_file_type":"normal","file_type":"technicalFeatures","file_type_special":"","file_name":"_CCTT_M-Next.pdf","file_customlabel":"Technische Merkmale"},{"select_file_type":"normal","file_type":"images","file_type_special":"","file_name":"13_M-Next.zip","file_customlabel":"Bilder"},{"select_file_type":"normal","file_type":"autocad","file_type_special":"","file_name":"M-NEXT.zip","file_customlabel":"Geometrie 3D"}],"grid_image_gallery":[9258,9262,9266,9270,9274,9278,9282,9286,9290,9294,9298,9302,9306,9310,9314,9318,9322,9326,9330,9334,9338,9342,9346,9350]},"yoast_head":"<!-- This site is optimized with the Yoast SEO plugin v25.2 - https:\/\/yoast.com\/wordpress\/plugins\/seo\/ -->\n<title>\u25b6 B\u00fcrotische M-Next \u2013 Forma 5<\/title>\n<meta name=\"description\" content=\"Operative Tische M-Next, ideal f\u00fcr zeitgem\u00e4\u00dfe B\u00fcros. Entdecke, wie du deinen Arbeitsbereich mit anpassungsf\u00e4higen L\u00f6sungen optimieren kannst.\" \/>\n<meta name=\"robots\" content=\"index, follow, max-snippet:-1, max-image-preview:large, max-video-preview:-1\" \/>\n<link rel=\"canonical\" href=\"https:\/\/forma5.com\/de\/producto\/m-next\/\" \/>\n<meta property=\"og:locale\" content=\"de_DE\" \/>\n<meta property=\"og:type\" content=\"article\" \/>\n<meta property=\"og:title\" content=\"\u25b6 B\u00fcrotische M-Next \u2013 Forma 5\" \/>\n<meta property=\"og:description\" content=\"Operative Tische M-Next, ideal f\u00fcr zeitgem\u00e4\u00dfe B\u00fcros. Entdecke, wie du deinen Arbeitsbereich mit anpassungsf\u00e4higen L\u00f6sungen optimieren kannst.\" \/>\n<meta property=\"og:url\" content=\"https:\/\/forma5.com\/de\/producto\/m-next\/\" \/>\n<meta property=\"og:site_name\" content=\"Forma 5\" \/>\n<meta property=\"article:modified_time\" content=\"2026-01-15T14:46:01+00:00\" \/>\n<meta property=\"og:image\" content=\"https:\/\/forma5.com\/wp-content\/uploads\/M-Next.png\" \/>\n\t<meta property=\"og:image:width\" content=\"800\" \/>\n\t<meta property=\"og:image:height\" content=\"800\" \/>\n\t<meta property=\"og:image:type\" content=\"image\/png\" \/>\n<meta name=\"twitter:card\" content=\"summary_large_image\" \/>\n<meta name=\"twitter:label1\" content=\"Gesch\u00e4tzte Lesezeit\" \/>\n\t<meta name=\"twitter:data1\" content=\"1\u00a0Minute\" \/>\n<script type=\"application\/ld+json\" class=\"yoast-schema-graph\">{\"@context\":\"https:\/\/schema.org\",\"@graph\":[{\"@type\":\"WebPage\",\"@id\":\"https:\/\/forma5.com\/de\/producto\/m-next\/\",\"url\":\"https:\/\/forma5.com\/de\/producto\/m-next\/\",\"name\":\"\u25b6 B\u00fcrotische M-Next \u2013 Forma 5\",\"isPartOf\":{\"@id\":\"https:\/\/forma5.com\/de\/#website\"},\"primaryImageOfPage\":{\"@id\":\"https:\/\/forma5.com\/de\/producto\/m-next\/#primaryimage\"},\"image\":{\"@id\":\"https:\/\/forma5.com\/de\/producto\/m-next\/#primaryimage\"},\"thumbnailUrl\":\"https:\/\/forma5.com\/wp-content\/uploads\/M-Next.png\",\"datePublished\":\"2025-07-03T09:00:59+00:00\",\"dateModified\":\"2026-01-15T14:46:01+00:00\",\"description\":\"Operative Tische M-Next, ideal f\u00fcr zeitgem\u00e4\u00dfe B\u00fcros. Entdecke, wie du deinen Arbeitsbereich mit anpassungsf\u00e4higen L\u00f6sungen optimieren kannst.\",\"breadcrumb\":{\"@id\":\"https:\/\/forma5.com\/de\/producto\/m-next\/#breadcrumb\"},\"inLanguage\":\"de\",\"potentialAction\":[{\"@type\":\"ReadAction\",\"target\":[\"https:\/\/forma5.com\/de\/producto\/m-next\/\"]}]},{\"@type\":\"ImageObject\",\"inLanguage\":\"de\",\"@id\":\"https:\/\/forma5.com\/de\/producto\/m-next\/#primaryimage\",\"url\":\"https:\/\/forma5.com\/wp-content\/uploads\/M-Next.png\",\"contentUrl\":\"https:\/\/forma5.com\/wp-content\/uploads\/M-Next.png\",\"width\":800,\"height\":800},{\"@type\":\"BreadcrumbList\",\"@id\":\"https:\/\/forma5.com\/de\/producto\/m-next\/#breadcrumb\",\"itemListElement\":[{\"@type\":\"ListItem\",\"position\":1,\"name\":\"Portada\",\"item\":\"https:\/\/forma5.com\/de\/\"},{\"@type\":\"ListItem\",\"position\":2,\"name\":\"Productos\",\"item\":\"https:\/\/forma5.com\/shop\/\"},{\"@type\":\"ListItem\",\"position\":3,\"name\":\"M-Next\"}]},{\"@type\":\"WebSite\",\"@id\":\"https:\/\/forma5.com\/de\/#website\",\"url\":\"https:\/\/forma5.com\/de\/\",\"name\":\"Forma 5\",\"description\":\"\",\"publisher\":{\"@id\":\"https:\/\/forma5.com\/de\/#organization\"},\"potentialAction\":[{\"@type\":\"SearchAction\",\"target\":{\"@type\":\"EntryPoint\",\"urlTemplate\":\"https:\/\/forma5.com\/de\/?s={search_term_string}\"},\"query-input\":{\"@type\":\"PropertyValueSpecification\",\"valueRequired\":true,\"valueName\":\"search_term_string\"}}],\"inLanguage\":\"de\"},{\"@type\":\"Organization\",\"@id\":\"https:\/\/forma5.com\/de\/#organization\",\"name\":\"Forma 5\",\"url\":\"https:\/\/forma5.com\/de\/\",\"logo\":{\"@type\":\"ImageObject\",\"inLanguage\":\"de\",\"@id\":\"https:\/\/forma5.com\/de\/#\/schema\/logo\/image\/\",\"url\":\"https:\/\/forma5.com\/wp-content\/uploads\/cropped-Logo-2D-Forma-5_BLACK.png\",\"contentUrl\":\"https:\/\/forma5.com\/wp-content\/uploads\/cropped-Logo-2D-Forma-5_BLACK.png\",\"width\":1129,\"height\":225,\"caption\":\"Forma 5\"},\"image\":{\"@id\":\"https:\/\/forma5.com\/de\/#\/schema\/logo\/image\/\"}}]}<\/script>\n<!-- \/ Yoast SEO plugin. -->","yoast_head_json":{"title":"\u25b6 B\u00fcrotische M-Next \u2013 Forma 5","description":"Operative Tische M-Next, ideal f\u00fcr zeitgem\u00e4\u00dfe B\u00fcros. Entdecke, wie du deinen Arbeitsbereich mit anpassungsf\u00e4higen L\u00f6sungen optimieren kannst.","robots":{"index":"index","follow":"follow","max-snippet":"max-snippet:-1","max-image-preview":"max-image-preview:large","max-video-preview":"max-video-preview:-1"},"canonical":"https:\/\/forma5.com\/de\/producto\/m-next\/","og_locale":"de_DE","og_type":"article","og_title":"\u25b6 B\u00fcrotische M-Next \u2013 Forma 5","og_description":"Operative Tische M-Next, ideal f\u00fcr zeitgem\u00e4\u00dfe B\u00fcros. Entdecke, wie du deinen Arbeitsbereich mit anpassungsf\u00e4higen L\u00f6sungen optimieren kannst.","og_url":"https:\/\/forma5.com\/de\/producto\/m-next\/","og_site_name":"Forma 5","article_modified_time":"2026-01-15T14:46:01+00:00","og_image":[{"width":800,"height":800,"url":"https:\/\/forma5.com\/wp-content\/uploads\/M-Next.png","type":"image\/png"}],"twitter_card":"summary_large_image","twitter_misc":{"Gesch\u00e4tzte Lesezeit":"1\u00a0Minute"},"schema":{"@context":"https:\/\/schema.org","@graph":[{"@type":"WebPage","@id":"https:\/\/forma5.com\/de\/producto\/m-next\/","url":"https:\/\/forma5.com\/de\/producto\/m-next\/","name":"\u25b6 B\u00fcrotische M-Next \u2013 Forma 5","isPartOf":{"@id":"https:\/\/forma5.com\/de\/#website"},"primaryImageOfPage":{"@id":"https:\/\/forma5.com\/de\/producto\/m-next\/#primaryimage"},"image":{"@id":"https:\/\/forma5.com\/de\/producto\/m-next\/#primaryimage"},"thumbnailUrl":"https:\/\/forma5.com\/wp-content\/uploads\/M-Next.png","datePublished":"2025-07-03T09:00:59+00:00","dateModified":"2026-01-15T14:46:01+00:00","description":"Operative Tische M-Next, ideal f\u00fcr zeitgem\u00e4\u00dfe B\u00fcros. Entdecke, wie du deinen Arbeitsbereich mit anpassungsf\u00e4higen L\u00f6sungen optimieren kannst.","breadcrumb":{"@id":"https:\/\/forma5.com\/de\/producto\/m-next\/#breadcrumb"},"inLanguage":"de","potentialAction":[{"@type":"ReadAction","target":["https:\/\/forma5.com\/de\/producto\/m-next\/"]}]},{"@type":"ImageObject","inLanguage":"de","@id":"https:\/\/forma5.com\/de\/producto\/m-next\/#primaryimage","url":"https:\/\/forma5.com\/wp-content\/uploads\/M-Next.png","contentUrl":"https:\/\/forma5.com\/wp-content\/uploads\/M-Next.png","width":800,"height":800},{"@type":"BreadcrumbList","@id":"https:\/\/forma5.com\/de\/producto\/m-next\/#breadcrumb","itemListElement":[{"@type":"ListItem","position":1,"name":"Portada","item":"https:\/\/forma5.com\/de\/"},{"@type":"ListItem","position":2,"name":"Productos","item":"https:\/\/forma5.com\/shop\/"},{"@type":"ListItem","position":3,"name":"M-Next"}]},{"@type":"WebSite","@id":"https:\/\/forma5.com\/de\/#website","url":"https:\/\/forma5.com\/de\/","name":"Forma 5","description":"","publisher":{"@id":"https:\/\/forma5.com\/de\/#organization"},"potentialAction":[{"@type":"SearchAction","target":{"@type":"EntryPoint","urlTemplate":"https:\/\/forma5.com\/de\/?s={search_term_string}"},"query-input":{"@type":"PropertyValueSpecification","valueRequired":true,"valueName":"search_term_string"}}],"inLanguage":"de"},{"@type":"Organization","@id":"https:\/\/forma5.com\/de\/#organization","name":"Forma 5","url":"https:\/\/forma5.com\/de\/","logo":{"@type":"ImageObject","inLanguage":"de","@id":"https:\/\/forma5.com\/de\/#\/schema\/logo\/image\/","url":"https:\/\/forma5.com\/wp-content\/uploads\/cropped-Logo-2D-Forma-5_BLACK.png","contentUrl":"https:\/\/forma5.com\/wp-content\/uploads\/cropped-Logo-2D-Forma-5_BLACK.png","width":1129,"height":225,"caption":"Forma 5"},"image":{"@id":"https:\/\/forma5.com\/de\/#\/schema\/logo\/image\/"}}]}},"_links":{"self":[{"href":"https:\/\/forma5.com\/de\/wp-json\/wp\/v2\/product\/10273","targetHints":{"allow":["GET"]}}],"collection":[{"href":"https:\/\/forma5.com\/de\/wp-json\/wp\/v2\/product"}],"about":[{"href":"https:\/\/forma5.com\/de\/wp-json\/wp\/v2\/types\/product"}],"acf:attachment":[{"embeddable":true,"href":"https:\/\/forma5.com\/de\/wp-json\/wp\/v2\/media\/9350"},{"embeddable":true,"href":"https:\/\/forma5.com\/de\/wp-json\/wp\/v2\/media\/9346"},{"embeddable":true,"href":"https:\/\/forma5.com\/de\/wp-json\/wp\/v2\/media\/9342"},{"embeddable":true,"href":"https:\/\/forma5.com\/de\/wp-json\/wp\/v2\/media\/9338"},{"embeddable":true,"href":"https:\/\/forma5.com\/de\/wp-json\/wp\/v2\/media\/9334"},{"embeddable":true,"href":"https:\/\/forma5.com\/de\/wp-json\/wp\/v2\/media\/9330"},{"embeddable":true,"href":"https:\/\/forma5.com\/de\/wp-json\/wp\/v2\/media\/9326"},{"embeddable":true,"href":"https:\/\/forma5.com\/de\/wp-json\/wp\/v2\/media\/9322"},{"embeddable":true,"href":"https:\/\/forma5.com\/de\/wp-json\/wp\/v2\/media\/9318"},{"embeddable":true,"href":"https:\/\/forma5.com\/de\/wp-json\/wp\/v2\/media\/9314"},{"embeddable":true,"href":"https:\/\/forma5.com\/de\/wp-json\/wp\/v2\/media\/9310"},{"embeddable":true,"href":"https:\/\/forma5.com\/de\/wp-json\/wp\/v2\/media\/9306"},{"embeddable":true,"href":"https:\/\/forma5.com\/de\/wp-json\/wp\/v2\/media\/9302"},{"embeddable":true,"href":"https:\/\/forma5.com\/de\/wp-json\/wp\/v2\/media\/9298"},{"embeddable":true,"href":"https:\/\/forma5.com\/de\/wp-json\/wp\/v2\/media\/9294"},{"embeddable":true,"href":"https:\/\/forma5.com\/de\/wp-json\/wp\/v2\/media\/9290"},{"embeddable":true,"href":"https:\/\/forma5.com\/de\/wp-json\/wp\/v2\/media\/9286"},{"embeddable":true,"href":"https:\/\/forma5.com\/de\/wp-json\/wp\/v2\/media\/9282"},{"embeddable":true,"href":"https:\/\/forma5.com\/de\/wp-json\/wp\/v2\/media\/9278"},{"embeddable":true,"href":"https:\/\/forma5.com\/de\/wp-json\/wp\/v2\/media\/9274"},{"embeddable":true,"href":"https:\/\/forma5.com\/de\/wp-json\/wp\/v2\/media\/9270"},{"embeddable":true,"href":"https:\/\/forma5.com\/de\/wp-json\/wp\/v2\/media\/9266"},{"embeddable":true,"href":"https:\/\/forma5.com\/de\/wp-json\/wp\/v2\/media\/9262"},{"embeddable":true,"href":"https:\/\/forma5.com\/de\/wp-json\/wp\/v2\/media\/9258"},{"embeddable":true,"href":"https:\/\/forma5.com\/de\/wp-json\/wp\/v2\/media\/7482"},{"embeddable":true,"href":"https:\/\/forma5.com\/de\/wp-json\/wp\/v2\/media\/7478"},{"embeddable":true,"href":"https:\/\/forma5.com\/de\/wp-json\/wp\/v2\/media\/7470"},{"embeddable":true,"href":"https:\/\/forma5.com\/de\/wp-json\/wp\/v2\/media\/7466"}],"acf:post":[{"embeddable":true,"href":"https:\/\/forma5.com\/de\/wp-json\/wp\/v2\/disenador\/1024"}],"wp:featuredmedia":[{"embeddable":true,"href":"https:\/\/forma5.com\/de\/wp-json\/wp\/v2\/media\/7767"}],"wp:attachment":[{"href":"https:\/\/forma5.com\/de\/wp-json\/wp\/v2\/media?parent=10273"}],"wp:term":[{"taxonomy":"product_brand","embeddable":true,"href":"https:\/\/forma5.com\/de\/wp-json\/wp\/v2\/product_brand?post=10273"},{"taxonomy":"product_cat","embeddable":true,"href":"https:\/\/forma5.com\/de\/wp-json\/wp\/v2\/product_cat?post=10273"},{"taxonomy":"product_tag","embeddable":true,"href":"https:\/\/forma5.com\/de\/wp-json\/wp\/v2\/product_tag?post=10273"}],"curies":[{"name":"wp","href":"https:\/\/api.w.org\/{rel}","templated":true}]}}