{"id":10275,"date":"2025-05-20T08:56:07","date_gmt":"2025-05-20T06:56:07","guid":{"rendered":"https:\/\/forma5.com\/producto\/unkategorisiert\/mesa-plegable\/"},"modified":"2026-01-15T15:51:06","modified_gmt":"2026-01-15T14:51:06","slug":"travel","status":"publish","type":"product","link":"https:\/\/forma5.com\/de\/producto\/mesa-plegable\/","title":{"rendered":"Travel"},"content":{"rendered":"<p>Ein Tischprogramm, das L\u00f6sungen f\u00fcr Flexibilit\u00e4t, Produktivit\u00e4t und Vielseitigkeit bietet, muss die Integration neuer Technologien ber\u00fccksichtigen. Travel verf\u00fcgt \u00fcber eine optionale Schuko-Steckdose, die in die Tischplatte integriert ist, sowie \u00fcber Bauteile, die die Verkabelung durch den Tr\u00e4ger zum Gestell f\u00fchren, das eine \u00d6ffnung f\u00fcr die vertikale Kabelf\u00fchrung enth\u00e4lt. Dieses System erm\u00f6glicht die Verbindung der Stromversorgung mehrerer Tische.<\/p>\n","protected":false},"excerpt":{"rendered":"<h2>L\u00f6sungen, die auf <em>Flexibilit\u00e4t, Produktivit\u00e4t und Vielseitigkeit<\/em> ausgerichtet sind<\/h2>\n","protected":false},"featured_media":6410,"template":"","meta":{"_acf_changed":false},"product_brand":[],"product_cat":[182,239],"product_tag":[],"class_list":{"0":"post-10275","1":"product","2":"type-product","3":"status-publish","4":"has-post-thumbnail","6":"product_cat-tische","7":"product_cat-mehrzweck-tische","9":"first","10":"instock","11":"shipping-taxable","12":"product-type-simple"},"acf":{"bigger_product_image":["isBigger"],"background-text":"Travel","product_designer":[1035],"inactive_designer_info":{"custom_designer_name":"","custom_designer_image":null},"scene_gallery":[2854,2856,2858],"gallery_bg_color":"#777777","details_gallery":[{"slide_text":"Ein Programm, das auf den Konzepten Raum, Ordnung und Vielseitigkeit entwickelt wurde. Konzipiert f\u00fcr flexible und multifunktionale Bereiche.","slide_image":2852},{"slide_text":"Travel verf\u00fcgt \u00fcber einen einfachen Klappmechanismus, der sehr leicht zu bedienen ist und Stapelung sowie Ordnung nach der Nutzung gew\u00e4hrleistet. Der Tisch ist f\u00fcr R\u00e4ume konzipiert, die die Flexibilit\u00e4t einer Arbeitsfl\u00e4che ben\u00f6tigen. Zusammen mit der optionalen Rollenfunktion erm\u00f6glicht er eine schnelle und unkomplizierte Umgestaltung des Raums.","slide_image":2850}],"product_video":{"video_link":"","video_cover":""},"product_downloads_path":"mesas-oficina\/estudio","product_downloads":[{"select_file_type":"normal","file_type":"catalog","file_type_special":"","file_name":"C_travel.pdf","file_customlabel":"Katalog"},{"select_file_type":"normal","file_type":"technicalFeatures","file_type_special":"","file_name":"_CCTT_Travel.pdf","file_customlabel":"Technische Merkmale"},{"select_file_type":"normal","file_type":"images","file_type_special":"","file_name":"03_Mesa Plegable Travel.zip","file_customlabel":"Bilder"},{"select_file_type":"normal","file_type":"autocad","file_type_special":"","file_name":"Travel.zip","file_customlabel":"Geometrie 3D"},{"select_file_type":"normal","file_type":"revitBim","file_type_special":"","file_name":"TRAVEL.zip","file_customlabel":"Revit\/BIM"}],"grid_image_gallery":null},"yoast_head":"<!-- This site is optimized with the Yoast SEO plugin v25.2 - https:\/\/yoast.com\/wordpress\/plugins\/seo\/ -->\n<title>\u25b6 Klappbarer Schulungs und B\u00fcrotisch Travel \u2013 Forma 5<\/title>\n<meta name=\"description\" content=\"Entdecke den klappbaren Tisch Travel von Forma 5. Praktisch und vielseitig f\u00fcr Schulungen und B\u00fcros.\" \/>\n<meta name=\"robots\" content=\"index, follow, max-snippet:-1, max-image-preview:large, max-video-preview:-1\" \/>\n<link rel=\"canonical\" href=\"https:\/\/forma5.com\/de\/producto\/mesa-plegable\/\" \/>\n<meta property=\"og:locale\" content=\"de_DE\" \/>\n<meta property=\"og:type\" content=\"article\" \/>\n<meta property=\"og:title\" content=\"\u25b6 Klappbarer Schulungs und B\u00fcrotisch Travel \u2013 Forma 5\" \/>\n<meta property=\"og:description\" content=\"Entdecke den klappbaren Tisch Travel von Forma 5. Praktisch und vielseitig f\u00fcr Schulungen und B\u00fcros.\" \/>\n<meta property=\"og:url\" content=\"https:\/\/forma5.com\/de\/producto\/mesa-plegable\/\" \/>\n<meta property=\"og:site_name\" content=\"Forma 5\" \/>\n<meta property=\"article:modified_time\" content=\"2026-01-15T14:51:06+00:00\" \/>\n<meta property=\"og:image\" content=\"https:\/\/forma5.com\/wp-content\/uploads\/33.png\" \/>\n\t<meta property=\"og:image:width\" content=\"800\" \/>\n\t<meta property=\"og:image:height\" content=\"800\" \/>\n\t<meta property=\"og:image:type\" content=\"image\/png\" \/>\n<meta name=\"twitter:card\" content=\"summary_large_image\" \/>\n<meta name=\"twitter:label1\" content=\"Gesch\u00e4tzte Lesezeit\" \/>\n\t<meta name=\"twitter:data1\" content=\"1\u00a0Minute\" \/>\n<script type=\"application\/ld+json\" class=\"yoast-schema-graph\">{\"@context\":\"https:\/\/schema.org\",\"@graph\":[{\"@type\":\"WebPage\",\"@id\":\"https:\/\/forma5.com\/de\/producto\/mesa-plegable\/\",\"url\":\"https:\/\/forma5.com\/de\/producto\/mesa-plegable\/\",\"name\":\"\u25b6 Klappbarer Schulungs und B\u00fcrotisch Travel \u2013 Forma 5\",\"isPartOf\":{\"@id\":\"https:\/\/forma5.com\/de\/#website\"},\"primaryImageOfPage\":{\"@id\":\"https:\/\/forma5.com\/de\/producto\/mesa-plegable\/#primaryimage\"},\"image\":{\"@id\":\"https:\/\/forma5.com\/de\/producto\/mesa-plegable\/#primaryimage\"},\"thumbnailUrl\":\"https:\/\/forma5.com\/wp-content\/uploads\/33.png\",\"datePublished\":\"2025-05-20T06:56:07+00:00\",\"dateModified\":\"2026-01-15T14:51:06+00:00\",\"description\":\"Entdecke den klappbaren Tisch Travel von Forma 5. Praktisch und vielseitig f\u00fcr Schulungen und B\u00fcros.\",\"breadcrumb\":{\"@id\":\"https:\/\/forma5.com\/de\/producto\/mesa-plegable\/#breadcrumb\"},\"inLanguage\":\"de\",\"potentialAction\":[{\"@type\":\"ReadAction\",\"target\":[\"https:\/\/forma5.com\/de\/producto\/mesa-plegable\/\"]}]},{\"@type\":\"ImageObject\",\"inLanguage\":\"de\",\"@id\":\"https:\/\/forma5.com\/de\/producto\/mesa-plegable\/#primaryimage\",\"url\":\"https:\/\/forma5.com\/wp-content\/uploads\/33.png\",\"contentUrl\":\"https:\/\/forma5.com\/wp-content\/uploads\/33.png\",\"width\":800,\"height\":800},{\"@type\":\"BreadcrumbList\",\"@id\":\"https:\/\/forma5.com\/de\/producto\/mesa-plegable\/#breadcrumb\",\"itemListElement\":[{\"@type\":\"ListItem\",\"position\":1,\"name\":\"Portada\",\"item\":\"https:\/\/forma5.com\/de\/\"},{\"@type\":\"ListItem\",\"position\":2,\"name\":\"Productos\",\"item\":\"https:\/\/forma5.com\/shop\/\"},{\"@type\":\"ListItem\",\"position\":3,\"name\":\"Travel\"}]},{\"@type\":\"WebSite\",\"@id\":\"https:\/\/forma5.com\/de\/#website\",\"url\":\"https:\/\/forma5.com\/de\/\",\"name\":\"Forma 5\",\"description\":\"\",\"publisher\":{\"@id\":\"https:\/\/forma5.com\/de\/#organization\"},\"potentialAction\":[{\"@type\":\"SearchAction\",\"target\":{\"@type\":\"EntryPoint\",\"urlTemplate\":\"https:\/\/forma5.com\/de\/?s={search_term_string}\"},\"query-input\":{\"@type\":\"PropertyValueSpecification\",\"valueRequired\":true,\"valueName\":\"search_term_string\"}}],\"inLanguage\":\"de\"},{\"@type\":\"Organization\",\"@id\":\"https:\/\/forma5.com\/de\/#organization\",\"name\":\"Forma 5\",\"url\":\"https:\/\/forma5.com\/de\/\",\"logo\":{\"@type\":\"ImageObject\",\"inLanguage\":\"de\",\"@id\":\"https:\/\/forma5.com\/de\/#\/schema\/logo\/image\/\",\"url\":\"https:\/\/forma5.com\/wp-content\/uploads\/cropped-Logo-2D-Forma-5_BLACK.png\",\"contentUrl\":\"https:\/\/forma5.com\/wp-content\/uploads\/cropped-Logo-2D-Forma-5_BLACK.png\",\"width\":1129,\"height\":225,\"caption\":\"Forma 5\"},\"image\":{\"@id\":\"https:\/\/forma5.com\/de\/#\/schema\/logo\/image\/\"}}]}<\/script>\n<!-- \/ Yoast SEO plugin. -->","yoast_head_json":{"title":"\u25b6 Klappbarer Schulungs und B\u00fcrotisch Travel \u2013 Forma 5","description":"Entdecke den klappbaren Tisch Travel von Forma 5. Praktisch und vielseitig f\u00fcr Schulungen und B\u00fcros.","robots":{"index":"index","follow":"follow","max-snippet":"max-snippet:-1","max-image-preview":"max-image-preview:large","max-video-preview":"max-video-preview:-1"},"canonical":"https:\/\/forma5.com\/de\/producto\/mesa-plegable\/","og_locale":"de_DE","og_type":"article","og_title":"\u25b6 Klappbarer Schulungs und B\u00fcrotisch Travel \u2013 Forma 5","og_description":"Entdecke den klappbaren Tisch Travel von Forma 5. Praktisch und vielseitig f\u00fcr Schulungen und B\u00fcros.","og_url":"https:\/\/forma5.com\/de\/producto\/mesa-plegable\/","og_site_name":"Forma 5","article_modified_time":"2026-01-15T14:51:06+00:00","og_image":[{"width":800,"height":800,"url":"https:\/\/forma5.com\/wp-content\/uploads\/33.png","type":"image\/png"}],"twitter_card":"summary_large_image","twitter_misc":{"Gesch\u00e4tzte Lesezeit":"1\u00a0Minute"},"schema":{"@context":"https:\/\/schema.org","@graph":[{"@type":"WebPage","@id":"https:\/\/forma5.com\/de\/producto\/mesa-plegable\/","url":"https:\/\/forma5.com\/de\/producto\/mesa-plegable\/","name":"\u25b6 Klappbarer Schulungs und B\u00fcrotisch Travel \u2013 Forma 5","isPartOf":{"@id":"https:\/\/forma5.com\/de\/#website"},"primaryImageOfPage":{"@id":"https:\/\/forma5.com\/de\/producto\/mesa-plegable\/#primaryimage"},"image":{"@id":"https:\/\/forma5.com\/de\/producto\/mesa-plegable\/#primaryimage"},"thumbnailUrl":"https:\/\/forma5.com\/wp-content\/uploads\/33.png","datePublished":"2025-05-20T06:56:07+00:00","dateModified":"2026-01-15T14:51:06+00:00","description":"Entdecke den klappbaren Tisch Travel von Forma 5. Praktisch und vielseitig f\u00fcr Schulungen und B\u00fcros.","breadcrumb":{"@id":"https:\/\/forma5.com\/de\/producto\/mesa-plegable\/#breadcrumb"},"inLanguage":"de","potentialAction":[{"@type":"ReadAction","target":["https:\/\/forma5.com\/de\/producto\/mesa-plegable\/"]}]},{"@type":"ImageObject","inLanguage":"de","@id":"https:\/\/forma5.com\/de\/producto\/mesa-plegable\/#primaryimage","url":"https:\/\/forma5.com\/wp-content\/uploads\/33.png","contentUrl":"https:\/\/forma5.com\/wp-content\/uploads\/33.png","width":800,"height":800},{"@type":"BreadcrumbList","@id":"https:\/\/forma5.com\/de\/producto\/mesa-plegable\/#breadcrumb","itemListElement":[{"@type":"ListItem","position":1,"name":"Portada","item":"https:\/\/forma5.com\/de\/"},{"@type":"ListItem","position":2,"name":"Productos","item":"https:\/\/forma5.com\/shop\/"},{"@type":"ListItem","position":3,"name":"Travel"}]},{"@type":"WebSite","@id":"https:\/\/forma5.com\/de\/#website","url":"https:\/\/forma5.com\/de\/","name":"Forma 5","description":"","publisher":{"@id":"https:\/\/forma5.com\/de\/#organization"},"potentialAction":[{"@type":"SearchAction","target":{"@type":"EntryPoint","urlTemplate":"https:\/\/forma5.com\/de\/?s={search_term_string}"},"query-input":{"@type":"PropertyValueSpecification","valueRequired":true,"valueName":"search_term_string"}}],"inLanguage":"de"},{"@type":"Organization","@id":"https:\/\/forma5.com\/de\/#organization","name":"Forma 5","url":"https:\/\/forma5.com\/de\/","logo":{"@type":"ImageObject","inLanguage":"de","@id":"https:\/\/forma5.com\/de\/#\/schema\/logo\/image\/","url":"https:\/\/forma5.com\/wp-content\/uploads\/cropped-Logo-2D-Forma-5_BLACK.png","contentUrl":"https:\/\/forma5.com\/wp-content\/uploads\/cropped-Logo-2D-Forma-5_BLACK.png","width":1129,"height":225,"caption":"Forma 5"},"image":{"@id":"https:\/\/forma5.com\/de\/#\/schema\/logo\/image\/"}}]}},"_links":{"self":[{"href":"https:\/\/forma5.com\/de\/wp-json\/wp\/v2\/product\/10275","targetHints":{"allow":["GET"]}}],"collection":[{"href":"https:\/\/forma5.com\/de\/wp-json\/wp\/v2\/product"}],"about":[{"href":"https:\/\/forma5.com\/de\/wp-json\/wp\/v2\/types\/product"}],"acf:attachment":[{"embeddable":true,"href":"https:\/\/forma5.com\/de\/wp-json\/wp\/v2\/media\/2858"},{"embeddable":true,"href":"https:\/\/forma5.com\/de\/wp-json\/wp\/v2\/media\/2856"},{"embeddable":true,"href":"https:\/\/forma5.com\/de\/wp-json\/wp\/v2\/media\/2854"}],"acf:post":[{"embeddable":true,"href":"https:\/\/forma5.com\/de\/wp-json\/wp\/v2\/disenador\/1035"}],"wp:featuredmedia":[{"embeddable":true,"href":"https:\/\/forma5.com\/de\/wp-json\/wp\/v2\/media\/6410"}],"wp:attachment":[{"href":"https:\/\/forma5.com\/de\/wp-json\/wp\/v2\/media?parent=10275"}],"wp:term":[{"taxonomy":"product_brand","embeddable":true,"href":"https:\/\/forma5.com\/de\/wp-json\/wp\/v2\/product_brand?post=10275"},{"taxonomy":"product_cat","embeddable":true,"href":"https:\/\/forma5.com\/de\/wp-json\/wp\/v2\/product_cat?post=10275"},{"taxonomy":"product_tag","embeddable":true,"href":"https:\/\/forma5.com\/de\/wp-json\/wp\/v2\/product_tag?post=10275"}],"curies":[{"name":"wp","href":"https:\/\/api.w.org\/{rel}","templated":true}]}}