{"id":10398,"date":"2026-03-03T12:39:35","date_gmt":"2026-03-03T11:39:35","guid":{"rendered":"https:\/\/forma5.com\/?post_type=product&#038;p=10398"},"modified":"2026-03-23T11:01:25","modified_gmt":"2026-03-23T10:01:25","slug":"singular","status":"publish","type":"product","link":"https:\/\/forma5.com\/de\/producto\/singular\/","title":{"rendered":"Singular"},"content":{"rendered":"<p>In einer Arbeitsumgebung, die zunehmend mehr Vielseitigkeit erfordert, pr\u00e4sentiert sich Singular als eine effektive L\u00f6sung f\u00fcr die Anforderungen des modernen B\u00fcros. Diese Familie von Besucherst\u00fchlen zeichnet sich durch ihr Gleichgewicht zwischen Funktionalit\u00e4t, \u00c4sthetik und Flexibilit\u00e4t aus und ist somit die ideale Wahl f\u00fcr Projekte, die Anpassungsf\u00e4higkeit suchen, ohne auf Design zu verzichten.<\/p>\n<p>Dank ihres durchdachten Designs und der Vielzahl verf\u00fcgbarer Gestelle passt sich Singular m\u00fchelos an verschiedene Umgebungen an: Besprechungsr\u00e4ume, Wartebereiche, Bildungsr\u00e4ume, dynamische B\u00fcros oder Firmenevents.<\/p>\n","protected":false},"excerpt":{"rendered":"<h2>Singular erf\u00fcllt die Anforderungen des modernen B\u00fcros mit einem Design, das <em>Anpassungsf\u00e4higkeit, Funktionalit\u00e4t und Pr\u00e4senz vereint.<\/em><\/h2>\n","protected":false},"featured_media":10406,"template":"","meta":{"_acf_changed":false},"product_brand":[],"product_cat":[229],"product_tag":[],"class_list":{"0":"post-10398","1":"product","2":"type-product","3":"status-publish","4":"has-post-thumbnail","6":"product_cat-mehrzweck","8":"first","9":"instock","10":"shipping-taxable","11":"product-type-simple"},"acf":{"bigger_product_image":"","background-text":"Singular","product_designer":[1042],"inactive_designer_info":{"custom_designer_name":"","custom_designer_image":null},"scene_gallery":[7602,10388,7832,7836,10379,10383],"gallery_bg_color":"#777777","details_gallery":[{"slide_text":"<strong>Singular<\/strong> erweitert die Besucherstuhlreihe von Forma 5 durch die Einf\u00fchrung neuer Gestelloptionen wie <strong>Schlitten-, Vier- und F\u00fcnf-Stern- oder selbstzentrierende Basen.<\/strong> Diese Vielfalt erm\u00f6glicht es dem Stuhl, sich m\u00fchelos an unterschiedliche R\u00e4ume und die spezifischen Bed\u00fcrfnisse jedes Nutzers anzupassen.","slide_image":10392},{"slide_text":"Mit einer klaren \u00c4sthetik, leichtem Gestell und vielf\u00e4ltigen Basisoptionen definiert <strong>Singular<\/strong> das klassische Konzept des Besucherstuhls neu. W\u00e4hrend sie ihre nat\u00fcrliche Pr\u00e4senz in Wartebereichen oder Schulungsr\u00e4umen bewahrt, <strong>macht ihr vielseitiges Design sie zu einer funktionalen und eleganten<\/strong> Wahl f\u00fcr Lernbereiche, Callcenter, Besprechungsr\u00e4ume oder Kongressbereiche.","slide_image":7606},{"slide_text":"<strong>Singular<\/strong> ist in zwei <a href=\"https:\/\/espattiobrand.com\/de\/\"><strong>esPattio<\/strong><\/a>-Oberfl\u00e4chen f\u00fcr seine Gestelle erh\u00e4ltlich: <strong>Oliva Gr\u00fcn und Alhambra Terrakotta.<\/strong> Diese Erweiterung der Farbpalette unterstreicht Forma 5 Engagement f\u00fcr ausdrucksst\u00e4rkere Besucherst\u00fchle, die Farbe, Pers\u00f6nlichkeit und \u00e4sthetische Koh\u00e4renz in Arbeitsbereiche bringen.","slide_image":10614},{"slide_text":"<strong>Die Gestelle mit vier Metallbeinen, vier Sternen oder f\u00fcnf Sternen k\u00f6nnen mit Doppellauf-Rollen<\/strong> ausgestattet werden, mit einem Durchmesser von 50 mm bei den F\u00fcnf-Stern-St\u00fchlen und 65 mm bei den Vierbein-Metall- und Vier-Stern-St\u00fchlen. <strong>Au\u00dferdem k\u00f6nnen die Vierbein-Metallst\u00fchle mit einer Schreibplatte ausgestattet werden.<\/strong>","slide_image":10598},{"slide_text":"<strong>Polypropylen-Armliegen<\/strong>, inspiriert von der <a href=\"https:\/\/forma5.com\/de\/stuhle\/mehrzweck\/glove\/\"><strong>Glove<\/strong><\/a>-Serie, die \u00e4sthetische Kontinuit\u00e4t und h\u00f6heren Komfort f\u00fcr den Nutzer bieten.","slide_image":10602}],"product_video":{"video_link":"","video_cover":""},"product_downloads_path":"sillas\/silla-confidente","product_downloads":[{"select_file_type":"normal","file_type":"catalog","file_type_special":"","file_name":"Singular.pdf","file_customlabel":"Katalog"},{"select_file_type":"normal","file_type":"technicalFeatures","file_type_special":"","file_name":"_CCTT_Singular.pdf","file_customlabel":"Technische Beschreibung"},{"select_file_type":"normal","file_type":"productCertificate","file_type_special":"","file_name":"C_DAP_Singular.pdf","file_customlabel":"UPD"},{"select_file_type":"normal","file_type":"images","file_type_special":"","file_name":"05_Singular.zip","file_customlabel":"Bilder"},{"select_file_type":"normal","file_type":"images","file_type_special":"","file_name":"V_Singular.mp4","file_customlabel":"Video"},{"select_file_type":"normal","file_type":"autocad","file_type_special":"","file_name":"Singular.zip","file_customlabel":"Autocad"}],"grid_image_gallery":[7602,7606,10379,10383,7832,7836,10388,10392,10411,10415,10419,10423,10427,10431,10435,10439,10443,10447,10451,10455,10459,10463,10467,10471,10475,10479,10483,10487,10491,10495,10499,10503,10507,10511,10515,10519,10523,10527,10531,10535,10539,10543,10547,10551,10555,10559,10563,10567,10571,10575,10579,10583,10616,10620,10624,10628]},"yoast_head":"<!-- This site is optimized with the Yoast SEO plugin v25.2 - https:\/\/yoast.com\/wordpress\/plugins\/seo\/ -->\n<title>\u25b6 Singular Mehrzweck-Besucherstuhl - Forma 5<\/title>\n<meta name=\"description\" content=\"Singular passt sich jedem professionellen Raum mit Stil, Funktionalit\u00e4t und Flexibilit\u00e4t an. Entdecken Sie sie und finden Sie die Version, die Ihr Projekt ben\u00f6tigt.\" \/>\n<meta name=\"robots\" content=\"index, follow, max-snippet:-1, max-image-preview:large, max-video-preview:-1\" \/>\n<link rel=\"canonical\" href=\"https:\/\/forma5.com\/de\/producto\/singular\/\" \/>\n<meta property=\"og:locale\" content=\"de_DE\" \/>\n<meta property=\"og:type\" content=\"article\" \/>\n<meta property=\"og:title\" content=\"\u25b6 Singular Mehrzweck-Besucherstuhl - Forma 5\" \/>\n<meta property=\"og:description\" content=\"Singular passt sich jedem professionellen Raum mit Stil, Funktionalit\u00e4t und Flexibilit\u00e4t an. Entdecken Sie sie und finden Sie die Version, die Ihr Projekt ben\u00f6tigt.\" \/>\n<meta property=\"og:url\" content=\"https:\/\/forma5.com\/de\/producto\/singular\/\" \/>\n<meta property=\"og:site_name\" content=\"Forma 5\" \/>\n<meta property=\"article:modified_time\" content=\"2026-03-23T10:01:25+00:00\" \/>\n<meta property=\"og:image\" content=\"https:\/\/forma5.com\/wp-content\/uploads\/Singular_01.png\" \/>\n\t<meta property=\"og:image:width\" content=\"800\" \/>\n\t<meta property=\"og:image:height\" content=\"800\" \/>\n\t<meta property=\"og:image:type\" content=\"image\/png\" \/>\n<meta name=\"twitter:card\" content=\"summary_large_image\" \/>\n<meta name=\"twitter:label1\" content=\"Gesch\u00e4tzte Lesezeit\" \/>\n\t<meta name=\"twitter:data1\" content=\"1\u00a0Minute\" \/>\n<script type=\"application\/ld+json\" class=\"yoast-schema-graph\">{\"@context\":\"https:\/\/schema.org\",\"@graph\":[{\"@type\":\"WebPage\",\"@id\":\"https:\/\/forma5.com\/de\/producto\/singular\/\",\"url\":\"https:\/\/forma5.com\/de\/producto\/singular\/\",\"name\":\"\u25b6 Singular Mehrzweck-Besucherstuhl - Forma 5\",\"isPartOf\":{\"@id\":\"https:\/\/forma5.com\/de\/#website\"},\"primaryImageOfPage\":{\"@id\":\"https:\/\/forma5.com\/de\/producto\/singular\/#primaryimage\"},\"image\":{\"@id\":\"https:\/\/forma5.com\/de\/producto\/singular\/#primaryimage\"},\"thumbnailUrl\":\"https:\/\/forma5.com\/wp-content\/uploads\/Singular_01.png\",\"datePublished\":\"2026-03-03T11:39:35+00:00\",\"dateModified\":\"2026-03-23T10:01:25+00:00\",\"description\":\"Singular passt sich jedem professionellen Raum mit Stil, Funktionalit\u00e4t und Flexibilit\u00e4t an. Entdecken Sie sie und finden Sie die Version, die Ihr Projekt ben\u00f6tigt.\",\"breadcrumb\":{\"@id\":\"https:\/\/forma5.com\/de\/producto\/singular\/#breadcrumb\"},\"inLanguage\":\"de\",\"potentialAction\":[{\"@type\":\"ReadAction\",\"target\":[\"https:\/\/forma5.com\/de\/producto\/singular\/\"]}]},{\"@type\":\"ImageObject\",\"inLanguage\":\"de\",\"@id\":\"https:\/\/forma5.com\/de\/producto\/singular\/#primaryimage\",\"url\":\"https:\/\/forma5.com\/wp-content\/uploads\/Singular_01.png\",\"contentUrl\":\"https:\/\/forma5.com\/wp-content\/uploads\/Singular_01.png\",\"width\":800,\"height\":800},{\"@type\":\"BreadcrumbList\",\"@id\":\"https:\/\/forma5.com\/de\/producto\/singular\/#breadcrumb\",\"itemListElement\":[{\"@type\":\"ListItem\",\"position\":1,\"name\":\"Portada\",\"item\":\"https:\/\/forma5.com\/de\/\"},{\"@type\":\"ListItem\",\"position\":2,\"name\":\"Productos\",\"item\":\"https:\/\/forma5.com\/shop\/\"},{\"@type\":\"ListItem\",\"position\":3,\"name\":\"Singular\"}]},{\"@type\":\"WebSite\",\"@id\":\"https:\/\/forma5.com\/de\/#website\",\"url\":\"https:\/\/forma5.com\/de\/\",\"name\":\"Forma 5\",\"description\":\"\",\"publisher\":{\"@id\":\"https:\/\/forma5.com\/de\/#organization\"},\"potentialAction\":[{\"@type\":\"SearchAction\",\"target\":{\"@type\":\"EntryPoint\",\"urlTemplate\":\"https:\/\/forma5.com\/de\/?s={search_term_string}\"},\"query-input\":{\"@type\":\"PropertyValueSpecification\",\"valueRequired\":true,\"valueName\":\"search_term_string\"}}],\"inLanguage\":\"de\"},{\"@type\":\"Organization\",\"@id\":\"https:\/\/forma5.com\/de\/#organization\",\"name\":\"Forma 5\",\"url\":\"https:\/\/forma5.com\/de\/\",\"logo\":{\"@type\":\"ImageObject\",\"inLanguage\":\"de\",\"@id\":\"https:\/\/forma5.com\/de\/#\/schema\/logo\/image\/\",\"url\":\"https:\/\/forma5.com\/wp-content\/uploads\/cropped-Logo-2D-Forma-5_BLACK.png\",\"contentUrl\":\"https:\/\/forma5.com\/wp-content\/uploads\/cropped-Logo-2D-Forma-5_BLACK.png\",\"width\":1129,\"height\":225,\"caption\":\"Forma 5\"},\"image\":{\"@id\":\"https:\/\/forma5.com\/de\/#\/schema\/logo\/image\/\"}}]}<\/script>\n<!-- \/ Yoast SEO plugin. -->","yoast_head_json":{"title":"\u25b6 Singular Mehrzweck-Besucherstuhl - Forma 5","description":"Singular passt sich jedem professionellen Raum mit Stil, Funktionalit\u00e4t und Flexibilit\u00e4t an. Entdecken Sie sie und finden Sie die Version, die Ihr Projekt ben\u00f6tigt.","robots":{"index":"index","follow":"follow","max-snippet":"max-snippet:-1","max-image-preview":"max-image-preview:large","max-video-preview":"max-video-preview:-1"},"canonical":"https:\/\/forma5.com\/de\/producto\/singular\/","og_locale":"de_DE","og_type":"article","og_title":"\u25b6 Singular Mehrzweck-Besucherstuhl - Forma 5","og_description":"Singular passt sich jedem professionellen Raum mit Stil, Funktionalit\u00e4t und Flexibilit\u00e4t an. Entdecken Sie sie und finden Sie die Version, die Ihr Projekt ben\u00f6tigt.","og_url":"https:\/\/forma5.com\/de\/producto\/singular\/","og_site_name":"Forma 5","article_modified_time":"2026-03-23T10:01:25+00:00","og_image":[{"width":800,"height":800,"url":"https:\/\/forma5.com\/wp-content\/uploads\/Singular_01.png","type":"image\/png"}],"twitter_card":"summary_large_image","twitter_misc":{"Gesch\u00e4tzte Lesezeit":"1\u00a0Minute"},"schema":{"@context":"https:\/\/schema.org","@graph":[{"@type":"WebPage","@id":"https:\/\/forma5.com\/de\/producto\/singular\/","url":"https:\/\/forma5.com\/de\/producto\/singular\/","name":"\u25b6 Singular Mehrzweck-Besucherstuhl - Forma 5","isPartOf":{"@id":"https:\/\/forma5.com\/de\/#website"},"primaryImageOfPage":{"@id":"https:\/\/forma5.com\/de\/producto\/singular\/#primaryimage"},"image":{"@id":"https:\/\/forma5.com\/de\/producto\/singular\/#primaryimage"},"thumbnailUrl":"https:\/\/forma5.com\/wp-content\/uploads\/Singular_01.png","datePublished":"2026-03-03T11:39:35+00:00","dateModified":"2026-03-23T10:01:25+00:00","description":"Singular passt sich jedem professionellen Raum mit Stil, Funktionalit\u00e4t und Flexibilit\u00e4t an. Entdecken Sie sie und finden Sie die Version, die Ihr Projekt ben\u00f6tigt.","breadcrumb":{"@id":"https:\/\/forma5.com\/de\/producto\/singular\/#breadcrumb"},"inLanguage":"de","potentialAction":[{"@type":"ReadAction","target":["https:\/\/forma5.com\/de\/producto\/singular\/"]}]},{"@type":"ImageObject","inLanguage":"de","@id":"https:\/\/forma5.com\/de\/producto\/singular\/#primaryimage","url":"https:\/\/forma5.com\/wp-content\/uploads\/Singular_01.png","contentUrl":"https:\/\/forma5.com\/wp-content\/uploads\/Singular_01.png","width":800,"height":800},{"@type":"BreadcrumbList","@id":"https:\/\/forma5.com\/de\/producto\/singular\/#breadcrumb","itemListElement":[{"@type":"ListItem","position":1,"name":"Portada","item":"https:\/\/forma5.com\/de\/"},{"@type":"ListItem","position":2,"name":"Productos","item":"https:\/\/forma5.com\/shop\/"},{"@type":"ListItem","position":3,"name":"Singular"}]},{"@type":"WebSite","@id":"https:\/\/forma5.com\/de\/#website","url":"https:\/\/forma5.com\/de\/","name":"Forma 5","description":"","publisher":{"@id":"https:\/\/forma5.com\/de\/#organization"},"potentialAction":[{"@type":"SearchAction","target":{"@type":"EntryPoint","urlTemplate":"https:\/\/forma5.com\/de\/?s={search_term_string}"},"query-input":{"@type":"PropertyValueSpecification","valueRequired":true,"valueName":"search_term_string"}}],"inLanguage":"de"},{"@type":"Organization","@id":"https:\/\/forma5.com\/de\/#organization","name":"Forma 5","url":"https:\/\/forma5.com\/de\/","logo":{"@type":"ImageObject","inLanguage":"de","@id":"https:\/\/forma5.com\/de\/#\/schema\/logo\/image\/","url":"https:\/\/forma5.com\/wp-content\/uploads\/cropped-Logo-2D-Forma-5_BLACK.png","contentUrl":"https:\/\/forma5.com\/wp-content\/uploads\/cropped-Logo-2D-Forma-5_BLACK.png","width":1129,"height":225,"caption":"Forma 5"},"image":{"@id":"https:\/\/forma5.com\/de\/#\/schema\/logo\/image\/"}}]}},"_links":{"self":[{"href":"https:\/\/forma5.com\/de\/wp-json\/wp\/v2\/product\/10398","targetHints":{"allow":["GET"]}}],"collection":[{"href":"https:\/\/forma5.com\/de\/wp-json\/wp\/v2\/product"}],"about":[{"href":"https:\/\/forma5.com\/de\/wp-json\/wp\/v2\/types\/product"}],"acf:attachment":[{"embeddable":true,"href":"https:\/\/forma5.com\/de\/wp-json\/wp\/v2\/media\/10628"},{"embeddable":true,"href":"https:\/\/forma5.com\/de\/wp-json\/wp\/v2\/media\/10624"},{"embeddable":true,"href":"https:\/\/forma5.com\/de\/wp-json\/wp\/v2\/media\/10620"},{"embeddable":true,"href":"https:\/\/forma5.com\/de\/wp-json\/wp\/v2\/media\/10616"},{"embeddable":true,"href":"https:\/\/forma5.com\/de\/wp-json\/wp\/v2\/media\/10583"},{"embeddable":true,"href":"https:\/\/forma5.com\/de\/wp-json\/wp\/v2\/media\/10579"},{"embeddable":true,"href":"https:\/\/forma5.com\/de\/wp-json\/wp\/v2\/media\/10575"},{"embeddable":true,"href":"https:\/\/forma5.com\/de\/wp-json\/wp\/v2\/media\/10571"},{"embeddable":true,"href":"https:\/\/forma5.com\/de\/wp-json\/wp\/v2\/media\/10567"},{"embeddable":true,"href":"https:\/\/forma5.com\/de\/wp-json\/wp\/v2\/media\/10563"},{"embeddable":true,"href":"https:\/\/forma5.com\/de\/wp-json\/wp\/v2\/media\/10559"},{"embeddable":true,"href":"https:\/\/forma5.com\/de\/wp-json\/wp\/v2\/media\/10555"},{"embeddable":true,"href":"https:\/\/forma5.com\/de\/wp-json\/wp\/v2\/media\/10551"},{"embeddable":true,"href":"https:\/\/forma5.com\/de\/wp-json\/wp\/v2\/media\/10547"},{"embeddable":true,"href":"https:\/\/forma5.com\/de\/wp-json\/wp\/v2\/media\/10543"},{"embeddable":true,"href":"https:\/\/forma5.com\/de\/wp-json\/wp\/v2\/media\/10539"},{"embeddable":true,"href":"https:\/\/forma5.com\/de\/wp-json\/wp\/v2\/media\/10535"},{"embeddable":true,"href":"https:\/\/forma5.com\/de\/wp-json\/wp\/v2\/media\/10531"},{"embeddable":true,"href":"https:\/\/forma5.com\/de\/wp-json\/wp\/v2\/media\/10527"},{"embeddable":true,"href":"https:\/\/forma5.com\/de\/wp-json\/wp\/v2\/media\/10523"},{"embeddable":true,"href":"https:\/\/forma5.com\/de\/wp-json\/wp\/v2\/media\/10519"},{"embeddable":true,"href":"https:\/\/forma5.com\/de\/wp-json\/wp\/v2\/media\/10515"},{"embeddable":true,"href":"https:\/\/forma5.com\/de\/wp-json\/wp\/v2\/media\/10511"},{"embeddable":true,"href":"https:\/\/forma5.com\/de\/wp-json\/wp\/v2\/media\/10507"},{"embeddable":true,"href":"https:\/\/forma5.com\/de\/wp-json\/wp\/v2\/media\/10503"},{"embeddable":true,"href":"https:\/\/forma5.com\/de\/wp-json\/wp\/v2\/media\/10499"},{"embeddable":true,"href":"https:\/\/forma5.com\/de\/wp-json\/wp\/v2\/media\/10495"},{"embeddable":true,"href":"https:\/\/forma5.com\/de\/wp-json\/wp\/v2\/media\/10491"},{"embeddable":true,"href":"https:\/\/forma5.com\/de\/wp-json\/wp\/v2\/media\/10487"},{"embeddable":true,"href":"https:\/\/forma5.com\/de\/wp-json\/wp\/v2\/media\/10483"},{"embeddable":true,"href":"https:\/\/forma5.com\/de\/wp-json\/wp\/v2\/media\/10479"},{"embeddable":true,"href":"https:\/\/forma5.com\/de\/wp-json\/wp\/v2\/media\/10475"},{"embeddable":true,"href":"https:\/\/forma5.com\/de\/wp-json\/wp\/v2\/media\/10471"},{"embeddable":true,"href":"https:\/\/forma5.com\/de\/wp-json\/wp\/v2\/media\/10467"},{"embeddable":true,"href":"https:\/\/forma5.com\/de\/wp-json\/wp\/v2\/media\/10463"},{"embeddable":true,"href":"https:\/\/forma5.com\/de\/wp-json\/wp\/v2\/media\/10459"},{"embeddable":true,"href":"https:\/\/forma5.com\/de\/wp-json\/wp\/v2\/media\/10455"},{"embeddable":true,"href":"https:\/\/forma5.com\/de\/wp-json\/wp\/v2\/media\/10451"},{"embeddable":true,"href":"https:\/\/forma5.com\/de\/wp-json\/wp\/v2\/media\/10447"},{"embeddable":true,"href":"https:\/\/forma5.com\/de\/wp-json\/wp\/v2\/media\/10443"},{"embeddable":true,"href":"https:\/\/forma5.com\/de\/wp-json\/wp\/v2\/media\/10439"},{"embeddable":true,"href":"https:\/\/forma5.com\/de\/wp-json\/wp\/v2\/media\/10435"},{"embeddable":true,"href":"https:\/\/forma5.com\/de\/wp-json\/wp\/v2\/media\/10431"},{"embeddable":true,"href":"https:\/\/forma5.com\/de\/wp-json\/wp\/v2\/media\/10427"},{"embeddable":true,"href":"https:\/\/forma5.com\/de\/wp-json\/wp\/v2\/media\/10423"},{"embeddable":true,"href":"https:\/\/forma5.com\/de\/wp-json\/wp\/v2\/media\/10419"},{"embeddable":true,"href":"https:\/\/forma5.com\/de\/wp-json\/wp\/v2\/media\/10415"},{"embeddable":true,"href":"https:\/\/forma5.com\/de\/wp-json\/wp\/v2\/media\/10411"},{"embeddable":true,"href":"https:\/\/forma5.com\/de\/wp-json\/wp\/v2\/media\/10392"},{"embeddable":true,"href":"https:\/\/forma5.com\/de\/wp-json\/wp\/v2\/media\/7606"},{"embeddable":true,"href":"https:\/\/forma5.com\/de\/wp-json\/wp\/v2\/media\/10383"},{"embeddable":true,"href":"https:\/\/forma5.com\/de\/wp-json\/wp\/v2\/media\/10379"},{"embeddable":true,"href":"https:\/\/forma5.com\/de\/wp-json\/wp\/v2\/media\/7836"},{"embeddable":true,"href":"https:\/\/forma5.com\/de\/wp-json\/wp\/v2\/media\/7832"},{"embeddable":true,"href":"https:\/\/forma5.com\/de\/wp-json\/wp\/v2\/media\/10388"},{"embeddable":true,"href":"https:\/\/forma5.com\/de\/wp-json\/wp\/v2\/media\/7602"}],"acf:post":[{"embeddable":true,"href":"https:\/\/forma5.com\/de\/wp-json\/wp\/v2\/disenador\/1042"}],"wp:featuredmedia":[{"embeddable":true,"href":"https:\/\/forma5.com\/de\/wp-json\/wp\/v2\/media\/10406"}],"wp:attachment":[{"href":"https:\/\/forma5.com\/de\/wp-json\/wp\/v2\/media?parent=10398"}],"wp:term":[{"taxonomy":"product_brand","embeddable":true,"href":"https:\/\/forma5.com\/de\/wp-json\/wp\/v2\/product_brand?post=10398"},{"taxonomy":"product_cat","embeddable":true,"href":"https:\/\/forma5.com\/de\/wp-json\/wp\/v2\/product_cat?post=10398"},{"taxonomy":"product_tag","embeddable":true,"href":"https:\/\/forma5.com\/de\/wp-json\/wp\/v2\/product_tag?post=10398"}],"curies":[{"name":"wp","href":"https:\/\/api.w.org\/{rel}","templated":true}]}}