{"id":5601,"date":"2025-05-16T08:48:03","date_gmt":"2025-05-16T06:48:03","guid":{"rendered":"https:\/\/forma5.com\/producto\/unkategorisiert\/trabajo-lets-think\/"},"modified":"2025-03-27T16:56:13","modified_gmt":"2025-03-27T15:56:13","slug":"lets-think","status":"publish","type":"product","link":"https:\/\/forma5.com\/de\/tische\/mehrzweck\/lets-think\/","title":{"rendered":"Let&#8217;s Think"},"content":{"rendered":"<p><span data-sheets-root=\"1\">Das moderne B\u00fcro ist auf Teamarbeit und Kooperation ausgerichtet. Doch manchmal erfordert die Aufgabe Konzentration oder R\u00fcckzug. Let&#8217;s Think bietet mikroarchitektonische Strukturen f\u00fcr die Momente, in denen der Benutzer etwas mehr Privatsph\u00e4re ben\u00f6tigt.<\/span><\/p>\n","protected":false},"excerpt":{"rendered":"<h2><span data-sheets-root=\"1\">Ideal, <em>wenn zus\u00e4tzliche Isolierung erforderlich ist<\/em><\/span><\/h2>\n","protected":false},"featured_media":5603,"template":"","meta":{"_acf_changed":false},"product_brand":[],"product_cat":[182,234,54],"product_tag":[],"class_list":{"0":"post-5601","1":"product","2":"type-product","3":"status-publish","4":"has-post-thumbnail","6":"product_cat-tische","7":"product_cat-besprechungsraume","8":"product_cat-estudio","10":"first","11":"instock","12":"shipping-taxable","13":"product-type-simple"},"acf":{"bigger_product_image":"","background-text":"","product_designer":[1040],"inactive_designer_info":{"custom_designer_name":"","custom_designer_image":null},"scene_gallery":[2860,2864,2866,2868],"gallery_bg_color":"#636363","details_gallery":[{"slide_text":"<p class=\"p1\"><span data-sheets-root=\"1\">Die Paneele bestehen aus drei Teilen: der Innenseite des Paneels und der Einfassung, die immer zusammenpassen, und der Au\u00dfenseite des Paneels, die die gleiche Farbe wie die Innenseite und die Einfassung oder eine andere Farbe haben kann.<\/span><\/p>","slide_image":2862}],"product_video":{"video_link":"","video_cover":""},"product_downloads_path":"mesas-oficina\/estudio","product_downloads":[{"select_file_type":"normal","file_type":"catalog","file_type_special":"","file_name":"Lets.pdf","file_customlabel":"Catalogue"},{"select_file_type":"normal","file_type":"technicalFeatures","file_type_special":"","file_name":"_CCTT_Lets_think.pdf","file_customlabel":"Technical Features"},{"select_file_type":"normal","file_type":"images","file_type_special":"","file_name":"02_Lets Think.zip","file_customlabel":"Images"},{"select_file_type":"normal","file_type":"autocad","file_type_special":"","file_name":"Lets think.zip","file_customlabel":"3D Geometry"},{"select_file_type":"normal","file_type":"revitBim","file_type_special":"","file_name":"LETS_THINK.zip","file_customlabel":"Revit\/BIM"}],"grid_image_gallery":null},"yoast_head":"<!-- This site is optimized with the Yoast SEO plugin v25.2 - https:\/\/yoast.com\/wordpress\/plugins\/seo\/ -->\n<title>\u25b6 Entdecken Sie &#039;Let&#039;s Think&#039;: unser Arbeitstisch - Gruppe Forma 5<\/title>\n<meta name=\"description\" content=\"Entdecken Sie unser Arbeitstischmodul der Gruppe Forma 5, ideal f\u00fcr konzentriertes und produktives Arbeiten.\" \/>\n<meta name=\"robots\" content=\"index, follow, max-snippet:-1, max-image-preview:large, max-video-preview:-1\" \/>\n<link rel=\"canonical\" href=\"https:\/\/forma5.com\/de\/tische\/mehrzweck\/lets-think\/\" \/>\n<meta property=\"og:locale\" content=\"de_DE\" \/>\n<meta property=\"og:type\" content=\"article\" \/>\n<meta property=\"og:title\" content=\"\u25b6 Entdecken Sie &#039;Let&#039;s Think&#039;: unser Arbeitstisch - Gruppe Forma 5\" \/>\n<meta property=\"og:description\" content=\"Entdecken Sie unser Arbeitstischmodul der Gruppe Forma 5, ideal f\u00fcr konzentriertes und produktives Arbeiten.\" \/>\n<meta property=\"og:url\" content=\"https:\/\/forma5.com\/de\/tische\/mehrzweck\/lets-think\/\" \/>\n<meta property=\"og:site_name\" content=\"Forma 5\" \/>\n<meta property=\"og:image\" content=\"https:\/\/forma5.com\/wp-content\/uploads\/letsthink.webp\" \/>\n\t<meta property=\"og:image:width\" content=\"1200\" \/>\n\t<meta property=\"og:image:height\" content=\"1200\" \/>\n\t<meta property=\"og:image:type\" content=\"image\/webp\" \/>\n<meta name=\"twitter:card\" content=\"summary_large_image\" \/>\n<meta name=\"twitter:label1\" content=\"Gesch\u00e4tzte Lesezeit\" \/>\n\t<meta name=\"twitter:data1\" content=\"1\u00a0Minute\" \/>\n<script type=\"application\/ld+json\" class=\"yoast-schema-graph\">{\"@context\":\"https:\/\/schema.org\",\"@graph\":[{\"@type\":\"WebPage\",\"@id\":\"https:\/\/forma5.com\/de\/tische\/mehrzweck\/lets-think\/\",\"url\":\"https:\/\/forma5.com\/de\/tische\/mehrzweck\/lets-think\/\",\"name\":\"\u25b6 Entdecken Sie 'Let's Think': unser Arbeitstisch - Gruppe Forma 5\",\"isPartOf\":{\"@id\":\"https:\/\/forma5.com\/de\/#website\"},\"primaryImageOfPage\":{\"@id\":\"https:\/\/forma5.com\/de\/tische\/mehrzweck\/lets-think\/#primaryimage\"},\"image\":{\"@id\":\"https:\/\/forma5.com\/de\/tische\/mehrzweck\/lets-think\/#primaryimage\"},\"thumbnailUrl\":\"https:\/\/forma5.com\/wp-content\/uploads\/letsthink.webp\",\"datePublished\":\"2025-05-16T06:48:03+00:00\",\"description\":\"Entdecken Sie unser Arbeitstischmodul der Gruppe Forma 5, ideal f\u00fcr konzentriertes und produktives Arbeiten.\",\"breadcrumb\":{\"@id\":\"https:\/\/forma5.com\/de\/tische\/mehrzweck\/lets-think\/#breadcrumb\"},\"inLanguage\":\"de\",\"potentialAction\":[{\"@type\":\"ReadAction\",\"target\":[\"https:\/\/forma5.com\/de\/tische\/mehrzweck\/lets-think\/\"]}]},{\"@type\":\"ImageObject\",\"inLanguage\":\"de\",\"@id\":\"https:\/\/forma5.com\/de\/tische\/mehrzweck\/lets-think\/#primaryimage\",\"url\":\"https:\/\/forma5.com\/wp-content\/uploads\/letsthink.webp\",\"contentUrl\":\"https:\/\/forma5.com\/wp-content\/uploads\/letsthink.webp\",\"width\":1200,\"height\":1200},{\"@type\":\"BreadcrumbList\",\"@id\":\"https:\/\/forma5.com\/de\/tische\/mehrzweck\/lets-think\/#breadcrumb\",\"itemListElement\":[{\"@type\":\"ListItem\",\"position\":1,\"name\":\"Portada\",\"item\":\"https:\/\/forma5.com\/de\/\"},{\"@type\":\"ListItem\",\"position\":2,\"name\":\"Productos\",\"item\":\"https:\/\/forma5.com\/shop\/\"},{\"@type\":\"ListItem\",\"position\":3,\"name\":\"Let&#8217;s Think\"}]},{\"@type\":\"WebSite\",\"@id\":\"https:\/\/forma5.com\/de\/#website\",\"url\":\"https:\/\/forma5.com\/de\/\",\"name\":\"Forma 5\",\"description\":\"\",\"publisher\":{\"@id\":\"https:\/\/forma5.com\/de\/#organization\"},\"potentialAction\":[{\"@type\":\"SearchAction\",\"target\":{\"@type\":\"EntryPoint\",\"urlTemplate\":\"https:\/\/forma5.com\/de\/?s={search_term_string}\"},\"query-input\":{\"@type\":\"PropertyValueSpecification\",\"valueRequired\":true,\"valueName\":\"search_term_string\"}}],\"inLanguage\":\"de\"},{\"@type\":\"Organization\",\"@id\":\"https:\/\/forma5.com\/de\/#organization\",\"name\":\"Forma 5\",\"url\":\"https:\/\/forma5.com\/de\/\",\"logo\":{\"@type\":\"ImageObject\",\"inLanguage\":\"de\",\"@id\":\"https:\/\/forma5.com\/de\/#\/schema\/logo\/image\/\",\"url\":\"https:\/\/forma5.com\/wp-content\/uploads\/cropped-Logo-2D-Forma-5_BLACK.png\",\"contentUrl\":\"https:\/\/forma5.com\/wp-content\/uploads\/cropped-Logo-2D-Forma-5_BLACK.png\",\"width\":1129,\"height\":225,\"caption\":\"Forma 5\"},\"image\":{\"@id\":\"https:\/\/forma5.com\/de\/#\/schema\/logo\/image\/\"}}]}<\/script>\n<!-- \/ Yoast SEO plugin. -->","yoast_head_json":{"title":"\u25b6 Entdecken Sie 'Let's Think': unser Arbeitstisch - Gruppe Forma 5","description":"Entdecken Sie unser Arbeitstischmodul der Gruppe Forma 5, ideal f\u00fcr konzentriertes und produktives Arbeiten.","robots":{"index":"index","follow":"follow","max-snippet":"max-snippet:-1","max-image-preview":"max-image-preview:large","max-video-preview":"max-video-preview:-1"},"canonical":"https:\/\/forma5.com\/de\/tische\/mehrzweck\/lets-think\/","og_locale":"de_DE","og_type":"article","og_title":"\u25b6 Entdecken Sie 'Let's Think': unser Arbeitstisch - Gruppe Forma 5","og_description":"Entdecken Sie unser Arbeitstischmodul der Gruppe Forma 5, ideal f\u00fcr konzentriertes und produktives Arbeiten.","og_url":"https:\/\/forma5.com\/de\/tische\/mehrzweck\/lets-think\/","og_site_name":"Forma 5","og_image":[{"width":1200,"height":1200,"url":"https:\/\/forma5.com\/wp-content\/uploads\/letsthink.webp","type":"image\/webp"}],"twitter_card":"summary_large_image","twitter_misc":{"Gesch\u00e4tzte Lesezeit":"1\u00a0Minute"},"schema":{"@context":"https:\/\/schema.org","@graph":[{"@type":"WebPage","@id":"https:\/\/forma5.com\/de\/tische\/mehrzweck\/lets-think\/","url":"https:\/\/forma5.com\/de\/tische\/mehrzweck\/lets-think\/","name":"\u25b6 Entdecken Sie 'Let's Think': unser Arbeitstisch - Gruppe Forma 5","isPartOf":{"@id":"https:\/\/forma5.com\/de\/#website"},"primaryImageOfPage":{"@id":"https:\/\/forma5.com\/de\/tische\/mehrzweck\/lets-think\/#primaryimage"},"image":{"@id":"https:\/\/forma5.com\/de\/tische\/mehrzweck\/lets-think\/#primaryimage"},"thumbnailUrl":"https:\/\/forma5.com\/wp-content\/uploads\/letsthink.webp","datePublished":"2025-05-16T06:48:03+00:00","description":"Entdecken Sie unser Arbeitstischmodul der Gruppe Forma 5, ideal f\u00fcr konzentriertes und produktives Arbeiten.","breadcrumb":{"@id":"https:\/\/forma5.com\/de\/tische\/mehrzweck\/lets-think\/#breadcrumb"},"inLanguage":"de","potentialAction":[{"@type":"ReadAction","target":["https:\/\/forma5.com\/de\/tische\/mehrzweck\/lets-think\/"]}]},{"@type":"ImageObject","inLanguage":"de","@id":"https:\/\/forma5.com\/de\/tische\/mehrzweck\/lets-think\/#primaryimage","url":"https:\/\/forma5.com\/wp-content\/uploads\/letsthink.webp","contentUrl":"https:\/\/forma5.com\/wp-content\/uploads\/letsthink.webp","width":1200,"height":1200},{"@type":"BreadcrumbList","@id":"https:\/\/forma5.com\/de\/tische\/mehrzweck\/lets-think\/#breadcrumb","itemListElement":[{"@type":"ListItem","position":1,"name":"Portada","item":"https:\/\/forma5.com\/de\/"},{"@type":"ListItem","position":2,"name":"Productos","item":"https:\/\/forma5.com\/shop\/"},{"@type":"ListItem","position":3,"name":"Let&#8217;s Think"}]},{"@type":"WebSite","@id":"https:\/\/forma5.com\/de\/#website","url":"https:\/\/forma5.com\/de\/","name":"Forma 5","description":"","publisher":{"@id":"https:\/\/forma5.com\/de\/#organization"},"potentialAction":[{"@type":"SearchAction","target":{"@type":"EntryPoint","urlTemplate":"https:\/\/forma5.com\/de\/?s={search_term_string}"},"query-input":{"@type":"PropertyValueSpecification","valueRequired":true,"valueName":"search_term_string"}}],"inLanguage":"de"},{"@type":"Organization","@id":"https:\/\/forma5.com\/de\/#organization","name":"Forma 5","url":"https:\/\/forma5.com\/de\/","logo":{"@type":"ImageObject","inLanguage":"de","@id":"https:\/\/forma5.com\/de\/#\/schema\/logo\/image\/","url":"https:\/\/forma5.com\/wp-content\/uploads\/cropped-Logo-2D-Forma-5_BLACK.png","contentUrl":"https:\/\/forma5.com\/wp-content\/uploads\/cropped-Logo-2D-Forma-5_BLACK.png","width":1129,"height":225,"caption":"Forma 5"},"image":{"@id":"https:\/\/forma5.com\/de\/#\/schema\/logo\/image\/"}}]}},"_links":{"self":[{"href":"https:\/\/forma5.com\/de\/wp-json\/wp\/v2\/product\/5601","targetHints":{"allow":["GET"]}}],"collection":[{"href":"https:\/\/forma5.com\/de\/wp-json\/wp\/v2\/product"}],"about":[{"href":"https:\/\/forma5.com\/de\/wp-json\/wp\/v2\/types\/product"}],"acf:attachment":[{"embeddable":true,"href":"https:\/\/forma5.com\/de\/wp-json\/wp\/v2\/media\/2868"},{"embeddable":true,"href":"https:\/\/forma5.com\/de\/wp-json\/wp\/v2\/media\/2866"},{"embeddable":true,"href":"https:\/\/forma5.com\/de\/wp-json\/wp\/v2\/media\/2864"},{"embeddable":true,"href":"https:\/\/forma5.com\/de\/wp-json\/wp\/v2\/media\/2860"}],"acf:post":[{"embeddable":true,"href":"https:\/\/forma5.com\/de\/wp-json\/wp\/v2\/disenador\/1040"}],"wp:featuredmedia":[{"embeddable":true,"href":"https:\/\/forma5.com\/de\/wp-json\/wp\/v2\/media\/5603"}],"wp:attachment":[{"href":"https:\/\/forma5.com\/de\/wp-json\/wp\/v2\/media?parent=5601"}],"wp:term":[{"taxonomy":"product_brand","embeddable":true,"href":"https:\/\/forma5.com\/de\/wp-json\/wp\/v2\/product_brand?post=5601"},{"taxonomy":"product_cat","embeddable":true,"href":"https:\/\/forma5.com\/de\/wp-json\/wp\/v2\/product_cat?post=5601"},{"taxonomy":"product_tag","embeddable":true,"href":"https:\/\/forma5.com\/de\/wp-json\/wp\/v2\/product_tag?post=5601"}],"curies":[{"name":"wp","href":"https:\/\/api.w.org\/{rel}","templated":true}]}}