{"id":5605,"date":"2025-05-26T08:44:02","date_gmt":"2025-05-26T06:44:02","guid":{"rendered":"https:\/\/forma5.com\/producto\/unkategorisiert\/dimmer\/"},"modified":"2025-06-09T13:09:16","modified_gmt":"2025-06-09T11:09:16","slug":"dimmer","status":"publish","type":"product","link":"https:\/\/forma5.com\/de\/tische\/mehrzweck\/dimmer\/","title":{"rendered":"Dimmer"},"content":{"rendered":"<p><span data-sheets-root=\"1\">In kollaborativen und dynamischen Arbeitsumgebungen, in denen Flexibilit\u00e4t und Zeitoptimierung von entscheidender Bedeutung sind, m\u00fcssen sich die M\u00f6bel den Bed\u00fcrfnissen der Nutzer nach Vielseitigkeit anpassen. Moderne B\u00fcros und Mehrzweckr\u00e4ume erfordern flexible und effiziente L\u00f6sungen. Dimmer ist die Antwort: ein h\u00f6henverstellbarer Schreibtisch mit Gasfedermechanismus, der Mobilit\u00e4t, Funktionalit\u00e4t und anpassungsf\u00e4higes Design vereint &#8211; ideal f\u00fcr flexible und anspruchsvolle Umgebungen.<\/span><\/p>\n","protected":false},"excerpt":{"rendered":"<h2><span data-sheets-root=\"1\">Ideal zum Festhalten von Ideen, f\u00fcr <em>Pr\u00e4sentationen<\/em> oder zum <em>Skizzieren<\/em> w\u00e4hrend kreativer Sitzungen.<\/span><\/h2>\n","protected":false},"featured_media":5607,"template":"","meta":{"_acf_changed":false},"product_brand":[],"product_cat":[182,239],"product_tag":[],"class_list":{"0":"post-5605","1":"product","2":"type-product","3":"status-publish","4":"has-post-thumbnail","6":"product_cat-tische","7":"product_cat-mehrzweck-tische","9":"first","10":"instock","11":"shipping-taxable","12":"product-type-simple"},"acf":{"bigger_product_image":"","background-text":"Dimmer","product_designer":[1024],"inactive_designer_info":{"custom_designer_name":"","custom_designer_image":null},"scene_gallery":[3397,3395,3405,3407,3411,3413,3415],"gallery_bg_color":"#777777","details_gallery":[{"slide_text":"<span data-sheets-root=\"1\">Dimmer zeichnet sich nicht nur durch seine Anpassungsf\u00e4higkeit, sondern auch durch seine Funktionalit\u00e4t aus. Dar\u00fcber hinaus machen die vielf\u00e4ltigen Kombinationsm\u00f6glichkeiten diesen mobilen Tisch zu einem idealen Element f\u00fcr jedes professionelle Umfeld.\r\n<\/span>","slide_image":3417},{"slide_text":"<span data-sheets-root=\"1\">Mobilit\u00e4t ist in hochdynamischen Umgebungen unerl\u00e4sslich. Dimmer ist mit feststellbaren R\u00e4dern ausgestattet, so dass er leicht von einem Ort zum anderen bewegt werden kann. Sein innovatives Klappsystem macht ihn zudem zu einer platzsparenden Option.<\/span>","slide_image":3409},{"slide_text":"<span data-sheets-root=\"1\">Dimmer ist mit einer Gasdruckfeder ausgestattet, die eine stufenlose und m\u00fchelose H\u00f6henverstellung ohne Strom erm\u00f6glicht.\r\nDar\u00fcber hinaus erm\u00f6glicht der innovative Klappmechanismus eine effiziente und platzsparende Aufbewahrung.<\/span>\r\n\r\n&nbsp;","slide_image":3419},{"slide_text":"<span data-sheets-root=\"1\">In kollaborativen und dynamischen Arbeitsumgebungen, in denen Flexibilit\u00e4t und Zeitoptimierung von entscheidender Bedeutung sind, m\u00fcssen sich die M\u00f6bel den Bed\u00fcrfnissen der Menschen nach Vielseitigkeit anpassen.<\/span>","slide_image":3403},{"slide_text":"<span data-sheets-root=\"1\">Moderne B\u00fcros und Mehrzweckr\u00e4ume erfordern flexible und effiziente L\u00f6sungen. Dimmer ist die Antwort: ein Gasfedertisch, der Mobilit\u00e4t, Funktionalit\u00e4t und anpassungsf\u00e4higes Design vereint, ideal f\u00fcr flexible und anspruchsvolle Umgebungen.<\/span>","slide_image":3401}],"product_video":{"video_link":"https:\/\/www.youtube.com\/watch?v=uftFq5DI3do&ab_channel=Forma5Group-OfficeFurniture","video_cover":6401},"product_downloads_path":"mesas-oficina\/estudio","product_downloads":[{"select_file_type":"normal","file_type":"catalog","file_type_special":"","file_name":"DIMMER.pdf","file_customlabel":"Katalog"},{"select_file_type":"normal","file_type":"technicalFeatures","file_type_special":"","file_name":"CCTT_Dimmer_DEU.pdf","file_customlabel":"Technische Beschreibung"},{"select_file_type":"normal","file_type":"productCertificate","file_type_special":"","file_name":"EPD_MESA_DIMMER_ING.pdf","file_customlabel":"UPD"},{"select_file_type":"normal","file_type":"images","file_type_special":"","file_name":"04_Dimmer.zip","file_customlabel":"Bilder"}],"grid_image_gallery":null},"yoast_head":"<!-- This site is optimized with the Yoast SEO plugin v25.2 - https:\/\/yoast.com\/wordpress\/plugins\/seo\/ -->\n<title>\u25b6 Klapptisch &#039;Dimmer&#039; f\u00fcr B\u00fcros und Arbeitsr\u00e4ume - Gruppe Forma 5<\/title>\n<meta name=\"description\" content=\"Entdecken Sie den innovativen Klapptisch &#039;Dimmer&#039; f\u00fcr Arbeitszimmer und B\u00fcros mit der Option eines integrierten Whiteboards.\" \/>\n<meta name=\"robots\" content=\"index, follow, max-snippet:-1, max-image-preview:large, max-video-preview:-1\" \/>\n<link rel=\"canonical\" href=\"https:\/\/forma5.com\/de\/tische\/mehrzweck\/dimmer\/\" \/>\n<meta property=\"og:locale\" content=\"de_DE\" \/>\n<meta property=\"og:type\" content=\"article\" \/>\n<meta property=\"og:title\" content=\"\u25b6 Klapptisch &#039;Dimmer&#039; f\u00fcr B\u00fcros und Arbeitsr\u00e4ume - Gruppe Forma 5\" \/>\n<meta property=\"og:description\" content=\"Entdecken Sie den innovativen Klapptisch &#039;Dimmer&#039; f\u00fcr Arbeitszimmer und B\u00fcros mit der Option eines integrierten Whiteboards.\" \/>\n<meta property=\"og:url\" content=\"https:\/\/forma5.com\/de\/tische\/mehrzweck\/dimmer\/\" \/>\n<meta property=\"og:site_name\" content=\"Forma 5\" \/>\n<meta property=\"article:modified_time\" content=\"2025-06-09T11:09:16+00:00\" \/>\n<meta property=\"og:image\" content=\"https:\/\/forma5.com\/wp-content\/uploads\/dimmer-desk-meeting-wheels-offices-tables.webp\" \/>\n\t<meta property=\"og:image:width\" content=\"800\" \/>\n\t<meta property=\"og:image:height\" content=\"800\" \/>\n\t<meta property=\"og:image:type\" content=\"image\/webp\" \/>\n<meta name=\"twitter:card\" content=\"summary_large_image\" \/>\n<meta name=\"twitter:label1\" content=\"Gesch\u00e4tzte Lesezeit\" \/>\n\t<meta name=\"twitter:data1\" content=\"1\u00a0Minute\" \/>\n<script type=\"application\/ld+json\" class=\"yoast-schema-graph\">{\"@context\":\"https:\/\/schema.org\",\"@graph\":[{\"@type\":\"WebPage\",\"@id\":\"https:\/\/forma5.com\/de\/tische\/mehrzweck\/dimmer\/\",\"url\":\"https:\/\/forma5.com\/de\/tische\/mehrzweck\/dimmer\/\",\"name\":\"\u25b6 Klapptisch 'Dimmer' f\u00fcr B\u00fcros und Arbeitsr\u00e4ume - Gruppe Forma 5\",\"isPartOf\":{\"@id\":\"https:\/\/forma5.com\/de\/#website\"},\"primaryImageOfPage\":{\"@id\":\"https:\/\/forma5.com\/de\/tische\/mehrzweck\/dimmer\/#primaryimage\"},\"image\":{\"@id\":\"https:\/\/forma5.com\/de\/tische\/mehrzweck\/dimmer\/#primaryimage\"},\"thumbnailUrl\":\"https:\/\/forma5.com\/wp-content\/uploads\/dimmer-desk-meeting-wheels-offices-tables.webp\",\"datePublished\":\"2025-05-26T06:44:02+00:00\",\"dateModified\":\"2025-06-09T11:09:16+00:00\",\"description\":\"Entdecken Sie den innovativen Klapptisch 'Dimmer' f\u00fcr Arbeitszimmer und B\u00fcros mit der Option eines integrierten Whiteboards.\",\"breadcrumb\":{\"@id\":\"https:\/\/forma5.com\/de\/tische\/mehrzweck\/dimmer\/#breadcrumb\"},\"inLanguage\":\"de\",\"potentialAction\":[{\"@type\":\"ReadAction\",\"target\":[\"https:\/\/forma5.com\/de\/tische\/mehrzweck\/dimmer\/\"]}]},{\"@type\":\"ImageObject\",\"inLanguage\":\"de\",\"@id\":\"https:\/\/forma5.com\/de\/tische\/mehrzweck\/dimmer\/#primaryimage\",\"url\":\"https:\/\/forma5.com\/wp-content\/uploads\/dimmer-desk-meeting-wheels-offices-tables.webp\",\"contentUrl\":\"https:\/\/forma5.com\/wp-content\/uploads\/dimmer-desk-meeting-wheels-offices-tables.webp\",\"width\":800,\"height\":800},{\"@type\":\"BreadcrumbList\",\"@id\":\"https:\/\/forma5.com\/de\/tische\/mehrzweck\/dimmer\/#breadcrumb\",\"itemListElement\":[{\"@type\":\"ListItem\",\"position\":1,\"name\":\"Portada\",\"item\":\"https:\/\/forma5.com\/de\/\"},{\"@type\":\"ListItem\",\"position\":2,\"name\":\"Productos\",\"item\":\"https:\/\/forma5.com\/shop\/\"},{\"@type\":\"ListItem\",\"position\":3,\"name\":\"Dimmer\"}]},{\"@type\":\"WebSite\",\"@id\":\"https:\/\/forma5.com\/de\/#website\",\"url\":\"https:\/\/forma5.com\/de\/\",\"name\":\"Forma 5\",\"description\":\"\",\"publisher\":{\"@id\":\"https:\/\/forma5.com\/de\/#organization\"},\"potentialAction\":[{\"@type\":\"SearchAction\",\"target\":{\"@type\":\"EntryPoint\",\"urlTemplate\":\"https:\/\/forma5.com\/de\/?s={search_term_string}\"},\"query-input\":{\"@type\":\"PropertyValueSpecification\",\"valueRequired\":true,\"valueName\":\"search_term_string\"}}],\"inLanguage\":\"de\"},{\"@type\":\"Organization\",\"@id\":\"https:\/\/forma5.com\/de\/#organization\",\"name\":\"Forma 5\",\"url\":\"https:\/\/forma5.com\/de\/\",\"logo\":{\"@type\":\"ImageObject\",\"inLanguage\":\"de\",\"@id\":\"https:\/\/forma5.com\/de\/#\/schema\/logo\/image\/\",\"url\":\"https:\/\/forma5.com\/wp-content\/uploads\/cropped-Logo-2D-Forma-5_BLACK.png\",\"contentUrl\":\"https:\/\/forma5.com\/wp-content\/uploads\/cropped-Logo-2D-Forma-5_BLACK.png\",\"width\":1129,\"height\":225,\"caption\":\"Forma 5\"},\"image\":{\"@id\":\"https:\/\/forma5.com\/de\/#\/schema\/logo\/image\/\"}}]}<\/script>\n<!-- \/ Yoast SEO plugin. -->","yoast_head_json":{"title":"\u25b6 Klapptisch 'Dimmer' f\u00fcr B\u00fcros und Arbeitsr\u00e4ume - Gruppe Forma 5","description":"Entdecken Sie den innovativen Klapptisch 'Dimmer' f\u00fcr Arbeitszimmer und B\u00fcros mit der Option eines integrierten Whiteboards.","robots":{"index":"index","follow":"follow","max-snippet":"max-snippet:-1","max-image-preview":"max-image-preview:large","max-video-preview":"max-video-preview:-1"},"canonical":"https:\/\/forma5.com\/de\/tische\/mehrzweck\/dimmer\/","og_locale":"de_DE","og_type":"article","og_title":"\u25b6 Klapptisch 'Dimmer' f\u00fcr B\u00fcros und Arbeitsr\u00e4ume - Gruppe Forma 5","og_description":"Entdecken Sie den innovativen Klapptisch 'Dimmer' f\u00fcr Arbeitszimmer und B\u00fcros mit der Option eines integrierten Whiteboards.","og_url":"https:\/\/forma5.com\/de\/tische\/mehrzweck\/dimmer\/","og_site_name":"Forma 5","article_modified_time":"2025-06-09T11:09:16+00:00","og_image":[{"width":800,"height":800,"url":"https:\/\/forma5.com\/wp-content\/uploads\/dimmer-desk-meeting-wheels-offices-tables.webp","type":"image\/webp"}],"twitter_card":"summary_large_image","twitter_misc":{"Gesch\u00e4tzte Lesezeit":"1\u00a0Minute"},"schema":{"@context":"https:\/\/schema.org","@graph":[{"@type":"WebPage","@id":"https:\/\/forma5.com\/de\/tische\/mehrzweck\/dimmer\/","url":"https:\/\/forma5.com\/de\/tische\/mehrzweck\/dimmer\/","name":"\u25b6 Klapptisch 'Dimmer' f\u00fcr B\u00fcros und Arbeitsr\u00e4ume - Gruppe Forma 5","isPartOf":{"@id":"https:\/\/forma5.com\/de\/#website"},"primaryImageOfPage":{"@id":"https:\/\/forma5.com\/de\/tische\/mehrzweck\/dimmer\/#primaryimage"},"image":{"@id":"https:\/\/forma5.com\/de\/tische\/mehrzweck\/dimmer\/#primaryimage"},"thumbnailUrl":"https:\/\/forma5.com\/wp-content\/uploads\/dimmer-desk-meeting-wheels-offices-tables.webp","datePublished":"2025-05-26T06:44:02+00:00","dateModified":"2025-06-09T11:09:16+00:00","description":"Entdecken Sie den innovativen Klapptisch 'Dimmer' f\u00fcr Arbeitszimmer und B\u00fcros mit der Option eines integrierten Whiteboards.","breadcrumb":{"@id":"https:\/\/forma5.com\/de\/tische\/mehrzweck\/dimmer\/#breadcrumb"},"inLanguage":"de","potentialAction":[{"@type":"ReadAction","target":["https:\/\/forma5.com\/de\/tische\/mehrzweck\/dimmer\/"]}]},{"@type":"ImageObject","inLanguage":"de","@id":"https:\/\/forma5.com\/de\/tische\/mehrzweck\/dimmer\/#primaryimage","url":"https:\/\/forma5.com\/wp-content\/uploads\/dimmer-desk-meeting-wheels-offices-tables.webp","contentUrl":"https:\/\/forma5.com\/wp-content\/uploads\/dimmer-desk-meeting-wheels-offices-tables.webp","width":800,"height":800},{"@type":"BreadcrumbList","@id":"https:\/\/forma5.com\/de\/tische\/mehrzweck\/dimmer\/#breadcrumb","itemListElement":[{"@type":"ListItem","position":1,"name":"Portada","item":"https:\/\/forma5.com\/de\/"},{"@type":"ListItem","position":2,"name":"Productos","item":"https:\/\/forma5.com\/shop\/"},{"@type":"ListItem","position":3,"name":"Dimmer"}]},{"@type":"WebSite","@id":"https:\/\/forma5.com\/de\/#website","url":"https:\/\/forma5.com\/de\/","name":"Forma 5","description":"","publisher":{"@id":"https:\/\/forma5.com\/de\/#organization"},"potentialAction":[{"@type":"SearchAction","target":{"@type":"EntryPoint","urlTemplate":"https:\/\/forma5.com\/de\/?s={search_term_string}"},"query-input":{"@type":"PropertyValueSpecification","valueRequired":true,"valueName":"search_term_string"}}],"inLanguage":"de"},{"@type":"Organization","@id":"https:\/\/forma5.com\/de\/#organization","name":"Forma 5","url":"https:\/\/forma5.com\/de\/","logo":{"@type":"ImageObject","inLanguage":"de","@id":"https:\/\/forma5.com\/de\/#\/schema\/logo\/image\/","url":"https:\/\/forma5.com\/wp-content\/uploads\/cropped-Logo-2D-Forma-5_BLACK.png","contentUrl":"https:\/\/forma5.com\/wp-content\/uploads\/cropped-Logo-2D-Forma-5_BLACK.png","width":1129,"height":225,"caption":"Forma 5"},"image":{"@id":"https:\/\/forma5.com\/de\/#\/schema\/logo\/image\/"}}]}},"_links":{"self":[{"href":"https:\/\/forma5.com\/de\/wp-json\/wp\/v2\/product\/5605","targetHints":{"allow":["GET"]}}],"collection":[{"href":"https:\/\/forma5.com\/de\/wp-json\/wp\/v2\/product"}],"about":[{"href":"https:\/\/forma5.com\/de\/wp-json\/wp\/v2\/types\/product"}],"acf:attachment":[{"embeddable":true,"href":"https:\/\/forma5.com\/de\/wp-json\/wp\/v2\/media\/3415"},{"embeddable":true,"href":"https:\/\/forma5.com\/de\/wp-json\/wp\/v2\/media\/3413"},{"embeddable":true,"href":"https:\/\/forma5.com\/de\/wp-json\/wp\/v2\/media\/3411"},{"embeddable":true,"href":"https:\/\/forma5.com\/de\/wp-json\/wp\/v2\/media\/3407"},{"embeddable":true,"href":"https:\/\/forma5.com\/de\/wp-json\/wp\/v2\/media\/3405"},{"embeddable":true,"href":"https:\/\/forma5.com\/de\/wp-json\/wp\/v2\/media\/3395"},{"embeddable":true,"href":"https:\/\/forma5.com\/de\/wp-json\/wp\/v2\/media\/3397"}],"acf:post":[{"embeddable":true,"href":"https:\/\/forma5.com\/de\/wp-json\/wp\/v2\/disenador\/1024"}],"wp:featuredmedia":[{"embeddable":true,"href":"https:\/\/forma5.com\/de\/wp-json\/wp\/v2\/media\/5607"}],"wp:attachment":[{"href":"https:\/\/forma5.com\/de\/wp-json\/wp\/v2\/media?parent=5605"}],"wp:term":[{"taxonomy":"product_brand","embeddable":true,"href":"https:\/\/forma5.com\/de\/wp-json\/wp\/v2\/product_brand?post=5605"},{"taxonomy":"product_cat","embeddable":true,"href":"https:\/\/forma5.com\/de\/wp-json\/wp\/v2\/product_cat?post=5605"},{"taxonomy":"product_tag","embeddable":true,"href":"https:\/\/forma5.com\/de\/wp-json\/wp\/v2\/product_tag?post=5605"}],"curies":[{"name":"wp","href":"https:\/\/api.w.org\/{rel}","templated":true}]}}