{"id":5635,"date":"2024-08-23T08:14:23","date_gmt":"2024-08-23T06:14:23","guid":{"rendered":"https:\/\/forma5.com\/producto\/unkategorisiert\/carro-con-ruedas-muvit\/"},"modified":"2025-06-03T15:59:55","modified_gmt":"2025-06-03T13:59:55","slug":"muvit-2","status":"publish","type":"product","link":"https:\/\/forma5.com\/de\/stauraum\/muvit\/","title":{"rendered":"MUVIT\u201c B\u00fcro-Trolley"},"content":{"rendered":"<p><span data-sheets-root=\"1\">Der Muvit Cart definiert die Art und Weise, wie Menschen zusammenkommen, neu. Er bietet eine hervorragende Transportkapazit\u00e4t, eine Projektorhalterung und eine Whiteboardfunktion. Ein unsch\u00e4tzbares Werkzeug f\u00fcr jeden kollaborativen Besprechungsraum.<\/span><\/p>\n","protected":false},"excerpt":{"rendered":"<h2><span data-sheets-root=\"1\">Es gibt <em>Ihren Teambesprechungen<\/em> einen neuen Sinn.<\/span><\/h2>\n","protected":false},"featured_media":5637,"template":"","meta":{"_acf_changed":false},"product_brand":[],"product_cat":[236],"product_tag":[],"class_list":{"0":"post-5635","1":"product","2":"type-product","3":"status-publish","4":"has-post-thumbnail","6":"product_cat-stauraum","8":"first","9":"instock","10":"shipping-taxable","11":"product-type-simple"},"acf":{"bigger_product_image":"","background-text":"Muvit","product_designer":[2313],"inactive_designer_info":{"custom_designer_name":"","custom_designer_image":null},"scene_gallery":[2786,2788,2790],"gallery_bg_color":"#919191","details_gallery":[{"slide_text":"<span data-sheets-root=\"1\">Der Muvit-Wagen ist die Antwort auf die wachsende Nachfrage nach flexiblen, dynamischen und anpassungsf\u00e4higen Arbeitspl\u00e4tzen.<\/span>","slide_image":2792},{"slide_text":"<span data-sheets-root=\"1\">Seine Gestaltung f\u00f6rdert Kreativit\u00e4t, Innovation und die Zusammenarbeit der Mitarbeiter.<\/span>","slide_image":2784}],"product_video":{"video_link":"https:\/\/vimeo.com\/910395740","video_cover":2786},"product_downloads_path":"almacenaje","product_downloads":[{"select_file_type":"normal","file_type":"catalog","file_type_special":"","file_name":"Muvit.pdf","file_customlabel":"Catalogue"},{"select_file_type":"normal","file_type":"technicalFeatures","file_type_special":"","file_name":"_CCTT_MUVIT_Carro.pdf","file_customlabel":"Technical Features"},{"select_file_type":"normal","file_type":"images","file_type_special":"","file_name":"08_Carro MUVIT.zip","file_customlabel":"Images"},{"select_file_type":"normal","file_type":"revitBim","file_type_special":"","file_name":"Muvit carro.zip","file_customlabel":"Revit\/BIM"}],"grid_image_gallery":null},"yoast_head":"<!-- This site is optimized with the Yoast SEO plugin v25.2 - https:\/\/yoast.com\/wordpress\/plugins\/seo\/ -->\n<title>\u25b6 Entdecken Sie &#039;Muvit&#039;: unseren B\u00fcrowagen - Gruppe Forma 5<\/title>\n<meta name=\"description\" content=\"Unser B\u00fcrowagen ist ein praktisches Design, das Mobilit\u00e4t und Organisation verbessert.\" \/>\n<meta name=\"robots\" content=\"index, follow, max-snippet:-1, max-image-preview:large, max-video-preview:-1\" \/>\n<link rel=\"canonical\" href=\"https:\/\/forma5.com\/de\/stauraum\/muvit\/\" \/>\n<meta property=\"og:locale\" content=\"de_DE\" \/>\n<meta property=\"og:type\" content=\"article\" \/>\n<meta property=\"og:title\" content=\"\u25b6 Entdecken Sie &#039;Muvit&#039;: unseren B\u00fcrowagen - Gruppe Forma 5\" \/>\n<meta property=\"og:description\" content=\"Unser B\u00fcrowagen ist ein praktisches Design, das Mobilit\u00e4t und Organisation verbessert.\" \/>\n<meta property=\"og:url\" content=\"https:\/\/forma5.com\/de\/stauraum\/muvit\/\" \/>\n<meta property=\"og:site_name\" content=\"Forma 5\" \/>\n<meta property=\"article:modified_time\" content=\"2025-06-03T13:59:55+00:00\" \/>\n<meta property=\"og:image\" content=\"https:\/\/forma5.com\/wp-content\/uploads\/muvitcarro.webp\" \/>\n\t<meta property=\"og:image:width\" content=\"1200\" \/>\n\t<meta property=\"og:image:height\" content=\"1200\" \/>\n\t<meta property=\"og:image:type\" content=\"image\/webp\" \/>\n<meta name=\"twitter:card\" content=\"summary_large_image\" \/>\n<meta name=\"twitter:label1\" content=\"Gesch\u00e4tzte Lesezeit\" \/>\n\t<meta name=\"twitter:data1\" content=\"1\u00a0Minute\" \/>\n<script type=\"application\/ld+json\" class=\"yoast-schema-graph\">{\"@context\":\"https:\/\/schema.org\",\"@graph\":[{\"@type\":\"WebPage\",\"@id\":\"https:\/\/forma5.com\/de\/stauraum\/muvit\/\",\"url\":\"https:\/\/forma5.com\/de\/stauraum\/muvit\/\",\"name\":\"\u25b6 Entdecken Sie 'Muvit': unseren B\u00fcrowagen - Gruppe Forma 5\",\"isPartOf\":{\"@id\":\"https:\/\/forma5.com\/de\/#website\"},\"primaryImageOfPage\":{\"@id\":\"https:\/\/forma5.com\/de\/stauraum\/muvit\/#primaryimage\"},\"image\":{\"@id\":\"https:\/\/forma5.com\/de\/stauraum\/muvit\/#primaryimage\"},\"thumbnailUrl\":\"https:\/\/forma5.com\/wp-content\/uploads\/muvitcarro.webp\",\"datePublished\":\"2024-08-23T06:14:23+00:00\",\"dateModified\":\"2025-06-03T13:59:55+00:00\",\"description\":\"Unser B\u00fcrowagen ist ein praktisches Design, das Mobilit\u00e4t und Organisation verbessert.\",\"breadcrumb\":{\"@id\":\"https:\/\/forma5.com\/de\/stauraum\/muvit\/#breadcrumb\"},\"inLanguage\":\"de\",\"potentialAction\":[{\"@type\":\"ReadAction\",\"target\":[\"https:\/\/forma5.com\/de\/stauraum\/muvit\/\"]}]},{\"@type\":\"ImageObject\",\"inLanguage\":\"de\",\"@id\":\"https:\/\/forma5.com\/de\/stauraum\/muvit\/#primaryimage\",\"url\":\"https:\/\/forma5.com\/wp-content\/uploads\/muvitcarro.webp\",\"contentUrl\":\"https:\/\/forma5.com\/wp-content\/uploads\/muvitcarro.webp\",\"width\":1200,\"height\":1200},{\"@type\":\"BreadcrumbList\",\"@id\":\"https:\/\/forma5.com\/de\/stauraum\/muvit\/#breadcrumb\",\"itemListElement\":[{\"@type\":\"ListItem\",\"position\":1,\"name\":\"Portada\",\"item\":\"https:\/\/forma5.com\/de\/\"},{\"@type\":\"ListItem\",\"position\":2,\"name\":\"Productos\",\"item\":\"https:\/\/forma5.com\/shop\/\"},{\"@type\":\"ListItem\",\"position\":3,\"name\":\"MUVIT\u201c B\u00fcro-Trolley\"}]},{\"@type\":\"WebSite\",\"@id\":\"https:\/\/forma5.com\/de\/#website\",\"url\":\"https:\/\/forma5.com\/de\/\",\"name\":\"Forma 5\",\"description\":\"\",\"publisher\":{\"@id\":\"https:\/\/forma5.com\/de\/#organization\"},\"potentialAction\":[{\"@type\":\"SearchAction\",\"target\":{\"@type\":\"EntryPoint\",\"urlTemplate\":\"https:\/\/forma5.com\/de\/?s={search_term_string}\"},\"query-input\":{\"@type\":\"PropertyValueSpecification\",\"valueRequired\":true,\"valueName\":\"search_term_string\"}}],\"inLanguage\":\"de\"},{\"@type\":\"Organization\",\"@id\":\"https:\/\/forma5.com\/de\/#organization\",\"name\":\"Forma 5\",\"url\":\"https:\/\/forma5.com\/de\/\",\"logo\":{\"@type\":\"ImageObject\",\"inLanguage\":\"de\",\"@id\":\"https:\/\/forma5.com\/de\/#\/schema\/logo\/image\/\",\"url\":\"https:\/\/forma5.com\/wp-content\/uploads\/cropped-Logo-2D-Forma-5_BLACK.png\",\"contentUrl\":\"https:\/\/forma5.com\/wp-content\/uploads\/cropped-Logo-2D-Forma-5_BLACK.png\",\"width\":1129,\"height\":225,\"caption\":\"Forma 5\"},\"image\":{\"@id\":\"https:\/\/forma5.com\/de\/#\/schema\/logo\/image\/\"}}]}<\/script>\n<!-- \/ Yoast SEO plugin. -->","yoast_head_json":{"title":"\u25b6 Entdecken Sie 'Muvit': unseren B\u00fcrowagen - Gruppe Forma 5","description":"Unser B\u00fcrowagen ist ein praktisches Design, das Mobilit\u00e4t und Organisation verbessert.","robots":{"index":"index","follow":"follow","max-snippet":"max-snippet:-1","max-image-preview":"max-image-preview:large","max-video-preview":"max-video-preview:-1"},"canonical":"https:\/\/forma5.com\/de\/stauraum\/muvit\/","og_locale":"de_DE","og_type":"article","og_title":"\u25b6 Entdecken Sie 'Muvit': unseren B\u00fcrowagen - Gruppe Forma 5","og_description":"Unser B\u00fcrowagen ist ein praktisches Design, das Mobilit\u00e4t und Organisation verbessert.","og_url":"https:\/\/forma5.com\/de\/stauraum\/muvit\/","og_site_name":"Forma 5","article_modified_time":"2025-06-03T13:59:55+00:00","og_image":[{"width":1200,"height":1200,"url":"https:\/\/forma5.com\/wp-content\/uploads\/muvitcarro.webp","type":"image\/webp"}],"twitter_card":"summary_large_image","twitter_misc":{"Gesch\u00e4tzte Lesezeit":"1\u00a0Minute"},"schema":{"@context":"https:\/\/schema.org","@graph":[{"@type":"WebPage","@id":"https:\/\/forma5.com\/de\/stauraum\/muvit\/","url":"https:\/\/forma5.com\/de\/stauraum\/muvit\/","name":"\u25b6 Entdecken Sie 'Muvit': unseren B\u00fcrowagen - Gruppe Forma 5","isPartOf":{"@id":"https:\/\/forma5.com\/de\/#website"},"primaryImageOfPage":{"@id":"https:\/\/forma5.com\/de\/stauraum\/muvit\/#primaryimage"},"image":{"@id":"https:\/\/forma5.com\/de\/stauraum\/muvit\/#primaryimage"},"thumbnailUrl":"https:\/\/forma5.com\/wp-content\/uploads\/muvitcarro.webp","datePublished":"2024-08-23T06:14:23+00:00","dateModified":"2025-06-03T13:59:55+00:00","description":"Unser B\u00fcrowagen ist ein praktisches Design, das Mobilit\u00e4t und Organisation verbessert.","breadcrumb":{"@id":"https:\/\/forma5.com\/de\/stauraum\/muvit\/#breadcrumb"},"inLanguage":"de","potentialAction":[{"@type":"ReadAction","target":["https:\/\/forma5.com\/de\/stauraum\/muvit\/"]}]},{"@type":"ImageObject","inLanguage":"de","@id":"https:\/\/forma5.com\/de\/stauraum\/muvit\/#primaryimage","url":"https:\/\/forma5.com\/wp-content\/uploads\/muvitcarro.webp","contentUrl":"https:\/\/forma5.com\/wp-content\/uploads\/muvitcarro.webp","width":1200,"height":1200},{"@type":"BreadcrumbList","@id":"https:\/\/forma5.com\/de\/stauraum\/muvit\/#breadcrumb","itemListElement":[{"@type":"ListItem","position":1,"name":"Portada","item":"https:\/\/forma5.com\/de\/"},{"@type":"ListItem","position":2,"name":"Productos","item":"https:\/\/forma5.com\/shop\/"},{"@type":"ListItem","position":3,"name":"MUVIT\u201c B\u00fcro-Trolley"}]},{"@type":"WebSite","@id":"https:\/\/forma5.com\/de\/#website","url":"https:\/\/forma5.com\/de\/","name":"Forma 5","description":"","publisher":{"@id":"https:\/\/forma5.com\/de\/#organization"},"potentialAction":[{"@type":"SearchAction","target":{"@type":"EntryPoint","urlTemplate":"https:\/\/forma5.com\/de\/?s={search_term_string}"},"query-input":{"@type":"PropertyValueSpecification","valueRequired":true,"valueName":"search_term_string"}}],"inLanguage":"de"},{"@type":"Organization","@id":"https:\/\/forma5.com\/de\/#organization","name":"Forma 5","url":"https:\/\/forma5.com\/de\/","logo":{"@type":"ImageObject","inLanguage":"de","@id":"https:\/\/forma5.com\/de\/#\/schema\/logo\/image\/","url":"https:\/\/forma5.com\/wp-content\/uploads\/cropped-Logo-2D-Forma-5_BLACK.png","contentUrl":"https:\/\/forma5.com\/wp-content\/uploads\/cropped-Logo-2D-Forma-5_BLACK.png","width":1129,"height":225,"caption":"Forma 5"},"image":{"@id":"https:\/\/forma5.com\/de\/#\/schema\/logo\/image\/"}}]}},"_links":{"self":[{"href":"https:\/\/forma5.com\/de\/wp-json\/wp\/v2\/product\/5635","targetHints":{"allow":["GET"]}}],"collection":[{"href":"https:\/\/forma5.com\/de\/wp-json\/wp\/v2\/product"}],"about":[{"href":"https:\/\/forma5.com\/de\/wp-json\/wp\/v2\/types\/product"}],"acf:attachment":[{"embeddable":true,"href":"https:\/\/forma5.com\/de\/wp-json\/wp\/v2\/media\/2790"},{"embeddable":true,"href":"https:\/\/forma5.com\/de\/wp-json\/wp\/v2\/media\/2788"},{"embeddable":true,"href":"https:\/\/forma5.com\/de\/wp-json\/wp\/v2\/media\/2786"}],"acf:post":[{"embeddable":true,"href":"https:\/\/forma5.com\/de\/wp-json\/wp\/v2\/disenador\/2313"}],"wp:featuredmedia":[{"embeddable":true,"href":"https:\/\/forma5.com\/de\/wp-json\/wp\/v2\/media\/5637"}],"wp:attachment":[{"href":"https:\/\/forma5.com\/de\/wp-json\/wp\/v2\/media?parent=5635"}],"wp:term":[{"taxonomy":"product_brand","embeddable":true,"href":"https:\/\/forma5.com\/de\/wp-json\/wp\/v2\/product_brand?post=5635"},{"taxonomy":"product_cat","embeddable":true,"href":"https:\/\/forma5.com\/de\/wp-json\/wp\/v2\/product_cat?post=5635"},{"taxonomy":"product_tag","embeddable":true,"href":"https:\/\/forma5.com\/de\/wp-json\/wp\/v2\/product_tag?post=5635"}],"curies":[{"name":"wp","href":"https:\/\/api.w.org\/{rel}","templated":true}]}}