{"id":5917,"date":"2025-05-22T12:04:02","date_gmt":"2025-05-22T10:04:02","guid":{"rendered":"https:\/\/forma5.com\/producto\/unkategorisiert\/sense\/"},"modified":"2025-11-18T11:51:05","modified_gmt":"2025-11-18T10:51:05","slug":"sense","status":"publish","type":"product","link":"https:\/\/forma5.com\/de\/stuhle\/burosuhle\/sense\/","title":{"rendered":"Sense"},"content":{"rendered":"<p><span data-sheets-root=\"1\">Funktion und Form gehen Hand in Hand bei Sense, einem leistungsstarken technischen Stuhl f\u00fcr Arbeits- und F\u00fchrungsbereiche. Seine R\u00fcckenlehne, die bequeme elastische Netzbespannung und die hochmoderne Synchronmechanik machen Sense zu einem der komfortabelsten St\u00fchle f\u00fcr intensive Nutzung auf dem Markt.<\/span><\/p>\n<p>Alle Komponenten des Sense-Programms wurden im Hinblick auf maximale Ergonomie entwickelt. F\u00fcr den Einsatz in der Chefetage verf\u00fcgt die Serie \u00fcber eine ergonomisch geformte Kopfst\u00fctze, die in H\u00f6he und Neigung verstellbar ist und gleichzeitig eine sto\u00dfd\u00e4mpfende Wirkung auf den Benutzer hat.<\/p>\n","protected":false},"excerpt":{"rendered":"<h2><span data-sheets-root=\"1\">Betriebs- und Verwaltungsr\u00e4ume mit hoher technischer Leistungsf\u00e4higkeit<\/span><\/h2>\n","protected":false},"featured_media":7815,"template":"","meta":{"_acf_changed":false},"product_brand":[],"product_cat":[228,231],"product_tag":[],"class_list":{"0":"post-5917","1":"product","2":"type-product","3":"status-publish","4":"has-post-thumbnail","6":"product_cat-stuhle","7":"product_cat-burostuhle","9":"first","10":"instock","11":"shipping-taxable","12":"product-type-simple"},"acf":{"bigger_product_image":"","background-text":"","product_designer":[1042],"inactive_designer_info":{"custom_designer_name":"","custom_designer_image":null},"scene_gallery":[2245,2247],"gallery_bg_color":"#c4c4c4","details_gallery":[{"slide_text":"<span data-sheets-root=\"1\">Glatte Linien und ausgepr\u00e4gte Rundungen, die Komfort und Ergonomie auf den ersten Blick erkennen lassen.<\/span>","slide_image":6275},{"slide_text":"<div class=\"wpb_text_column wpb_content_element wpb_animate_when_almost_visible wpb_left-to-right left-to-right vc_custom_1449675795001 wpb_start_animation animated\">\r\n<div class=\"wpb_wrapper\">\r\n\r\n<span data-sheets-root=\"1\">Die R\u00fcckenlehne besteht aus Polyamid, die Sitzfl\u00e4che aus Polypropylen. Das Fu\u00dfkreuz Star ist in Polyamid, poliertem Aluminium oder wei\u00df erh\u00e4ltlich und erg\u00e4nzt die Armlehnen und die verstellbaren Mechanismen.<\/span>\r\n\r\n<\/div>\r\n<\/div>","slide_image":5918},{"slide_text":"<span data-sheets-root=\"1\">Die Serie ist mit einer ergonomischen Kopfst\u00fctze ausgestattet, die in H\u00f6he und Neigung verstellbar ist.<\/span>","slide_image":6267}],"product_video":{"video_link":"https:\/\/vimeo.com\/994981390?share=copy","video_cover":2247},"product_downloads_path":"sillas\/oficina-ergonomica","product_downloads":[{"select_file_type":"normal","file_type":"catalog","file_type_special":"","file_name":"C_Sense.pdf","file_customlabel":"Catalogue"},{"select_file_type":"normal","file_type":"technicalFeatures","file_type_special":"","file_name":"_CCTT_Sense.pdf","file_customlabel":"Technical Features"},{"select_file_type":"normal","file_type":"productCertificate","file_type_special":"","file_name":"SENSE_rev03_Firmado.pdf","file_customlabel":"Product Certificate"},{"select_file_type":"normal","file_type":"images","file_type_special":"","file_name":"06_Sense.zip","file_customlabel":"Images"},{"select_file_type":"normal","file_type":"autocad","file_type_special":"","file_name":"Sense.zip","file_customlabel":"3D Geometry"},{"select_file_type":"normal","file_type":"revitBim","file_type_special":"","file_name":"SENSE.zip","file_customlabel":"Revit\/BIM"}],"grid_image_gallery":[8759,8763,8767,8771,8775,8779,8783,8787,8791,8795,8799,8803,8807]},"yoast_head":"<!-- This site is optimized with the Yoast SEO plugin v25.2 - https:\/\/yoast.com\/wordpress\/plugins\/seo\/ -->\n<title>\u25b6 Entdecken Sie &#039;Sense&#039;: unseren Komfortstuhl f\u00fcr das B\u00fcro - Gruppe Forma 5<\/title>\n<meta name=\"description\" content=\"Komfortabler B\u00fcrodrehstuhl mit elastischer Netzbespannung, verstellbarer Kopfst\u00fctze und erweiterten Funktionen f\u00fcr intensive Nutzung. Klicken Sie hier, um Ihren Stuhl zu verbessern!\" \/>\n<meta name=\"robots\" content=\"index, follow, max-snippet:-1, max-image-preview:large, max-video-preview:-1\" \/>\n<link rel=\"canonical\" href=\"https:\/\/forma5.com\/de\/stuhle\/burosuhle\/sense\/\" \/>\n<meta property=\"og:locale\" content=\"de_DE\" \/>\n<meta property=\"og:type\" content=\"article\" \/>\n<meta property=\"og:title\" content=\"\u25b6 Entdecken Sie &#039;Sense&#039;: unseren Komfortstuhl f\u00fcr das B\u00fcro - Gruppe Forma 5\" \/>\n<meta property=\"og:description\" content=\"Komfortabler B\u00fcrodrehstuhl mit elastischer Netzbespannung, verstellbarer Kopfst\u00fctze und erweiterten Funktionen f\u00fcr intensive Nutzung. Klicken Sie hier, um Ihren Stuhl zu verbessern!\" \/>\n<meta property=\"og:url\" content=\"https:\/\/forma5.com\/de\/stuhle\/burosuhle\/sense\/\" \/>\n<meta property=\"og:site_name\" content=\"Forma 5\" \/>\n<meta property=\"article:modified_time\" content=\"2025-11-18T10:51:05+00:00\" \/>\n<meta property=\"og:image\" content=\"https:\/\/forma5.com\/wp-content\/uploads\/Sense_web-1.png\" \/>\n\t<meta property=\"og:image:width\" content=\"800\" \/>\n\t<meta property=\"og:image:height\" content=\"800\" \/>\n\t<meta property=\"og:image:type\" content=\"image\/png\" \/>\n<meta name=\"twitter:card\" content=\"summary_large_image\" \/>\n<meta name=\"twitter:label1\" content=\"Gesch\u00e4tzte Lesezeit\" \/>\n\t<meta name=\"twitter:data1\" content=\"1\u00a0Minute\" \/>\n<script type=\"application\/ld+json\" class=\"yoast-schema-graph\">{\"@context\":\"https:\/\/schema.org\",\"@graph\":[{\"@type\":\"WebPage\",\"@id\":\"https:\/\/forma5.com\/de\/stuhle\/burosuhle\/sense\/\",\"url\":\"https:\/\/forma5.com\/de\/stuhle\/burosuhle\/sense\/\",\"name\":\"\u25b6 Entdecken Sie 'Sense': unseren Komfortstuhl f\u00fcr das B\u00fcro - Gruppe Forma 5\",\"isPartOf\":{\"@id\":\"https:\/\/forma5.com\/de\/#website\"},\"primaryImageOfPage\":{\"@id\":\"https:\/\/forma5.com\/de\/stuhle\/burosuhle\/sense\/#primaryimage\"},\"image\":{\"@id\":\"https:\/\/forma5.com\/de\/stuhle\/burosuhle\/sense\/#primaryimage\"},\"thumbnailUrl\":\"https:\/\/forma5.com\/wp-content\/uploads\/Sense_web-1.png\",\"datePublished\":\"2025-05-22T10:04:02+00:00\",\"dateModified\":\"2025-11-18T10:51:05+00:00\",\"description\":\"Komfortabler B\u00fcrodrehstuhl mit elastischer Netzbespannung, verstellbarer Kopfst\u00fctze und erweiterten Funktionen f\u00fcr intensive Nutzung. Klicken Sie hier, um Ihren Stuhl zu verbessern!\",\"breadcrumb\":{\"@id\":\"https:\/\/forma5.com\/de\/stuhle\/burosuhle\/sense\/#breadcrumb\"},\"inLanguage\":\"de\",\"potentialAction\":[{\"@type\":\"ReadAction\",\"target\":[\"https:\/\/forma5.com\/de\/stuhle\/burosuhle\/sense\/\"]}]},{\"@type\":\"ImageObject\",\"inLanguage\":\"de\",\"@id\":\"https:\/\/forma5.com\/de\/stuhle\/burosuhle\/sense\/#primaryimage\",\"url\":\"https:\/\/forma5.com\/wp-content\/uploads\/Sense_web-1.png\",\"contentUrl\":\"https:\/\/forma5.com\/wp-content\/uploads\/Sense_web-1.png\",\"width\":800,\"height\":800},{\"@type\":\"BreadcrumbList\",\"@id\":\"https:\/\/forma5.com\/de\/stuhle\/burosuhle\/sense\/#breadcrumb\",\"itemListElement\":[{\"@type\":\"ListItem\",\"position\":1,\"name\":\"Portada\",\"item\":\"https:\/\/forma5.com\/de\/\"},{\"@type\":\"ListItem\",\"position\":2,\"name\":\"Productos\",\"item\":\"https:\/\/forma5.com\/shop\/\"},{\"@type\":\"ListItem\",\"position\":3,\"name\":\"Sense\"}]},{\"@type\":\"WebSite\",\"@id\":\"https:\/\/forma5.com\/de\/#website\",\"url\":\"https:\/\/forma5.com\/de\/\",\"name\":\"Forma 5\",\"description\":\"\",\"publisher\":{\"@id\":\"https:\/\/forma5.com\/de\/#organization\"},\"potentialAction\":[{\"@type\":\"SearchAction\",\"target\":{\"@type\":\"EntryPoint\",\"urlTemplate\":\"https:\/\/forma5.com\/de\/?s={search_term_string}\"},\"query-input\":{\"@type\":\"PropertyValueSpecification\",\"valueRequired\":true,\"valueName\":\"search_term_string\"}}],\"inLanguage\":\"de\"},{\"@type\":\"Organization\",\"@id\":\"https:\/\/forma5.com\/de\/#organization\",\"name\":\"Forma 5\",\"url\":\"https:\/\/forma5.com\/de\/\",\"logo\":{\"@type\":\"ImageObject\",\"inLanguage\":\"de\",\"@id\":\"https:\/\/forma5.com\/de\/#\/schema\/logo\/image\/\",\"url\":\"https:\/\/forma5.com\/wp-content\/uploads\/cropped-Logo-2D-Forma-5_BLACK.png\",\"contentUrl\":\"https:\/\/forma5.com\/wp-content\/uploads\/cropped-Logo-2D-Forma-5_BLACK.png\",\"width\":1129,\"height\":225,\"caption\":\"Forma 5\"},\"image\":{\"@id\":\"https:\/\/forma5.com\/de\/#\/schema\/logo\/image\/\"}}]}<\/script>\n<!-- \/ Yoast SEO plugin. -->","yoast_head_json":{"title":"\u25b6 Entdecken Sie 'Sense': unseren Komfortstuhl f\u00fcr das B\u00fcro - Gruppe Forma 5","description":"Komfortabler B\u00fcrodrehstuhl mit elastischer Netzbespannung, verstellbarer Kopfst\u00fctze und erweiterten Funktionen f\u00fcr intensive Nutzung. Klicken Sie hier, um Ihren Stuhl zu verbessern!","robots":{"index":"index","follow":"follow","max-snippet":"max-snippet:-1","max-image-preview":"max-image-preview:large","max-video-preview":"max-video-preview:-1"},"canonical":"https:\/\/forma5.com\/de\/stuhle\/burosuhle\/sense\/","og_locale":"de_DE","og_type":"article","og_title":"\u25b6 Entdecken Sie 'Sense': unseren Komfortstuhl f\u00fcr das B\u00fcro - Gruppe Forma 5","og_description":"Komfortabler B\u00fcrodrehstuhl mit elastischer Netzbespannung, verstellbarer Kopfst\u00fctze und erweiterten Funktionen f\u00fcr intensive Nutzung. Klicken Sie hier, um Ihren Stuhl zu verbessern!","og_url":"https:\/\/forma5.com\/de\/stuhle\/burosuhle\/sense\/","og_site_name":"Forma 5","article_modified_time":"2025-11-18T10:51:05+00:00","og_image":[{"width":800,"height":800,"url":"https:\/\/forma5.com\/wp-content\/uploads\/Sense_web-1.png","type":"image\/png"}],"twitter_card":"summary_large_image","twitter_misc":{"Gesch\u00e4tzte Lesezeit":"1\u00a0Minute"},"schema":{"@context":"https:\/\/schema.org","@graph":[{"@type":"WebPage","@id":"https:\/\/forma5.com\/de\/stuhle\/burosuhle\/sense\/","url":"https:\/\/forma5.com\/de\/stuhle\/burosuhle\/sense\/","name":"\u25b6 Entdecken Sie 'Sense': unseren Komfortstuhl f\u00fcr das B\u00fcro - Gruppe Forma 5","isPartOf":{"@id":"https:\/\/forma5.com\/de\/#website"},"primaryImageOfPage":{"@id":"https:\/\/forma5.com\/de\/stuhle\/burosuhle\/sense\/#primaryimage"},"image":{"@id":"https:\/\/forma5.com\/de\/stuhle\/burosuhle\/sense\/#primaryimage"},"thumbnailUrl":"https:\/\/forma5.com\/wp-content\/uploads\/Sense_web-1.png","datePublished":"2025-05-22T10:04:02+00:00","dateModified":"2025-11-18T10:51:05+00:00","description":"Komfortabler B\u00fcrodrehstuhl mit elastischer Netzbespannung, verstellbarer Kopfst\u00fctze und erweiterten Funktionen f\u00fcr intensive Nutzung. Klicken Sie hier, um Ihren Stuhl zu verbessern!","breadcrumb":{"@id":"https:\/\/forma5.com\/de\/stuhle\/burosuhle\/sense\/#breadcrumb"},"inLanguage":"de","potentialAction":[{"@type":"ReadAction","target":["https:\/\/forma5.com\/de\/stuhle\/burosuhle\/sense\/"]}]},{"@type":"ImageObject","inLanguage":"de","@id":"https:\/\/forma5.com\/de\/stuhle\/burosuhle\/sense\/#primaryimage","url":"https:\/\/forma5.com\/wp-content\/uploads\/Sense_web-1.png","contentUrl":"https:\/\/forma5.com\/wp-content\/uploads\/Sense_web-1.png","width":800,"height":800},{"@type":"BreadcrumbList","@id":"https:\/\/forma5.com\/de\/stuhle\/burosuhle\/sense\/#breadcrumb","itemListElement":[{"@type":"ListItem","position":1,"name":"Portada","item":"https:\/\/forma5.com\/de\/"},{"@type":"ListItem","position":2,"name":"Productos","item":"https:\/\/forma5.com\/shop\/"},{"@type":"ListItem","position":3,"name":"Sense"}]},{"@type":"WebSite","@id":"https:\/\/forma5.com\/de\/#website","url":"https:\/\/forma5.com\/de\/","name":"Forma 5","description":"","publisher":{"@id":"https:\/\/forma5.com\/de\/#organization"},"potentialAction":[{"@type":"SearchAction","target":{"@type":"EntryPoint","urlTemplate":"https:\/\/forma5.com\/de\/?s={search_term_string}"},"query-input":{"@type":"PropertyValueSpecification","valueRequired":true,"valueName":"search_term_string"}}],"inLanguage":"de"},{"@type":"Organization","@id":"https:\/\/forma5.com\/de\/#organization","name":"Forma 5","url":"https:\/\/forma5.com\/de\/","logo":{"@type":"ImageObject","inLanguage":"de","@id":"https:\/\/forma5.com\/de\/#\/schema\/logo\/image\/","url":"https:\/\/forma5.com\/wp-content\/uploads\/cropped-Logo-2D-Forma-5_BLACK.png","contentUrl":"https:\/\/forma5.com\/wp-content\/uploads\/cropped-Logo-2D-Forma-5_BLACK.png","width":1129,"height":225,"caption":"Forma 5"},"image":{"@id":"https:\/\/forma5.com\/de\/#\/schema\/logo\/image\/"}}]}},"_links":{"self":[{"href":"https:\/\/forma5.com\/de\/wp-json\/wp\/v2\/product\/5917","targetHints":{"allow":["GET"]}}],"collection":[{"href":"https:\/\/forma5.com\/de\/wp-json\/wp\/v2\/product"}],"about":[{"href":"https:\/\/forma5.com\/de\/wp-json\/wp\/v2\/types\/product"}],"acf:attachment":[{"embeddable":true,"href":"https:\/\/forma5.com\/de\/wp-json\/wp\/v2\/media\/8807"},{"embeddable":true,"href":"https:\/\/forma5.com\/de\/wp-json\/wp\/v2\/media\/8803"},{"embeddable":true,"href":"https:\/\/forma5.com\/de\/wp-json\/wp\/v2\/media\/8799"},{"embeddable":true,"href":"https:\/\/forma5.com\/de\/wp-json\/wp\/v2\/media\/8795"},{"embeddable":true,"href":"https:\/\/forma5.com\/de\/wp-json\/wp\/v2\/media\/8791"},{"embeddable":true,"href":"https:\/\/forma5.com\/de\/wp-json\/wp\/v2\/media\/8787"},{"embeddable":true,"href":"https:\/\/forma5.com\/de\/wp-json\/wp\/v2\/media\/8783"},{"embeddable":true,"href":"https:\/\/forma5.com\/de\/wp-json\/wp\/v2\/media\/8779"},{"embeddable":true,"href":"https:\/\/forma5.com\/de\/wp-json\/wp\/v2\/media\/8775"},{"embeddable":true,"href":"https:\/\/forma5.com\/de\/wp-json\/wp\/v2\/media\/8771"},{"embeddable":true,"href":"https:\/\/forma5.com\/de\/wp-json\/wp\/v2\/media\/8767"},{"embeddable":true,"href":"https:\/\/forma5.com\/de\/wp-json\/wp\/v2\/media\/8763"},{"embeddable":true,"href":"https:\/\/forma5.com\/de\/wp-json\/wp\/v2\/media\/8759"},{"embeddable":true,"href":"https:\/\/forma5.com\/de\/wp-json\/wp\/v2\/media\/2247"},{"embeddable":true,"href":"https:\/\/forma5.com\/de\/wp-json\/wp\/v2\/media\/2245"}],"acf:post":[{"embeddable":true,"href":"https:\/\/forma5.com\/de\/wp-json\/wp\/v2\/disenador\/1042"}],"wp:featuredmedia":[{"embeddable":true,"href":"https:\/\/forma5.com\/de\/wp-json\/wp\/v2\/media\/7815"}],"wp:attachment":[{"href":"https:\/\/forma5.com\/de\/wp-json\/wp\/v2\/media?parent=5917"}],"wp:term":[{"taxonomy":"product_brand","embeddable":true,"href":"https:\/\/forma5.com\/de\/wp-json\/wp\/v2\/product_brand?post=5917"},{"taxonomy":"product_cat","embeddable":true,"href":"https:\/\/forma5.com\/de\/wp-json\/wp\/v2\/product_cat?post=5917"},{"taxonomy":"product_tag","embeddable":true,"href":"https:\/\/forma5.com\/de\/wp-json\/wp\/v2\/product_tag?post=5917"}],"curies":[{"name":"wp","href":"https:\/\/api.w.org\/{rel}","templated":true}]}}