{"id":5939,"date":"2025-05-24T10:02:52","date_gmt":"2025-05-24T08:02:52","guid":{"rendered":"https:\/\/forma5.com\/producto\/unkategorisiert\/dot-pro\/"},"modified":"2026-02-25T15:03:27","modified_gmt":"2026-02-25T14:03:27","slug":"dot-pro","status":"publish","type":"product","link":"https:\/\/forma5.com\/de\/stuhle\/burosuhle\/dot.pro","title":{"rendered":"Dot.Pro"},"content":{"rendered":"<p><span data-sheets-root=\"1\">Der Stuhl Dot.Pro wurde auf der Suche nach einem Wendepunkt in der Innovation von B\u00fcrositzm\u00f6beln entwickelt. Dot.Pro ist das Ergebnis einer Kombination aus hochfunktionellen und widerstandsf\u00e4higen Komponenten, die ihn zum idealen Stuhl f\u00fcr die kontinuierliche Arbeit in einer operativen Position machen. Ein Stuhl, der sich auch durch seine hohe \u00c4sthetik auszeichnet, die in den modernen B\u00fcros von heute sehr gesch\u00e4tzt wird.<\/span><\/p>\n","protected":false},"excerpt":{"rendered":"<h2><span data-sheets-root=\"1\">Ein ideales Set f\u00fcr den Dauereinsatz im B\u00fcro<\/span><\/h2>\n","protected":false},"featured_media":10289,"template":"","meta":{"_acf_changed":false},"product_brand":[],"product_cat":[228,231],"product_tag":[],"class_list":{"0":"post-5939","1":"product","2":"type-product","3":"status-publish","4":"has-post-thumbnail","6":"product_cat-stuhle","7":"product_cat-burostuhle","9":"first","10":"instock","11":"shipping-taxable","12":"product-type-simple"},"acf":{"bigger_product_image":"","background-text":"","product_designer":[1026],"inactive_designer_info":{"custom_designer_name":"","custom_designer_image":null},"scene_gallery":[2291,2293,2295,2297],"gallery_bg_color":"#bababa","details_gallery":[{"slide_text":"<div class=\"flex flex-col text-sm\"><article class=\"text-token-text-primary w-full focus:outline-none [--shadow-height:45px] has-data-writing-block:pointer-events-none has-data-writing-block:-mt-(--shadow-height) has-data-writing-block:pt-(--shadow-height) [&amp;:has([data-writing-block])&gt;*]:pointer-events-auto scroll-mt-[calc(var(--header-height)+min(200px,max(70px,20svh)))]\" dir=\"auto\" tabindex=\"-1\" data-turn-id=\"request-WEB:284f3299-f22f-475f-8118-72c19aff39a2-7\" data-testid=\"conversation-turn-10\" data-scroll-anchor=\"true\" data-turn=\"assistant\">\r\n<div class=\"text-base my-auto mx-auto pb-10 [--thread-content-margin:--spacing(4)] @w-sm\/main:[--thread-content-margin:--spacing(6)] @w-lg\/main:[--thread-content-margin:--spacing(16)] px-(--thread-content-margin)\">\r\n<div class=\"[--thread-content-max-width:40rem] @w-lg\/main:[--thread-content-max-width:48rem] mx-auto max-w-(--thread-content-max-width) flex-1 group\/turn-messages focus-visible:outline-hidden relative flex w-full min-w-0 flex-col agent-turn\" tabindex=\"-1\">\r\n<div class=\"flex max-w-full flex-col grow\">\r\n<div class=\"min-h-8 text-message relative flex w-full flex-col items-end gap-2 text-start break-words whitespace-normal [.text-message+&amp;]:mt-1\" dir=\"auto\" data-message-author-role=\"assistant\" data-message-id=\"d869fdcc-2000-4f35-b48c-4a60034860d1\" data-message-model-slug=\"gpt-5-2\">\r\n<div class=\"flex w-full flex-col gap-1 empty:hidden first:pt-[1px]\">\r\n<div class=\"markdown prose dark:prose-invert w-full wrap-break-word light markdown-new-styling\">\r\n<p data-start=\"800\" data-end=\"1171\" data-is-last-node=\"\" data-is-only-node=\"\">Die Dot.Pro-Serie verf\u00fcgt \u00fcber das <strong>NF Environnement \u2013 M\u00f6bel-Qualit\u00e4tszertifikat<\/strong>, eine Auszeichnung, die ihr Engagement f\u00fcr Nachhaltigkeit, Qualit\u00e4t und Wohlbefinden am Arbeitsplatz best\u00e4tigt. Diese Zertifizierung garantiert, dass die Produkte so konzipiert wurden, dass sie maximalen Komfort und hohe Langlebigkeit bieten und gleichzeitig ihre Umweltbelastung reduzieren.<\/p>\r\n\r\n<\/div>\r\n<\/div>\r\n<\/div>\r\n<\/div>\r\n<div class=\"z-0 flex min-h-[46px] justify-start\"><\/div>\r\n<div class=\"mt-3 w-full empty:hidden\">\r\n<div class=\"text-center\"><\/div>\r\n<\/div>\r\n<\/div>\r\n<\/div>\r\n<\/article><\/div>\r\n<div class=\"pointer-events-none h-px w-px absolute bottom-0\" aria-hidden=\"true\" data-edge=\"true\"><\/div>","slide_image":10354},{"slide_text":"<span data-sheets-root=\"1\">Die R\u00fcckenlehne Dot.Pro sorgt f\u00fcr gesunde Bewegungsfreiheit.<\/span>","slide_image":2289},{"slide_text":"<div class=\"wpb_text_column wpb_content_element wpb_animate_when_almost_visible wpb_left-to-right left-to-right wpb_start_animation animated\">\r\n<div class=\"wpb_wrapper\">\r\n\r\n<span data-sheets-root=\"1\">Der Stuhl bietet eine hohe R\u00fcckenlehne mit 3D-Netz, Meci oder atmungsaktivem Netz, eine gepolsterte Sitzfl\u00e4che aus Spritzschaum und verschiedene verstellbare Armlehnen mit Netz- oder Polsterkissen nach Wahl.<\/span>\r\n\r\n<\/div>\r\n<\/div>","slide_image":2287},{"slide_text":"<span data-sheets-root=\"1\">Er besteht aus einem hochflexiblen Material und wird f\u00fcr lange Arbeitszeiten mit viel Sitzen empfohlen.<\/span>","slide_image":2285}],"product_video":{"video_link":"https:\/\/vimeo.com\/1168118634","video_cover":8439},"product_downloads_path":"sillas\/oficina-ergonomica","product_downloads":[{"select_file_type":"normal","file_type":"catalog","file_type_special":"","file_name":"DotPro.pdf","file_customlabel":"Catalogue"},{"select_file_type":"normal","file_type":"technicalFeatures","file_type_special":"","file_name":"CCTT_Dot pro_DEU.pdf","file_customlabel":"Technical Features Dot.Pro"},{"select_file_type":"normal","file_type":"technicalFeatures","file_type_special":"","file_name":"_CCTT_Dot_Basic.pdf","file_customlabel":"Technical Features Dot.Basic"},{"select_file_type":"normal","file_type":"productCertificate","file_type_special":"","file_name":"DOT_rev02_Firmado.pdf","file_customlabel":"Product Certificate"},{"select_file_type":"normal","file_type":"productCertificate","file_type_special":"","file_name":"Dotpro_COV.pdf","file_customlabel":"Pr\u00fcfung VOC's"},{"select_file_type":"normal","file_type":"productCertificate","file_type_special":"","file_name":"DAP_ENG DOT PRO.pdf","file_customlabel":"UPD"},{"select_file_type":"normal","file_type":"catalog","file_type_special":"","file_name":"NF_Dot.Pro.pdf","file_customlabel":"NF-Qualit\u00e4tszertifikat"},{"select_file_type":"normal","file_type":"images","file_type_special":"","file_name":"DotPro_Video_EN.mp4","file_customlabel":""},{"select_file_type":"normal","file_type":"images","file_type_special":"","file_name":"10_Dot.Pro.zip","file_customlabel":"Images"},{"select_file_type":"normal","file_type":"autocad","file_type_special":"","file_name":"Dot.Pro.zip","file_customlabel":"3D Geometry"},{"select_file_type":"normal","file_type":"revitBim","file_type_special":"","file_name":"DOT_PRO.zip","file_customlabel":"Revit\/BIM"}],"grid_image_gallery":[8340,8344,8348,8364,10294,10298,10302,10306,10310]},"yoast_head":"<!-- This site is optimized with the Yoast SEO plugin v25.2 - https:\/\/yoast.com\/wordpress\/plugins\/seo\/ -->\n<title>\u25b6 Entdecken Sie &#039;Dot.Pro&#039;: unser B\u00fcrostuhl f\u00fcr hohe Beanspruchung - Gruppe Forma 5<\/title>\n<meta name=\"description\" content=\"Strapazierf\u00e4higer B\u00fcrostuhl: Funktionell und langlebig f\u00fcr kontinuierliches Arbeiten, mit einem eleganten, \u00e4sthetischen Design. Klicken Sie hier und verbessern Sie Ihren Arbeitsplatz!\" \/>\n<meta name=\"robots\" content=\"index, follow, max-snippet:-1, max-image-preview:large, max-video-preview:-1\" \/>\n<link rel=\"canonical\" href=\"https:\/\/forma5.com\/de\/stuhle\/burosuhle\/dot.pro\" \/>\n<meta property=\"og:locale\" content=\"de_DE\" \/>\n<meta property=\"og:type\" content=\"article\" \/>\n<meta property=\"og:title\" content=\"\u25b6 Entdecken Sie &#039;Dot.Pro&#039;: unser B\u00fcrostuhl f\u00fcr hohe Beanspruchung - Gruppe Forma 5\" \/>\n<meta property=\"og:description\" content=\"Strapazierf\u00e4higer B\u00fcrostuhl: Funktionell und langlebig f\u00fcr kontinuierliches Arbeiten, mit einem eleganten, \u00e4sthetischen Design. Klicken Sie hier und verbessern Sie Ihren Arbeitsplatz!\" \/>\n<meta property=\"og:url\" content=\"https:\/\/forma5.com\/de\/stuhle\/burosuhle\/dot.pro\" \/>\n<meta property=\"og:site_name\" content=\"Forma 5\" \/>\n<meta property=\"article:modified_time\" content=\"2026-02-25T14:03:27+00:00\" \/>\n<meta property=\"og:image\" content=\"https:\/\/forma5.com\/wp-content\/uploads\/Dot_SincroNova.png\" \/>\n\t<meta property=\"og:image:width\" content=\"800\" \/>\n\t<meta property=\"og:image:height\" content=\"800\" \/>\n\t<meta property=\"og:image:type\" content=\"image\/png\" \/>\n<meta name=\"twitter:card\" content=\"summary_large_image\" \/>\n<meta name=\"twitter:label1\" content=\"Gesch\u00e4tzte Lesezeit\" \/>\n\t<meta name=\"twitter:data1\" content=\"1\u00a0Minute\" \/>\n<script type=\"application\/ld+json\" class=\"yoast-schema-graph\">{\"@context\":\"https:\/\/schema.org\",\"@graph\":[{\"@type\":\"WebPage\",\"@id\":\"https:\/\/forma5.com\/de\/stuhle\/burosuhle\/dot.pro\",\"url\":\"https:\/\/forma5.com\/de\/stuhle\/burosuhle\/dot.pro\",\"name\":\"\u25b6 Entdecken Sie 'Dot.Pro': unser B\u00fcrostuhl f\u00fcr hohe Beanspruchung - Gruppe Forma 5\",\"isPartOf\":{\"@id\":\"https:\/\/forma5.com\/de\/#website\"},\"primaryImageOfPage\":{\"@id\":\"https:\/\/forma5.com\/de\/stuhle\/burosuhle\/dot.pro#primaryimage\"},\"image\":{\"@id\":\"https:\/\/forma5.com\/de\/stuhle\/burosuhle\/dot.pro#primaryimage\"},\"thumbnailUrl\":\"https:\/\/forma5.com\/wp-content\/uploads\/Dot_SincroNova.png\",\"datePublished\":\"2025-05-24T08:02:52+00:00\",\"dateModified\":\"2026-02-25T14:03:27+00:00\",\"description\":\"Strapazierf\u00e4higer B\u00fcrostuhl: Funktionell und langlebig f\u00fcr kontinuierliches Arbeiten, mit einem eleganten, \u00e4sthetischen Design. Klicken Sie hier und verbessern Sie Ihren Arbeitsplatz!\",\"breadcrumb\":{\"@id\":\"https:\/\/forma5.com\/de\/stuhle\/burosuhle\/dot.pro#breadcrumb\"},\"inLanguage\":\"de\",\"potentialAction\":[{\"@type\":\"ReadAction\",\"target\":[\"https:\/\/forma5.com\/de\/stuhle\/burosuhle\/dot.pro\"]}]},{\"@type\":\"ImageObject\",\"inLanguage\":\"de\",\"@id\":\"https:\/\/forma5.com\/de\/stuhle\/burosuhle\/dot.pro#primaryimage\",\"url\":\"https:\/\/forma5.com\/wp-content\/uploads\/Dot_SincroNova.png\",\"contentUrl\":\"https:\/\/forma5.com\/wp-content\/uploads\/Dot_SincroNova.png\",\"width\":800,\"height\":800},{\"@type\":\"BreadcrumbList\",\"@id\":\"https:\/\/forma5.com\/de\/stuhle\/burosuhle\/dot.pro#breadcrumb\",\"itemListElement\":[{\"@type\":\"ListItem\",\"position\":1,\"name\":\"Portada\",\"item\":\"https:\/\/forma5.com\/de\/\"},{\"@type\":\"ListItem\",\"position\":2,\"name\":\"Productos\",\"item\":\"https:\/\/forma5.com\/shop\/\"},{\"@type\":\"ListItem\",\"position\":3,\"name\":\"Dot.Pro\"}]},{\"@type\":\"WebSite\",\"@id\":\"https:\/\/forma5.com\/de\/#website\",\"url\":\"https:\/\/forma5.com\/de\/\",\"name\":\"Forma 5\",\"description\":\"\",\"publisher\":{\"@id\":\"https:\/\/forma5.com\/de\/#organization\"},\"potentialAction\":[{\"@type\":\"SearchAction\",\"target\":{\"@type\":\"EntryPoint\",\"urlTemplate\":\"https:\/\/forma5.com\/de\/?s={search_term_string}\"},\"query-input\":{\"@type\":\"PropertyValueSpecification\",\"valueRequired\":true,\"valueName\":\"search_term_string\"}}],\"inLanguage\":\"de\"},{\"@type\":\"Organization\",\"@id\":\"https:\/\/forma5.com\/de\/#organization\",\"name\":\"Forma 5\",\"url\":\"https:\/\/forma5.com\/de\/\",\"logo\":{\"@type\":\"ImageObject\",\"inLanguage\":\"de\",\"@id\":\"https:\/\/forma5.com\/de\/#\/schema\/logo\/image\/\",\"url\":\"https:\/\/forma5.com\/wp-content\/uploads\/cropped-Logo-2D-Forma-5_BLACK.png\",\"contentUrl\":\"https:\/\/forma5.com\/wp-content\/uploads\/cropped-Logo-2D-Forma-5_BLACK.png\",\"width\":1129,\"height\":225,\"caption\":\"Forma 5\"},\"image\":{\"@id\":\"https:\/\/forma5.com\/de\/#\/schema\/logo\/image\/\"}}]}<\/script>\n<!-- \/ Yoast SEO plugin. -->","yoast_head_json":{"title":"\u25b6 Entdecken Sie 'Dot.Pro': unser B\u00fcrostuhl f\u00fcr hohe Beanspruchung - Gruppe Forma 5","description":"Strapazierf\u00e4higer B\u00fcrostuhl: Funktionell und langlebig f\u00fcr kontinuierliches Arbeiten, mit einem eleganten, \u00e4sthetischen Design. Klicken Sie hier und verbessern Sie Ihren Arbeitsplatz!","robots":{"index":"index","follow":"follow","max-snippet":"max-snippet:-1","max-image-preview":"max-image-preview:large","max-video-preview":"max-video-preview:-1"},"canonical":"https:\/\/forma5.com\/de\/stuhle\/burosuhle\/dot.pro","og_locale":"de_DE","og_type":"article","og_title":"\u25b6 Entdecken Sie 'Dot.Pro': unser B\u00fcrostuhl f\u00fcr hohe Beanspruchung - Gruppe Forma 5","og_description":"Strapazierf\u00e4higer B\u00fcrostuhl: Funktionell und langlebig f\u00fcr kontinuierliches Arbeiten, mit einem eleganten, \u00e4sthetischen Design. Klicken Sie hier und verbessern Sie Ihren Arbeitsplatz!","og_url":"https:\/\/forma5.com\/de\/stuhle\/burosuhle\/dot.pro","og_site_name":"Forma 5","article_modified_time":"2026-02-25T14:03:27+00:00","og_image":[{"width":800,"height":800,"url":"https:\/\/forma5.com\/wp-content\/uploads\/Dot_SincroNova.png","type":"image\/png"}],"twitter_card":"summary_large_image","twitter_misc":{"Gesch\u00e4tzte Lesezeit":"1\u00a0Minute"},"schema":{"@context":"https:\/\/schema.org","@graph":[{"@type":"WebPage","@id":"https:\/\/forma5.com\/de\/stuhle\/burosuhle\/dot.pro","url":"https:\/\/forma5.com\/de\/stuhle\/burosuhle\/dot.pro","name":"\u25b6 Entdecken Sie 'Dot.Pro': unser B\u00fcrostuhl f\u00fcr hohe Beanspruchung - Gruppe Forma 5","isPartOf":{"@id":"https:\/\/forma5.com\/de\/#website"},"primaryImageOfPage":{"@id":"https:\/\/forma5.com\/de\/stuhle\/burosuhle\/dot.pro#primaryimage"},"image":{"@id":"https:\/\/forma5.com\/de\/stuhle\/burosuhle\/dot.pro#primaryimage"},"thumbnailUrl":"https:\/\/forma5.com\/wp-content\/uploads\/Dot_SincroNova.png","datePublished":"2025-05-24T08:02:52+00:00","dateModified":"2026-02-25T14:03:27+00:00","description":"Strapazierf\u00e4higer B\u00fcrostuhl: Funktionell und langlebig f\u00fcr kontinuierliches Arbeiten, mit einem eleganten, \u00e4sthetischen Design. Klicken Sie hier und verbessern Sie Ihren Arbeitsplatz!","breadcrumb":{"@id":"https:\/\/forma5.com\/de\/stuhle\/burosuhle\/dot.pro#breadcrumb"},"inLanguage":"de","potentialAction":[{"@type":"ReadAction","target":["https:\/\/forma5.com\/de\/stuhle\/burosuhle\/dot.pro"]}]},{"@type":"ImageObject","inLanguage":"de","@id":"https:\/\/forma5.com\/de\/stuhle\/burosuhle\/dot.pro#primaryimage","url":"https:\/\/forma5.com\/wp-content\/uploads\/Dot_SincroNova.png","contentUrl":"https:\/\/forma5.com\/wp-content\/uploads\/Dot_SincroNova.png","width":800,"height":800},{"@type":"BreadcrumbList","@id":"https:\/\/forma5.com\/de\/stuhle\/burosuhle\/dot.pro#breadcrumb","itemListElement":[{"@type":"ListItem","position":1,"name":"Portada","item":"https:\/\/forma5.com\/de\/"},{"@type":"ListItem","position":2,"name":"Productos","item":"https:\/\/forma5.com\/shop\/"},{"@type":"ListItem","position":3,"name":"Dot.Pro"}]},{"@type":"WebSite","@id":"https:\/\/forma5.com\/de\/#website","url":"https:\/\/forma5.com\/de\/","name":"Forma 5","description":"","publisher":{"@id":"https:\/\/forma5.com\/de\/#organization"},"potentialAction":[{"@type":"SearchAction","target":{"@type":"EntryPoint","urlTemplate":"https:\/\/forma5.com\/de\/?s={search_term_string}"},"query-input":{"@type":"PropertyValueSpecification","valueRequired":true,"valueName":"search_term_string"}}],"inLanguage":"de"},{"@type":"Organization","@id":"https:\/\/forma5.com\/de\/#organization","name":"Forma 5","url":"https:\/\/forma5.com\/de\/","logo":{"@type":"ImageObject","inLanguage":"de","@id":"https:\/\/forma5.com\/de\/#\/schema\/logo\/image\/","url":"https:\/\/forma5.com\/wp-content\/uploads\/cropped-Logo-2D-Forma-5_BLACK.png","contentUrl":"https:\/\/forma5.com\/wp-content\/uploads\/cropped-Logo-2D-Forma-5_BLACK.png","width":1129,"height":225,"caption":"Forma 5"},"image":{"@id":"https:\/\/forma5.com\/de\/#\/schema\/logo\/image\/"}}]}},"_links":{"self":[{"href":"https:\/\/forma5.com\/de\/wp-json\/wp\/v2\/product\/5939","targetHints":{"allow":["GET"]}}],"collection":[{"href":"https:\/\/forma5.com\/de\/wp-json\/wp\/v2\/product"}],"about":[{"href":"https:\/\/forma5.com\/de\/wp-json\/wp\/v2\/types\/product"}],"acf:attachment":[{"embeddable":true,"href":"https:\/\/forma5.com\/de\/wp-json\/wp\/v2\/media\/10310"},{"embeddable":true,"href":"https:\/\/forma5.com\/de\/wp-json\/wp\/v2\/media\/10306"},{"embeddable":true,"href":"https:\/\/forma5.com\/de\/wp-json\/wp\/v2\/media\/10302"},{"embeddable":true,"href":"https:\/\/forma5.com\/de\/wp-json\/wp\/v2\/media\/10298"},{"embeddable":true,"href":"https:\/\/forma5.com\/de\/wp-json\/wp\/v2\/media\/10294"},{"embeddable":true,"href":"https:\/\/forma5.com\/de\/wp-json\/wp\/v2\/media\/8364"},{"embeddable":true,"href":"https:\/\/forma5.com\/de\/wp-json\/wp\/v2\/media\/8348"},{"embeddable":true,"href":"https:\/\/forma5.com\/de\/wp-json\/wp\/v2\/media\/8344"},{"embeddable":true,"href":"https:\/\/forma5.com\/de\/wp-json\/wp\/v2\/media\/8340"},{"embeddable":true,"href":"https:\/\/forma5.com\/de\/wp-json\/wp\/v2\/media\/2297"},{"embeddable":true,"href":"https:\/\/forma5.com\/de\/wp-json\/wp\/v2\/media\/2295"},{"embeddable":true,"href":"https:\/\/forma5.com\/de\/wp-json\/wp\/v2\/media\/2293"},{"embeddable":true,"href":"https:\/\/forma5.com\/de\/wp-json\/wp\/v2\/media\/2291"}],"acf:post":[{"embeddable":true,"href":"https:\/\/forma5.com\/de\/wp-json\/wp\/v2\/disenador\/1026"}],"wp:featuredmedia":[{"embeddable":true,"href":"https:\/\/forma5.com\/de\/wp-json\/wp\/v2\/media\/10289"}],"wp:attachment":[{"href":"https:\/\/forma5.com\/de\/wp-json\/wp\/v2\/media?parent=5939"}],"wp:term":[{"taxonomy":"product_brand","embeddable":true,"href":"https:\/\/forma5.com\/de\/wp-json\/wp\/v2\/product_brand?post=5939"},{"taxonomy":"product_cat","embeddable":true,"href":"https:\/\/forma5.com\/de\/wp-json\/wp\/v2\/product_cat?post=5939"},{"taxonomy":"product_tag","embeddable":true,"href":"https:\/\/forma5.com\/de\/wp-json\/wp\/v2\/product_tag?post=5939"}],"curies":[{"name":"wp","href":"https:\/\/api.w.org\/{rel}","templated":true}]}}