{"id":5962,"date":"2024-08-14T13:22:15","date_gmt":"2024-08-14T11:22:15","guid":{"rendered":"https:\/\/forma5.com\/producto\/unkategorisiert\/plural\/"},"modified":"2025-05-26T14:33:33","modified_gmt":"2025-05-26T12:33:33","slug":"plural","status":"publish","type":"product","link":"https:\/\/forma5.com\/de\/stuhle\/mehrzweck\/plural\/","title":{"rendered":"Plural"},"content":{"rendered":"<p><span data-sheets-root=\"1\">Die Serie Plural wurde stets unter dem Aspekt der Vielseitigkeit entwickelt. Das Design von Josep Llusc\u00e1 musste in diese Qualit\u00e4t integriert werden, da die Funktion der Vertraulichkeit im Unternehmen eine Notwendigkeit ist, die eine gro\u00dfe Anzahl von Positionen umfasst. Plural schafft es auch, einen Hauch von Leichtigkeit, Lebendigkeit und Flei\u00df zu vermitteln, indem es sich auf seine einfachen Linien st\u00fctzt, die gleichzeitig seinen wettbewerbsf\u00e4higen Charakter unterstreichen.<\/span><\/p>\n","protected":false},"excerpt":{"rendered":"<h2>Ein Hauch von<em><span data-sheets-root=\"1\"> Leichtigkeit, Lebendigkeit <\/span><\/em>und<em><span data-sheets-root=\"1\"> Flei\u00df<\/span><\/em><\/h2>\n","protected":false},"featured_media":5964,"template":"","meta":{"_acf_changed":false},"product_brand":[],"product_cat":[228,229],"product_tag":[],"class_list":{"0":"post-5962","1":"product","2":"type-product","3":"status-publish","4":"has-post-thumbnail","6":"product_cat-stuhle","7":"product_cat-mehrzweck","9":"first","10":"instock","11":"shipping-taxable","12":"product-type-simple"},"acf":{"bigger_product_image":"","background-text":"","product_designer":[1042],"inactive_designer_info":{"custom_designer_name":"","custom_designer_image":null},"scene_gallery":[2529,2533],"gallery_bg_color":"#919191","details_gallery":[{"slide_text":"<span data-sheets-root=\"1\">Erh\u00e4ltlich als <strong>Vierbeiner und Schwan, mit Netz, 3D-Netz<\/strong> oder gepolstertem R\u00fccken.<\/span>","slide_image":2531},{"slide_text":"<span data-sheets-root=\"1\">Plural zeichnet sich durch seine <strong>Vielseitigkeit und Funktionalit\u00e4t<\/strong> aus, so dass es sich an jeden Arbeits- oder Besprechungsraum anpassen l\u00e4sst.<\/span>","slide_image":2525}],"product_video":{"video_link":"","video_cover":""},"product_downloads_path":"sillas\/silla-confidente","product_downloads":[{"select_file_type":"normal","file_type":"catalog","file_type_special":"","file_name":"Plural.pdf","file_customlabel":"Catalog"},{"select_file_type":"normal","file_type":"technicalFeatures","file_type_special":"","file_name":"_CCTT_Plural.pdf","file_customlabel":"Technical features"},{"select_file_type":"normal","file_type":"productCertificate","file_type_special":"","file_name":"PLURAL_rev03_Firmado.pdf","file_customlabel":"Product Certificate"},{"select_file_type":"normal","file_type":"images","file_type_special":"","file_name":"04_Plural.zip","file_customlabel":"Images"},{"select_file_type":"normal","file_type":"autocad","file_type_special":"","file_name":"Plural.zip","file_customlabel":"3D Geometry"},{"select_file_type":"normal","file_type":"revitBim","file_type_special":"","file_name":"PLURAL.zip","file_customlabel":"Revit\/BIM Geometry"}],"grid_image_gallery":null},"yoast_head":"<!-- This site is optimized with the Yoast SEO plugin v25.2 - https:\/\/yoast.com\/wordpress\/plugins\/seo\/ -->\n<title>\u25b6 Entdecken Sie &#039;Plural&#039;: unseren B\u00fcrostuhl ohne R\u00e4der - Gruppe Forma 5<\/title>\n<meta name=\"description\" content=\"Vielseitige B\u00fcrost\u00fchle: Plural bietet Optionen mit R\u00e4dern, ohne R\u00e4der, mit 4 Beinen und in Schwanenform in einem vielseitigen und leichten Design.\" \/>\n<meta name=\"robots\" content=\"index, follow, max-snippet:-1, max-image-preview:large, max-video-preview:-1\" \/>\n<link rel=\"canonical\" href=\"https:\/\/forma5.com\/de\/stuhle\/mehrzweck\/plural\/\" \/>\n<meta property=\"og:locale\" content=\"de_DE\" \/>\n<meta property=\"og:type\" content=\"article\" \/>\n<meta property=\"og:title\" content=\"\u25b6 Entdecken Sie &#039;Plural&#039;: unseren B\u00fcrostuhl ohne R\u00e4der - Gruppe Forma 5\" \/>\n<meta property=\"og:description\" content=\"Vielseitige B\u00fcrost\u00fchle: Plural bietet Optionen mit R\u00e4dern, ohne R\u00e4der, mit 4 Beinen und in Schwanenform in einem vielseitigen und leichten Design.\" \/>\n<meta property=\"og:url\" content=\"https:\/\/forma5.com\/de\/stuhle\/mehrzweck\/plural\/\" \/>\n<meta property=\"og:site_name\" content=\"Forma 5\" \/>\n<meta property=\"article:modified_time\" content=\"2025-05-26T12:33:33+00:00\" \/>\n<meta property=\"og:image\" content=\"https:\/\/forma5.com\/wp-content\/uploads\/plural-1.webp\" \/>\n\t<meta property=\"og:image:width\" content=\"800\" \/>\n\t<meta property=\"og:image:height\" content=\"800\" \/>\n\t<meta property=\"og:image:type\" content=\"image\/webp\" \/>\n<meta name=\"twitter:card\" content=\"summary_large_image\" \/>\n<meta name=\"twitter:label1\" content=\"Gesch\u00e4tzte Lesezeit\" \/>\n\t<meta name=\"twitter:data1\" content=\"1\u00a0Minute\" \/>\n<script type=\"application\/ld+json\" class=\"yoast-schema-graph\">{\"@context\":\"https:\/\/schema.org\",\"@graph\":[{\"@type\":\"WebPage\",\"@id\":\"https:\/\/forma5.com\/de\/stuhle\/mehrzweck\/plural\/\",\"url\":\"https:\/\/forma5.com\/de\/stuhle\/mehrzweck\/plural\/\",\"name\":\"\u25b6 Entdecken Sie 'Plural': unseren B\u00fcrostuhl ohne R\u00e4der - Gruppe Forma 5\",\"isPartOf\":{\"@id\":\"https:\/\/forma5.com\/de\/#website\"},\"primaryImageOfPage\":{\"@id\":\"https:\/\/forma5.com\/de\/stuhle\/mehrzweck\/plural\/#primaryimage\"},\"image\":{\"@id\":\"https:\/\/forma5.com\/de\/stuhle\/mehrzweck\/plural\/#primaryimage\"},\"thumbnailUrl\":\"https:\/\/forma5.com\/wp-content\/uploads\/plural-1.webp\",\"datePublished\":\"2024-08-14T11:22:15+00:00\",\"dateModified\":\"2025-05-26T12:33:33+00:00\",\"description\":\"Vielseitige B\u00fcrost\u00fchle: Plural bietet Optionen mit R\u00e4dern, ohne R\u00e4der, mit 4 Beinen und in Schwanenform in einem vielseitigen und leichten Design.\",\"breadcrumb\":{\"@id\":\"https:\/\/forma5.com\/de\/stuhle\/mehrzweck\/plural\/#breadcrumb\"},\"inLanguage\":\"de\",\"potentialAction\":[{\"@type\":\"ReadAction\",\"target\":[\"https:\/\/forma5.com\/de\/stuhle\/mehrzweck\/plural\/\"]}]},{\"@type\":\"ImageObject\",\"inLanguage\":\"de\",\"@id\":\"https:\/\/forma5.com\/de\/stuhle\/mehrzweck\/plural\/#primaryimage\",\"url\":\"https:\/\/forma5.com\/wp-content\/uploads\/plural-1.webp\",\"contentUrl\":\"https:\/\/forma5.com\/wp-content\/uploads\/plural-1.webp\",\"width\":800,\"height\":800},{\"@type\":\"BreadcrumbList\",\"@id\":\"https:\/\/forma5.com\/de\/stuhle\/mehrzweck\/plural\/#breadcrumb\",\"itemListElement\":[{\"@type\":\"ListItem\",\"position\":1,\"name\":\"Portada\",\"item\":\"https:\/\/forma5.com\/de\/\"},{\"@type\":\"ListItem\",\"position\":2,\"name\":\"Productos\",\"item\":\"https:\/\/forma5.com\/shop\/\"},{\"@type\":\"ListItem\",\"position\":3,\"name\":\"Plural\"}]},{\"@type\":\"WebSite\",\"@id\":\"https:\/\/forma5.com\/de\/#website\",\"url\":\"https:\/\/forma5.com\/de\/\",\"name\":\"Forma 5\",\"description\":\"\",\"publisher\":{\"@id\":\"https:\/\/forma5.com\/de\/#organization\"},\"potentialAction\":[{\"@type\":\"SearchAction\",\"target\":{\"@type\":\"EntryPoint\",\"urlTemplate\":\"https:\/\/forma5.com\/de\/?s={search_term_string}\"},\"query-input\":{\"@type\":\"PropertyValueSpecification\",\"valueRequired\":true,\"valueName\":\"search_term_string\"}}],\"inLanguage\":\"de\"},{\"@type\":\"Organization\",\"@id\":\"https:\/\/forma5.com\/de\/#organization\",\"name\":\"Forma 5\",\"url\":\"https:\/\/forma5.com\/de\/\",\"logo\":{\"@type\":\"ImageObject\",\"inLanguage\":\"de\",\"@id\":\"https:\/\/forma5.com\/de\/#\/schema\/logo\/image\/\",\"url\":\"https:\/\/forma5.com\/wp-content\/uploads\/cropped-Logo-2D-Forma-5_BLACK.png\",\"contentUrl\":\"https:\/\/forma5.com\/wp-content\/uploads\/cropped-Logo-2D-Forma-5_BLACK.png\",\"width\":1129,\"height\":225,\"caption\":\"Forma 5\"},\"image\":{\"@id\":\"https:\/\/forma5.com\/de\/#\/schema\/logo\/image\/\"}}]}<\/script>\n<!-- \/ Yoast SEO plugin. -->","yoast_head_json":{"title":"\u25b6 Entdecken Sie 'Plural': unseren B\u00fcrostuhl ohne R\u00e4der - Gruppe Forma 5","description":"Vielseitige B\u00fcrost\u00fchle: Plural bietet Optionen mit R\u00e4dern, ohne R\u00e4der, mit 4 Beinen und in Schwanenform in einem vielseitigen und leichten Design.","robots":{"index":"index","follow":"follow","max-snippet":"max-snippet:-1","max-image-preview":"max-image-preview:large","max-video-preview":"max-video-preview:-1"},"canonical":"https:\/\/forma5.com\/de\/stuhle\/mehrzweck\/plural\/","og_locale":"de_DE","og_type":"article","og_title":"\u25b6 Entdecken Sie 'Plural': unseren B\u00fcrostuhl ohne R\u00e4der - Gruppe Forma 5","og_description":"Vielseitige B\u00fcrost\u00fchle: Plural bietet Optionen mit R\u00e4dern, ohne R\u00e4der, mit 4 Beinen und in Schwanenform in einem vielseitigen und leichten Design.","og_url":"https:\/\/forma5.com\/de\/stuhle\/mehrzweck\/plural\/","og_site_name":"Forma 5","article_modified_time":"2025-05-26T12:33:33+00:00","og_image":[{"width":800,"height":800,"url":"https:\/\/forma5.com\/wp-content\/uploads\/plural-1.webp","type":"image\/webp"}],"twitter_card":"summary_large_image","twitter_misc":{"Gesch\u00e4tzte Lesezeit":"1\u00a0Minute"},"schema":{"@context":"https:\/\/schema.org","@graph":[{"@type":"WebPage","@id":"https:\/\/forma5.com\/de\/stuhle\/mehrzweck\/plural\/","url":"https:\/\/forma5.com\/de\/stuhle\/mehrzweck\/plural\/","name":"\u25b6 Entdecken Sie 'Plural': unseren B\u00fcrostuhl ohne R\u00e4der - Gruppe Forma 5","isPartOf":{"@id":"https:\/\/forma5.com\/de\/#website"},"primaryImageOfPage":{"@id":"https:\/\/forma5.com\/de\/stuhle\/mehrzweck\/plural\/#primaryimage"},"image":{"@id":"https:\/\/forma5.com\/de\/stuhle\/mehrzweck\/plural\/#primaryimage"},"thumbnailUrl":"https:\/\/forma5.com\/wp-content\/uploads\/plural-1.webp","datePublished":"2024-08-14T11:22:15+00:00","dateModified":"2025-05-26T12:33:33+00:00","description":"Vielseitige B\u00fcrost\u00fchle: Plural bietet Optionen mit R\u00e4dern, ohne R\u00e4der, mit 4 Beinen und in Schwanenform in einem vielseitigen und leichten Design.","breadcrumb":{"@id":"https:\/\/forma5.com\/de\/stuhle\/mehrzweck\/plural\/#breadcrumb"},"inLanguage":"de","potentialAction":[{"@type":"ReadAction","target":["https:\/\/forma5.com\/de\/stuhle\/mehrzweck\/plural\/"]}]},{"@type":"ImageObject","inLanguage":"de","@id":"https:\/\/forma5.com\/de\/stuhle\/mehrzweck\/plural\/#primaryimage","url":"https:\/\/forma5.com\/wp-content\/uploads\/plural-1.webp","contentUrl":"https:\/\/forma5.com\/wp-content\/uploads\/plural-1.webp","width":800,"height":800},{"@type":"BreadcrumbList","@id":"https:\/\/forma5.com\/de\/stuhle\/mehrzweck\/plural\/#breadcrumb","itemListElement":[{"@type":"ListItem","position":1,"name":"Portada","item":"https:\/\/forma5.com\/de\/"},{"@type":"ListItem","position":2,"name":"Productos","item":"https:\/\/forma5.com\/shop\/"},{"@type":"ListItem","position":3,"name":"Plural"}]},{"@type":"WebSite","@id":"https:\/\/forma5.com\/de\/#website","url":"https:\/\/forma5.com\/de\/","name":"Forma 5","description":"","publisher":{"@id":"https:\/\/forma5.com\/de\/#organization"},"potentialAction":[{"@type":"SearchAction","target":{"@type":"EntryPoint","urlTemplate":"https:\/\/forma5.com\/de\/?s={search_term_string}"},"query-input":{"@type":"PropertyValueSpecification","valueRequired":true,"valueName":"search_term_string"}}],"inLanguage":"de"},{"@type":"Organization","@id":"https:\/\/forma5.com\/de\/#organization","name":"Forma 5","url":"https:\/\/forma5.com\/de\/","logo":{"@type":"ImageObject","inLanguage":"de","@id":"https:\/\/forma5.com\/de\/#\/schema\/logo\/image\/","url":"https:\/\/forma5.com\/wp-content\/uploads\/cropped-Logo-2D-Forma-5_BLACK.png","contentUrl":"https:\/\/forma5.com\/wp-content\/uploads\/cropped-Logo-2D-Forma-5_BLACK.png","width":1129,"height":225,"caption":"Forma 5"},"image":{"@id":"https:\/\/forma5.com\/de\/#\/schema\/logo\/image\/"}}]}},"_links":{"self":[{"href":"https:\/\/forma5.com\/de\/wp-json\/wp\/v2\/product\/5962","targetHints":{"allow":["GET"]}}],"collection":[{"href":"https:\/\/forma5.com\/de\/wp-json\/wp\/v2\/product"}],"about":[{"href":"https:\/\/forma5.com\/de\/wp-json\/wp\/v2\/types\/product"}],"acf:attachment":[{"embeddable":true,"href":"https:\/\/forma5.com\/de\/wp-json\/wp\/v2\/media\/2533"},{"embeddable":true,"href":"https:\/\/forma5.com\/de\/wp-json\/wp\/v2\/media\/2529"}],"acf:post":[{"embeddable":true,"href":"https:\/\/forma5.com\/de\/wp-json\/wp\/v2\/disenador\/1042"}],"wp:featuredmedia":[{"embeddable":true,"href":"https:\/\/forma5.com\/de\/wp-json\/wp\/v2\/media\/5964"}],"wp:attachment":[{"href":"https:\/\/forma5.com\/de\/wp-json\/wp\/v2\/media?parent=5962"}],"wp:term":[{"taxonomy":"product_brand","embeddable":true,"href":"https:\/\/forma5.com\/de\/wp-json\/wp\/v2\/product_brand?post=5962"},{"taxonomy":"product_cat","embeddable":true,"href":"https:\/\/forma5.com\/de\/wp-json\/wp\/v2\/product_cat?post=5962"},{"taxonomy":"product_tag","embeddable":true,"href":"https:\/\/forma5.com\/de\/wp-json\/wp\/v2\/product_tag?post=5962"}],"curies":[{"name":"wp","href":"https:\/\/api.w.org\/{rel}","templated":true}]}}