{"id":5966,"date":"2025-05-25T13:37:01","date_gmt":"2025-05-25T11:37:01","guid":{"rendered":"https:\/\/forma5.com\/producto\/unkategorisiert\/ecologicas-muvit\/"},"modified":"2025-05-27T09:26:44","modified_gmt":"2025-05-27T07:26:44","slug":"muvit-3","status":"publish","type":"product","link":"https:\/\/forma5.com\/de\/stuhle\/wartebereich\/muvit\/","title":{"rendered":"Muvit Seat"},"content":{"rendered":"<p><span data-sheets-root=\"1\">Mit seinem innovativen Design und seiner umweltfreundlichen Vision perfektioniert der MUVIT Seat das Konzept des agilen B\u00fcros. Hergestellt aus PET, einem Konglomerat aus recycelten Kunststoffen, ist dieser leichte Hocker eine nachhaltige Erg\u00e4nzung f\u00fcr das B\u00fcro, ohne dabei Kompromisse in Bezug auf Robustheit und Langlebigkeit einzugehen.<\/span><\/p>\n","protected":false},"excerpt":{"rendered":"<h2><em>Innovatives Design und umweltbewusstes<\/em> Denken<\/h2>\n","protected":false},"featured_media":5968,"template":"","meta":{"_acf_changed":false},"product_brand":[],"product_cat":[228,230],"product_tag":[],"class_list":{"0":"post-5966","1":"product","2":"type-product","3":"status-publish","4":"has-post-thumbnail","6":"product_cat-stuhle","7":"product_cat-wartebereich","9":"first","10":"instock","11":"shipping-taxable","12":"product-type-simple"},"acf":{"bigger_product_image":"","background-text":"","product_designer":[2313],"inactive_designer_info":{"custom_designer_name":"","custom_designer_image":null},"scene_gallery":[2901,2903,2905],"gallery_bg_color":"#777777","details_gallery":[{"slide_text":"<span data-sheets-root=\"1\">MUVIT Seat ist die Antwort auf die Anforderungen der <strong>heutigen Arbeitswelt.<\/strong><\/span>","slide_image":2907}],"product_video":{"video_link":"https:\/\/vimeo.com\/910395740","video_cover":2903},"product_downloads_path":"sillas\/sala-espera-recepcion","product_downloads":[{"select_file_type":"normal","file_type":"catalog","file_type_special":"","file_name":"Muvit.pdf","file_customlabel":"Catalog"},{"select_file_type":"normal","file_type":"technicalFeatures","file_type_special":"","file_name":"_CCTT_MUVIT_Seat.pdf","file_customlabel":"Technical features"},{"select_file_type":"normal","file_type":"images","file_type_special":"","file_name":"01_Muvit Seat.zip","file_customlabel":"Images"},{"select_file_type":"normal","file_type":"autocad","file_type_special":"","file_name":"Muvit seat.zip","file_customlabel":"3D Geometry"}],"grid_image_gallery":null},"yoast_head":"<!-- This site is optimized with the Yoast SEO plugin v25.2 - https:\/\/yoast.com\/wordpress\/plugins\/seo\/ -->\n<title>\u25b6 Entdecken Sie &#039;Muvit&#039;: unser \u00f6kologischer Stuhl - Gruppe Forma 5<\/title>\n<meta name=\"description\" content=\"Umweltfreundliche St\u00fchle f\u00fcr B\u00fcros: Der MUVIT-Stuhl aus recyceltem PET bietet Innovation, Leichtigkeit und Umweltbewusstsein.\" \/>\n<meta name=\"robots\" content=\"index, follow, max-snippet:-1, max-image-preview:large, max-video-preview:-1\" \/>\n<link rel=\"canonical\" href=\"https:\/\/forma5.com\/de\/stuhle\/wartebereich\/muvit\/\" \/>\n<meta property=\"og:locale\" content=\"de_DE\" \/>\n<meta property=\"og:type\" content=\"article\" \/>\n<meta property=\"og:title\" content=\"\u25b6 Entdecken Sie &#039;Muvit&#039;: unser \u00f6kologischer Stuhl - Gruppe Forma 5\" \/>\n<meta property=\"og:description\" content=\"Umweltfreundliche St\u00fchle f\u00fcr B\u00fcros: Der MUVIT-Stuhl aus recyceltem PET bietet Innovation, Leichtigkeit und Umweltbewusstsein.\" \/>\n<meta property=\"og:url\" content=\"https:\/\/forma5.com\/de\/stuhle\/wartebereich\/muvit\/\" \/>\n<meta property=\"og:site_name\" content=\"Forma 5\" \/>\n<meta property=\"article:modified_time\" content=\"2025-05-27T07:26:44+00:00\" \/>\n<meta property=\"og:image\" content=\"https:\/\/forma5.com\/wp-content\/uploads\/muvit.webp\" \/>\n\t<meta property=\"og:image:width\" content=\"800\" \/>\n\t<meta property=\"og:image:height\" content=\"800\" \/>\n\t<meta property=\"og:image:type\" content=\"image\/webp\" \/>\n<meta name=\"twitter:card\" content=\"summary_large_image\" \/>\n<meta name=\"twitter:label1\" content=\"Gesch\u00e4tzte Lesezeit\" \/>\n\t<meta name=\"twitter:data1\" content=\"1\u00a0Minute\" \/>\n<script type=\"application\/ld+json\" class=\"yoast-schema-graph\">{\"@context\":\"https:\/\/schema.org\",\"@graph\":[{\"@type\":\"WebPage\",\"@id\":\"https:\/\/forma5.com\/de\/stuhle\/wartebereich\/muvit\/\",\"url\":\"https:\/\/forma5.com\/de\/stuhle\/wartebereich\/muvit\/\",\"name\":\"\u25b6 Entdecken Sie 'Muvit': unser \u00f6kologischer Stuhl - Gruppe Forma 5\",\"isPartOf\":{\"@id\":\"https:\/\/forma5.com\/de\/#website\"},\"primaryImageOfPage\":{\"@id\":\"https:\/\/forma5.com\/de\/stuhle\/wartebereich\/muvit\/#primaryimage\"},\"image\":{\"@id\":\"https:\/\/forma5.com\/de\/stuhle\/wartebereich\/muvit\/#primaryimage\"},\"thumbnailUrl\":\"https:\/\/forma5.com\/wp-content\/uploads\/muvit.webp\",\"datePublished\":\"2025-05-25T11:37:01+00:00\",\"dateModified\":\"2025-05-27T07:26:44+00:00\",\"description\":\"Umweltfreundliche St\u00fchle f\u00fcr B\u00fcros: Der MUVIT-Stuhl aus recyceltem PET bietet Innovation, Leichtigkeit und Umweltbewusstsein.\",\"breadcrumb\":{\"@id\":\"https:\/\/forma5.com\/de\/stuhle\/wartebereich\/muvit\/#breadcrumb\"},\"inLanguage\":\"de\",\"potentialAction\":[{\"@type\":\"ReadAction\",\"target\":[\"https:\/\/forma5.com\/de\/stuhle\/wartebereich\/muvit\/\"]}]},{\"@type\":\"ImageObject\",\"inLanguage\":\"de\",\"@id\":\"https:\/\/forma5.com\/de\/stuhle\/wartebereich\/muvit\/#primaryimage\",\"url\":\"https:\/\/forma5.com\/wp-content\/uploads\/muvit.webp\",\"contentUrl\":\"https:\/\/forma5.com\/wp-content\/uploads\/muvit.webp\",\"width\":800,\"height\":800},{\"@type\":\"BreadcrumbList\",\"@id\":\"https:\/\/forma5.com\/de\/stuhle\/wartebereich\/muvit\/#breadcrumb\",\"itemListElement\":[{\"@type\":\"ListItem\",\"position\":1,\"name\":\"Portada\",\"item\":\"https:\/\/forma5.com\/de\/\"},{\"@type\":\"ListItem\",\"position\":2,\"name\":\"Productos\",\"item\":\"https:\/\/forma5.com\/shop\/\"},{\"@type\":\"ListItem\",\"position\":3,\"name\":\"Muvit Seat\"}]},{\"@type\":\"WebSite\",\"@id\":\"https:\/\/forma5.com\/de\/#website\",\"url\":\"https:\/\/forma5.com\/de\/\",\"name\":\"Forma 5\",\"description\":\"\",\"publisher\":{\"@id\":\"https:\/\/forma5.com\/de\/#organization\"},\"potentialAction\":[{\"@type\":\"SearchAction\",\"target\":{\"@type\":\"EntryPoint\",\"urlTemplate\":\"https:\/\/forma5.com\/de\/?s={search_term_string}\"},\"query-input\":{\"@type\":\"PropertyValueSpecification\",\"valueRequired\":true,\"valueName\":\"search_term_string\"}}],\"inLanguage\":\"de\"},{\"@type\":\"Organization\",\"@id\":\"https:\/\/forma5.com\/de\/#organization\",\"name\":\"Forma 5\",\"url\":\"https:\/\/forma5.com\/de\/\",\"logo\":{\"@type\":\"ImageObject\",\"inLanguage\":\"de\",\"@id\":\"https:\/\/forma5.com\/de\/#\/schema\/logo\/image\/\",\"url\":\"https:\/\/forma5.com\/wp-content\/uploads\/cropped-Logo-2D-Forma-5_BLACK.png\",\"contentUrl\":\"https:\/\/forma5.com\/wp-content\/uploads\/cropped-Logo-2D-Forma-5_BLACK.png\",\"width\":1129,\"height\":225,\"caption\":\"Forma 5\"},\"image\":{\"@id\":\"https:\/\/forma5.com\/de\/#\/schema\/logo\/image\/\"}}]}<\/script>\n<!-- \/ Yoast SEO plugin. -->","yoast_head_json":{"title":"\u25b6 Entdecken Sie 'Muvit': unser \u00f6kologischer Stuhl - Gruppe Forma 5","description":"Umweltfreundliche St\u00fchle f\u00fcr B\u00fcros: Der MUVIT-Stuhl aus recyceltem PET bietet Innovation, Leichtigkeit und Umweltbewusstsein.","robots":{"index":"index","follow":"follow","max-snippet":"max-snippet:-1","max-image-preview":"max-image-preview:large","max-video-preview":"max-video-preview:-1"},"canonical":"https:\/\/forma5.com\/de\/stuhle\/wartebereich\/muvit\/","og_locale":"de_DE","og_type":"article","og_title":"\u25b6 Entdecken Sie 'Muvit': unser \u00f6kologischer Stuhl - Gruppe Forma 5","og_description":"Umweltfreundliche St\u00fchle f\u00fcr B\u00fcros: Der MUVIT-Stuhl aus recyceltem PET bietet Innovation, Leichtigkeit und Umweltbewusstsein.","og_url":"https:\/\/forma5.com\/de\/stuhle\/wartebereich\/muvit\/","og_site_name":"Forma 5","article_modified_time":"2025-05-27T07:26:44+00:00","og_image":[{"width":800,"height":800,"url":"https:\/\/forma5.com\/wp-content\/uploads\/muvit.webp","type":"image\/webp"}],"twitter_card":"summary_large_image","twitter_misc":{"Gesch\u00e4tzte Lesezeit":"1\u00a0Minute"},"schema":{"@context":"https:\/\/schema.org","@graph":[{"@type":"WebPage","@id":"https:\/\/forma5.com\/de\/stuhle\/wartebereich\/muvit\/","url":"https:\/\/forma5.com\/de\/stuhle\/wartebereich\/muvit\/","name":"\u25b6 Entdecken Sie 'Muvit': unser \u00f6kologischer Stuhl - Gruppe Forma 5","isPartOf":{"@id":"https:\/\/forma5.com\/de\/#website"},"primaryImageOfPage":{"@id":"https:\/\/forma5.com\/de\/stuhle\/wartebereich\/muvit\/#primaryimage"},"image":{"@id":"https:\/\/forma5.com\/de\/stuhle\/wartebereich\/muvit\/#primaryimage"},"thumbnailUrl":"https:\/\/forma5.com\/wp-content\/uploads\/muvit.webp","datePublished":"2025-05-25T11:37:01+00:00","dateModified":"2025-05-27T07:26:44+00:00","description":"Umweltfreundliche St\u00fchle f\u00fcr B\u00fcros: Der MUVIT-Stuhl aus recyceltem PET bietet Innovation, Leichtigkeit und Umweltbewusstsein.","breadcrumb":{"@id":"https:\/\/forma5.com\/de\/stuhle\/wartebereich\/muvit\/#breadcrumb"},"inLanguage":"de","potentialAction":[{"@type":"ReadAction","target":["https:\/\/forma5.com\/de\/stuhle\/wartebereich\/muvit\/"]}]},{"@type":"ImageObject","inLanguage":"de","@id":"https:\/\/forma5.com\/de\/stuhle\/wartebereich\/muvit\/#primaryimage","url":"https:\/\/forma5.com\/wp-content\/uploads\/muvit.webp","contentUrl":"https:\/\/forma5.com\/wp-content\/uploads\/muvit.webp","width":800,"height":800},{"@type":"BreadcrumbList","@id":"https:\/\/forma5.com\/de\/stuhle\/wartebereich\/muvit\/#breadcrumb","itemListElement":[{"@type":"ListItem","position":1,"name":"Portada","item":"https:\/\/forma5.com\/de\/"},{"@type":"ListItem","position":2,"name":"Productos","item":"https:\/\/forma5.com\/shop\/"},{"@type":"ListItem","position":3,"name":"Muvit Seat"}]},{"@type":"WebSite","@id":"https:\/\/forma5.com\/de\/#website","url":"https:\/\/forma5.com\/de\/","name":"Forma 5","description":"","publisher":{"@id":"https:\/\/forma5.com\/de\/#organization"},"potentialAction":[{"@type":"SearchAction","target":{"@type":"EntryPoint","urlTemplate":"https:\/\/forma5.com\/de\/?s={search_term_string}"},"query-input":{"@type":"PropertyValueSpecification","valueRequired":true,"valueName":"search_term_string"}}],"inLanguage":"de"},{"@type":"Organization","@id":"https:\/\/forma5.com\/de\/#organization","name":"Forma 5","url":"https:\/\/forma5.com\/de\/","logo":{"@type":"ImageObject","inLanguage":"de","@id":"https:\/\/forma5.com\/de\/#\/schema\/logo\/image\/","url":"https:\/\/forma5.com\/wp-content\/uploads\/cropped-Logo-2D-Forma-5_BLACK.png","contentUrl":"https:\/\/forma5.com\/wp-content\/uploads\/cropped-Logo-2D-Forma-5_BLACK.png","width":1129,"height":225,"caption":"Forma 5"},"image":{"@id":"https:\/\/forma5.com\/de\/#\/schema\/logo\/image\/"}}]}},"_links":{"self":[{"href":"https:\/\/forma5.com\/de\/wp-json\/wp\/v2\/product\/5966","targetHints":{"allow":["GET"]}}],"collection":[{"href":"https:\/\/forma5.com\/de\/wp-json\/wp\/v2\/product"}],"about":[{"href":"https:\/\/forma5.com\/de\/wp-json\/wp\/v2\/types\/product"}],"acf:attachment":[{"embeddable":true,"href":"https:\/\/forma5.com\/de\/wp-json\/wp\/v2\/media\/2905"},{"embeddable":true,"href":"https:\/\/forma5.com\/de\/wp-json\/wp\/v2\/media\/2903"},{"embeddable":true,"href":"https:\/\/forma5.com\/de\/wp-json\/wp\/v2\/media\/2901"}],"acf:post":[{"embeddable":true,"href":"https:\/\/forma5.com\/de\/wp-json\/wp\/v2\/disenador\/2313"}],"wp:featuredmedia":[{"embeddable":true,"href":"https:\/\/forma5.com\/de\/wp-json\/wp\/v2\/media\/5968"}],"wp:attachment":[{"href":"https:\/\/forma5.com\/de\/wp-json\/wp\/v2\/media?parent=5966"}],"wp:term":[{"taxonomy":"product_brand","embeddable":true,"href":"https:\/\/forma5.com\/de\/wp-json\/wp\/v2\/product_brand?post=5966"},{"taxonomy":"product_cat","embeddable":true,"href":"https:\/\/forma5.com\/de\/wp-json\/wp\/v2\/product_cat?post=5966"},{"taxonomy":"product_tag","embeddable":true,"href":"https:\/\/forma5.com\/de\/wp-json\/wp\/v2\/product_tag?post=5966"}],"curies":[{"name":"wp","href":"https:\/\/api.w.org\/{rel}","templated":true}]}}