{"id":7128,"date":"2025-05-26T09:14:22","date_gmt":"2025-05-26T07:14:22","guid":{"rendered":"https:\/\/forma5.com\/producto\/unkategorisiert\/modulo-lets-sit\/"},"modified":"2025-06-23T08:15:30","modified_gmt":"2025-06-23T06:15:30","slug":"modulo-lets-sit","status":"publish","type":"product","link":"https:\/\/forma5.com\/de\/producto\/modulo-lets-sit\/","title":{"rendered":"Let&#8217;s Sit"},"content":{"rendered":"<div class=\"flex-shrink-0 flex flex-col relative items-end\">\n<div class=\"pt-0\">\n<div class=\"gizmo-bot-avatar flex h-8 w-8 items-center justify-center overflow-hidden rounded-full\">\n<div class=\"relative p-1 rounded-sm flex items-center justify-center bg-token-main-surface-primary text-token-text-primary h-8 w-8\">Let&#8217;s Sit schafft eine warme und einladende Atmosph\u00e4re, indem es sich harmonisch in den dynamischen Fluss des B\u00fcros einf\u00fcgt. Jedes Modul kann f\u00fcr die Arbeit angepasst werden, und die gesamte Umgebung wird kontinuierlich angepasst, um den am besten geeigneten Raum f\u00fcr jede Aufgabe zu schaffen.<\/div>\n<\/div>\n<\/div>\n<\/div>\n","protected":false},"excerpt":{"rendered":"<h2>Eine wohnliche und freundliche Atmosph\u00e4re durch <em>Integration in den Raum<\/em><\/h2>\n","protected":false},"featured_media":7130,"template":"","meta":{"_acf_changed":false},"product_brand":[],"product_cat":[228,230],"product_tag":[],"class_list":{"0":"post-7128","1":"product","2":"type-product","3":"status-publish","4":"has-post-thumbnail","6":"product_cat-stuhle","7":"product_cat-wartebereich","9":"first","10":"instock","11":"shipping-taxable","12":"product-type-simple"},"acf":{"bigger_product_image":"","background-text":"","product_designer":[1040],"inactive_designer_info":{"custom_designer_name":"","custom_designer_image":null},"scene_gallery":[2721,2733],"gallery_bg_color":"#828282","details_gallery":[{"slide_text":"Pausenr\u00e4ume f\u00fcr informelle Treffen im B\u00fcro.","slide_image":2725}],"product_video":{"video_link":"","video_cover":""},"product_downloads_path":"sillas\/sala-espera-recepcion","product_downloads":[{"select_file_type":"normal","file_type":"catalog","file_type_special":"","file_name":"Lets.pdf","file_customlabel":"Katalog"},{"select_file_type":"normal","file_type":"technicalFeatures","file_type_special":"","file_name":"_CCTT_Lets_Sit.pdf","file_customlabel":"Technische Beschreibung"},{"select_file_type":"normal","file_type":"images","file_type_special":"","file_name":"02_Lets Sit.zip","file_customlabel":"Bilder"},{"select_file_type":"normal","file_type":"productCertificate","file_type_special":"","file_name":"LETS SIT (rev03)_ingles Firmado.pdf","file_customlabel":"Produktzertifikat"},{"select_file_type":"normal","file_type":"revitBim","file_type_special":"","file_name":"LETS SIT.zip","file_customlabel":"Revit\/BIM"}],"grid_image_gallery":null},"yoast_head":"<!-- This site is optimized with the Yoast SEO plugin v25.2 - https:\/\/yoast.com\/wordpress\/plugins\/seo\/ -->\n<title>\u25b6 Sofamodul f\u00fcr Empfang und Speisesaal B\u00fcros Let&#039;s Sit - Forma 5<\/title>\n<meta name=\"description\" content=\"Entdecken Sie das Sofamodul \u201eLet&#039;s Sit\u201c f\u00fcr Empfangs- und Essbereiche in B\u00fcros. Komfort und Vielseitigkeit in einem einzigen Design.\" \/>\n<meta name=\"robots\" content=\"index, follow, max-snippet:-1, max-image-preview:large, max-video-preview:-1\" \/>\n<link rel=\"canonical\" href=\"https:\/\/forma5.com\/de\/producto\/modulo-lets-sit\/\" \/>\n<meta property=\"og:locale\" content=\"de_DE\" \/>\n<meta property=\"og:type\" content=\"article\" \/>\n<meta property=\"og:title\" content=\"\u25b6 Sofamodul f\u00fcr Empfang und Speisesaal B\u00fcros Let&#039;s Sit - Forma 5\" \/>\n<meta property=\"og:description\" content=\"Entdecken Sie das Sofamodul \u201eLet&#039;s Sit\u201c f\u00fcr Empfangs- und Essbereiche in B\u00fcros. Komfort und Vielseitigkeit in einem einzigen Design.\" \/>\n<meta property=\"og:url\" content=\"https:\/\/forma5.com\/de\/producto\/modulo-lets-sit\/\" \/>\n<meta property=\"og:site_name\" content=\"Forma 5\" \/>\n<meta property=\"article:modified_time\" content=\"2025-06-23T06:15:30+00:00\" \/>\n<meta property=\"og:image\" content=\"https:\/\/forma5.com\/wp-content\/uploads\/letssit.webp\" \/>\n\t<meta property=\"og:image:width\" content=\"1200\" \/>\n\t<meta property=\"og:image:height\" content=\"1200\" \/>\n\t<meta property=\"og:image:type\" content=\"image\/webp\" \/>\n<meta name=\"twitter:card\" content=\"summary_large_image\" \/>\n<meta name=\"twitter:label1\" content=\"Gesch\u00e4tzte Lesezeit\" \/>\n\t<meta name=\"twitter:data1\" content=\"1\u00a0Minute\" \/>\n<script type=\"application\/ld+json\" class=\"yoast-schema-graph\">{\"@context\":\"https:\/\/schema.org\",\"@graph\":[{\"@type\":\"WebPage\",\"@id\":\"https:\/\/forma5.com\/de\/producto\/modulo-lets-sit\/\",\"url\":\"https:\/\/forma5.com\/de\/producto\/modulo-lets-sit\/\",\"name\":\"\u25b6 Sofamodul f\u00fcr Empfang und Speisesaal B\u00fcros Let's Sit - Forma 5\",\"isPartOf\":{\"@id\":\"https:\/\/forma5.com\/de\/#website\"},\"primaryImageOfPage\":{\"@id\":\"https:\/\/forma5.com\/de\/producto\/modulo-lets-sit\/#primaryimage\"},\"image\":{\"@id\":\"https:\/\/forma5.com\/de\/producto\/modulo-lets-sit\/#primaryimage\"},\"thumbnailUrl\":\"https:\/\/forma5.com\/wp-content\/uploads\/letssit.webp\",\"datePublished\":\"2025-05-26T07:14:22+00:00\",\"dateModified\":\"2025-06-23T06:15:30+00:00\",\"description\":\"Entdecken Sie das Sofamodul \u201eLet's Sit\u201c f\u00fcr Empfangs- und Essbereiche in B\u00fcros. Komfort und Vielseitigkeit in einem einzigen Design.\",\"breadcrumb\":{\"@id\":\"https:\/\/forma5.com\/de\/producto\/modulo-lets-sit\/#breadcrumb\"},\"inLanguage\":\"de\",\"potentialAction\":[{\"@type\":\"ReadAction\",\"target\":[\"https:\/\/forma5.com\/de\/producto\/modulo-lets-sit\/\"]}]},{\"@type\":\"ImageObject\",\"inLanguage\":\"de\",\"@id\":\"https:\/\/forma5.com\/de\/producto\/modulo-lets-sit\/#primaryimage\",\"url\":\"https:\/\/forma5.com\/wp-content\/uploads\/letssit.webp\",\"contentUrl\":\"https:\/\/forma5.com\/wp-content\/uploads\/letssit.webp\",\"width\":1200,\"height\":1200},{\"@type\":\"BreadcrumbList\",\"@id\":\"https:\/\/forma5.com\/de\/producto\/modulo-lets-sit\/#breadcrumb\",\"itemListElement\":[{\"@type\":\"ListItem\",\"position\":1,\"name\":\"Portada\",\"item\":\"https:\/\/forma5.com\/de\/\"},{\"@type\":\"ListItem\",\"position\":2,\"name\":\"Productos\",\"item\":\"https:\/\/forma5.com\/shop\/\"},{\"@type\":\"ListItem\",\"position\":3,\"name\":\"Let&#8217;s Sit\"}]},{\"@type\":\"WebSite\",\"@id\":\"https:\/\/forma5.com\/de\/#website\",\"url\":\"https:\/\/forma5.com\/de\/\",\"name\":\"Forma 5\",\"description\":\"\",\"publisher\":{\"@id\":\"https:\/\/forma5.com\/de\/#organization\"},\"potentialAction\":[{\"@type\":\"SearchAction\",\"target\":{\"@type\":\"EntryPoint\",\"urlTemplate\":\"https:\/\/forma5.com\/de\/?s={search_term_string}\"},\"query-input\":{\"@type\":\"PropertyValueSpecification\",\"valueRequired\":true,\"valueName\":\"search_term_string\"}}],\"inLanguage\":\"de\"},{\"@type\":\"Organization\",\"@id\":\"https:\/\/forma5.com\/de\/#organization\",\"name\":\"Forma 5\",\"url\":\"https:\/\/forma5.com\/de\/\",\"logo\":{\"@type\":\"ImageObject\",\"inLanguage\":\"de\",\"@id\":\"https:\/\/forma5.com\/de\/#\/schema\/logo\/image\/\",\"url\":\"https:\/\/forma5.com\/wp-content\/uploads\/cropped-Logo-2D-Forma-5_BLACK.png\",\"contentUrl\":\"https:\/\/forma5.com\/wp-content\/uploads\/cropped-Logo-2D-Forma-5_BLACK.png\",\"width\":1129,\"height\":225,\"caption\":\"Forma 5\"},\"image\":{\"@id\":\"https:\/\/forma5.com\/de\/#\/schema\/logo\/image\/\"}}]}<\/script>\n<!-- \/ Yoast SEO plugin. -->","yoast_head_json":{"title":"\u25b6 Sofamodul f\u00fcr Empfang und Speisesaal B\u00fcros Let's Sit - Forma 5","description":"Entdecken Sie das Sofamodul \u201eLet's Sit\u201c f\u00fcr Empfangs- und Essbereiche in B\u00fcros. Komfort und Vielseitigkeit in einem einzigen Design.","robots":{"index":"index","follow":"follow","max-snippet":"max-snippet:-1","max-image-preview":"max-image-preview:large","max-video-preview":"max-video-preview:-1"},"canonical":"https:\/\/forma5.com\/de\/producto\/modulo-lets-sit\/","og_locale":"de_DE","og_type":"article","og_title":"\u25b6 Sofamodul f\u00fcr Empfang und Speisesaal B\u00fcros Let's Sit - Forma 5","og_description":"Entdecken Sie das Sofamodul \u201eLet's Sit\u201c f\u00fcr Empfangs- und Essbereiche in B\u00fcros. Komfort und Vielseitigkeit in einem einzigen Design.","og_url":"https:\/\/forma5.com\/de\/producto\/modulo-lets-sit\/","og_site_name":"Forma 5","article_modified_time":"2025-06-23T06:15:30+00:00","og_image":[{"width":1200,"height":1200,"url":"https:\/\/forma5.com\/wp-content\/uploads\/letssit.webp","type":"image\/webp"}],"twitter_card":"summary_large_image","twitter_misc":{"Gesch\u00e4tzte Lesezeit":"1\u00a0Minute"},"schema":{"@context":"https:\/\/schema.org","@graph":[{"@type":"WebPage","@id":"https:\/\/forma5.com\/de\/producto\/modulo-lets-sit\/","url":"https:\/\/forma5.com\/de\/producto\/modulo-lets-sit\/","name":"\u25b6 Sofamodul f\u00fcr Empfang und Speisesaal B\u00fcros Let's Sit - Forma 5","isPartOf":{"@id":"https:\/\/forma5.com\/de\/#website"},"primaryImageOfPage":{"@id":"https:\/\/forma5.com\/de\/producto\/modulo-lets-sit\/#primaryimage"},"image":{"@id":"https:\/\/forma5.com\/de\/producto\/modulo-lets-sit\/#primaryimage"},"thumbnailUrl":"https:\/\/forma5.com\/wp-content\/uploads\/letssit.webp","datePublished":"2025-05-26T07:14:22+00:00","dateModified":"2025-06-23T06:15:30+00:00","description":"Entdecken Sie das Sofamodul \u201eLet's Sit\u201c f\u00fcr Empfangs- und Essbereiche in B\u00fcros. Komfort und Vielseitigkeit in einem einzigen Design.","breadcrumb":{"@id":"https:\/\/forma5.com\/de\/producto\/modulo-lets-sit\/#breadcrumb"},"inLanguage":"de","potentialAction":[{"@type":"ReadAction","target":["https:\/\/forma5.com\/de\/producto\/modulo-lets-sit\/"]}]},{"@type":"ImageObject","inLanguage":"de","@id":"https:\/\/forma5.com\/de\/producto\/modulo-lets-sit\/#primaryimage","url":"https:\/\/forma5.com\/wp-content\/uploads\/letssit.webp","contentUrl":"https:\/\/forma5.com\/wp-content\/uploads\/letssit.webp","width":1200,"height":1200},{"@type":"BreadcrumbList","@id":"https:\/\/forma5.com\/de\/producto\/modulo-lets-sit\/#breadcrumb","itemListElement":[{"@type":"ListItem","position":1,"name":"Portada","item":"https:\/\/forma5.com\/de\/"},{"@type":"ListItem","position":2,"name":"Productos","item":"https:\/\/forma5.com\/shop\/"},{"@type":"ListItem","position":3,"name":"Let&#8217;s Sit"}]},{"@type":"WebSite","@id":"https:\/\/forma5.com\/de\/#website","url":"https:\/\/forma5.com\/de\/","name":"Forma 5","description":"","publisher":{"@id":"https:\/\/forma5.com\/de\/#organization"},"potentialAction":[{"@type":"SearchAction","target":{"@type":"EntryPoint","urlTemplate":"https:\/\/forma5.com\/de\/?s={search_term_string}"},"query-input":{"@type":"PropertyValueSpecification","valueRequired":true,"valueName":"search_term_string"}}],"inLanguage":"de"},{"@type":"Organization","@id":"https:\/\/forma5.com\/de\/#organization","name":"Forma 5","url":"https:\/\/forma5.com\/de\/","logo":{"@type":"ImageObject","inLanguage":"de","@id":"https:\/\/forma5.com\/de\/#\/schema\/logo\/image\/","url":"https:\/\/forma5.com\/wp-content\/uploads\/cropped-Logo-2D-Forma-5_BLACK.png","contentUrl":"https:\/\/forma5.com\/wp-content\/uploads\/cropped-Logo-2D-Forma-5_BLACK.png","width":1129,"height":225,"caption":"Forma 5"},"image":{"@id":"https:\/\/forma5.com\/de\/#\/schema\/logo\/image\/"}}]}},"_links":{"self":[{"href":"https:\/\/forma5.com\/de\/wp-json\/wp\/v2\/product\/7128","targetHints":{"allow":["GET"]}}],"collection":[{"href":"https:\/\/forma5.com\/de\/wp-json\/wp\/v2\/product"}],"about":[{"href":"https:\/\/forma5.com\/de\/wp-json\/wp\/v2\/types\/product"}],"acf:attachment":[{"embeddable":true,"href":"https:\/\/forma5.com\/de\/wp-json\/wp\/v2\/media\/2733"},{"embeddable":true,"href":"https:\/\/forma5.com\/de\/wp-json\/wp\/v2\/media\/2721"}],"acf:post":[{"embeddable":true,"href":"https:\/\/forma5.com\/de\/wp-json\/wp\/v2\/disenador\/1040"}],"wp:featuredmedia":[{"embeddable":true,"href":"https:\/\/forma5.com\/de\/wp-json\/wp\/v2\/media\/7130"}],"wp:attachment":[{"href":"https:\/\/forma5.com\/de\/wp-json\/wp\/v2\/media?parent=7128"}],"wp:term":[{"taxonomy":"product_brand","embeddable":true,"href":"https:\/\/forma5.com\/de\/wp-json\/wp\/v2\/product_brand?post=7128"},{"taxonomy":"product_cat","embeddable":true,"href":"https:\/\/forma5.com\/de\/wp-json\/wp\/v2\/product_cat?post=7128"},{"taxonomy":"product_tag","embeddable":true,"href":"https:\/\/forma5.com\/de\/wp-json\/wp\/v2\/product_tag?post=7128"}],"curies":[{"name":"wp","href":"https:\/\/api.w.org\/{rel}","templated":true}]}}