{"id":5866,"date":"2025-01-21T12:26:46","date_gmt":"2025-01-21T11:26:46","guid":{"rendered":"https:\/\/forma5.com\/politica-de-privacidad\/"},"modified":"2025-03-17T17:41:59","modified_gmt":"2025-03-17T16:41:59","slug":"politica-de-privacidad","status":"publish","type":"page","link":"https:\/\/forma5.com\/fr\/politica-de-privacidad-aviso-legal\/","title":{"rendered":"Politique de confidentialit\u00e9 et avis juridique"},"content":{"rendered":"<p>INFORMATIONS SUR LES CONDITIONS D&rsquo;UTILISATION DE www.forma5.es ET www.forma5.com<\/p><ol class=\"wp-block-list\"><li><strong>INFORMATIONS SUR L&rsquo;UTILISATEUR<\/strong><\/li><\/ol><p>FORMA 5 Inc, ci-apr\u00e8s RESPONSABLE, est le responsable du traitement des donn\u00e9es personnelles de l&rsquo;Utilisateur et vous informe que ces donn\u00e9es seront trait\u00e9es conform\u00e9ment aux dispositions du R\u00e8glement (UE) 2016\/679 du 27 avril (GDPR) et de la Loi organique 3\/2018 du 5 d\u00e9cembre (LOPDGDD), pour lesquelles les informations de traitement suivantes sont fournies : Finalit\u00e9 du traitement : entretenir une relation commerciale avec l&rsquo;Utilisateur. Les op\u00e9rations envisag\u00e9es pour effectuer le traitement sont :<\/p><p>L&rsquo;envoi de communications commerciales publicitaires par email, fax, SMS, MMS, communaut\u00e9s sociales ou tout autre moyen \u00e9lectronique ou physique, pr\u00e9sent ou futur, permettant des communications commerciales. Ces communications seront effectu\u00e9es par le RESPONSABLE et li\u00e9es \u00e0 ses produits et services, ou \u00e0 ceux de ses collaborateurs ou fournisseurs avec lesquels il a conclu un accord promotionnel. Dans ce cas, les tiers n&rsquo;auront jamais acc\u00e8s aux donn\u00e9es personnelles. Pour r\u00e9aliser des \u00e9tudes statistiques.<\/p><p>Traiter les commandes, les demandes ou tout autre type de demande formul\u00e9e par l&rsquo;utilisateur par le biais de l&rsquo;un des formulaires de contact mis \u00e0 sa disposition. Envoi de la lettre d&rsquo;information du site. Base juridique du traitement : consentement de la personne concern\u00e9e.<\/p><p>Crit\u00e8res de conservation des donn\u00e9es : les donn\u00e9es sont conserv\u00e9es pendant une dur\u00e9e n&rsquo;exc\u00e9dant pas celle n\u00e9cessaire \u00e0 la r\u00e9alisation de la finalit\u00e9 du traitement et, lorsqu&rsquo;elles ne sont plus n\u00e9cessaires \u00e0 cette finalit\u00e9, elles sont effac\u00e9es en prenant les mesures de s\u00e9curit\u00e9 appropri\u00e9es pour garantir la pseudonymisation des donn\u00e9es ou leur destruction totale. Communication des donn\u00e9es : Les donn\u00e9es ne seront pas communiqu\u00e9es \u00e0 des tiers, sauf en cas d&rsquo;obligation l\u00e9gale.<\/p><p>Droits de l&rsquo;utilisateur : droit de retirer son consentement \u00e0 tout moment. Droit d&rsquo;acc\u00e8s, de rectification, de portabilit\u00e9 et d&rsquo;effacement de ses donn\u00e9es et de limitation ou d&rsquo;opposition \u00e0 leur traitement.<\/p><p>Droit d&rsquo;introduire une r\u00e9clamation aupr\u00e8s de l&rsquo;autorit\u00e9 de contr\u00f4le (www.aepd.es) s&rsquo;il estime que le traitement n&rsquo;est pas conforme \u00e0 la r\u00e9glementation en vigueur.<\/p><p>Coordonn\u00e9es pour l&rsquo;exercice de vos droits :<\/p><p>FORMA 5 Inc. Rue Acueducto, Zone industrielle Carretera de la Isla, &#8211; 41703 Dos Hermanas (Seville).<\/p><p>Courriel : rgpd@forma5.es<\/p><p><strong>LE CARACT\u00c8RE OBLIGATOIRE OU FACULTATIF DES INFORMATIONS FOURNIES PAR L&rsquo;UTILISATEUR<\/strong><\/p><p>Forma 5 Inc.<\/p><p>ACUEDUCTO ST. 12-14 ZONE INDUSTRIELLE CARRETERA DE LA ISLA, &#8211; 41703 DOS HERMANAS (Seville)<\/p><p>Les utilisateurs, en cochant les cases correspondantes et en saisissant des donn\u00e9es dans les champs marqu\u00e9s d&rsquo;un ast\u00e9risque (*) dans le formulaire de contact ou pr\u00e9sent\u00e9s dans les formulaires de t\u00e9l\u00e9chargement, acceptent express\u00e9ment, librement et sans \u00e9quivoque que leurs donn\u00e9es soient n\u00e9cessaires pour r\u00e9pondre \u00e0 leur demande par le fournisseur, \u00e9tant volontaire l&rsquo;inclusion de donn\u00e9es dans les champs restants.<\/p><p>L&rsquo;utilisateur garantit que les donn\u00e9es personnelles qu&rsquo;il fournit sont n\u00e9cessaires pour r\u00e9pondre \u00e0 sa demande. L&rsquo;utilisateur garantit que les donn\u00e9es personnelles fournies au RESPONSABLE sont v\u00e9ridiques et il est responsable de la communication de tout changement les concernant.<\/p><p>Le RESPONSABLE informe et garantit express\u00e9ment aux utilisateurs que leurs donn\u00e9es personnelles ne seront en aucun cas c\u00e9d\u00e9es \u00e0 des tiers et qu&rsquo;en cas de cession de donn\u00e9es personnelles, le consentement expr\u00e8s, inform\u00e9 et sans \u00e9quivoque des utilisateurs sera demand\u00e9 au pr\u00e9alable.<\/p><p>Utilisateurs. Toutes les donn\u00e9es demand\u00e9es par le biais du site Web sont obligatoires, car elles sont n\u00e9cessaires \u00e0 la prestation d&rsquo;un service optimal \u00e0 l&rsquo;utilisateur. Dans le cas o\u00f9 toutes les donn\u00e9es ne seraient pas fournies, il n&rsquo;est pas garanti que les informations et les services fournis soient parfaitement adapt\u00e9s aux besoins de l&rsquo;utilisateur.<\/p><p><strong>Politique de confidentialit\u00e9 et avis juridique<\/strong><\/p><p>Que conform\u00e9ment aux dispositions de la r\u00e9glementation en vigueur en mati\u00e8re de protection des donn\u00e9es personnelles, le RESPONSABLE respecte toutes les dispositions du r\u00e8glement GDPR pour le traitement des donn\u00e9es personnelles sous sa responsabilit\u00e9, et manifestement les principes d\u00e9crits \u00e0 l&rsquo;article 5 du GDPR, selon lesquels elles sont trait\u00e9es de mani\u00e8re licite, loyale et transparente par rapport \u00e0 la personne concern\u00e9e et d&rsquo;une mani\u00e8re ad\u00e9quate, pertinente et limit\u00e9e \u00e0 ce qui est n\u00e9cessaire au regard des finalit\u00e9s pour lesquelles elles sont trait\u00e9es.<\/p><p>Le CONTR\u00d4LEUR garantit qu&rsquo;il a mis en \u0153uvre les politiques techniques et organisationnelles appropri\u00e9es pour appliquer les mesures de s\u00e9curit\u00e9 pr\u00e9vues par le GDPR afin de prot\u00e9ger les droits et libert\u00e9s des Utilisateurs et qu&rsquo;il leur a communiqu\u00e9 les informations appropri\u00e9es pour qu&rsquo;ils puissent les exercer.<\/p><p>Politique de confidentialit\u00e9 et avis juridique<\/p><p>GRUPO FORMA 5 Ltd, responsable du site Web, ci-apr\u00e8s d\u00e9nomm\u00e9 RESPONSABLE, met \u00e0 la disposition des utilisateurs le pr\u00e9sent document, avec lequel il entend respecter les obligations pr\u00e9vues par la loi 34\/2002, du 11 juillet, relative aux services de la soci\u00e9t\u00e9 de l&rsquo;information et au commerce \u00e9lectronique (LSSICE), BOE n\u00b0 166, ainsi qu&rsquo;informer tous les utilisateurs du site Web sur les conditions d&rsquo;utilisation.<\/p><p>Toute personne acc\u00e9dant \u00e0 ce site Web assume le r\u00f4le d&rsquo;utilisateur et s&rsquo;engage \u00e0 observer et \u00e0 respecter strictement les dispositions de ce site, ainsi que toute autre disposition l\u00e9gale applicable.<\/p><p>GRUPO FORMA 5 Ltd. se r\u00e9serve le droit de modifier tout type d&rsquo;information pouvant appara\u00eetre sur le site web, sans obligation de pr\u00e9avis ni d&rsquo;informer les utilisateurs de ces obligations, \u00e9tant entendu qu&rsquo;elles sont suffisantes avec la publication sur le site web de GRUPO FORMA 5 Ltd.<\/p><p><strong>DONN\u00c9ES SIGNIFICATIVES<\/strong><\/p><p>Nom de domaine : www.forma5.com : www.forma5.es<\/p><p>Nom de l&rsquo;entreprise : GRUPO FORMA 5 Ltd.<\/p><p>Nom de la soci\u00e9t\u00e9 : GRUPO FORMA 5 Ltd.<\/p><p>NUM\u00c9RO D&rsquo;IDENTIFICATION FISCALE : B91252593<\/p><p>Si\u00e8ge social : ACUEDUCTO ST. 12-14 \u2013 ZONE INDUSTRIAL CARRETERA DE LA ISLA,<\/p><p>41703 DOS HERMANAS &#8211; SEVILLE<\/p><p>T\u00e9l\u00e9phone : 954931980<\/p><p>Courrier \u00e9lectronique : rgpd@forma5.com<\/p><p>Inscrit au registre (mercantile \/ public) : REGISTRE MERCANTILE DE SEVILLE, LIVRE DES SOCI\u00c9T\u00c9S VOLUME 3616, LIVRE 0, FOLIO 98, SECTION 8, FEUILLE SE 51166<\/p><p><strong>DROITS DE PROPRI\u00c9T\u00c9 INTELLECTUELLE ET INDUSTRIELLE<\/strong><\/p><p>Le site web, y compris, mais sans s&rsquo;y limiter, sa programmation, son \u00e9dition, sa compilation et les autres \u00e9l\u00e9ments n\u00e9cessaires \u00e0 son fonctionnement, les dessins, les logos, les textes et\/ou les graphiques, sont la propri\u00e9t\u00e9 du RESPONSABLE ou, le cas \u00e9ch\u00e9ant, font l&rsquo;objet d&rsquo;une licence ou d&rsquo;une autorisation expresse de la part des auteurs. Tous les contenus du site Web sont d\u00fbment prot\u00e9g\u00e9s par la r\u00e9glementation en mati\u00e8re de propri\u00e9t\u00e9 intellectuelle et industrielle, et inscrits dans les registres publics correspondants.<\/p><p>Ind\u00e9pendamment de la finalit\u00e9 \u00e0 laquelle ils sont destin\u00e9s, la reproduction, l&rsquo;utilisation, l&rsquo;exploitation, la distribution et la commercialisation, totales ou partielles, requi\u00e8rent dans tous les cas l&rsquo;autorisation \u00e9crite pr\u00e9alable du RESPONSABLE. Toute utilisation non autoris\u00e9e est consid\u00e9r\u00e9e comme une violation grave des droits de propri\u00e9t\u00e9 intellectuelle ou industrielle de l&rsquo;auteur.<\/p><p>Les dessins, logos, textes et\/ou graphiques qui n&rsquo;appartiennent pas au RESPONSABLE et qui peuvent appara\u00eetre sur le site web appartiennent \u00e0 leurs propri\u00e9taires respectifs, qui sont eux-m\u00eames responsables de toute controverse \u00e9ventuelle \u00e0 leur sujet. Le RESPONSABLE autorise express\u00e9ment les tiers \u00e0 rediriger directement vers les contenus sp\u00e9cifiques du site, et dans tous les cas \u00e0 rediriger vers le site principal de www.forma5.com \/ www.forma5.es.<\/p><p>Le RESPONSABLE reconna\u00eet les droits de propri\u00e9t\u00e9 intellectuelle et industrielle correspondants en faveur de leurs propri\u00e9taires, et leur simple mention ou apparition sur le site web n&rsquo;implique l&rsquo;existence d&rsquo;aucun droit ou responsabilit\u00e9 de quelque nature que ce soit \u00e0 leur \u00e9gard, ni aucune approbation, parrainage ou recommandation de leur part.<\/p><p>Pour formuler tout type d&rsquo;observation concernant d&rsquo;\u00e9ventuelles violations des droits de propri\u00e9t\u00e9 intellectuelle ou industrielle, ainsi que tout contenu du site web, vous pouvez le faire en envoyant un courrier \u00e9lectronique \u00e0 l&rsquo;adresse rgpd@forma5.com.<\/p><p><strong>EXON\u00c9RATION DE RESPONSABILIT\u00c9<\/strong><\/p><p>Le RESPONSABLE d\u00e9cline toute responsabilit\u00e9 quant aux informations publi\u00e9es sur son site web, dans la mesure o\u00f9 ces informations ont \u00e9t\u00e9 manipul\u00e9es ou introduites par un tiers ext\u00e9rieur \u00e0 celui-ci.<\/p><p><strong>Utilisation des cookies<\/strong><\/p><p>Ce site web peut utiliser des cookies techniques (petits fichiers d&rsquo;information que le serveur envoie \u00e0 l&rsquo;ordinateur de la personne qui acc\u00e8de \u00e0 la page) pour ex\u00e9cuter certaines fonctions consid\u00e9r\u00e9es comme essentielles au bon fonctionnement et \u00e0 la visualisation du site. Les cookies utilis\u00e9s sont, dans tous les cas, de nature temporaire, dans le seul but de rendre la navigation plus efficace, et disparaissent \u00e0 la fin de la session de l&rsquo;utilisateur. En aucun cas ces cookies ne fournissent eux-m\u00eames des donn\u00e9es personnelles et ils ne seront pas utilis\u00e9s pour collecter de telles donn\u00e9es.<\/p><p>Gr\u00e2ce \u00e0 l&rsquo;utilisation de cookies, il est \u00e9galement possible que le serveur o\u00f9 se trouve le site web reconnaisse le navigateur utilis\u00e9 par l&rsquo;utilisateur afin de faciliter la navigation, en permettant, par exemple, aux utilisateurs qui se sont pr\u00e9alablement enregistr\u00e9s d&rsquo;acc\u00e9der aux zones, services, promotions ou concours qui leur sont exclusivement r\u00e9serv\u00e9s sans avoir \u00e0 s&rsquo;enregistrer \u00e0 chaque visite. Ils peuvent \u00e9galement \u00eatre utilis\u00e9s pour mesurer l&rsquo;audience, les param\u00e8tres de trafic, contr\u00f4ler le d\u00e9roulement et le nombre d&rsquo;inscriptions, etc., \u00e9tant dans ces cas des cookies techniquement dispensables, mais b\u00e9n\u00e9fiques pour l&rsquo;utilisateur. Ce site web n&rsquo;installera pas de cookies dispensables sans le consentement pr\u00e9alable de l&rsquo;utilisateur.<\/p><p>L&rsquo;utilisateur a la possibilit\u00e9 de configurer son navigateur pour \u00eatre averti de la r\u00e9ception de cookies et pour emp\u00eacher leur installation sur son ordinateur. Veuillez consulter les instructions de votre navigateur pour de plus amples informations.<\/p><p><strong>Politique de liaison<\/strong><\/p><p>Depuis le site web, vous pouvez \u00eatre redirig\u00e9 vers des contenus de sites web de tiers. \u00c9tant donn\u00e9 que le RESPONSABLE ne peut pas toujours contr\u00f4ler les contenus introduits par des tiers sur leurs sites web respectifs, il n&rsquo;assume aucun type de responsabilit\u00e9 \u00e0 l&rsquo;\u00e9gard desdits contenus. Dans tous les cas, il proc\u00e9dera au retrait imm\u00e9diat de tout contenu susceptible de contrevenir \u00e0 la l\u00e9gislation nationale ou internationale, \u00e0 la morale ou \u00e0 l&rsquo;ordre public, en proc\u00e9dant au retrait imm\u00e9diat de la redirection vers ledit site web, en informant les autorit\u00e9s comp\u00e9tentes du contenu en question.<\/p><p>Le RESPONSABLE n&rsquo;est pas responsable des informations et contenus stock\u00e9s, y compris mais sans s&rsquo;y limiter, dans les forums, chats, g\u00e9n\u00e9rateurs de blogs, commentaires, r\u00e9seaux sociaux ou tout autre support permettant \u00e0 des tiers de publier des contenus de mani\u00e8re ind\u00e9pendante sur le site web du RESPONSABLE. Toutefois, et conform\u00e9ment aux dispositions des articles 11 et 16 de la LSSICE, il se met \u00e0 la disposition de tous les utilisateurs, autorit\u00e9s et forces de s\u00e9curit\u00e9, en collaborant activement au retrait ou, le cas \u00e9ch\u00e9ant, au blocage de tous les contenus susceptibles d&rsquo;affecter ou de contrevenir \u00e0 la l\u00e9gislation nationale ou internationale, aux droits des tiers ou \u00e0 la morale et \u00e0 l&rsquo;ordre public. Si l&rsquo;utilisateur estime qu&rsquo;il existe sur le site un contenu susceptible d&rsquo;\u00eatre class\u00e9 dans cette cat\u00e9gorie, il est pri\u00e9 d&rsquo;en informer imm\u00e9diatement l&rsquo;administrateur du site.<\/p><p>Ce site web a \u00e9t\u00e9 v\u00e9rifi\u00e9 et test\u00e9 afin d&rsquo;en assurer le bon fonctionnement. En principe, son bon fonctionnement peut \u00eatre garanti 365 jours par an et 24 heures par jour. Toutefois, le RESPONSABLE n&rsquo;exclut pas la possibilit\u00e9 de certaines erreurs de programmation, ou la survenance de cas de force majeure, de catastrophes naturelles, de gr\u00e8ves ou de circonstances similaires rendant impossible l&rsquo;acc\u00e8s au site web.<\/p><p>Adresses IP<\/p><p>Les serveurs du site web peuvent d\u00e9tecter automatiquement l&rsquo;adresse IP et le nom de domaine utilis\u00e9s par l&rsquo;utilisateur. L&rsquo;adresse IP est un num\u00e9ro attribu\u00e9 automatiquement \u00e0 un ordinateur lorsqu&rsquo;il se connecte \u00e0 Internet. Toutes ces informations sont enregistr\u00e9es dans un fichier d&rsquo;activit\u00e9 du serveur d\u00fbment enregistr\u00e9 qui permet le traitement ult\u00e9rieur des donn\u00e9es afin d&rsquo;obtenir des mesures purement statistiques permettant de conna\u00eetre le nombre d&rsquo;impressions de pages, le nombre de visites effectu\u00e9es sur les serveurs web, l&rsquo;ordre des visites, le point d&rsquo;acc\u00e8s, etc.<\/p><p><strong>DROIT APPLICABLE ET JURIDICTION<\/strong><\/p><p>Pour la r\u00e9solution de tous les litiges ou questions relatifs \u00e0 ce site web ou aux activit\u00e9s qui y sont r\u00e9alis\u00e9es, la l\u00e9gislation espagnole s&rsquo;appliquera, \u00e0 laquelle les parties se soumettent express\u00e9ment, et les tribunaux les plus proches de DOS HERMANAS seront comp\u00e9tents pour la r\u00e9solution de tous les litiges d\u00e9coulant de son utilisation ou li\u00e9s \u00e0 celle-ci.<\/p>","protected":false},"excerpt":{"rendered":"<p>INFORMATIONS SUR LES CONDITIONS D&rsquo;UTILISATION DE www.forma5.es ET www.forma5.com FORMA 5 Inc, ci-apr\u00e8s RESPONSABLE, est le responsable du traitement des donn\u00e9es personnelles de l&rsquo;Utilisateur et vous &#8230; <a title=\"Politique de confidentialit\u00e9 et avis juridique\" class=\"read-more\" href=\"https:\/\/forma5.com\/fr\/politica-de-privacidad-aviso-legal\/\" aria-label=\"En savoir plus sur Politique de confidentialit\u00e9 et avis juridique\">Lire la suite<\/a><\/p>\n","protected":false},"author":1,"featured_media":0,"parent":0,"menu_order":0,"comment_status":"closed","ping_status":"closed","template":"","meta":{"_acf_changed":false,"footnotes":""},"class_list":["post-5866","page","type-page","status-publish"],"acf":[],"yoast_head":"<!-- This site is optimized with the Yoast SEO plugin v25.2 - https:\/\/yoast.com\/wordpress\/plugins\/seo\/ -->\n<title>Politique de confidentialit\u00e9 et avis juridique - Forma 5<\/title>\n<meta name=\"robots\" content=\"index, follow, max-snippet:-1, max-image-preview:large, max-video-preview:-1\" \/>\n<link rel=\"canonical\" href=\"https:\/\/forma5.com\/fr\/politica-de-privacidad-aviso-legal\/\" \/>\n<meta property=\"og:locale\" content=\"fr_FR\" \/>\n<meta property=\"og:type\" content=\"article\" \/>\n<meta property=\"og:title\" content=\"Politique de confidentialit\u00e9 et avis juridique - Forma 5\" \/>\n<meta property=\"og:description\" content=\"INFORMATIONS SUR LES CONDITIONS D&rsquo;UTILISATION DE www.forma5.es ET www.forma5.com FORMA 5 Inc, ci-apr\u00e8s RESPONSABLE, est le responsable du traitement des donn\u00e9es personnelles de l&rsquo;Utilisateur et vous ... Lire la suite\" \/>\n<meta property=\"og:url\" content=\"https:\/\/forma5.com\/fr\/politica-de-privacidad-aviso-legal\/\" \/>\n<meta property=\"og:site_name\" content=\"Forma 5\" \/>\n<meta property=\"article:modified_time\" content=\"2025-03-17T16:41:59+00:00\" \/>\n<meta name=\"twitter:card\" content=\"summary_large_image\" \/>\n<meta name=\"twitter:label1\" content=\"Dur\u00e9e de lecture estim\u00e9e\" \/>\n\t<meta name=\"twitter:data1\" content=\"9 minutes\" \/>\n<script type=\"application\/ld+json\" class=\"yoast-schema-graph\">{\"@context\":\"https:\/\/schema.org\",\"@graph\":[{\"@type\":\"WebPage\",\"@id\":\"https:\/\/forma5.com\/fr\/politica-de-privacidad-aviso-legal\/\",\"url\":\"https:\/\/forma5.com\/fr\/politica-de-privacidad-aviso-legal\/\",\"name\":\"Politique de confidentialit\u00e9 et avis juridique - Forma 5\",\"isPartOf\":{\"@id\":\"https:\/\/forma5.com\/fr\/#website\"},\"datePublished\":\"2025-01-21T11:26:46+00:00\",\"dateModified\":\"2025-03-17T16:41:59+00:00\",\"breadcrumb\":{\"@id\":\"https:\/\/forma5.com\/fr\/politica-de-privacidad-aviso-legal\/#breadcrumb\"},\"inLanguage\":\"fr-FR\",\"potentialAction\":[{\"@type\":\"ReadAction\",\"target\":[\"https:\/\/forma5.com\/fr\/politica-de-privacidad-aviso-legal\/\"]}]},{\"@type\":\"BreadcrumbList\",\"@id\":\"https:\/\/forma5.com\/fr\/politica-de-privacidad-aviso-legal\/#breadcrumb\",\"itemListElement\":[{\"@type\":\"ListItem\",\"position\":1,\"name\":\"Portada\",\"item\":\"https:\/\/forma5.com\/fr\/\"},{\"@type\":\"ListItem\",\"position\":2,\"name\":\"Politique de confidentialit\u00e9 et avis juridique\"}]},{\"@type\":\"WebSite\",\"@id\":\"https:\/\/forma5.com\/fr\/#website\",\"url\":\"https:\/\/forma5.com\/fr\/\",\"name\":\"Forma 5\",\"description\":\"\",\"publisher\":{\"@id\":\"https:\/\/forma5.com\/fr\/#organization\"},\"potentialAction\":[{\"@type\":\"SearchAction\",\"target\":{\"@type\":\"EntryPoint\",\"urlTemplate\":\"https:\/\/forma5.com\/fr\/?s={search_term_string}\"},\"query-input\":{\"@type\":\"PropertyValueSpecification\",\"valueRequired\":true,\"valueName\":\"search_term_string\"}}],\"inLanguage\":\"fr-FR\"},{\"@type\":\"Organization\",\"@id\":\"https:\/\/forma5.com\/fr\/#organization\",\"name\":\"Forma 5\",\"url\":\"https:\/\/forma5.com\/fr\/\",\"logo\":{\"@type\":\"ImageObject\",\"inLanguage\":\"fr-FR\",\"@id\":\"https:\/\/forma5.com\/fr\/#\/schema\/logo\/image\/\",\"url\":\"https:\/\/forma5.com\/wp-content\/uploads\/cropped-Logo-2D-Forma-5_BLACK.png\",\"contentUrl\":\"https:\/\/forma5.com\/wp-content\/uploads\/cropped-Logo-2D-Forma-5_BLACK.png\",\"width\":1129,\"height\":225,\"caption\":\"Forma 5\"},\"image\":{\"@id\":\"https:\/\/forma5.com\/fr\/#\/schema\/logo\/image\/\"}}]}<\/script>\n<!-- \/ Yoast SEO plugin. -->","yoast_head_json":{"title":"Politique de confidentialit\u00e9 et avis juridique - Forma 5","robots":{"index":"index","follow":"follow","max-snippet":"max-snippet:-1","max-image-preview":"max-image-preview:large","max-video-preview":"max-video-preview:-1"},"canonical":"https:\/\/forma5.com\/fr\/politica-de-privacidad-aviso-legal\/","og_locale":"fr_FR","og_type":"article","og_title":"Politique de confidentialit\u00e9 et avis juridique - Forma 5","og_description":"INFORMATIONS SUR LES CONDITIONS D&rsquo;UTILISATION DE www.forma5.es ET www.forma5.com FORMA 5 Inc, ci-apr\u00e8s RESPONSABLE, est le responsable du traitement des donn\u00e9es personnelles de l&rsquo;Utilisateur et vous ... Lire la suite","og_url":"https:\/\/forma5.com\/fr\/politica-de-privacidad-aviso-legal\/","og_site_name":"Forma 5","article_modified_time":"2025-03-17T16:41:59+00:00","twitter_card":"summary_large_image","twitter_misc":{"Dur\u00e9e de lecture estim\u00e9e":"9 minutes"},"schema":{"@context":"https:\/\/schema.org","@graph":[{"@type":"WebPage","@id":"https:\/\/forma5.com\/fr\/politica-de-privacidad-aviso-legal\/","url":"https:\/\/forma5.com\/fr\/politica-de-privacidad-aviso-legal\/","name":"Politique de confidentialit\u00e9 et avis juridique - Forma 5","isPartOf":{"@id":"https:\/\/forma5.com\/fr\/#website"},"datePublished":"2025-01-21T11:26:46+00:00","dateModified":"2025-03-17T16:41:59+00:00","breadcrumb":{"@id":"https:\/\/forma5.com\/fr\/politica-de-privacidad-aviso-legal\/#breadcrumb"},"inLanguage":"fr-FR","potentialAction":[{"@type":"ReadAction","target":["https:\/\/forma5.com\/fr\/politica-de-privacidad-aviso-legal\/"]}]},{"@type":"BreadcrumbList","@id":"https:\/\/forma5.com\/fr\/politica-de-privacidad-aviso-legal\/#breadcrumb","itemListElement":[{"@type":"ListItem","position":1,"name":"Portada","item":"https:\/\/forma5.com\/fr\/"},{"@type":"ListItem","position":2,"name":"Politique de confidentialit\u00e9 et avis juridique"}]},{"@type":"WebSite","@id":"https:\/\/forma5.com\/fr\/#website","url":"https:\/\/forma5.com\/fr\/","name":"Forma 5","description":"","publisher":{"@id":"https:\/\/forma5.com\/fr\/#organization"},"potentialAction":[{"@type":"SearchAction","target":{"@type":"EntryPoint","urlTemplate":"https:\/\/forma5.com\/fr\/?s={search_term_string}"},"query-input":{"@type":"PropertyValueSpecification","valueRequired":true,"valueName":"search_term_string"}}],"inLanguage":"fr-FR"},{"@type":"Organization","@id":"https:\/\/forma5.com\/fr\/#organization","name":"Forma 5","url":"https:\/\/forma5.com\/fr\/","logo":{"@type":"ImageObject","inLanguage":"fr-FR","@id":"https:\/\/forma5.com\/fr\/#\/schema\/logo\/image\/","url":"https:\/\/forma5.com\/wp-content\/uploads\/cropped-Logo-2D-Forma-5_BLACK.png","contentUrl":"https:\/\/forma5.com\/wp-content\/uploads\/cropped-Logo-2D-Forma-5_BLACK.png","width":1129,"height":225,"caption":"Forma 5"},"image":{"@id":"https:\/\/forma5.com\/fr\/#\/schema\/logo\/image\/"}}]}},"_links":{"self":[{"href":"https:\/\/forma5.com\/fr\/wp-json\/wp\/v2\/pages\/5866","targetHints":{"allow":["GET"]}}],"collection":[{"href":"https:\/\/forma5.com\/fr\/wp-json\/wp\/v2\/pages"}],"about":[{"href":"https:\/\/forma5.com\/fr\/wp-json\/wp\/v2\/types\/page"}],"author":[{"embeddable":true,"href":"https:\/\/forma5.com\/fr\/wp-json\/wp\/v2\/users\/1"}],"replies":[{"embeddable":true,"href":"https:\/\/forma5.com\/fr\/wp-json\/wp\/v2\/comments?post=5866"}],"version-history":[{"count":1,"href":"https:\/\/forma5.com\/fr\/wp-json\/wp\/v2\/pages\/5866\/revisions"}],"predecessor-version":[{"id":5869,"href":"https:\/\/forma5.com\/fr\/wp-json\/wp\/v2\/pages\/5866\/revisions\/5869"}],"wp:attachment":[{"href":"https:\/\/forma5.com\/fr\/wp-json\/wp\/v2\/media?parent=5866"}],"curies":[{"name":"wp","href":"https:\/\/api.w.org\/{rel}","templated":true}]}}