{"id":6608,"date":"2025-05-30T13:08:10","date_gmt":"2025-05-30T11:08:10","guid":{"rendered":"https:\/\/forma5.com\/ergonomia\/"},"modified":"2025-06-20T11:58:23","modified_gmt":"2025-06-20T09:58:23","slug":"ergonomie","status":"publish","type":"page","link":"https:\/\/forma5.com\/fr\/ergonomia\/","title":{"rendered":"Ergonomie"},"content":{"rendered":"<div class=\"wp-block-columns is-layout-flex wp-container-core-columns-is-layout-9d6595d7 wp-block-columns-is-layout-flex\"><div class=\"wp-block-column is-layout-flow wp-block-column-is-layout-flow\"><\/div><\/div><p><\/p>","protected":false},"excerpt":{"rendered":"","protected":false},"author":5,"featured_media":6453,"parent":0,"menu_order":0,"comment_status":"closed","ping_status":"closed","template":"page-forma5.php","meta":{"_acf_changed":false,"footnotes":""},"class_list":["post-6608","page","type-page","status-publish","has-post-thumbnail"],"acf":[],"yoast_head":"<!-- This site is optimized with the Yoast SEO plugin v25.2 - https:\/\/yoast.com\/wordpress\/plugins\/seo\/ -->\n<title>\u25b6 Ergonomie et sant\u00e9 au travail - Forma 5<\/title>\n<meta name=\"description\" content=\"Am\u00e9liorez l&#039;ergonomie et la sant\u00e9 dans votre bureau avec les solutions Forma 5. Augmentez votre bien-\u00eatre et votre productivit\u00e9. D\u00e9couvrez-le maintenant!\" \/>\n<meta name=\"robots\" content=\"index, follow, max-snippet:-1, max-image-preview:large, max-video-preview:-1\" \/>\n<link rel=\"canonical\" href=\"https:\/\/forma5.com\/fr\/ergonomia\/\" \/>\n<meta property=\"og:locale\" content=\"fr_FR\" \/>\n<meta property=\"og:type\" content=\"article\" \/>\n<meta property=\"og:title\" content=\"\u25b6 Ergonomie et sant\u00e9 au travail - Forma 5\" \/>\n<meta property=\"og:description\" content=\"Am\u00e9liorez l&#039;ergonomie et la sant\u00e9 dans votre bureau avec les solutions Forma 5. Augmentez votre bien-\u00eatre et votre productivit\u00e9. D\u00e9couvrez-le maintenant!\" \/>\n<meta property=\"og:url\" content=\"https:\/\/forma5.com\/fr\/ergonomia\/\" \/>\n<meta property=\"og:site_name\" content=\"Forma 5\" \/>\n<meta property=\"article:modified_time\" content=\"2025-06-20T09:58:23+00:00\" \/>\n<meta property=\"og:image\" content=\"https:\/\/forma5.com\/wp-content\/uploads\/30-MAYO.png\" \/>\n\t<meta property=\"og:image:width\" content=\"1572\" \/>\n\t<meta property=\"og:image:height\" content=\"686\" \/>\n\t<meta property=\"og:image:type\" content=\"image\/png\" \/>\n<meta name=\"twitter:card\" content=\"summary_large_image\" \/>\n<meta name=\"twitter:label1\" content=\"Dur\u00e9e de lecture estim\u00e9e\" \/>\n\t<meta name=\"twitter:data1\" content=\"1 minute\" \/>\n<script type=\"application\/ld+json\" class=\"yoast-schema-graph\">{\"@context\":\"https:\/\/schema.org\",\"@graph\":[{\"@type\":\"WebPage\",\"@id\":\"https:\/\/forma5.com\/fr\/ergonomia\/\",\"url\":\"https:\/\/forma5.com\/fr\/ergonomia\/\",\"name\":\"\u25b6 Ergonomie et sant\u00e9 au travail - Forma 5\",\"isPartOf\":{\"@id\":\"https:\/\/forma5.com\/fr\/#website\"},\"primaryImageOfPage\":{\"@id\":\"https:\/\/forma5.com\/fr\/ergonomia\/#primaryimage\"},\"image\":{\"@id\":\"https:\/\/forma5.com\/fr\/ergonomia\/#primaryimage\"},\"thumbnailUrl\":\"https:\/\/forma5.com\/wp-content\/uploads\/30-MAYO.png\",\"datePublished\":\"2025-05-30T11:08:10+00:00\",\"dateModified\":\"2025-06-20T09:58:23+00:00\",\"description\":\"Am\u00e9liorez l'ergonomie et la sant\u00e9 dans votre bureau avec les solutions Forma 5. Augmentez votre bien-\u00eatre et votre productivit\u00e9. D\u00e9couvrez-le maintenant!\",\"breadcrumb\":{\"@id\":\"https:\/\/forma5.com\/fr\/ergonomia\/#breadcrumb\"},\"inLanguage\":\"fr-FR\",\"potentialAction\":[{\"@type\":\"ReadAction\",\"target\":[\"https:\/\/forma5.com\/fr\/ergonomia\/\"]}]},{\"@type\":\"ImageObject\",\"inLanguage\":\"fr-FR\",\"@id\":\"https:\/\/forma5.com\/fr\/ergonomia\/#primaryimage\",\"url\":\"https:\/\/forma5.com\/wp-content\/uploads\/30-MAYO.png\",\"contentUrl\":\"https:\/\/forma5.com\/wp-content\/uploads\/30-MAYO.png\",\"width\":1572,\"height\":686},{\"@type\":\"BreadcrumbList\",\"@id\":\"https:\/\/forma5.com\/fr\/ergonomia\/#breadcrumb\",\"itemListElement\":[{\"@type\":\"ListItem\",\"position\":1,\"name\":\"Portada\",\"item\":\"https:\/\/forma5.com\/fr\/\"},{\"@type\":\"ListItem\",\"position\":2,\"name\":\"Ergonomie\"}]},{\"@type\":\"WebSite\",\"@id\":\"https:\/\/forma5.com\/fr\/#website\",\"url\":\"https:\/\/forma5.com\/fr\/\",\"name\":\"Forma 5\",\"description\":\"\",\"publisher\":{\"@id\":\"https:\/\/forma5.com\/fr\/#organization\"},\"potentialAction\":[{\"@type\":\"SearchAction\",\"target\":{\"@type\":\"EntryPoint\",\"urlTemplate\":\"https:\/\/forma5.com\/fr\/?s={search_term_string}\"},\"query-input\":{\"@type\":\"PropertyValueSpecification\",\"valueRequired\":true,\"valueName\":\"search_term_string\"}}],\"inLanguage\":\"fr-FR\"},{\"@type\":\"Organization\",\"@id\":\"https:\/\/forma5.com\/fr\/#organization\",\"name\":\"Forma 5\",\"url\":\"https:\/\/forma5.com\/fr\/\",\"logo\":{\"@type\":\"ImageObject\",\"inLanguage\":\"fr-FR\",\"@id\":\"https:\/\/forma5.com\/fr\/#\/schema\/logo\/image\/\",\"url\":\"https:\/\/forma5.com\/wp-content\/uploads\/cropped-Logo-2D-Forma-5_BLACK.png\",\"contentUrl\":\"https:\/\/forma5.com\/wp-content\/uploads\/cropped-Logo-2D-Forma-5_BLACK.png\",\"width\":1129,\"height\":225,\"caption\":\"Forma 5\"},\"image\":{\"@id\":\"https:\/\/forma5.com\/fr\/#\/schema\/logo\/image\/\"}}]}<\/script>\n<!-- \/ Yoast SEO plugin. -->","yoast_head_json":{"title":"\u25b6 Ergonomie et sant\u00e9 au travail - Forma 5","description":"Am\u00e9liorez l'ergonomie et la sant\u00e9 dans votre bureau avec les solutions Forma 5. Augmentez votre bien-\u00eatre et votre productivit\u00e9. D\u00e9couvrez-le maintenant!","robots":{"index":"index","follow":"follow","max-snippet":"max-snippet:-1","max-image-preview":"max-image-preview:large","max-video-preview":"max-video-preview:-1"},"canonical":"https:\/\/forma5.com\/fr\/ergonomia\/","og_locale":"fr_FR","og_type":"article","og_title":"\u25b6 Ergonomie et sant\u00e9 au travail - Forma 5","og_description":"Am\u00e9liorez l'ergonomie et la sant\u00e9 dans votre bureau avec les solutions Forma 5. Augmentez votre bien-\u00eatre et votre productivit\u00e9. D\u00e9couvrez-le maintenant!","og_url":"https:\/\/forma5.com\/fr\/ergonomia\/","og_site_name":"Forma 5","article_modified_time":"2025-06-20T09:58:23+00:00","og_image":[{"width":1572,"height":686,"url":"https:\/\/forma5.com\/wp-content\/uploads\/30-MAYO.png","type":"image\/png"}],"twitter_card":"summary_large_image","twitter_misc":{"Dur\u00e9e de lecture estim\u00e9e":"1 minute"},"schema":{"@context":"https:\/\/schema.org","@graph":[{"@type":"WebPage","@id":"https:\/\/forma5.com\/fr\/ergonomia\/","url":"https:\/\/forma5.com\/fr\/ergonomia\/","name":"\u25b6 Ergonomie et sant\u00e9 au travail - Forma 5","isPartOf":{"@id":"https:\/\/forma5.com\/fr\/#website"},"primaryImageOfPage":{"@id":"https:\/\/forma5.com\/fr\/ergonomia\/#primaryimage"},"image":{"@id":"https:\/\/forma5.com\/fr\/ergonomia\/#primaryimage"},"thumbnailUrl":"https:\/\/forma5.com\/wp-content\/uploads\/30-MAYO.png","datePublished":"2025-05-30T11:08:10+00:00","dateModified":"2025-06-20T09:58:23+00:00","description":"Am\u00e9liorez l'ergonomie et la sant\u00e9 dans votre bureau avec les solutions Forma 5. Augmentez votre bien-\u00eatre et votre productivit\u00e9. D\u00e9couvrez-le maintenant!","breadcrumb":{"@id":"https:\/\/forma5.com\/fr\/ergonomia\/#breadcrumb"},"inLanguage":"fr-FR","potentialAction":[{"@type":"ReadAction","target":["https:\/\/forma5.com\/fr\/ergonomia\/"]}]},{"@type":"ImageObject","inLanguage":"fr-FR","@id":"https:\/\/forma5.com\/fr\/ergonomia\/#primaryimage","url":"https:\/\/forma5.com\/wp-content\/uploads\/30-MAYO.png","contentUrl":"https:\/\/forma5.com\/wp-content\/uploads\/30-MAYO.png","width":1572,"height":686},{"@type":"BreadcrumbList","@id":"https:\/\/forma5.com\/fr\/ergonomia\/#breadcrumb","itemListElement":[{"@type":"ListItem","position":1,"name":"Portada","item":"https:\/\/forma5.com\/fr\/"},{"@type":"ListItem","position":2,"name":"Ergonomie"}]},{"@type":"WebSite","@id":"https:\/\/forma5.com\/fr\/#website","url":"https:\/\/forma5.com\/fr\/","name":"Forma 5","description":"","publisher":{"@id":"https:\/\/forma5.com\/fr\/#organization"},"potentialAction":[{"@type":"SearchAction","target":{"@type":"EntryPoint","urlTemplate":"https:\/\/forma5.com\/fr\/?s={search_term_string}"},"query-input":{"@type":"PropertyValueSpecification","valueRequired":true,"valueName":"search_term_string"}}],"inLanguage":"fr-FR"},{"@type":"Organization","@id":"https:\/\/forma5.com\/fr\/#organization","name":"Forma 5","url":"https:\/\/forma5.com\/fr\/","logo":{"@type":"ImageObject","inLanguage":"fr-FR","@id":"https:\/\/forma5.com\/fr\/#\/schema\/logo\/image\/","url":"https:\/\/forma5.com\/wp-content\/uploads\/cropped-Logo-2D-Forma-5_BLACK.png","contentUrl":"https:\/\/forma5.com\/wp-content\/uploads\/cropped-Logo-2D-Forma-5_BLACK.png","width":1129,"height":225,"caption":"Forma 5"},"image":{"@id":"https:\/\/forma5.com\/fr\/#\/schema\/logo\/image\/"}}]}},"_links":{"self":[{"href":"https:\/\/forma5.com\/fr\/wp-json\/wp\/v2\/pages\/6608","targetHints":{"allow":["GET"]}}],"collection":[{"href":"https:\/\/forma5.com\/fr\/wp-json\/wp\/v2\/pages"}],"about":[{"href":"https:\/\/forma5.com\/fr\/wp-json\/wp\/v2\/types\/page"}],"author":[{"embeddable":true,"href":"https:\/\/forma5.com\/fr\/wp-json\/wp\/v2\/users\/5"}],"replies":[{"embeddable":true,"href":"https:\/\/forma5.com\/fr\/wp-json\/wp\/v2\/comments?post=6608"}],"version-history":[{"count":4,"href":"https:\/\/forma5.com\/fr\/wp-json\/wp\/v2\/pages\/6608\/revisions"}],"predecessor-version":[{"id":7122,"href":"https:\/\/forma5.com\/fr\/wp-json\/wp\/v2\/pages\/6608\/revisions\/7122"}],"wp:featuredmedia":[{"embeddable":true,"href":"https:\/\/forma5.com\/fr\/wp-json\/wp\/v2\/media\/6453"}],"wp:attachment":[{"href":"https:\/\/forma5.com\/fr\/wp-json\/wp\/v2\/media?parent=6608"}],"curies":[{"name":"wp","href":"https:\/\/api.w.org\/{rel}","templated":true}]}}