{"id":10397,"date":"2026-03-03T12:39:35","date_gmt":"2026-03-03T11:39:35","guid":{"rendered":"https:\/\/forma5.com\/?post_type=product&#038;p=10397"},"modified":"2026-03-23T11:01:07","modified_gmt":"2026-03-23T10:01:07","slug":"singular","status":"publish","type":"product","link":"https:\/\/forma5.com\/fr\/producto\/singular\/","title":{"rendered":"Singular"},"content":{"rendered":"<p>Dans un environnement de travail o\u00f9 la polyvalence est de plus en plus exig\u00e9e, Singular se pr\u00e9sente comme une solution efficace pour r\u00e9pondre aux besoins du bureau moderne. Cette gamme de fauteuils visiteurs se distingue par son \u00e9quilibre entre fonctionnalit\u00e9, esth\u00e9tique et flexibilit\u00e9, en faisant un choix id\u00e9al pour les projets qui recherchent l\u2019adaptabilit\u00e9 sans compromis sur le design.<\/p>\n<p>Gr\u00e2ce \u00e0 son design intelligent et \u00e0 la vari\u00e9t\u00e9 de structures disponibles, Singular s\u2019adapte facilement \u00e0 diff\u00e9rents environnements : salles de r\u00e9union, zones d\u2019attente, espaces \u00e9ducatifs, bureaux dynamiques ou \u00e9v\u00e9nements d\u2019entreprise.<\/p>\n","protected":false},"excerpt":{"rendered":"<h2>Singular r\u00e9pond aux besoins du bureau moderne avec un design alliant <em>adaptabilit\u00e9, fonctionnalit\u00e9 et pr\u00e9sence.<\/em><\/h2>\n","protected":false},"featured_media":10405,"template":"","meta":{"_acf_changed":false},"product_brand":[],"product_cat":[154],"product_tag":[],"class_list":{"0":"post-10397","1":"product","2":"type-product","3":"status-publish","4":"has-post-thumbnail","6":"product_cat-chaises-de-collectivite","8":"first","9":"instock","10":"shipping-taxable","11":"product-type-simple"},"acf":{"bigger_product_image":"","background-text":"Singular","product_designer":[1042],"inactive_designer_info":{"custom_designer_name":"","custom_designer_image":null},"scene_gallery":[7602,10388,7832,7836,10379,10383],"gallery_bg_color":"#777777","details_gallery":[{"slide_text":"<strong>Singular<\/strong> enrichit la gamme de si\u00e8ges visiteurs de Forma 5 avec l\u2019ajout de nouvelles structures telles que <strong>tra\u00eeneau, quatre branches, cinq branches ou base auto-centrante.<\/strong> Cette vari\u00e9t\u00e9 permet au fauteuil de s\u2019adapter facilement \u00e0 diff\u00e9rents espaces et aux besoins sp\u00e9cifiques de chaque utilisateur.","slide_image":10392},{"slide_text":"Avec une esth\u00e9tique \u00e9pur\u00e9e, une structure l\u00e9g\u00e8re et de multiples options de base, S<strong>ingular red\u00e9finit le concept classique de si\u00e8ge visiteur.<\/strong> Tout en conservant sa pr\u00e9sence naturelle dans les salles d\u2019attente ou les espaces de formation, son design polyvalent en fait <strong>un choix fonctionnel et \u00e9l\u00e9gant<\/strong> pour les espaces d\u2019\u00e9tude, les centres d\u2019appels, les salles de r\u00e9union ou les espaces de congr\u00e8s.","slide_image":7606},{"slide_text":"Singular propose deux finitions <a href=\"https:\/\/espattiobrand.com\/fr\/\"><strong>esPattio<\/strong><\/a> pour ses structures: <strong>Vert Oliva et Terracotta Alhambra.<\/strong> Cette extension de la palette de couleurs renforce l\u2019engagement de Forma 5 en faveur de fauteuils visiteurs plus expressifs, apportant couleur, personnalit\u00e9 et coh\u00e9rence esth\u00e9tique aux espaces de travail.","slide_image":10613},{"slide_text":"Les structures \u00e0 <strong>quatre pieds m\u00e9talliques, quatre branches et cinq branches peuvent \u00eatre \u00e9quip\u00e9es de roulettes double galet<\/strong>, d\u2019un diam\u00e8tre de 50 mm pour les fauteuils \u00e0 cinq branches et de 65 mm pour les mod\u00e8les \u00e0 quatre pieds m\u00e9talliques et quatre branches. De plus, <strong>les si\u00e9ges \u00e0 quatre pieds m\u00e9talliques peuvent \u00eatre \u00e9quip\u00e9s d\u2019une tablette d\u2019\u00e9criture.<\/strong>","slide_image":10597},{"slide_text":"<strong>Accoudoirs en polypropyl\u00e8ne<\/strong>, inspir\u00e9s de la s\u00e9rie <a href=\"https:\/\/forma5.com\/fr\/chaises-de-collectivite\/glove\/\"><strong>Glove<\/strong><\/a>, offrant une continuit\u00e9 esth\u00e9tique et un confort accru pour l\u2019utilisateur.","slide_image":10601}],"product_video":{"video_link":"","video_cover":""},"product_downloads_path":"sillas\/silla-confidente","product_downloads":[{"select_file_type":"normal","file_type":"catalog","file_type_special":"","file_name":"Singular.pdf","file_customlabel":"Catalogue"},{"select_file_type":"normal","file_type":"technicalFeatures","file_type_special":"","file_name":"_CCTT_Singular.pdf","file_customlabel":"Caract\u00e9ristiques Techniques"},{"select_file_type":"normal","file_type":"productCertificate","file_type_special":"","file_name":"C_DAP_Singular.pdf","file_customlabel":"DEP"},{"select_file_type":"normal","file_type":"images","file_type_special":"","file_name":"05_Singular.zip","file_customlabel":"Images"},{"select_file_type":"normal","file_type":"catalog","file_type_special":"","file_name":"V_Singular.mp4","file_customlabel":"Video"},{"select_file_type":"normal","file_type":"autocad","file_type_special":"","file_name":"Singular.zip","file_customlabel":"Autocad"}],"grid_image_gallery":[7602,7606,10379,10383,7832,7836,10388,10392,10411,10415,10419,10423,10427,10431,10435,10439,10443,10447,10451,10455,10459,10463,10467,10471,10475,10479,10483,10487,10491,10495,10499,10503,10507,10511,10515,10519,10523,10527,10531,10535,10539,10543,10547,10551,10555,10559,10563,10567,10571,10575,10579,10583,10616,10620,10624,10628]},"yoast_head":"<!-- This site is optimized with the Yoast SEO plugin v25.2 - https:\/\/yoast.com\/wordpress\/plugins\/seo\/ -->\n<title>\u25b6 Si\u00e8ge visiteur polyvalent Singular - Forma 5<\/title>\n<meta name=\"description\" content=\"Singular s\u2019adapte \u00e0 tout espace professionnel avec style, fonctionnalit\u00e9 et flexibilit\u00e9. D\u00e9couvrez-la et trouvez la version dont votre projet a besoin.\" \/>\n<meta name=\"robots\" content=\"index, follow, max-snippet:-1, max-image-preview:large, max-video-preview:-1\" \/>\n<link rel=\"canonical\" href=\"https:\/\/forma5.com\/fr\/producto\/singular\/\" \/>\n<meta property=\"og:locale\" content=\"fr_FR\" \/>\n<meta property=\"og:type\" content=\"article\" \/>\n<meta property=\"og:title\" content=\"\u25b6 Si\u00e8ge visiteur polyvalent Singular - Forma 5\" \/>\n<meta property=\"og:description\" content=\"Singular s\u2019adapte \u00e0 tout espace professionnel avec style, fonctionnalit\u00e9 et flexibilit\u00e9. D\u00e9couvrez-la et trouvez la version dont votre projet a besoin.\" \/>\n<meta property=\"og:url\" content=\"https:\/\/forma5.com\/fr\/producto\/singular\/\" \/>\n<meta property=\"og:site_name\" content=\"Forma 5\" \/>\n<meta property=\"article:modified_time\" content=\"2026-03-23T10:01:07+00:00\" \/>\n<meta property=\"og:image\" content=\"https:\/\/forma5.com\/wp-content\/uploads\/Singular_01.png\" \/>\n\t<meta property=\"og:image:width\" content=\"800\" \/>\n\t<meta property=\"og:image:height\" content=\"800\" \/>\n\t<meta property=\"og:image:type\" content=\"image\/png\" \/>\n<meta name=\"twitter:card\" content=\"summary_large_image\" \/>\n<meta name=\"twitter:label1\" content=\"Dur\u00e9e de lecture estim\u00e9e\" \/>\n\t<meta name=\"twitter:data1\" content=\"1 minute\" \/>\n<script type=\"application\/ld+json\" class=\"yoast-schema-graph\">{\"@context\":\"https:\/\/schema.org\",\"@graph\":[{\"@type\":\"WebPage\",\"@id\":\"https:\/\/forma5.com\/fr\/producto\/singular\/\",\"url\":\"https:\/\/forma5.com\/fr\/producto\/singular\/\",\"name\":\"\u25b6 Si\u00e8ge visiteur polyvalent Singular - Forma 5\",\"isPartOf\":{\"@id\":\"https:\/\/forma5.com\/fr\/#website\"},\"primaryImageOfPage\":{\"@id\":\"https:\/\/forma5.com\/fr\/producto\/singular\/#primaryimage\"},\"image\":{\"@id\":\"https:\/\/forma5.com\/fr\/producto\/singular\/#primaryimage\"},\"thumbnailUrl\":\"https:\/\/forma5.com\/wp-content\/uploads\/Singular_01.png\",\"datePublished\":\"2026-03-03T11:39:35+00:00\",\"dateModified\":\"2026-03-23T10:01:07+00:00\",\"description\":\"Singular s\u2019adapte \u00e0 tout espace professionnel avec style, fonctionnalit\u00e9 et flexibilit\u00e9. D\u00e9couvrez-la et trouvez la version dont votre projet a besoin.\",\"breadcrumb\":{\"@id\":\"https:\/\/forma5.com\/fr\/producto\/singular\/#breadcrumb\"},\"inLanguage\":\"fr-FR\",\"potentialAction\":[{\"@type\":\"ReadAction\",\"target\":[\"https:\/\/forma5.com\/fr\/producto\/singular\/\"]}]},{\"@type\":\"ImageObject\",\"inLanguage\":\"fr-FR\",\"@id\":\"https:\/\/forma5.com\/fr\/producto\/singular\/#primaryimage\",\"url\":\"https:\/\/forma5.com\/wp-content\/uploads\/Singular_01.png\",\"contentUrl\":\"https:\/\/forma5.com\/wp-content\/uploads\/Singular_01.png\",\"width\":800,\"height\":800},{\"@type\":\"BreadcrumbList\",\"@id\":\"https:\/\/forma5.com\/fr\/producto\/singular\/#breadcrumb\",\"itemListElement\":[{\"@type\":\"ListItem\",\"position\":1,\"name\":\"Portada\",\"item\":\"https:\/\/forma5.com\/fr\/\"},{\"@type\":\"ListItem\",\"position\":2,\"name\":\"Productos\",\"item\":\"https:\/\/forma5.com\/shop\/\"},{\"@type\":\"ListItem\",\"position\":3,\"name\":\"Singular\"}]},{\"@type\":\"WebSite\",\"@id\":\"https:\/\/forma5.com\/fr\/#website\",\"url\":\"https:\/\/forma5.com\/fr\/\",\"name\":\"Forma 5\",\"description\":\"\",\"publisher\":{\"@id\":\"https:\/\/forma5.com\/fr\/#organization\"},\"potentialAction\":[{\"@type\":\"SearchAction\",\"target\":{\"@type\":\"EntryPoint\",\"urlTemplate\":\"https:\/\/forma5.com\/fr\/?s={search_term_string}\"},\"query-input\":{\"@type\":\"PropertyValueSpecification\",\"valueRequired\":true,\"valueName\":\"search_term_string\"}}],\"inLanguage\":\"fr-FR\"},{\"@type\":\"Organization\",\"@id\":\"https:\/\/forma5.com\/fr\/#organization\",\"name\":\"Forma 5\",\"url\":\"https:\/\/forma5.com\/fr\/\",\"logo\":{\"@type\":\"ImageObject\",\"inLanguage\":\"fr-FR\",\"@id\":\"https:\/\/forma5.com\/fr\/#\/schema\/logo\/image\/\",\"url\":\"https:\/\/forma5.com\/wp-content\/uploads\/cropped-Logo-2D-Forma-5_BLACK.png\",\"contentUrl\":\"https:\/\/forma5.com\/wp-content\/uploads\/cropped-Logo-2D-Forma-5_BLACK.png\",\"width\":1129,\"height\":225,\"caption\":\"Forma 5\"},\"image\":{\"@id\":\"https:\/\/forma5.com\/fr\/#\/schema\/logo\/image\/\"}}]}<\/script>\n<!-- \/ Yoast SEO plugin. -->","yoast_head_json":{"title":"\u25b6 Si\u00e8ge visiteur polyvalent Singular - Forma 5","description":"Singular s\u2019adapte \u00e0 tout espace professionnel avec style, fonctionnalit\u00e9 et flexibilit\u00e9. D\u00e9couvrez-la et trouvez la version dont votre projet a besoin.","robots":{"index":"index","follow":"follow","max-snippet":"max-snippet:-1","max-image-preview":"max-image-preview:large","max-video-preview":"max-video-preview:-1"},"canonical":"https:\/\/forma5.com\/fr\/producto\/singular\/","og_locale":"fr_FR","og_type":"article","og_title":"\u25b6 Si\u00e8ge visiteur polyvalent Singular - Forma 5","og_description":"Singular s\u2019adapte \u00e0 tout espace professionnel avec style, fonctionnalit\u00e9 et flexibilit\u00e9. D\u00e9couvrez-la et trouvez la version dont votre projet a besoin.","og_url":"https:\/\/forma5.com\/fr\/producto\/singular\/","og_site_name":"Forma 5","article_modified_time":"2026-03-23T10:01:07+00:00","og_image":[{"width":800,"height":800,"url":"https:\/\/forma5.com\/wp-content\/uploads\/Singular_01.png","type":"image\/png"}],"twitter_card":"summary_large_image","twitter_misc":{"Dur\u00e9e de lecture estim\u00e9e":"1 minute"},"schema":{"@context":"https:\/\/schema.org","@graph":[{"@type":"WebPage","@id":"https:\/\/forma5.com\/fr\/producto\/singular\/","url":"https:\/\/forma5.com\/fr\/producto\/singular\/","name":"\u25b6 Si\u00e8ge visiteur polyvalent Singular - Forma 5","isPartOf":{"@id":"https:\/\/forma5.com\/fr\/#website"},"primaryImageOfPage":{"@id":"https:\/\/forma5.com\/fr\/producto\/singular\/#primaryimage"},"image":{"@id":"https:\/\/forma5.com\/fr\/producto\/singular\/#primaryimage"},"thumbnailUrl":"https:\/\/forma5.com\/wp-content\/uploads\/Singular_01.png","datePublished":"2026-03-03T11:39:35+00:00","dateModified":"2026-03-23T10:01:07+00:00","description":"Singular s\u2019adapte \u00e0 tout espace professionnel avec style, fonctionnalit\u00e9 et flexibilit\u00e9. D\u00e9couvrez-la et trouvez la version dont votre projet a besoin.","breadcrumb":{"@id":"https:\/\/forma5.com\/fr\/producto\/singular\/#breadcrumb"},"inLanguage":"fr-FR","potentialAction":[{"@type":"ReadAction","target":["https:\/\/forma5.com\/fr\/producto\/singular\/"]}]},{"@type":"ImageObject","inLanguage":"fr-FR","@id":"https:\/\/forma5.com\/fr\/producto\/singular\/#primaryimage","url":"https:\/\/forma5.com\/wp-content\/uploads\/Singular_01.png","contentUrl":"https:\/\/forma5.com\/wp-content\/uploads\/Singular_01.png","width":800,"height":800},{"@type":"BreadcrumbList","@id":"https:\/\/forma5.com\/fr\/producto\/singular\/#breadcrumb","itemListElement":[{"@type":"ListItem","position":1,"name":"Portada","item":"https:\/\/forma5.com\/fr\/"},{"@type":"ListItem","position":2,"name":"Productos","item":"https:\/\/forma5.com\/shop\/"},{"@type":"ListItem","position":3,"name":"Singular"}]},{"@type":"WebSite","@id":"https:\/\/forma5.com\/fr\/#website","url":"https:\/\/forma5.com\/fr\/","name":"Forma 5","description":"","publisher":{"@id":"https:\/\/forma5.com\/fr\/#organization"},"potentialAction":[{"@type":"SearchAction","target":{"@type":"EntryPoint","urlTemplate":"https:\/\/forma5.com\/fr\/?s={search_term_string}"},"query-input":{"@type":"PropertyValueSpecification","valueRequired":true,"valueName":"search_term_string"}}],"inLanguage":"fr-FR"},{"@type":"Organization","@id":"https:\/\/forma5.com\/fr\/#organization","name":"Forma 5","url":"https:\/\/forma5.com\/fr\/","logo":{"@type":"ImageObject","inLanguage":"fr-FR","@id":"https:\/\/forma5.com\/fr\/#\/schema\/logo\/image\/","url":"https:\/\/forma5.com\/wp-content\/uploads\/cropped-Logo-2D-Forma-5_BLACK.png","contentUrl":"https:\/\/forma5.com\/wp-content\/uploads\/cropped-Logo-2D-Forma-5_BLACK.png","width":1129,"height":225,"caption":"Forma 5"},"image":{"@id":"https:\/\/forma5.com\/fr\/#\/schema\/logo\/image\/"}}]}},"_links":{"self":[{"href":"https:\/\/forma5.com\/fr\/wp-json\/wp\/v2\/product\/10397","targetHints":{"allow":["GET"]}}],"collection":[{"href":"https:\/\/forma5.com\/fr\/wp-json\/wp\/v2\/product"}],"about":[{"href":"https:\/\/forma5.com\/fr\/wp-json\/wp\/v2\/types\/product"}],"acf:attachment":[{"embeddable":true,"href":"https:\/\/forma5.com\/fr\/wp-json\/wp\/v2\/media\/10628"},{"embeddable":true,"href":"https:\/\/forma5.com\/fr\/wp-json\/wp\/v2\/media\/10624"},{"embeddable":true,"href":"https:\/\/forma5.com\/fr\/wp-json\/wp\/v2\/media\/10620"},{"embeddable":true,"href":"https:\/\/forma5.com\/fr\/wp-json\/wp\/v2\/media\/10616"},{"embeddable":true,"href":"https:\/\/forma5.com\/fr\/wp-json\/wp\/v2\/media\/10583"},{"embeddable":true,"href":"https:\/\/forma5.com\/fr\/wp-json\/wp\/v2\/media\/10579"},{"embeddable":true,"href":"https:\/\/forma5.com\/fr\/wp-json\/wp\/v2\/media\/10575"},{"embeddable":true,"href":"https:\/\/forma5.com\/fr\/wp-json\/wp\/v2\/media\/10571"},{"embeddable":true,"href":"https:\/\/forma5.com\/fr\/wp-json\/wp\/v2\/media\/10567"},{"embeddable":true,"href":"https:\/\/forma5.com\/fr\/wp-json\/wp\/v2\/media\/10563"},{"embeddable":true,"href":"https:\/\/forma5.com\/fr\/wp-json\/wp\/v2\/media\/10559"},{"embeddable":true,"href":"https:\/\/forma5.com\/fr\/wp-json\/wp\/v2\/media\/10555"},{"embeddable":true,"href":"https:\/\/forma5.com\/fr\/wp-json\/wp\/v2\/media\/10551"},{"embeddable":true,"href":"https:\/\/forma5.com\/fr\/wp-json\/wp\/v2\/media\/10547"},{"embeddable":true,"href":"https:\/\/forma5.com\/fr\/wp-json\/wp\/v2\/media\/10543"},{"embeddable":true,"href":"https:\/\/forma5.com\/fr\/wp-json\/wp\/v2\/media\/10539"},{"embeddable":true,"href":"https:\/\/forma5.com\/fr\/wp-json\/wp\/v2\/media\/10535"},{"embeddable":true,"href":"https:\/\/forma5.com\/fr\/wp-json\/wp\/v2\/media\/10531"},{"embeddable":true,"href":"https:\/\/forma5.com\/fr\/wp-json\/wp\/v2\/media\/10527"},{"embeddable":true,"href":"https:\/\/forma5.com\/fr\/wp-json\/wp\/v2\/media\/10523"},{"embeddable":true,"href":"https:\/\/forma5.com\/fr\/wp-json\/wp\/v2\/media\/10519"},{"embeddable":true,"href":"https:\/\/forma5.com\/fr\/wp-json\/wp\/v2\/media\/10515"},{"embeddable":true,"href":"https:\/\/forma5.com\/fr\/wp-json\/wp\/v2\/media\/10511"},{"embeddable":true,"href":"https:\/\/forma5.com\/fr\/wp-json\/wp\/v2\/media\/10507"},{"embeddable":true,"href":"https:\/\/forma5.com\/fr\/wp-json\/wp\/v2\/media\/10503"},{"embeddable":true,"href":"https:\/\/forma5.com\/fr\/wp-json\/wp\/v2\/media\/10499"},{"embeddable":true,"href":"https:\/\/forma5.com\/fr\/wp-json\/wp\/v2\/media\/10495"},{"embeddable":true,"href":"https:\/\/forma5.com\/fr\/wp-json\/wp\/v2\/media\/10491"},{"embeddable":true,"href":"https:\/\/forma5.com\/fr\/wp-json\/wp\/v2\/media\/10487"},{"embeddable":true,"href":"https:\/\/forma5.com\/fr\/wp-json\/wp\/v2\/media\/10483"},{"embeddable":true,"href":"https:\/\/forma5.com\/fr\/wp-json\/wp\/v2\/media\/10479"},{"embeddable":true,"href":"https:\/\/forma5.com\/fr\/wp-json\/wp\/v2\/media\/10475"},{"embeddable":true,"href":"https:\/\/forma5.com\/fr\/wp-json\/wp\/v2\/media\/10471"},{"embeddable":true,"href":"https:\/\/forma5.com\/fr\/wp-json\/wp\/v2\/media\/10467"},{"embeddable":true,"href":"https:\/\/forma5.com\/fr\/wp-json\/wp\/v2\/media\/10463"},{"embeddable":true,"href":"https:\/\/forma5.com\/fr\/wp-json\/wp\/v2\/media\/10459"},{"embeddable":true,"href":"https:\/\/forma5.com\/fr\/wp-json\/wp\/v2\/media\/10455"},{"embeddable":true,"href":"https:\/\/forma5.com\/fr\/wp-json\/wp\/v2\/media\/10451"},{"embeddable":true,"href":"https:\/\/forma5.com\/fr\/wp-json\/wp\/v2\/media\/10447"},{"embeddable":true,"href":"https:\/\/forma5.com\/fr\/wp-json\/wp\/v2\/media\/10443"},{"embeddable":true,"href":"https:\/\/forma5.com\/fr\/wp-json\/wp\/v2\/media\/10439"},{"embeddable":true,"href":"https:\/\/forma5.com\/fr\/wp-json\/wp\/v2\/media\/10435"},{"embeddable":true,"href":"https:\/\/forma5.com\/fr\/wp-json\/wp\/v2\/media\/10431"},{"embeddable":true,"href":"https:\/\/forma5.com\/fr\/wp-json\/wp\/v2\/media\/10427"},{"embeddable":true,"href":"https:\/\/forma5.com\/fr\/wp-json\/wp\/v2\/media\/10423"},{"embeddable":true,"href":"https:\/\/forma5.com\/fr\/wp-json\/wp\/v2\/media\/10419"},{"embeddable":true,"href":"https:\/\/forma5.com\/fr\/wp-json\/wp\/v2\/media\/10415"},{"embeddable":true,"href":"https:\/\/forma5.com\/fr\/wp-json\/wp\/v2\/media\/10411"},{"embeddable":true,"href":"https:\/\/forma5.com\/fr\/wp-json\/wp\/v2\/media\/10392"},{"embeddable":true,"href":"https:\/\/forma5.com\/fr\/wp-json\/wp\/v2\/media\/7606"},{"embeddable":true,"href":"https:\/\/forma5.com\/fr\/wp-json\/wp\/v2\/media\/10383"},{"embeddable":true,"href":"https:\/\/forma5.com\/fr\/wp-json\/wp\/v2\/media\/10379"},{"embeddable":true,"href":"https:\/\/forma5.com\/fr\/wp-json\/wp\/v2\/media\/7836"},{"embeddable":true,"href":"https:\/\/forma5.com\/fr\/wp-json\/wp\/v2\/media\/7832"},{"embeddable":true,"href":"https:\/\/forma5.com\/fr\/wp-json\/wp\/v2\/media\/10388"},{"embeddable":true,"href":"https:\/\/forma5.com\/fr\/wp-json\/wp\/v2\/media\/7602"}],"acf:post":[{"embeddable":true,"href":"https:\/\/forma5.com\/fr\/wp-json\/wp\/v2\/disenador\/1042"}],"wp:featuredmedia":[{"embeddable":true,"href":"https:\/\/forma5.com\/fr\/wp-json\/wp\/v2\/media\/10405"}],"wp:attachment":[{"href":"https:\/\/forma5.com\/fr\/wp-json\/wp\/v2\/media?parent=10397"}],"wp:term":[{"taxonomy":"product_brand","embeddable":true,"href":"https:\/\/forma5.com\/fr\/wp-json\/wp\/v2\/product_brand?post=10397"},{"taxonomy":"product_cat","embeddable":true,"href":"https:\/\/forma5.com\/fr\/wp-json\/wp\/v2\/product_cat?post=10397"},{"taxonomy":"product_tag","embeddable":true,"href":"https:\/\/forma5.com\/fr\/wp-json\/wp\/v2\/product_tag?post=10397"}],"curies":[{"name":"wp","href":"https:\/\/api.w.org\/{rel}","templated":true}]}}