{"id":4888,"date":"2024-08-16T10:56:41","date_gmt":"2024-08-16T08:56:41","guid":{"rendered":"https:\/\/forma5.com\/producto\/non%20class\u00e9\/blanca-f25\/"},"modified":"2025-06-03T15:44:31","modified_gmt":"2025-06-03T13:44:31","slug":"f25","status":"publish","type":"product","link":"https:\/\/forma5.com\/fr\/tables-bureaux\/systemes\/f25\/","title":{"rendered":"F25"},"content":{"rendered":"<p><span data-sheets-root=\"1\">Seul un travail m\u00e9ticuleux permet de donner vie \u00e0 une id\u00e9e en la transformant en une forme visible, en la reliant \u00e0 l&rsquo;\u00eatre humain et en l&rsquo;int\u00e9grant dans le site, en la faisant partie d&rsquo;une composition unifi\u00e9e. <\/span><\/p>\n<p><span data-sheets-root=\"1\">Le r\u00e9sultat est une explosion d&rsquo;espaces ouverts et diaphanes, de fonctionnalit\u00e9, une pr\u00e9dominance de lignes droites et rationnelles, o\u00f9 rien ne vient perturber l&rsquo;atmosph\u00e8re sereine qui captive m\u00eame l&rsquo;observateur.<\/span><\/p>\n","protected":false},"excerpt":{"rendered":"<h2><span data-sheets-root=\"1\">Fonctionnalit\u00e9, lignes droites et rationnelles pour<em> les espaces ouverts<\/em>.<\/span><\/h2>\n","protected":false},"featured_media":4890,"template":"","meta":{"_acf_changed":false},"product_brand":[],"product_cat":[143,144],"product_tag":[],"class_list":{"0":"post-4888","1":"product","2":"type-product","3":"status-publish","4":"has-post-thumbnail","6":"product_cat-tables-bureaux","7":"product_cat-systemes","9":"first","10":"instock","11":"shipping-taxable","12":"product-type-simple"},"acf":{"bigger_product_image":["isBigger"],"background-text":"","product_designer":[1047],"inactive_designer_info":{"custom_designer_name":"","custom_designer_image":null},"scene_gallery":[3362,2602,3358,2604],"gallery_bg_color":"#a0a0a0","details_gallery":[{"slide_text":"<span data-sheets-root=\"1\">Le concept organique <strong>dynamise les bureaux<\/strong> et favorise les interactions entre les utilisateurs.<\/span>","slide_image":6736},{"slide_text":"<span data-sheets-root=\"1\">Ces tables peuvent \u00eatre \u00e9lectrifi\u00e9es et sont faciles \u00e0 assembler, <strong>ce qui permet de les agrandir \u00e0 l'infini<\/strong>.<\/span>","slide_image":2606}],"product_video":{"video_link":"https:\/\/vimeo.com\/995335410?share=copy","video_cover":2602},"product_downloads_path":"mesas-oficina\/escritorio","product_downloads":[{"select_file_type":"normal","file_type":"catalog","file_type_special":"","file_name":"C_f25.pdf","file_customlabel":"Cat\u00e1logo"},{"select_file_type":"normal","file_type":"technicalFeatures","file_type_special":"","file_name":"_CCTT_F25.pdf","file_customlabel":"Caracter\u00edsticas T\u00e9cnicas"},{"select_file_type":"normal","file_type":"productCertificate","file_type_special":"","file_name":"F25_rev04_Firmado.pdf","file_customlabel":"Certificado de Producto"},{"select_file_type":"normal","file_type":"images","file_type_special":"","file_name":"02_F25.zip","file_customlabel":"Im\u00e1genes"},{"select_file_type":"normal","file_type":"autocad","file_type_special":"","file_name":"F25.zip","file_customlabel":"Geometr\u00eda 3D"},{"select_file_type":"normal","file_type":"revitBim","file_type_special":"","file_name":"F25.zip","file_customlabel":"Revit\/BIM"}],"grid_image_gallery":null},"yoast_head":"<!-- This site is optimized with the Yoast SEO plugin v25.2 - https:\/\/yoast.com\/wordpress\/plugins\/seo\/ -->\n<title>\u25b6 D\u00e9couvrez &#039;F25&#039; : notre bureau blanc - Groupe Forma 5<\/title>\n<meta name=\"description\" content=\"D\u00e9couvrez &#039;F25&#039; : notre bureau blanc du Groupe Forma 5. Modernit\u00e9 et style pour votre espace de travail.\" \/>\n<meta name=\"robots\" content=\"index, follow, max-snippet:-1, max-image-preview:large, max-video-preview:-1\" \/>\n<link rel=\"canonical\" href=\"https:\/\/forma5.com\/fr\/tables-bureaux\/systemes\/f25\/\" \/>\n<meta property=\"og:locale\" content=\"fr_FR\" \/>\n<meta property=\"og:type\" content=\"article\" \/>\n<meta property=\"og:title\" content=\"\u25b6 D\u00e9couvrez &#039;F25&#039; : notre bureau blanc - Groupe Forma 5\" \/>\n<meta property=\"og:description\" content=\"D\u00e9couvrez &#039;F25&#039; : notre bureau blanc du Groupe Forma 5. Modernit\u00e9 et style pour votre espace de travail.\" \/>\n<meta property=\"og:url\" content=\"https:\/\/forma5.com\/fr\/tables-bureaux\/systemes\/f25\/\" \/>\n<meta property=\"og:site_name\" content=\"Forma 5\" \/>\n<meta property=\"article:modified_time\" content=\"2025-06-03T13:44:31+00:00\" \/>\n<meta property=\"og:image\" content=\"https:\/\/forma5.com\/wp-content\/uploads\/f25.webp\" \/>\n\t<meta property=\"og:image:width\" content=\"1200\" \/>\n\t<meta property=\"og:image:height\" content=\"1200\" \/>\n\t<meta property=\"og:image:type\" content=\"image\/webp\" \/>\n<meta name=\"twitter:card\" content=\"summary_large_image\" \/>\n<meta name=\"twitter:label1\" content=\"Dur\u00e9e de lecture estim\u00e9e\" \/>\n\t<meta name=\"twitter:data1\" content=\"1 minute\" \/>\n<script type=\"application\/ld+json\" class=\"yoast-schema-graph\">{\"@context\":\"https:\/\/schema.org\",\"@graph\":[{\"@type\":\"WebPage\",\"@id\":\"https:\/\/forma5.com\/fr\/tables-bureaux\/systemes\/f25\/\",\"url\":\"https:\/\/forma5.com\/fr\/tables-bureaux\/systemes\/f25\/\",\"name\":\"\u25b6 D\u00e9couvrez 'F25' : notre bureau blanc - Groupe Forma 5\",\"isPartOf\":{\"@id\":\"https:\/\/forma5.com\/fr\/#website\"},\"primaryImageOfPage\":{\"@id\":\"https:\/\/forma5.com\/fr\/tables-bureaux\/systemes\/f25\/#primaryimage\"},\"image\":{\"@id\":\"https:\/\/forma5.com\/fr\/tables-bureaux\/systemes\/f25\/#primaryimage\"},\"thumbnailUrl\":\"https:\/\/forma5.com\/wp-content\/uploads\/f25.webp\",\"datePublished\":\"2024-08-16T08:56:41+00:00\",\"dateModified\":\"2025-06-03T13:44:31+00:00\",\"description\":\"D\u00e9couvrez 'F25' : notre bureau blanc du Groupe Forma 5. Modernit\u00e9 et style pour votre espace de travail.\",\"breadcrumb\":{\"@id\":\"https:\/\/forma5.com\/fr\/tables-bureaux\/systemes\/f25\/#breadcrumb\"},\"inLanguage\":\"fr-FR\",\"potentialAction\":[{\"@type\":\"ReadAction\",\"target\":[\"https:\/\/forma5.com\/fr\/tables-bureaux\/systemes\/f25\/\"]}]},{\"@type\":\"ImageObject\",\"inLanguage\":\"fr-FR\",\"@id\":\"https:\/\/forma5.com\/fr\/tables-bureaux\/systemes\/f25\/#primaryimage\",\"url\":\"https:\/\/forma5.com\/wp-content\/uploads\/f25.webp\",\"contentUrl\":\"https:\/\/forma5.com\/wp-content\/uploads\/f25.webp\",\"width\":1200,\"height\":1200},{\"@type\":\"BreadcrumbList\",\"@id\":\"https:\/\/forma5.com\/fr\/tables-bureaux\/systemes\/f25\/#breadcrumb\",\"itemListElement\":[{\"@type\":\"ListItem\",\"position\":1,\"name\":\"Portada\",\"item\":\"https:\/\/forma5.com\/fr\/\"},{\"@type\":\"ListItem\",\"position\":2,\"name\":\"Productos\",\"item\":\"https:\/\/forma5.com\/shop\/\"},{\"@type\":\"ListItem\",\"position\":3,\"name\":\"F25\"}]},{\"@type\":\"WebSite\",\"@id\":\"https:\/\/forma5.com\/fr\/#website\",\"url\":\"https:\/\/forma5.com\/fr\/\",\"name\":\"Forma 5\",\"description\":\"\",\"publisher\":{\"@id\":\"https:\/\/forma5.com\/fr\/#organization\"},\"potentialAction\":[{\"@type\":\"SearchAction\",\"target\":{\"@type\":\"EntryPoint\",\"urlTemplate\":\"https:\/\/forma5.com\/fr\/?s={search_term_string}\"},\"query-input\":{\"@type\":\"PropertyValueSpecification\",\"valueRequired\":true,\"valueName\":\"search_term_string\"}}],\"inLanguage\":\"fr-FR\"},{\"@type\":\"Organization\",\"@id\":\"https:\/\/forma5.com\/fr\/#organization\",\"name\":\"Forma 5\",\"url\":\"https:\/\/forma5.com\/fr\/\",\"logo\":{\"@type\":\"ImageObject\",\"inLanguage\":\"fr-FR\",\"@id\":\"https:\/\/forma5.com\/fr\/#\/schema\/logo\/image\/\",\"url\":\"https:\/\/forma5.com\/wp-content\/uploads\/cropped-Logo-2D-Forma-5_BLACK.png\",\"contentUrl\":\"https:\/\/forma5.com\/wp-content\/uploads\/cropped-Logo-2D-Forma-5_BLACK.png\",\"width\":1129,\"height\":225,\"caption\":\"Forma 5\"},\"image\":{\"@id\":\"https:\/\/forma5.com\/fr\/#\/schema\/logo\/image\/\"}}]}<\/script>\n<!-- \/ Yoast SEO plugin. -->","yoast_head_json":{"title":"\u25b6 D\u00e9couvrez 'F25' : notre bureau blanc - Groupe Forma 5","description":"D\u00e9couvrez 'F25' : notre bureau blanc du Groupe Forma 5. Modernit\u00e9 et style pour votre espace de travail.","robots":{"index":"index","follow":"follow","max-snippet":"max-snippet:-1","max-image-preview":"max-image-preview:large","max-video-preview":"max-video-preview:-1"},"canonical":"https:\/\/forma5.com\/fr\/tables-bureaux\/systemes\/f25\/","og_locale":"fr_FR","og_type":"article","og_title":"\u25b6 D\u00e9couvrez 'F25' : notre bureau blanc - Groupe Forma 5","og_description":"D\u00e9couvrez 'F25' : notre bureau blanc du Groupe Forma 5. Modernit\u00e9 et style pour votre espace de travail.","og_url":"https:\/\/forma5.com\/fr\/tables-bureaux\/systemes\/f25\/","og_site_name":"Forma 5","article_modified_time":"2025-06-03T13:44:31+00:00","og_image":[{"width":1200,"height":1200,"url":"https:\/\/forma5.com\/wp-content\/uploads\/f25.webp","type":"image\/webp"}],"twitter_card":"summary_large_image","twitter_misc":{"Dur\u00e9e de lecture estim\u00e9e":"1 minute"},"schema":{"@context":"https:\/\/schema.org","@graph":[{"@type":"WebPage","@id":"https:\/\/forma5.com\/fr\/tables-bureaux\/systemes\/f25\/","url":"https:\/\/forma5.com\/fr\/tables-bureaux\/systemes\/f25\/","name":"\u25b6 D\u00e9couvrez 'F25' : notre bureau blanc - Groupe Forma 5","isPartOf":{"@id":"https:\/\/forma5.com\/fr\/#website"},"primaryImageOfPage":{"@id":"https:\/\/forma5.com\/fr\/tables-bureaux\/systemes\/f25\/#primaryimage"},"image":{"@id":"https:\/\/forma5.com\/fr\/tables-bureaux\/systemes\/f25\/#primaryimage"},"thumbnailUrl":"https:\/\/forma5.com\/wp-content\/uploads\/f25.webp","datePublished":"2024-08-16T08:56:41+00:00","dateModified":"2025-06-03T13:44:31+00:00","description":"D\u00e9couvrez 'F25' : notre bureau blanc du Groupe Forma 5. Modernit\u00e9 et style pour votre espace de travail.","breadcrumb":{"@id":"https:\/\/forma5.com\/fr\/tables-bureaux\/systemes\/f25\/#breadcrumb"},"inLanguage":"fr-FR","potentialAction":[{"@type":"ReadAction","target":["https:\/\/forma5.com\/fr\/tables-bureaux\/systemes\/f25\/"]}]},{"@type":"ImageObject","inLanguage":"fr-FR","@id":"https:\/\/forma5.com\/fr\/tables-bureaux\/systemes\/f25\/#primaryimage","url":"https:\/\/forma5.com\/wp-content\/uploads\/f25.webp","contentUrl":"https:\/\/forma5.com\/wp-content\/uploads\/f25.webp","width":1200,"height":1200},{"@type":"BreadcrumbList","@id":"https:\/\/forma5.com\/fr\/tables-bureaux\/systemes\/f25\/#breadcrumb","itemListElement":[{"@type":"ListItem","position":1,"name":"Portada","item":"https:\/\/forma5.com\/fr\/"},{"@type":"ListItem","position":2,"name":"Productos","item":"https:\/\/forma5.com\/shop\/"},{"@type":"ListItem","position":3,"name":"F25"}]},{"@type":"WebSite","@id":"https:\/\/forma5.com\/fr\/#website","url":"https:\/\/forma5.com\/fr\/","name":"Forma 5","description":"","publisher":{"@id":"https:\/\/forma5.com\/fr\/#organization"},"potentialAction":[{"@type":"SearchAction","target":{"@type":"EntryPoint","urlTemplate":"https:\/\/forma5.com\/fr\/?s={search_term_string}"},"query-input":{"@type":"PropertyValueSpecification","valueRequired":true,"valueName":"search_term_string"}}],"inLanguage":"fr-FR"},{"@type":"Organization","@id":"https:\/\/forma5.com\/fr\/#organization","name":"Forma 5","url":"https:\/\/forma5.com\/fr\/","logo":{"@type":"ImageObject","inLanguage":"fr-FR","@id":"https:\/\/forma5.com\/fr\/#\/schema\/logo\/image\/","url":"https:\/\/forma5.com\/wp-content\/uploads\/cropped-Logo-2D-Forma-5_BLACK.png","contentUrl":"https:\/\/forma5.com\/wp-content\/uploads\/cropped-Logo-2D-Forma-5_BLACK.png","width":1129,"height":225,"caption":"Forma 5"},"image":{"@id":"https:\/\/forma5.com\/fr\/#\/schema\/logo\/image\/"}}]}},"_links":{"self":[{"href":"https:\/\/forma5.com\/fr\/wp-json\/wp\/v2\/product\/4888","targetHints":{"allow":["GET"]}}],"collection":[{"href":"https:\/\/forma5.com\/fr\/wp-json\/wp\/v2\/product"}],"about":[{"href":"https:\/\/forma5.com\/fr\/wp-json\/wp\/v2\/types\/product"}],"acf:attachment":[{"embeddable":true,"href":"https:\/\/forma5.com\/fr\/wp-json\/wp\/v2\/media\/2604"},{"embeddable":true,"href":"https:\/\/forma5.com\/fr\/wp-json\/wp\/v2\/media\/3358"},{"embeddable":true,"href":"https:\/\/forma5.com\/fr\/wp-json\/wp\/v2\/media\/2602"},{"embeddable":true,"href":"https:\/\/forma5.com\/fr\/wp-json\/wp\/v2\/media\/3362"}],"acf:post":[{"embeddable":true,"href":"https:\/\/forma5.com\/fr\/wp-json\/wp\/v2\/disenador\/1047"}],"wp:featuredmedia":[{"embeddable":true,"href":"https:\/\/forma5.com\/fr\/wp-json\/wp\/v2\/media\/4890"}],"wp:attachment":[{"href":"https:\/\/forma5.com\/fr\/wp-json\/wp\/v2\/media?parent=4888"}],"wp:term":[{"taxonomy":"product_brand","embeddable":true,"href":"https:\/\/forma5.com\/fr\/wp-json\/wp\/v2\/product_brand?post=4888"},{"taxonomy":"product_cat","embeddable":true,"href":"https:\/\/forma5.com\/fr\/wp-json\/wp\/v2\/product_cat?post=4888"},{"taxonomy":"product_tag","embeddable":true,"href":"https:\/\/forma5.com\/fr\/wp-json\/wp\/v2\/product_tag?post=4888"}],"curies":[{"name":"wp","href":"https:\/\/api.w.org\/{rel}","templated":true}]}}