{"id":5027,"date":"2024-08-19T12:27:21","date_gmt":"2024-08-19T10:27:21","guid":{"rendered":"https:\/\/forma5.com\/producto\/non%20class\u00e9\/zama\/"},"modified":"2026-03-31T08:08:40","modified_gmt":"2026-03-31T06:08:40","slug":"zama","status":"publish","type":"product","link":"https:\/\/forma5.com\/fr\/tables-bureaux\/systemes\/zama\/","title":{"rendered":"Zama &#038; Zama Next"},"content":{"rendered":"<p><span data-sheets-root=\"1\">Fonctionnels et complets, les Zama &amp; Zama Next sont une alternative fiable permettant de r\u00e9aliser une large gamme de configurations offertes par les programmes de syst\u00e8mes, comme des tables simples et des bancs \u00e0 croissance illimit\u00e9e ou des tables simples avec ou sans ailes.<\/span><\/p>\n","protected":false},"excerpt":{"rendered":"<h2>Une alternative fiable pour une<em><span data-sheets-root=\"1\"> large gamme de configurations<\/span><\/em><\/h2>\n","protected":false},"featured_media":7985,"template":"","meta":{"_acf_changed":false},"product_brand":[],"product_cat":[143,144],"product_tag":[],"class_list":{"0":"post-5027","1":"product","2":"type-product","3":"status-publish","4":"has-post-thumbnail","6":"product_cat-tables-bureaux","7":"product_cat-systemes","9":"first","10":"instock","11":"shipping-taxable","12":"product-type-simple"},"acf":{"bigger_product_image":"","background-text":"","product_designer":[1024],"inactive_designer_info":{"custom_designer_name":"","custom_designer_image":null},"scene_gallery":[3384,2697,3381],"gallery_bg_color":"#bfbfbf","details_gallery":[{"slide_text":"D\u00e9couvrez un univers de <strong>couleurs<\/strong> !\r\n\r\n<strong>Zama Next<\/strong> propose quatre couleurs <a href=\"https:\/\/espattiobrand.com\/fr\/\" target=\"_blank\" rel=\"noopener\"><strong>esPattio<\/strong><\/a> pour ses structures : Bleu Atlantique, Vert Olive, Brun Ubrique et Terre Cuite Alhambra.","slide_image":8007},{"slide_text":"Optez pour un mobilier op\u00e9rationnel dot\u00e9 de personnalit\u00e9 et d\u2019\u00e2me pour vos projets en choisissant parmi les sept couleurs disponibles pour les structures de Zama Next. Personnaliser vos espaces de travail n\u2019a jamais \u00e9t\u00e9 aussi facile !","slide_image":8011},{"slide_text":"<span data-sheets-root=\"1\">L'espace est laiss\u00e9 ouvert, ce qui permet d'installer des syst\u00e8mes de croissance lat\u00e9rale et frontale sous forme de \u00ab bancs \u00bb. Cela garantit une bonne communication et une bonne interaction entre les \u00eelots, qui peuvent \u00eatre des d\u00e9partements ou des groupes de travail diff\u00e9rents. Zama &amp; Zama Next propose <strong>une large gamme d'accessoires tels que des cloisons, des tabliers ou des syst\u00e8mes d'\u00e9lectrification<\/strong>.<\/span>","slide_image":8015},{"slide_text":"Les deux versions de Zama r\u00e9pondent aux besoins des postes individuels gr\u00e2ce \u00e0 des configurations de bureaux de 80 cm de profondeur, avec la possibilit\u00e9 d\u2019ajouter une extension pour augmenter la surface de travail. Leur utilisation est pens\u00e9e tant pour les postes de contr\u00f4le et de coordination dans les open spaces que pour les bureaux ferm\u00e9s.","slide_image":8019}],"product_video":{"video_link":"","video_cover":""},"product_downloads_path":"mesas-oficina\/escritorio","product_downloads":[{"select_file_type":"normal","file_type":"catalog","file_type_special":"","file_name":"C_Zama.pdf","file_customlabel":"Catalogue"},{"select_file_type":"normal","file_type":"images","file_type_special":"","file_name":"12_Zama & Zama Next.zip","file_customlabel":"Images"},{"select_file_type":"normal","file_type":"autocad","file_type_special":"","file_name":"Zama.zip","file_customlabel":"Autocad"},{"select_file_type":"special","file_type":"technicalFeatures","file_type_special":"es\/caracteristicas-tecnicas\/mesas-oficina\/escritorio","file_name":"CCTT_Zama.pdf","file_customlabel":"Caract\u00e9ristiques techniques Zama"},{"select_file_type":"normal","file_type":"revitBim","file_type_special":"","file_name":"ZAMA.zip","file_customlabel":"Revit-BIM"},{"select_file_type":"normal","file_type":"autocad","file_type_special":"","file_name":"Zama next.zip","file_customlabel":"Autocad Zama Next"},{"select_file_type":"special","file_type":false,"file_type_special":"es\/certificados-producto\/mesas-oficina\/escritorio","file_name":"certificadoensayo","file_customlabel":"Certificat Zama (d\u00b4essai)"},{"select_file_type":"special","file_type":false,"file_type_special":"es\/certificados-producto\/mesas-oficina\/escritorio","file_name":"ZAMA_rev04_Firmado.pdf","file_customlabel":"Certificat de marque de qualit\u00e9 (Zama)"},{"select_file_type":"special","file_type":false,"file_type_special":"es\/otros-documentos\/documentos","file_name":"DAP_ZAMA_ESP.pdf","file_customlabel":"DAP"},{"select_file_type":"special","file_type":false,"file_type_special":"es\/caracteristicas-tecnicas\/mesas-oficina\/escritorio","file_name":"_CCTT_Zama_Next.pdf","file_customlabel":"Caract\u00e9ristiques techniques Zama"},{"select_file_type":"special","file_type":false,"file_type_special":"es\/certificados-producto\/mesas-oficina\/escritorio","file_name":"ZAMA_NEXT_rev03_Firmado.pdf","file_customlabel":"Certificat de marque de qualit\u00e9 (Zama Next)"}],"grid_image_gallery":[9760,9764,9776,9796,9800,9804,9808,9812,9816,9820,9824,9828]},"yoast_head":"<!-- This site is optimized with the Yoast SEO plugin v25.2 - https:\/\/yoast.com\/wordpress\/plugins\/seo\/ -->\n<title>\u25b6 D\u00e9couvrez &#039;Zama&#039; et &#039;Zama Next&#039; : nos Bench Desks - Groupe Forma 5<\/title>\n<meta name=\"description\" content=\"D\u00e9couvrez Zama et Zama Next : nos bureaux bench du groupe Forma 5. Des solutions efficaces pour les espaces de travail collaboratifs.\" \/>\n<meta name=\"robots\" content=\"index, follow, max-snippet:-1, max-image-preview:large, max-video-preview:-1\" \/>\n<link rel=\"canonical\" href=\"https:\/\/forma5.com\/fr\/tables-bureaux\/systemes\/zama\/\" \/>\n<meta property=\"og:locale\" content=\"fr_FR\" \/>\n<meta property=\"og:type\" content=\"article\" \/>\n<meta property=\"og:title\" content=\"\u25b6 D\u00e9couvrez &#039;Zama&#039; et &#039;Zama Next&#039; : nos Bench Desks - Groupe Forma 5\" \/>\n<meta property=\"og:description\" content=\"D\u00e9couvrez Zama et Zama Next : nos bureaux bench du groupe Forma 5. Des solutions efficaces pour les espaces de travail collaboratifs.\" \/>\n<meta property=\"og:url\" content=\"https:\/\/forma5.com\/fr\/tables-bureaux\/systemes\/zama\/\" \/>\n<meta property=\"og:site_name\" content=\"Forma 5\" \/>\n<meta property=\"article:modified_time\" content=\"2026-03-31T06:08:40+00:00\" \/>\n<meta property=\"og:image\" content=\"https:\/\/forma5.com\/wp-content\/uploads\/Zama-Next.png\" \/>\n\t<meta property=\"og:image:width\" content=\"800\" \/>\n\t<meta property=\"og:image:height\" content=\"800\" \/>\n\t<meta property=\"og:image:type\" content=\"image\/png\" \/>\n<meta name=\"twitter:card\" content=\"summary_large_image\" \/>\n<meta name=\"twitter:label1\" content=\"Dur\u00e9e de lecture estim\u00e9e\" \/>\n\t<meta name=\"twitter:data1\" content=\"1 minute\" \/>\n<script type=\"application\/ld+json\" class=\"yoast-schema-graph\">{\"@context\":\"https:\/\/schema.org\",\"@graph\":[{\"@type\":\"WebPage\",\"@id\":\"https:\/\/forma5.com\/fr\/tables-bureaux\/systemes\/zama\/\",\"url\":\"https:\/\/forma5.com\/fr\/tables-bureaux\/systemes\/zama\/\",\"name\":\"\u25b6 D\u00e9couvrez 'Zama' et 'Zama Next' : nos Bench Desks - Groupe Forma 5\",\"isPartOf\":{\"@id\":\"https:\/\/forma5.com\/fr\/#website\"},\"primaryImageOfPage\":{\"@id\":\"https:\/\/forma5.com\/fr\/tables-bureaux\/systemes\/zama\/#primaryimage\"},\"image\":{\"@id\":\"https:\/\/forma5.com\/fr\/tables-bureaux\/systemes\/zama\/#primaryimage\"},\"thumbnailUrl\":\"https:\/\/forma5.com\/wp-content\/uploads\/Zama-Next.png\",\"datePublished\":\"2024-08-19T10:27:21+00:00\",\"dateModified\":\"2026-03-31T06:08:40+00:00\",\"description\":\"D\u00e9couvrez Zama et Zama Next : nos bureaux bench du groupe Forma 5. Des solutions efficaces pour les espaces de travail collaboratifs.\",\"breadcrumb\":{\"@id\":\"https:\/\/forma5.com\/fr\/tables-bureaux\/systemes\/zama\/#breadcrumb\"},\"inLanguage\":\"fr-FR\",\"potentialAction\":[{\"@type\":\"ReadAction\",\"target\":[\"https:\/\/forma5.com\/fr\/tables-bureaux\/systemes\/zama\/\"]}]},{\"@type\":\"ImageObject\",\"inLanguage\":\"fr-FR\",\"@id\":\"https:\/\/forma5.com\/fr\/tables-bureaux\/systemes\/zama\/#primaryimage\",\"url\":\"https:\/\/forma5.com\/wp-content\/uploads\/Zama-Next.png\",\"contentUrl\":\"https:\/\/forma5.com\/wp-content\/uploads\/Zama-Next.png\",\"width\":800,\"height\":800},{\"@type\":\"BreadcrumbList\",\"@id\":\"https:\/\/forma5.com\/fr\/tables-bureaux\/systemes\/zama\/#breadcrumb\",\"itemListElement\":[{\"@type\":\"ListItem\",\"position\":1,\"name\":\"Portada\",\"item\":\"https:\/\/forma5.com\/fr\/\"},{\"@type\":\"ListItem\",\"position\":2,\"name\":\"Productos\",\"item\":\"https:\/\/forma5.com\/shop\/\"},{\"@type\":\"ListItem\",\"position\":3,\"name\":\"Zama &#038; Zama Next\"}]},{\"@type\":\"WebSite\",\"@id\":\"https:\/\/forma5.com\/fr\/#website\",\"url\":\"https:\/\/forma5.com\/fr\/\",\"name\":\"Forma 5\",\"description\":\"\",\"publisher\":{\"@id\":\"https:\/\/forma5.com\/fr\/#organization\"},\"potentialAction\":[{\"@type\":\"SearchAction\",\"target\":{\"@type\":\"EntryPoint\",\"urlTemplate\":\"https:\/\/forma5.com\/fr\/?s={search_term_string}\"},\"query-input\":{\"@type\":\"PropertyValueSpecification\",\"valueRequired\":true,\"valueName\":\"search_term_string\"}}],\"inLanguage\":\"fr-FR\"},{\"@type\":\"Organization\",\"@id\":\"https:\/\/forma5.com\/fr\/#organization\",\"name\":\"Forma 5\",\"url\":\"https:\/\/forma5.com\/fr\/\",\"logo\":{\"@type\":\"ImageObject\",\"inLanguage\":\"fr-FR\",\"@id\":\"https:\/\/forma5.com\/fr\/#\/schema\/logo\/image\/\",\"url\":\"https:\/\/forma5.com\/wp-content\/uploads\/cropped-Logo-2D-Forma-5_BLACK.png\",\"contentUrl\":\"https:\/\/forma5.com\/wp-content\/uploads\/cropped-Logo-2D-Forma-5_BLACK.png\",\"width\":1129,\"height\":225,\"caption\":\"Forma 5\"},\"image\":{\"@id\":\"https:\/\/forma5.com\/fr\/#\/schema\/logo\/image\/\"}}]}<\/script>\n<!-- \/ Yoast SEO plugin. -->","yoast_head_json":{"title":"\u25b6 D\u00e9couvrez 'Zama' et 'Zama Next' : nos Bench Desks - Groupe Forma 5","description":"D\u00e9couvrez Zama et Zama Next : nos bureaux bench du groupe Forma 5. Des solutions efficaces pour les espaces de travail collaboratifs.","robots":{"index":"index","follow":"follow","max-snippet":"max-snippet:-1","max-image-preview":"max-image-preview:large","max-video-preview":"max-video-preview:-1"},"canonical":"https:\/\/forma5.com\/fr\/tables-bureaux\/systemes\/zama\/","og_locale":"fr_FR","og_type":"article","og_title":"\u25b6 D\u00e9couvrez 'Zama' et 'Zama Next' : nos Bench Desks - Groupe Forma 5","og_description":"D\u00e9couvrez Zama et Zama Next : nos bureaux bench du groupe Forma 5. Des solutions efficaces pour les espaces de travail collaboratifs.","og_url":"https:\/\/forma5.com\/fr\/tables-bureaux\/systemes\/zama\/","og_site_name":"Forma 5","article_modified_time":"2026-03-31T06:08:40+00:00","og_image":[{"width":800,"height":800,"url":"https:\/\/forma5.com\/wp-content\/uploads\/Zama-Next.png","type":"image\/png"}],"twitter_card":"summary_large_image","twitter_misc":{"Dur\u00e9e de lecture estim\u00e9e":"1 minute"},"schema":{"@context":"https:\/\/schema.org","@graph":[{"@type":"WebPage","@id":"https:\/\/forma5.com\/fr\/tables-bureaux\/systemes\/zama\/","url":"https:\/\/forma5.com\/fr\/tables-bureaux\/systemes\/zama\/","name":"\u25b6 D\u00e9couvrez 'Zama' et 'Zama Next' : nos Bench Desks - Groupe Forma 5","isPartOf":{"@id":"https:\/\/forma5.com\/fr\/#website"},"primaryImageOfPage":{"@id":"https:\/\/forma5.com\/fr\/tables-bureaux\/systemes\/zama\/#primaryimage"},"image":{"@id":"https:\/\/forma5.com\/fr\/tables-bureaux\/systemes\/zama\/#primaryimage"},"thumbnailUrl":"https:\/\/forma5.com\/wp-content\/uploads\/Zama-Next.png","datePublished":"2024-08-19T10:27:21+00:00","dateModified":"2026-03-31T06:08:40+00:00","description":"D\u00e9couvrez Zama et Zama Next : nos bureaux bench du groupe Forma 5. Des solutions efficaces pour les espaces de travail collaboratifs.","breadcrumb":{"@id":"https:\/\/forma5.com\/fr\/tables-bureaux\/systemes\/zama\/#breadcrumb"},"inLanguage":"fr-FR","potentialAction":[{"@type":"ReadAction","target":["https:\/\/forma5.com\/fr\/tables-bureaux\/systemes\/zama\/"]}]},{"@type":"ImageObject","inLanguage":"fr-FR","@id":"https:\/\/forma5.com\/fr\/tables-bureaux\/systemes\/zama\/#primaryimage","url":"https:\/\/forma5.com\/wp-content\/uploads\/Zama-Next.png","contentUrl":"https:\/\/forma5.com\/wp-content\/uploads\/Zama-Next.png","width":800,"height":800},{"@type":"BreadcrumbList","@id":"https:\/\/forma5.com\/fr\/tables-bureaux\/systemes\/zama\/#breadcrumb","itemListElement":[{"@type":"ListItem","position":1,"name":"Portada","item":"https:\/\/forma5.com\/fr\/"},{"@type":"ListItem","position":2,"name":"Productos","item":"https:\/\/forma5.com\/shop\/"},{"@type":"ListItem","position":3,"name":"Zama &#038; Zama Next"}]},{"@type":"WebSite","@id":"https:\/\/forma5.com\/fr\/#website","url":"https:\/\/forma5.com\/fr\/","name":"Forma 5","description":"","publisher":{"@id":"https:\/\/forma5.com\/fr\/#organization"},"potentialAction":[{"@type":"SearchAction","target":{"@type":"EntryPoint","urlTemplate":"https:\/\/forma5.com\/fr\/?s={search_term_string}"},"query-input":{"@type":"PropertyValueSpecification","valueRequired":true,"valueName":"search_term_string"}}],"inLanguage":"fr-FR"},{"@type":"Organization","@id":"https:\/\/forma5.com\/fr\/#organization","name":"Forma 5","url":"https:\/\/forma5.com\/fr\/","logo":{"@type":"ImageObject","inLanguage":"fr-FR","@id":"https:\/\/forma5.com\/fr\/#\/schema\/logo\/image\/","url":"https:\/\/forma5.com\/wp-content\/uploads\/cropped-Logo-2D-Forma-5_BLACK.png","contentUrl":"https:\/\/forma5.com\/wp-content\/uploads\/cropped-Logo-2D-Forma-5_BLACK.png","width":1129,"height":225,"caption":"Forma 5"},"image":{"@id":"https:\/\/forma5.com\/fr\/#\/schema\/logo\/image\/"}}]}},"_links":{"self":[{"href":"https:\/\/forma5.com\/fr\/wp-json\/wp\/v2\/product\/5027","targetHints":{"allow":["GET"]}}],"collection":[{"href":"https:\/\/forma5.com\/fr\/wp-json\/wp\/v2\/product"}],"about":[{"href":"https:\/\/forma5.com\/fr\/wp-json\/wp\/v2\/types\/product"}],"acf:attachment":[{"embeddable":true,"href":"https:\/\/forma5.com\/fr\/wp-json\/wp\/v2\/media\/9828"},{"embeddable":true,"href":"https:\/\/forma5.com\/fr\/wp-json\/wp\/v2\/media\/9824"},{"embeddable":true,"href":"https:\/\/forma5.com\/fr\/wp-json\/wp\/v2\/media\/9820"},{"embeddable":true,"href":"https:\/\/forma5.com\/fr\/wp-json\/wp\/v2\/media\/9816"},{"embeddable":true,"href":"https:\/\/forma5.com\/fr\/wp-json\/wp\/v2\/media\/9812"},{"embeddable":true,"href":"https:\/\/forma5.com\/fr\/wp-json\/wp\/v2\/media\/9808"},{"embeddable":true,"href":"https:\/\/forma5.com\/fr\/wp-json\/wp\/v2\/media\/9804"},{"embeddable":true,"href":"https:\/\/forma5.com\/fr\/wp-json\/wp\/v2\/media\/9800"},{"embeddable":true,"href":"https:\/\/forma5.com\/fr\/wp-json\/wp\/v2\/media\/9796"},{"embeddable":true,"href":"https:\/\/forma5.com\/fr\/wp-json\/wp\/v2\/media\/9776"},{"embeddable":true,"href":"https:\/\/forma5.com\/fr\/wp-json\/wp\/v2\/media\/9764"},{"embeddable":true,"href":"https:\/\/forma5.com\/fr\/wp-json\/wp\/v2\/media\/9760"},{"embeddable":true,"href":"https:\/\/forma5.com\/fr\/wp-json\/wp\/v2\/media\/3381"},{"embeddable":true,"href":"https:\/\/forma5.com\/fr\/wp-json\/wp\/v2\/media\/2697"},{"embeddable":true,"href":"https:\/\/forma5.com\/fr\/wp-json\/wp\/v2\/media\/3384"}],"acf:post":[{"embeddable":true,"href":"https:\/\/forma5.com\/fr\/wp-json\/wp\/v2\/disenador\/1024"}],"wp:featuredmedia":[{"embeddable":true,"href":"https:\/\/forma5.com\/fr\/wp-json\/wp\/v2\/media\/7985"}],"wp:attachment":[{"href":"https:\/\/forma5.com\/fr\/wp-json\/wp\/v2\/media?parent=5027"}],"wp:term":[{"taxonomy":"product_brand","embeddable":true,"href":"https:\/\/forma5.com\/fr\/wp-json\/wp\/v2\/product_brand?post=5027"},{"taxonomy":"product_cat","embeddable":true,"href":"https:\/\/forma5.com\/fr\/wp-json\/wp\/v2\/product_cat?post=5027"},{"taxonomy":"product_tag","embeddable":true,"href":"https:\/\/forma5.com\/fr\/wp-json\/wp\/v2\/product_tag?post=5027"}],"curies":[{"name":"wp","href":"https:\/\/api.w.org\/{rel}","templated":true}]}}