{"id":5064,"date":"2025-01-14T15:09:07","date_gmt":"2025-01-14T14:09:07","guid":{"rendered":"https:\/\/forma5.com\/producto\/non%20class\u00e9\/escritorio-hexa\/"},"modified":"2025-05-27T15:17:49","modified_gmt":"2025-05-27T13:17:49","slug":"hexa","status":"publish","type":"product","link":"https:\/\/forma5.com\/fr\/tables-bureaux\/reunion-conference\/hexa\/","title":{"rendered":"Table de r\u00e9union Hexa"},"content":{"rendered":"<p><span data-sheets-root=\"1\">Gr\u00e2ce \u00e0 la g\u00e9om\u00e9trie de ses pieds en aluminium, ce bureau est une pi\u00e8ce unique et esth\u00e9tique. Au-del\u00e0 de son esth\u00e9tique, Hexa se distingue par sa fonctionnalit\u00e9 et une large gamme de finitions innovantes et \u00e9l\u00e9gantes qui apportent une touche de fra\u00eecheur et de personnalit\u00e9 aux espaces de travail modernes.<\/span><\/p>\n","protected":false},"excerpt":{"rendered":"<h2>Sa g\u00e9om\u00e9trie est <em>unique, diff\u00e9renci\u00e9e et esth\u00e9tique<\/em>.<\/h2>\n","protected":false},"featured_media":6425,"template":"","meta":{"_acf_changed":false},"product_brand":[],"product_cat":[143,149],"product_tag":[],"class_list":{"0":"post-5064","1":"product","2":"type-product","3":"status-publish","4":"has-post-thumbnail","6":"product_cat-tables-bureaux","7":"product_cat-reunion-conference","9":"first","10":"instock","11":"shipping-taxable","12":"product-type-simple"},"acf":{"bigger_product_image":["isBigger"],"background-text":"R\u00e9union","product_designer":[2309],"inactive_designer_info":{"custom_designer_name":"Ramos Bassols","custom_designer_image":2610},"scene_gallery":[4107,4109,4111],"gallery_bg_color":"#adadad","details_gallery":[{"slide_text":"<span data-sheets-root=\"1\">De nouveaux mat\u00e9riaux et des finitions innovantes font d'Hexa un choix exclusif pour le bureau moderne.<\/span>","slide_image":4113},{"slide_text":"<span data-sheets-root=\"1\">Le concept organique d'Hexa apporte du dynamisme au bureau et favorise une interaction fluide entre les utilisateurs.<\/span>\r\n\r\n&nbsp;","slide_image":4115}],"product_video":{"video_link":"","video_cover":""},"product_downloads_path":"mesas-oficina\/escritorio","product_downloads":[{"select_file_type":"normal","file_type":"catalog","file_type_special":"","file_name":"C_Hexa.pdf","file_customlabel":"Catalogue"},{"select_file_type":"normal","file_type":"productCertificate","file_type_special":"","file_name":"HEXA_rev02_Firmado.pdf","file_customlabel":"Certificat de produit"},{"select_file_type":"normal","file_type":"images","file_type_special":"","file_name":"03_Hexa.zip","file_customlabel":"Images"},{"select_file_type":"normal","file_type":"autocad","file_type_special":"","file_name":"Hexa - Meeting Table (3D - FBX)","file_customlabel":"G\u00e9om\u00e9trie 3D"},{"select_file_type":"normal","file_type":"revitBim","file_type_special":"","file_name":"HEXA MEETING","file_customlabel":"Revit\/BIM"}],"grid_image_gallery":null},"yoast_head":"<!-- This site is optimized with the Yoast SEO plugin v25.2 - https:\/\/yoast.com\/wordpress\/plugins\/seo\/ -->\n<title>\u25b6 D\u00e9couvrez &#039;Hexa&#039; : notre table de r\u00e9union pour les bureaux - Groupe Forma 5<\/title>\n<meta name=\"description\" content=\"Voici \u00ab Hexa \u00bb : notre table de r\u00e9union et bureau polyvalent du groupe Forma 5. Un m\u00e9lange parfait de design moderne pour votre espace de travail.\" \/>\n<meta name=\"robots\" content=\"index, follow, max-snippet:-1, max-image-preview:large, max-video-preview:-1\" \/>\n<link rel=\"canonical\" href=\"https:\/\/forma5.com\/fr\/tables-bureaux\/reunion-conference\/hexa\/\" \/>\n<meta property=\"og:locale\" content=\"fr_FR\" \/>\n<meta property=\"og:type\" content=\"article\" \/>\n<meta property=\"og:title\" content=\"\u25b6 D\u00e9couvrez &#039;Hexa&#039; : notre table de r\u00e9union pour les bureaux - Groupe Forma 5\" \/>\n<meta property=\"og:description\" content=\"Voici \u00ab Hexa \u00bb : notre table de r\u00e9union et bureau polyvalent du groupe Forma 5. Un m\u00e9lange parfait de design moderne pour votre espace de travail.\" \/>\n<meta property=\"og:url\" content=\"https:\/\/forma5.com\/fr\/tables-bureaux\/reunion-conference\/hexa\/\" \/>\n<meta property=\"og:site_name\" content=\"Forma 5\" \/>\n<meta property=\"article:modified_time\" content=\"2025-05-27T13:17:49+00:00\" \/>\n<meta property=\"og:image\" content=\"https:\/\/forma5.com\/wp-content\/uploads\/Retoque-Cuore-1.png\" \/>\n\t<meta property=\"og:image:width\" content=\"800\" \/>\n\t<meta property=\"og:image:height\" content=\"800\" \/>\n\t<meta property=\"og:image:type\" content=\"image\/png\" \/>\n<meta name=\"twitter:card\" content=\"summary_large_image\" \/>\n<meta name=\"twitter:label1\" content=\"Dur\u00e9e de lecture estim\u00e9e\" \/>\n\t<meta name=\"twitter:data1\" content=\"1 minute\" \/>\n<script type=\"application\/ld+json\" class=\"yoast-schema-graph\">{\"@context\":\"https:\/\/schema.org\",\"@graph\":[{\"@type\":\"WebPage\",\"@id\":\"https:\/\/forma5.com\/fr\/tables-bureaux\/reunion-conference\/hexa\/\",\"url\":\"https:\/\/forma5.com\/fr\/tables-bureaux\/reunion-conference\/hexa\/\",\"name\":\"\u25b6 D\u00e9couvrez 'Hexa' : notre table de r\u00e9union pour les bureaux - Groupe Forma 5\",\"isPartOf\":{\"@id\":\"https:\/\/forma5.com\/fr\/#website\"},\"primaryImageOfPage\":{\"@id\":\"https:\/\/forma5.com\/fr\/tables-bureaux\/reunion-conference\/hexa\/#primaryimage\"},\"image\":{\"@id\":\"https:\/\/forma5.com\/fr\/tables-bureaux\/reunion-conference\/hexa\/#primaryimage\"},\"thumbnailUrl\":\"https:\/\/forma5.com\/wp-content\/uploads\/Retoque-Cuore-1.png\",\"datePublished\":\"2025-01-14T14:09:07+00:00\",\"dateModified\":\"2025-05-27T13:17:49+00:00\",\"description\":\"Voici \u00ab Hexa \u00bb : notre table de r\u00e9union et bureau polyvalent du groupe Forma 5. Un m\u00e9lange parfait de design moderne pour votre espace de travail.\",\"breadcrumb\":{\"@id\":\"https:\/\/forma5.com\/fr\/tables-bureaux\/reunion-conference\/hexa\/#breadcrumb\"},\"inLanguage\":\"fr-FR\",\"potentialAction\":[{\"@type\":\"ReadAction\",\"target\":[\"https:\/\/forma5.com\/fr\/tables-bureaux\/reunion-conference\/hexa\/\"]}]},{\"@type\":\"ImageObject\",\"inLanguage\":\"fr-FR\",\"@id\":\"https:\/\/forma5.com\/fr\/tables-bureaux\/reunion-conference\/hexa\/#primaryimage\",\"url\":\"https:\/\/forma5.com\/wp-content\/uploads\/Retoque-Cuore-1.png\",\"contentUrl\":\"https:\/\/forma5.com\/wp-content\/uploads\/Retoque-Cuore-1.png\",\"width\":800,\"height\":800},{\"@type\":\"BreadcrumbList\",\"@id\":\"https:\/\/forma5.com\/fr\/tables-bureaux\/reunion-conference\/hexa\/#breadcrumb\",\"itemListElement\":[{\"@type\":\"ListItem\",\"position\":1,\"name\":\"Portada\",\"item\":\"https:\/\/forma5.com\/fr\/\"},{\"@type\":\"ListItem\",\"position\":2,\"name\":\"Productos\",\"item\":\"https:\/\/forma5.com\/shop\/\"},{\"@type\":\"ListItem\",\"position\":3,\"name\":\"Table de r\u00e9union Hexa\"}]},{\"@type\":\"WebSite\",\"@id\":\"https:\/\/forma5.com\/fr\/#website\",\"url\":\"https:\/\/forma5.com\/fr\/\",\"name\":\"Forma 5\",\"description\":\"\",\"publisher\":{\"@id\":\"https:\/\/forma5.com\/fr\/#organization\"},\"potentialAction\":[{\"@type\":\"SearchAction\",\"target\":{\"@type\":\"EntryPoint\",\"urlTemplate\":\"https:\/\/forma5.com\/fr\/?s={search_term_string}\"},\"query-input\":{\"@type\":\"PropertyValueSpecification\",\"valueRequired\":true,\"valueName\":\"search_term_string\"}}],\"inLanguage\":\"fr-FR\"},{\"@type\":\"Organization\",\"@id\":\"https:\/\/forma5.com\/fr\/#organization\",\"name\":\"Forma 5\",\"url\":\"https:\/\/forma5.com\/fr\/\",\"logo\":{\"@type\":\"ImageObject\",\"inLanguage\":\"fr-FR\",\"@id\":\"https:\/\/forma5.com\/fr\/#\/schema\/logo\/image\/\",\"url\":\"https:\/\/forma5.com\/wp-content\/uploads\/cropped-Logo-2D-Forma-5_BLACK.png\",\"contentUrl\":\"https:\/\/forma5.com\/wp-content\/uploads\/cropped-Logo-2D-Forma-5_BLACK.png\",\"width\":1129,\"height\":225,\"caption\":\"Forma 5\"},\"image\":{\"@id\":\"https:\/\/forma5.com\/fr\/#\/schema\/logo\/image\/\"}}]}<\/script>\n<!-- \/ Yoast SEO plugin. -->","yoast_head_json":{"title":"\u25b6 D\u00e9couvrez 'Hexa' : notre table de r\u00e9union pour les bureaux - Groupe Forma 5","description":"Voici \u00ab Hexa \u00bb : notre table de r\u00e9union et bureau polyvalent du groupe Forma 5. Un m\u00e9lange parfait de design moderne pour votre espace de travail.","robots":{"index":"index","follow":"follow","max-snippet":"max-snippet:-1","max-image-preview":"max-image-preview:large","max-video-preview":"max-video-preview:-1"},"canonical":"https:\/\/forma5.com\/fr\/tables-bureaux\/reunion-conference\/hexa\/","og_locale":"fr_FR","og_type":"article","og_title":"\u25b6 D\u00e9couvrez 'Hexa' : notre table de r\u00e9union pour les bureaux - Groupe Forma 5","og_description":"Voici \u00ab Hexa \u00bb : notre table de r\u00e9union et bureau polyvalent du groupe Forma 5. Un m\u00e9lange parfait de design moderne pour votre espace de travail.","og_url":"https:\/\/forma5.com\/fr\/tables-bureaux\/reunion-conference\/hexa\/","og_site_name":"Forma 5","article_modified_time":"2025-05-27T13:17:49+00:00","og_image":[{"width":800,"height":800,"url":"https:\/\/forma5.com\/wp-content\/uploads\/Retoque-Cuore-1.png","type":"image\/png"}],"twitter_card":"summary_large_image","twitter_misc":{"Dur\u00e9e de lecture estim\u00e9e":"1 minute"},"schema":{"@context":"https:\/\/schema.org","@graph":[{"@type":"WebPage","@id":"https:\/\/forma5.com\/fr\/tables-bureaux\/reunion-conference\/hexa\/","url":"https:\/\/forma5.com\/fr\/tables-bureaux\/reunion-conference\/hexa\/","name":"\u25b6 D\u00e9couvrez 'Hexa' : notre table de r\u00e9union pour les bureaux - Groupe Forma 5","isPartOf":{"@id":"https:\/\/forma5.com\/fr\/#website"},"primaryImageOfPage":{"@id":"https:\/\/forma5.com\/fr\/tables-bureaux\/reunion-conference\/hexa\/#primaryimage"},"image":{"@id":"https:\/\/forma5.com\/fr\/tables-bureaux\/reunion-conference\/hexa\/#primaryimage"},"thumbnailUrl":"https:\/\/forma5.com\/wp-content\/uploads\/Retoque-Cuore-1.png","datePublished":"2025-01-14T14:09:07+00:00","dateModified":"2025-05-27T13:17:49+00:00","description":"Voici \u00ab Hexa \u00bb : notre table de r\u00e9union et bureau polyvalent du groupe Forma 5. Un m\u00e9lange parfait de design moderne pour votre espace de travail.","breadcrumb":{"@id":"https:\/\/forma5.com\/fr\/tables-bureaux\/reunion-conference\/hexa\/#breadcrumb"},"inLanguage":"fr-FR","potentialAction":[{"@type":"ReadAction","target":["https:\/\/forma5.com\/fr\/tables-bureaux\/reunion-conference\/hexa\/"]}]},{"@type":"ImageObject","inLanguage":"fr-FR","@id":"https:\/\/forma5.com\/fr\/tables-bureaux\/reunion-conference\/hexa\/#primaryimage","url":"https:\/\/forma5.com\/wp-content\/uploads\/Retoque-Cuore-1.png","contentUrl":"https:\/\/forma5.com\/wp-content\/uploads\/Retoque-Cuore-1.png","width":800,"height":800},{"@type":"BreadcrumbList","@id":"https:\/\/forma5.com\/fr\/tables-bureaux\/reunion-conference\/hexa\/#breadcrumb","itemListElement":[{"@type":"ListItem","position":1,"name":"Portada","item":"https:\/\/forma5.com\/fr\/"},{"@type":"ListItem","position":2,"name":"Productos","item":"https:\/\/forma5.com\/shop\/"},{"@type":"ListItem","position":3,"name":"Table de r\u00e9union Hexa"}]},{"@type":"WebSite","@id":"https:\/\/forma5.com\/fr\/#website","url":"https:\/\/forma5.com\/fr\/","name":"Forma 5","description":"","publisher":{"@id":"https:\/\/forma5.com\/fr\/#organization"},"potentialAction":[{"@type":"SearchAction","target":{"@type":"EntryPoint","urlTemplate":"https:\/\/forma5.com\/fr\/?s={search_term_string}"},"query-input":{"@type":"PropertyValueSpecification","valueRequired":true,"valueName":"search_term_string"}}],"inLanguage":"fr-FR"},{"@type":"Organization","@id":"https:\/\/forma5.com\/fr\/#organization","name":"Forma 5","url":"https:\/\/forma5.com\/fr\/","logo":{"@type":"ImageObject","inLanguage":"fr-FR","@id":"https:\/\/forma5.com\/fr\/#\/schema\/logo\/image\/","url":"https:\/\/forma5.com\/wp-content\/uploads\/cropped-Logo-2D-Forma-5_BLACK.png","contentUrl":"https:\/\/forma5.com\/wp-content\/uploads\/cropped-Logo-2D-Forma-5_BLACK.png","width":1129,"height":225,"caption":"Forma 5"},"image":{"@id":"https:\/\/forma5.com\/fr\/#\/schema\/logo\/image\/"}}]}},"_links":{"self":[{"href":"https:\/\/forma5.com\/fr\/wp-json\/wp\/v2\/product\/5064","targetHints":{"allow":["GET"]}}],"collection":[{"href":"https:\/\/forma5.com\/fr\/wp-json\/wp\/v2\/product"}],"about":[{"href":"https:\/\/forma5.com\/fr\/wp-json\/wp\/v2\/types\/product"}],"acf:attachment":[{"embeddable":true,"href":"https:\/\/forma5.com\/fr\/wp-json\/wp\/v2\/media\/4111"},{"embeddable":true,"href":"https:\/\/forma5.com\/fr\/wp-json\/wp\/v2\/media\/4109"},{"embeddable":true,"href":"https:\/\/forma5.com\/fr\/wp-json\/wp\/v2\/media\/4107"}],"acf:post":[{"embeddable":true,"href":"https:\/\/forma5.com\/fr\/wp-json\/wp\/v2\/disenador\/2309"}],"wp:featuredmedia":[{"embeddable":true,"href":"https:\/\/forma5.com\/fr\/wp-json\/wp\/v2\/media\/6425"}],"wp:attachment":[{"href":"https:\/\/forma5.com\/fr\/wp-json\/wp\/v2\/media?parent=5064"}],"wp:term":[{"taxonomy":"product_brand","embeddable":true,"href":"https:\/\/forma5.com\/fr\/wp-json\/wp\/v2\/product_brand?post=5064"},{"taxonomy":"product_cat","embeddable":true,"href":"https:\/\/forma5.com\/fr\/wp-json\/wp\/v2\/product_cat?post=5064"},{"taxonomy":"product_tag","embeddable":true,"href":"https:\/\/forma5.com\/fr\/wp-json\/wp\/v2\/product_tag?post=5064"}],"curies":[{"name":"wp","href":"https:\/\/api.w.org\/{rel}","templated":true}]}}