{"id":5154,"date":"2024-08-22T09:02:06","date_gmt":"2024-08-22T07:02:06","guid":{"rendered":"https:\/\/forma5.com\/producto\/non%20class\u00e9\/estanterja-madera-serie-cubo\/"},"modified":"2025-06-04T09:32:06","modified_gmt":"2025-06-04T07:32:06","slug":"cubo-quorum-system","status":"publish","type":"product","link":"https:\/\/forma5.com\/fr\/tables-bureaux\/stockage\/cubo-quorum-system\/","title":{"rendered":"Rangement &lsquo;Cubo Quorum&rsquo; &#038; &lsquo;Cubo System&rsquo;"},"content":{"rendered":"<p><span data-sheets-root=\"1\">Le design des armoires du syst\u00e8me Cubo, gr\u00e2ce aux diff\u00e9rentes configurations disponibles, permet de cr\u00e9er un espace fonctionnel, esth\u00e9tique et visuel de grande qualit\u00e9. Le syst\u00e8me Cubo offre la m\u00eame fonctionnalit\u00e9 et la m\u00eame esth\u00e9tique pour les zones op\u00e9rationnelles et ex\u00e9cutives. Il est disponible en trois et quatre largeurs de corps et en deux hauteurs. Pour compenser l&rsquo;absence de poign\u00e9es, les portes en bois sont \u00e9quip\u00e9es d&rsquo;un syst\u00e8me d&rsquo;ouverture par pression qui facilite la man\u0153uvre.<\/span><\/p>\n","protected":false},"excerpt":{"rendered":"<h2><span data-sheets-root=\"1\">Le bon choix pour une <em>utilisation quotidienne<\/em><\/span><\/h2>\n","protected":false},"featured_media":5156,"template":"","meta":{"_acf_changed":false},"product_brand":[],"product_cat":[150],"product_tag":[],"class_list":{"0":"post-5154","1":"product","2":"type-product","3":"status-publish","4":"has-post-thumbnail","6":"product_cat-stockage","8":"first","9":"instock","10":"shipping-taxable","11":"product-type-simple"},"acf":{"bigger_product_image":"","background-text":"Quorum","product_designer":[1047],"inactive_designer_info":{"custom_designer_name":"","custom_designer_image":null},"scene_gallery":[2829,3523,3525],"gallery_bg_color":"#595959","details_gallery":[{"slide_text":"<span data-sheets-root=\"1\">Une large gamme de tailles est disponible, <strong>avec la possibilit\u00e9 d'augmenter la hauteur<\/strong>.<\/span>","slide_image":2831}],"product_video":{"video_link":"","video_cover":""},"product_downloads_path":"almacenaje","product_downloads":[{"select_file_type":"normal","file_type":"catalog","file_type_special":"","file_name":"Vektor_Cubo_Quorum.pdf","file_customlabel":"Catalogue Vektor"},{"select_file_type":"normal","file_type":"technicalFeatures","file_type_special":"","file_name":"_CCTT_Cubo_System.pdf","file_customlabel":"Caract\u00e9ristiques Techniques"},{"select_file_type":"normal","file_type":"images","file_type_special":"","file_name":"03_Armarios Cubo Quorum & Cubo System.zip","file_customlabel":"Images"},{"select_file_type":"normal","file_type":"revitBim","file_type_special":"","file_name":"CUBO_SYSTEM.zip","file_customlabel":"G\u00e9om\u00e9trie Revit\/BIM"}],"grid_image_gallery":null},"yoast_head":"<!-- This site is optimized with the Yoast SEO plugin v25.2 - https:\/\/yoast.com\/wordpress\/plugins\/seo\/ -->\n<title>\u25b6 D\u00e9couvrez nos armoires de rangement pour votre bureau - Groupe Forma 5<\/title>\n<meta name=\"description\" content=\"D\u00e9couvrez nos armoires de bureau basses en bois des s\u00e9ries Quorum et System du groupe Forma 5. Style et fonctionnalit\u00e9 pour votre espace de travail.\" \/>\n<meta name=\"robots\" content=\"index, follow, max-snippet:-1, max-image-preview:large, max-video-preview:-1\" \/>\n<link rel=\"canonical\" href=\"https:\/\/forma5.com\/fr\/tables-bureaux\/stockage\/cubo-quorum-system\/\" \/>\n<meta property=\"og:locale\" content=\"fr_FR\" \/>\n<meta property=\"og:type\" content=\"article\" \/>\n<meta property=\"og:title\" content=\"\u25b6 D\u00e9couvrez nos armoires de rangement pour votre bureau - Groupe Forma 5\" \/>\n<meta property=\"og:description\" content=\"D\u00e9couvrez nos armoires de bureau basses en bois des s\u00e9ries Quorum et System du groupe Forma 5. Style et fonctionnalit\u00e9 pour votre espace de travail.\" \/>\n<meta property=\"og:url\" content=\"https:\/\/forma5.com\/fr\/tables-bureaux\/stockage\/cubo-quorum-system\/\" \/>\n<meta property=\"og:site_name\" content=\"Forma 5\" \/>\n<meta property=\"article:modified_time\" content=\"2025-06-04T07:32:06+00:00\" \/>\n<meta property=\"og:image\" content=\"https:\/\/forma5.com\/wp-content\/uploads\/cubo.webp\" \/>\n\t<meta property=\"og:image:width\" content=\"1200\" \/>\n\t<meta property=\"og:image:height\" content=\"1200\" \/>\n\t<meta property=\"og:image:type\" content=\"image\/webp\" \/>\n<meta name=\"twitter:card\" content=\"summary_large_image\" \/>\n<meta name=\"twitter:label1\" content=\"Dur\u00e9e de lecture estim\u00e9e\" \/>\n\t<meta name=\"twitter:data1\" content=\"1 minute\" \/>\n<script type=\"application\/ld+json\" class=\"yoast-schema-graph\">{\"@context\":\"https:\/\/schema.org\",\"@graph\":[{\"@type\":\"WebPage\",\"@id\":\"https:\/\/forma5.com\/fr\/tables-bureaux\/stockage\/cubo-quorum-system\/\",\"url\":\"https:\/\/forma5.com\/fr\/tables-bureaux\/stockage\/cubo-quorum-system\/\",\"name\":\"\u25b6 D\u00e9couvrez nos armoires de rangement pour votre bureau - Groupe Forma 5\",\"isPartOf\":{\"@id\":\"https:\/\/forma5.com\/fr\/#website\"},\"primaryImageOfPage\":{\"@id\":\"https:\/\/forma5.com\/fr\/tables-bureaux\/stockage\/cubo-quorum-system\/#primaryimage\"},\"image\":{\"@id\":\"https:\/\/forma5.com\/fr\/tables-bureaux\/stockage\/cubo-quorum-system\/#primaryimage\"},\"thumbnailUrl\":\"https:\/\/forma5.com\/wp-content\/uploads\/cubo.webp\",\"datePublished\":\"2024-08-22T07:02:06+00:00\",\"dateModified\":\"2025-06-04T07:32:06+00:00\",\"description\":\"D\u00e9couvrez nos armoires de bureau basses en bois des s\u00e9ries Quorum et System du groupe Forma 5. Style et fonctionnalit\u00e9 pour votre espace de travail.\",\"breadcrumb\":{\"@id\":\"https:\/\/forma5.com\/fr\/tables-bureaux\/stockage\/cubo-quorum-system\/#breadcrumb\"},\"inLanguage\":\"fr-FR\",\"potentialAction\":[{\"@type\":\"ReadAction\",\"target\":[\"https:\/\/forma5.com\/fr\/tables-bureaux\/stockage\/cubo-quorum-system\/\"]}]},{\"@type\":\"ImageObject\",\"inLanguage\":\"fr-FR\",\"@id\":\"https:\/\/forma5.com\/fr\/tables-bureaux\/stockage\/cubo-quorum-system\/#primaryimage\",\"url\":\"https:\/\/forma5.com\/wp-content\/uploads\/cubo.webp\",\"contentUrl\":\"https:\/\/forma5.com\/wp-content\/uploads\/cubo.webp\",\"width\":1200,\"height\":1200},{\"@type\":\"BreadcrumbList\",\"@id\":\"https:\/\/forma5.com\/fr\/tables-bureaux\/stockage\/cubo-quorum-system\/#breadcrumb\",\"itemListElement\":[{\"@type\":\"ListItem\",\"position\":1,\"name\":\"Portada\",\"item\":\"https:\/\/forma5.com\/fr\/\"},{\"@type\":\"ListItem\",\"position\":2,\"name\":\"Productos\",\"item\":\"https:\/\/forma5.com\/shop\/\"},{\"@type\":\"ListItem\",\"position\":3,\"name\":\"Rangement &#8216;Cubo Quorum&#8217; &#038; &#8216;Cubo System&#8217;\"}]},{\"@type\":\"WebSite\",\"@id\":\"https:\/\/forma5.com\/fr\/#website\",\"url\":\"https:\/\/forma5.com\/fr\/\",\"name\":\"Forma 5\",\"description\":\"\",\"publisher\":{\"@id\":\"https:\/\/forma5.com\/fr\/#organization\"},\"potentialAction\":[{\"@type\":\"SearchAction\",\"target\":{\"@type\":\"EntryPoint\",\"urlTemplate\":\"https:\/\/forma5.com\/fr\/?s={search_term_string}\"},\"query-input\":{\"@type\":\"PropertyValueSpecification\",\"valueRequired\":true,\"valueName\":\"search_term_string\"}}],\"inLanguage\":\"fr-FR\"},{\"@type\":\"Organization\",\"@id\":\"https:\/\/forma5.com\/fr\/#organization\",\"name\":\"Forma 5\",\"url\":\"https:\/\/forma5.com\/fr\/\",\"logo\":{\"@type\":\"ImageObject\",\"inLanguage\":\"fr-FR\",\"@id\":\"https:\/\/forma5.com\/fr\/#\/schema\/logo\/image\/\",\"url\":\"https:\/\/forma5.com\/wp-content\/uploads\/cropped-Logo-2D-Forma-5_BLACK.png\",\"contentUrl\":\"https:\/\/forma5.com\/wp-content\/uploads\/cropped-Logo-2D-Forma-5_BLACK.png\",\"width\":1129,\"height\":225,\"caption\":\"Forma 5\"},\"image\":{\"@id\":\"https:\/\/forma5.com\/fr\/#\/schema\/logo\/image\/\"}}]}<\/script>\n<!-- \/ Yoast SEO plugin. -->","yoast_head_json":{"title":"\u25b6 D\u00e9couvrez nos armoires de rangement pour votre bureau - Groupe Forma 5","description":"D\u00e9couvrez nos armoires de bureau basses en bois des s\u00e9ries Quorum et System du groupe Forma 5. Style et fonctionnalit\u00e9 pour votre espace de travail.","robots":{"index":"index","follow":"follow","max-snippet":"max-snippet:-1","max-image-preview":"max-image-preview:large","max-video-preview":"max-video-preview:-1"},"canonical":"https:\/\/forma5.com\/fr\/tables-bureaux\/stockage\/cubo-quorum-system\/","og_locale":"fr_FR","og_type":"article","og_title":"\u25b6 D\u00e9couvrez nos armoires de rangement pour votre bureau - Groupe Forma 5","og_description":"D\u00e9couvrez nos armoires de bureau basses en bois des s\u00e9ries Quorum et System du groupe Forma 5. Style et fonctionnalit\u00e9 pour votre espace de travail.","og_url":"https:\/\/forma5.com\/fr\/tables-bureaux\/stockage\/cubo-quorum-system\/","og_site_name":"Forma 5","article_modified_time":"2025-06-04T07:32:06+00:00","og_image":[{"width":1200,"height":1200,"url":"https:\/\/forma5.com\/wp-content\/uploads\/cubo.webp","type":"image\/webp"}],"twitter_card":"summary_large_image","twitter_misc":{"Dur\u00e9e de lecture estim\u00e9e":"1 minute"},"schema":{"@context":"https:\/\/schema.org","@graph":[{"@type":"WebPage","@id":"https:\/\/forma5.com\/fr\/tables-bureaux\/stockage\/cubo-quorum-system\/","url":"https:\/\/forma5.com\/fr\/tables-bureaux\/stockage\/cubo-quorum-system\/","name":"\u25b6 D\u00e9couvrez nos armoires de rangement pour votre bureau - Groupe Forma 5","isPartOf":{"@id":"https:\/\/forma5.com\/fr\/#website"},"primaryImageOfPage":{"@id":"https:\/\/forma5.com\/fr\/tables-bureaux\/stockage\/cubo-quorum-system\/#primaryimage"},"image":{"@id":"https:\/\/forma5.com\/fr\/tables-bureaux\/stockage\/cubo-quorum-system\/#primaryimage"},"thumbnailUrl":"https:\/\/forma5.com\/wp-content\/uploads\/cubo.webp","datePublished":"2024-08-22T07:02:06+00:00","dateModified":"2025-06-04T07:32:06+00:00","description":"D\u00e9couvrez nos armoires de bureau basses en bois des s\u00e9ries Quorum et System du groupe Forma 5. Style et fonctionnalit\u00e9 pour votre espace de travail.","breadcrumb":{"@id":"https:\/\/forma5.com\/fr\/tables-bureaux\/stockage\/cubo-quorum-system\/#breadcrumb"},"inLanguage":"fr-FR","potentialAction":[{"@type":"ReadAction","target":["https:\/\/forma5.com\/fr\/tables-bureaux\/stockage\/cubo-quorum-system\/"]}]},{"@type":"ImageObject","inLanguage":"fr-FR","@id":"https:\/\/forma5.com\/fr\/tables-bureaux\/stockage\/cubo-quorum-system\/#primaryimage","url":"https:\/\/forma5.com\/wp-content\/uploads\/cubo.webp","contentUrl":"https:\/\/forma5.com\/wp-content\/uploads\/cubo.webp","width":1200,"height":1200},{"@type":"BreadcrumbList","@id":"https:\/\/forma5.com\/fr\/tables-bureaux\/stockage\/cubo-quorum-system\/#breadcrumb","itemListElement":[{"@type":"ListItem","position":1,"name":"Portada","item":"https:\/\/forma5.com\/fr\/"},{"@type":"ListItem","position":2,"name":"Productos","item":"https:\/\/forma5.com\/shop\/"},{"@type":"ListItem","position":3,"name":"Rangement &#8216;Cubo Quorum&#8217; &#038; &#8216;Cubo System&#8217;"}]},{"@type":"WebSite","@id":"https:\/\/forma5.com\/fr\/#website","url":"https:\/\/forma5.com\/fr\/","name":"Forma 5","description":"","publisher":{"@id":"https:\/\/forma5.com\/fr\/#organization"},"potentialAction":[{"@type":"SearchAction","target":{"@type":"EntryPoint","urlTemplate":"https:\/\/forma5.com\/fr\/?s={search_term_string}"},"query-input":{"@type":"PropertyValueSpecification","valueRequired":true,"valueName":"search_term_string"}}],"inLanguage":"fr-FR"},{"@type":"Organization","@id":"https:\/\/forma5.com\/fr\/#organization","name":"Forma 5","url":"https:\/\/forma5.com\/fr\/","logo":{"@type":"ImageObject","inLanguage":"fr-FR","@id":"https:\/\/forma5.com\/fr\/#\/schema\/logo\/image\/","url":"https:\/\/forma5.com\/wp-content\/uploads\/cropped-Logo-2D-Forma-5_BLACK.png","contentUrl":"https:\/\/forma5.com\/wp-content\/uploads\/cropped-Logo-2D-Forma-5_BLACK.png","width":1129,"height":225,"caption":"Forma 5"},"image":{"@id":"https:\/\/forma5.com\/fr\/#\/schema\/logo\/image\/"}}]}},"_links":{"self":[{"href":"https:\/\/forma5.com\/fr\/wp-json\/wp\/v2\/product\/5154","targetHints":{"allow":["GET"]}}],"collection":[{"href":"https:\/\/forma5.com\/fr\/wp-json\/wp\/v2\/product"}],"about":[{"href":"https:\/\/forma5.com\/fr\/wp-json\/wp\/v2\/types\/product"}],"acf:attachment":[{"embeddable":true,"href":"https:\/\/forma5.com\/fr\/wp-json\/wp\/v2\/media\/3525"},{"embeddable":true,"href":"https:\/\/forma5.com\/fr\/wp-json\/wp\/v2\/media\/3523"},{"embeddable":true,"href":"https:\/\/forma5.com\/fr\/wp-json\/wp\/v2\/media\/2829"}],"acf:post":[{"embeddable":true,"href":"https:\/\/forma5.com\/fr\/wp-json\/wp\/v2\/disenador\/1047"}],"wp:featuredmedia":[{"embeddable":true,"href":"https:\/\/forma5.com\/fr\/wp-json\/wp\/v2\/media\/5156"}],"wp:attachment":[{"href":"https:\/\/forma5.com\/fr\/wp-json\/wp\/v2\/media?parent=5154"}],"wp:term":[{"taxonomy":"product_brand","embeddable":true,"href":"https:\/\/forma5.com\/fr\/wp-json\/wp\/v2\/product_brand?post=5154"},{"taxonomy":"product_cat","embeddable":true,"href":"https:\/\/forma5.com\/fr\/wp-json\/wp\/v2\/product_cat?post=5154"},{"taxonomy":"product_tag","embeddable":true,"href":"https:\/\/forma5.com\/fr\/wp-json\/wp\/v2\/product_tag?post=5154"}],"curies":[{"name":"wp","href":"https:\/\/api.w.org\/{rel}","templated":true}]}}