{"id":5166,"date":"2024-08-22T09:26:51","date_gmt":"2024-08-22T07:26:51","guid":{"rendered":"https:\/\/forma5.com\/producto\/non%20class\u00e9\/cajoneras-metalica-madera\/"},"modified":"2025-06-20T11:38:22","modified_gmt":"2025-06-20T09:38:22","slug":"caissons","status":"publish","type":"product","link":"https:\/\/forma5.com\/fr\/tables-bureaux\/stockage\/caissons\/","title":{"rendered":"Caissons (M\u00e9talliques \/ M\u00e9lamin)"},"content":{"rendered":"<p><span data-sheets-root=\"1\">La vaste gamme de blocs-tiroirs de Forma 5 r\u00e9pond \u00e0 tous les besoins du bureau. La gamme Bucs comprend des blocs-tiroirs roulants, des blocs-tiroirs suspendus, des caissons, des supports de table et des supports d&rsquo;unit\u00e9 centrale. Outre la capacit\u00e9 de stockage, les Bucs de Forma 5 contribuent \u00e0 l&rsquo;architecture du poste de travail en optimisant l&rsquo;espace qu&rsquo;ils occupent et en facilitant leur nettoyage.<\/span><\/p>\n<div class=\"designer\">\n<div class=\"product-designers\">\n<p>&nbsp;<\/p>\n<\/div>\n<\/div>\n","protected":false},"excerpt":{"rendered":"<h2><span data-sheets-root=\"1\">Caissons <em>fonctionnels et diff\u00e9rents types<\/em> de caissons pour le lieu de travail<\/span><\/h2>\n","protected":false},"featured_media":5168,"template":"","meta":{"_acf_changed":false},"product_brand":[],"product_cat":[150],"product_tag":[],"class_list":{"0":"post-5166","1":"product","2":"type-product","3":"status-publish","4":"has-post-thumbnail","6":"product_cat-stockage","8":"first","9":"instock","10":"shipping-taxable","11":"product-type-simple"},"acf":{"bigger_product_image":"","background-text":"Bucs","product_designer":[1024],"inactive_designer_info":{"custom_designer_name":"","custom_designer_image":null},"scene_gallery":[3538,2808],"gallery_bg_color":"#a8a8a8","details_gallery":[{"slide_text":"Disponible avec des cadres<strong><span data-sheets-root=\"1\"> m\u00e9talliques, stratifi\u00e9s ou laqu\u00e9s.<\/span><\/strong>","slide_image":3465},{"slide_text":"<span data-sheets-root=\"1\">Des <strong>blocs-tiroirs con\u00e7us sp\u00e9cifiquement<\/strong> pour votre table.<\/span>","slide_image":2804}],"product_video":{"video_link":"","video_cover":""},"product_downloads_path":"almacenaje","product_downloads":[{"select_file_type":"normal","file_type":"catalog","file_type_special":"","file_name":"Storage.pdf","file_customlabel":"Catalogue"},{"select_file_type":"normal","file_type":"productCertificate","file_type_special":"","file_name":"BUCS_rev03_Firmado.pdf","file_customlabel":"Certificat de Produit"},{"select_file_type":"normal","file_type":"technicalFeatures","file_type_special":"","file_name":"_CCTT_Buc_bilaminado.pdf","file_customlabel":"Caract\u00e9ristiques Techniques"},{"select_file_type":"normal","file_type":"images","file_type_special":"","file_name":"06_Bucs metalicos y bilaminados.zip","file_customlabel":"Images"},{"select_file_type":"normal","file_type":"autocad","file_type_special":"","file_name":"Bucs.zip","file_customlabel":"G\u00e9om\u00e9trie 3D"},{"select_file_type":"normal","file_type":"revitBim","file_type_special":"","file_name":"BUCS.zip","file_customlabel":"G\u00e9om\u00e9trie Revit\/BIM"}],"grid_image_gallery":null},"yoast_head":"<!-- This site is optimized with the Yoast SEO plugin v25.2 - https:\/\/yoast.com\/wordpress\/plugins\/seo\/ -->\n<title>\u25b6 D\u00e9couvrez nos armoires de rangement pour bureau avec serrure (m\u00e9tal \/ bois) - Groupe Forma 5<\/title>\n<meta name=\"description\" content=\"D\u00e9couvrez nos classeurs en m\u00e9tal et en bois pour le bureau, \u00e9quip\u00e9s d&#039;une serrure et d&#039;une finition m\u00e9lamin\u00e9e sign\u00e9es Groupe Forma 5. De v\u00e9ritables rangements s\u00e9curis\u00e9s et \u00e9l\u00e9gants pour vos documents.\" \/>\n<meta name=\"robots\" content=\"index, follow, max-snippet:-1, max-image-preview:large, max-video-preview:-1\" \/>\n<link rel=\"canonical\" href=\"https:\/\/forma5.com\/fr\/tables-bureaux\/stockage\/caissons\/\" \/>\n<meta property=\"og:locale\" content=\"fr_FR\" \/>\n<meta property=\"og:type\" content=\"article\" \/>\n<meta property=\"og:title\" content=\"\u25b6 D\u00e9couvrez nos armoires de rangement pour bureau avec serrure (m\u00e9tal \/ bois) - Groupe Forma 5\" \/>\n<meta property=\"og:description\" content=\"D\u00e9couvrez nos classeurs en m\u00e9tal et en bois pour le bureau, \u00e9quip\u00e9s d&#039;une serrure et d&#039;une finition m\u00e9lamin\u00e9e sign\u00e9es Groupe Forma 5. De v\u00e9ritables rangements s\u00e9curis\u00e9s et \u00e9l\u00e9gants pour vos documents.\" \/>\n<meta property=\"og:url\" content=\"https:\/\/forma5.com\/fr\/tables-bureaux\/stockage\/caissons\/\" \/>\n<meta property=\"og:site_name\" content=\"Forma 5\" \/>\n<meta property=\"article:modified_time\" content=\"2025-06-20T09:38:22+00:00\" \/>\n<meta property=\"og:image\" content=\"https:\/\/forma5.com\/wp-content\/uploads\/bucs.webp\" \/>\n\t<meta property=\"og:image:width\" content=\"1200\" \/>\n\t<meta property=\"og:image:height\" content=\"1200\" \/>\n\t<meta property=\"og:image:type\" content=\"image\/webp\" \/>\n<meta name=\"twitter:card\" content=\"summary_large_image\" \/>\n<meta name=\"twitter:label1\" content=\"Dur\u00e9e de lecture estim\u00e9e\" \/>\n\t<meta name=\"twitter:data1\" content=\"1 minute\" \/>\n<script type=\"application\/ld+json\" class=\"yoast-schema-graph\">{\"@context\":\"https:\/\/schema.org\",\"@graph\":[{\"@type\":\"WebPage\",\"@id\":\"https:\/\/forma5.com\/fr\/tables-bureaux\/stockage\/caissons\/\",\"url\":\"https:\/\/forma5.com\/fr\/tables-bureaux\/stockage\/caissons\/\",\"name\":\"\u25b6 D\u00e9couvrez nos armoires de rangement pour bureau avec serrure (m\u00e9tal \/ bois) - Groupe Forma 5\",\"isPartOf\":{\"@id\":\"https:\/\/forma5.com\/fr\/#website\"},\"primaryImageOfPage\":{\"@id\":\"https:\/\/forma5.com\/fr\/tables-bureaux\/stockage\/caissons\/#primaryimage\"},\"image\":{\"@id\":\"https:\/\/forma5.com\/fr\/tables-bureaux\/stockage\/caissons\/#primaryimage\"},\"thumbnailUrl\":\"https:\/\/forma5.com\/wp-content\/uploads\/bucs.webp\",\"datePublished\":\"2024-08-22T07:26:51+00:00\",\"dateModified\":\"2025-06-20T09:38:22+00:00\",\"description\":\"D\u00e9couvrez nos classeurs en m\u00e9tal et en bois pour le bureau, \u00e9quip\u00e9s d'une serrure et d'une finition m\u00e9lamin\u00e9e sign\u00e9es Groupe Forma 5. De v\u00e9ritables rangements s\u00e9curis\u00e9s et \u00e9l\u00e9gants pour vos documents.\",\"breadcrumb\":{\"@id\":\"https:\/\/forma5.com\/fr\/tables-bureaux\/stockage\/caissons\/#breadcrumb\"},\"inLanguage\":\"fr-FR\",\"potentialAction\":[{\"@type\":\"ReadAction\",\"target\":[\"https:\/\/forma5.com\/fr\/tables-bureaux\/stockage\/caissons\/\"]}]},{\"@type\":\"ImageObject\",\"inLanguage\":\"fr-FR\",\"@id\":\"https:\/\/forma5.com\/fr\/tables-bureaux\/stockage\/caissons\/#primaryimage\",\"url\":\"https:\/\/forma5.com\/wp-content\/uploads\/bucs.webp\",\"contentUrl\":\"https:\/\/forma5.com\/wp-content\/uploads\/bucs.webp\",\"width\":1200,\"height\":1200},{\"@type\":\"BreadcrumbList\",\"@id\":\"https:\/\/forma5.com\/fr\/tables-bureaux\/stockage\/caissons\/#breadcrumb\",\"itemListElement\":[{\"@type\":\"ListItem\",\"position\":1,\"name\":\"Portada\",\"item\":\"https:\/\/forma5.com\/fr\/\"},{\"@type\":\"ListItem\",\"position\":2,\"name\":\"Productos\",\"item\":\"https:\/\/forma5.com\/shop\/\"},{\"@type\":\"ListItem\",\"position\":3,\"name\":\"Caissons (M\u00e9talliques \/ M\u00e9lamin)\"}]},{\"@type\":\"WebSite\",\"@id\":\"https:\/\/forma5.com\/fr\/#website\",\"url\":\"https:\/\/forma5.com\/fr\/\",\"name\":\"Forma 5\",\"description\":\"\",\"publisher\":{\"@id\":\"https:\/\/forma5.com\/fr\/#organization\"},\"potentialAction\":[{\"@type\":\"SearchAction\",\"target\":{\"@type\":\"EntryPoint\",\"urlTemplate\":\"https:\/\/forma5.com\/fr\/?s={search_term_string}\"},\"query-input\":{\"@type\":\"PropertyValueSpecification\",\"valueRequired\":true,\"valueName\":\"search_term_string\"}}],\"inLanguage\":\"fr-FR\"},{\"@type\":\"Organization\",\"@id\":\"https:\/\/forma5.com\/fr\/#organization\",\"name\":\"Forma 5\",\"url\":\"https:\/\/forma5.com\/fr\/\",\"logo\":{\"@type\":\"ImageObject\",\"inLanguage\":\"fr-FR\",\"@id\":\"https:\/\/forma5.com\/fr\/#\/schema\/logo\/image\/\",\"url\":\"https:\/\/forma5.com\/wp-content\/uploads\/cropped-Logo-2D-Forma-5_BLACK.png\",\"contentUrl\":\"https:\/\/forma5.com\/wp-content\/uploads\/cropped-Logo-2D-Forma-5_BLACK.png\",\"width\":1129,\"height\":225,\"caption\":\"Forma 5\"},\"image\":{\"@id\":\"https:\/\/forma5.com\/fr\/#\/schema\/logo\/image\/\"}}]}<\/script>\n<!-- \/ Yoast SEO plugin. -->","yoast_head_json":{"title":"\u25b6 D\u00e9couvrez nos armoires de rangement pour bureau avec serrure (m\u00e9tal \/ bois) - Groupe Forma 5","description":"D\u00e9couvrez nos classeurs en m\u00e9tal et en bois pour le bureau, \u00e9quip\u00e9s d'une serrure et d'une finition m\u00e9lamin\u00e9e sign\u00e9es Groupe Forma 5. De v\u00e9ritables rangements s\u00e9curis\u00e9s et \u00e9l\u00e9gants pour vos documents.","robots":{"index":"index","follow":"follow","max-snippet":"max-snippet:-1","max-image-preview":"max-image-preview:large","max-video-preview":"max-video-preview:-1"},"canonical":"https:\/\/forma5.com\/fr\/tables-bureaux\/stockage\/caissons\/","og_locale":"fr_FR","og_type":"article","og_title":"\u25b6 D\u00e9couvrez nos armoires de rangement pour bureau avec serrure (m\u00e9tal \/ bois) - Groupe Forma 5","og_description":"D\u00e9couvrez nos classeurs en m\u00e9tal et en bois pour le bureau, \u00e9quip\u00e9s d'une serrure et d'une finition m\u00e9lamin\u00e9e sign\u00e9es Groupe Forma 5. De v\u00e9ritables rangements s\u00e9curis\u00e9s et \u00e9l\u00e9gants pour vos documents.","og_url":"https:\/\/forma5.com\/fr\/tables-bureaux\/stockage\/caissons\/","og_site_name":"Forma 5","article_modified_time":"2025-06-20T09:38:22+00:00","og_image":[{"width":1200,"height":1200,"url":"https:\/\/forma5.com\/wp-content\/uploads\/bucs.webp","type":"image\/webp"}],"twitter_card":"summary_large_image","twitter_misc":{"Dur\u00e9e de lecture estim\u00e9e":"1 minute"},"schema":{"@context":"https:\/\/schema.org","@graph":[{"@type":"WebPage","@id":"https:\/\/forma5.com\/fr\/tables-bureaux\/stockage\/caissons\/","url":"https:\/\/forma5.com\/fr\/tables-bureaux\/stockage\/caissons\/","name":"\u25b6 D\u00e9couvrez nos armoires de rangement pour bureau avec serrure (m\u00e9tal \/ bois) - Groupe Forma 5","isPartOf":{"@id":"https:\/\/forma5.com\/fr\/#website"},"primaryImageOfPage":{"@id":"https:\/\/forma5.com\/fr\/tables-bureaux\/stockage\/caissons\/#primaryimage"},"image":{"@id":"https:\/\/forma5.com\/fr\/tables-bureaux\/stockage\/caissons\/#primaryimage"},"thumbnailUrl":"https:\/\/forma5.com\/wp-content\/uploads\/bucs.webp","datePublished":"2024-08-22T07:26:51+00:00","dateModified":"2025-06-20T09:38:22+00:00","description":"D\u00e9couvrez nos classeurs en m\u00e9tal et en bois pour le bureau, \u00e9quip\u00e9s d'une serrure et d'une finition m\u00e9lamin\u00e9e sign\u00e9es Groupe Forma 5. De v\u00e9ritables rangements s\u00e9curis\u00e9s et \u00e9l\u00e9gants pour vos documents.","breadcrumb":{"@id":"https:\/\/forma5.com\/fr\/tables-bureaux\/stockage\/caissons\/#breadcrumb"},"inLanguage":"fr-FR","potentialAction":[{"@type":"ReadAction","target":["https:\/\/forma5.com\/fr\/tables-bureaux\/stockage\/caissons\/"]}]},{"@type":"ImageObject","inLanguage":"fr-FR","@id":"https:\/\/forma5.com\/fr\/tables-bureaux\/stockage\/caissons\/#primaryimage","url":"https:\/\/forma5.com\/wp-content\/uploads\/bucs.webp","contentUrl":"https:\/\/forma5.com\/wp-content\/uploads\/bucs.webp","width":1200,"height":1200},{"@type":"BreadcrumbList","@id":"https:\/\/forma5.com\/fr\/tables-bureaux\/stockage\/caissons\/#breadcrumb","itemListElement":[{"@type":"ListItem","position":1,"name":"Portada","item":"https:\/\/forma5.com\/fr\/"},{"@type":"ListItem","position":2,"name":"Productos","item":"https:\/\/forma5.com\/shop\/"},{"@type":"ListItem","position":3,"name":"Caissons (M\u00e9talliques \/ M\u00e9lamin)"}]},{"@type":"WebSite","@id":"https:\/\/forma5.com\/fr\/#website","url":"https:\/\/forma5.com\/fr\/","name":"Forma 5","description":"","publisher":{"@id":"https:\/\/forma5.com\/fr\/#organization"},"potentialAction":[{"@type":"SearchAction","target":{"@type":"EntryPoint","urlTemplate":"https:\/\/forma5.com\/fr\/?s={search_term_string}"},"query-input":{"@type":"PropertyValueSpecification","valueRequired":true,"valueName":"search_term_string"}}],"inLanguage":"fr-FR"},{"@type":"Organization","@id":"https:\/\/forma5.com\/fr\/#organization","name":"Forma 5","url":"https:\/\/forma5.com\/fr\/","logo":{"@type":"ImageObject","inLanguage":"fr-FR","@id":"https:\/\/forma5.com\/fr\/#\/schema\/logo\/image\/","url":"https:\/\/forma5.com\/wp-content\/uploads\/cropped-Logo-2D-Forma-5_BLACK.png","contentUrl":"https:\/\/forma5.com\/wp-content\/uploads\/cropped-Logo-2D-Forma-5_BLACK.png","width":1129,"height":225,"caption":"Forma 5"},"image":{"@id":"https:\/\/forma5.com\/fr\/#\/schema\/logo\/image\/"}}]}},"_links":{"self":[{"href":"https:\/\/forma5.com\/fr\/wp-json\/wp\/v2\/product\/5166","targetHints":{"allow":["GET"]}}],"collection":[{"href":"https:\/\/forma5.com\/fr\/wp-json\/wp\/v2\/product"}],"about":[{"href":"https:\/\/forma5.com\/fr\/wp-json\/wp\/v2\/types\/product"}],"acf:attachment":[{"embeddable":true,"href":"https:\/\/forma5.com\/fr\/wp-json\/wp\/v2\/media\/2808"},{"embeddable":true,"href":"https:\/\/forma5.com\/fr\/wp-json\/wp\/v2\/media\/3538"}],"acf:post":[{"embeddable":true,"href":"https:\/\/forma5.com\/fr\/wp-json\/wp\/v2\/disenador\/1024"}],"wp:featuredmedia":[{"embeddable":true,"href":"https:\/\/forma5.com\/fr\/wp-json\/wp\/v2\/media\/5168"}],"wp:attachment":[{"href":"https:\/\/forma5.com\/fr\/wp-json\/wp\/v2\/media?parent=5166"}],"wp:term":[{"taxonomy":"product_brand","embeddable":true,"href":"https:\/\/forma5.com\/fr\/wp-json\/wp\/v2\/product_brand?post=5166"},{"taxonomy":"product_cat","embeddable":true,"href":"https:\/\/forma5.com\/fr\/wp-json\/wp\/v2\/product_cat?post=5166"},{"taxonomy":"product_tag","embeddable":true,"href":"https:\/\/forma5.com\/fr\/wp-json\/wp\/v2\/product_tag?post=5166"}],"curies":[{"name":"wp","href":"https:\/\/api.w.org\/{rel}","templated":true}]}}