{"id":5174,"date":"2024-08-23T08:14:23","date_gmt":"2024-08-23T06:14:23","guid":{"rendered":"https:\/\/forma5.com\/producto\/non%20class\u00e9\/carro-con-ruedas-muvit\/"},"modified":"2025-06-03T15:58:47","modified_gmt":"2025-06-03T13:58:47","slug":"muvit-2","status":"publish","type":"product","link":"https:\/\/forma5.com\/fr\/tables-bureaux\/stockage\/muvit\/","title":{"rendered":"Chariot de bureau &lsquo;MUVIT&rsquo;"},"content":{"rendered":"<p><span data-sheets-root=\"1\">Le chariot Muvit red\u00e9finit la fa\u00e7on dont les gens se r\u00e9unissent, offrant une excellente capacit\u00e9 de transport, un support pour projecteur et un support pour tableau blanc. C&rsquo;est un outil inestimable pour tout espace de r\u00e9union collaboratif.<\/span><\/p>\n","protected":false},"excerpt":{"rendered":"<h2><span data-sheets-root=\"1\">Il donnera un nouveau <em>sens \u00e0 vos r\u00e9unions<\/em> d&rsquo;\u00e9quipe.<\/span><\/h2>\n","protected":false},"featured_media":5176,"template":"","meta":{"_acf_changed":false},"product_brand":[],"product_cat":[150],"product_tag":[],"class_list":{"0":"post-5174","1":"product","2":"type-product","3":"status-publish","4":"has-post-thumbnail","6":"product_cat-stockage","8":"first","9":"instock","10":"shipping-taxable","11":"product-type-simple"},"acf":{"bigger_product_image":"","background-text":"MUVIT","product_designer":[2313],"inactive_designer_info":{"custom_designer_name":"","custom_designer_image":null},"scene_gallery":[2786,2788,2790],"gallery_bg_color":"#919191","details_gallery":[{"slide_text":"<span data-sheets-root=\"1\">Le chariot Muvit r\u00e9pond \u00e0 la demande croissante de <strong>postes de travail flexibles, dynamiques et adaptables.<\/strong><\/span>","slide_image":2792},{"slide_text":"<span data-sheets-root=\"1\">Sa conception <strong>encourage la cr\u00e9ativit\u00e9, l'innovation et la collaboration<\/strong> entre les employ\u00e9s.<\/span>","slide_image":2784}],"product_video":{"video_link":"https:\/\/vimeo.com\/910395740","video_cover":2786},"product_downloads_path":"almacenaje","product_downloads":[{"select_file_type":"normal","file_type":"catalog","file_type_special":"","file_name":"Muvit.pdf","file_customlabel":"Catalogue Muvit"},{"select_file_type":"normal","file_type":"technicalFeatures","file_type_special":"","file_name":"_CCTT_MUVIT_Carro.pdf","file_customlabel":"Caract\u00e9ristiques Techniques"},{"select_file_type":"normal","file_type":"images","file_type_special":"","file_name":"08_Carro MUVIT.zip","file_customlabel":"Images"},{"select_file_type":"normal","file_type":"revitBim","file_type_special":"","file_name":"Muvit carro.zip","file_customlabel":"G\u00e9om\u00e9trie Revit\/BIM"}],"grid_image_gallery":null},"yoast_head":"<!-- This site is optimized with the Yoast SEO plugin v25.2 - https:\/\/yoast.com\/wordpress\/plugins\/seo\/ -->\n<title>\u25b6 D\u00e9couvrez &#039;Muvit&#039; : notre chariot de bureau - Groupe Forma 5<\/title>\n<meta name=\"description\" content=\"Notre chariot de bureau est un mod\u00e8le pratique qui am\u00e9liore la mobilit\u00e9 et l&#039;organisation.\" \/>\n<meta name=\"robots\" content=\"index, follow, max-snippet:-1, max-image-preview:large, max-video-preview:-1\" \/>\n<link rel=\"canonical\" href=\"https:\/\/forma5.com\/fr\/tables-bureaux\/stockage\/muvit\/\" \/>\n<meta property=\"og:locale\" content=\"fr_FR\" \/>\n<meta property=\"og:type\" content=\"article\" \/>\n<meta property=\"og:title\" content=\"\u25b6 D\u00e9couvrez &#039;Muvit&#039; : notre chariot de bureau - Groupe Forma 5\" \/>\n<meta property=\"og:description\" content=\"Notre chariot de bureau est un mod\u00e8le pratique qui am\u00e9liore la mobilit\u00e9 et l&#039;organisation.\" \/>\n<meta property=\"og:url\" content=\"https:\/\/forma5.com\/fr\/tables-bureaux\/stockage\/muvit\/\" \/>\n<meta property=\"og:site_name\" content=\"Forma 5\" \/>\n<meta property=\"article:modified_time\" content=\"2025-06-03T13:58:47+00:00\" \/>\n<meta property=\"og:image\" content=\"https:\/\/forma5.com\/wp-content\/uploads\/muvitcarro.webp\" \/>\n\t<meta property=\"og:image:width\" content=\"1200\" \/>\n\t<meta property=\"og:image:height\" content=\"1200\" \/>\n\t<meta property=\"og:image:type\" content=\"image\/webp\" \/>\n<meta name=\"twitter:card\" content=\"summary_large_image\" \/>\n<meta name=\"twitter:label1\" content=\"Dur\u00e9e de lecture estim\u00e9e\" \/>\n\t<meta name=\"twitter:data1\" content=\"1 minute\" \/>\n<script type=\"application\/ld+json\" class=\"yoast-schema-graph\">{\"@context\":\"https:\/\/schema.org\",\"@graph\":[{\"@type\":\"WebPage\",\"@id\":\"https:\/\/forma5.com\/fr\/tables-bureaux\/stockage\/muvit\/\",\"url\":\"https:\/\/forma5.com\/fr\/tables-bureaux\/stockage\/muvit\/\",\"name\":\"\u25b6 D\u00e9couvrez 'Muvit' : notre chariot de bureau - Groupe Forma 5\",\"isPartOf\":{\"@id\":\"https:\/\/forma5.com\/fr\/#website\"},\"primaryImageOfPage\":{\"@id\":\"https:\/\/forma5.com\/fr\/tables-bureaux\/stockage\/muvit\/#primaryimage\"},\"image\":{\"@id\":\"https:\/\/forma5.com\/fr\/tables-bureaux\/stockage\/muvit\/#primaryimage\"},\"thumbnailUrl\":\"https:\/\/forma5.com\/wp-content\/uploads\/muvitcarro.webp\",\"datePublished\":\"2024-08-23T06:14:23+00:00\",\"dateModified\":\"2025-06-03T13:58:47+00:00\",\"description\":\"Notre chariot de bureau est un mod\u00e8le pratique qui am\u00e9liore la mobilit\u00e9 et l'organisation.\",\"breadcrumb\":{\"@id\":\"https:\/\/forma5.com\/fr\/tables-bureaux\/stockage\/muvit\/#breadcrumb\"},\"inLanguage\":\"fr-FR\",\"potentialAction\":[{\"@type\":\"ReadAction\",\"target\":[\"https:\/\/forma5.com\/fr\/tables-bureaux\/stockage\/muvit\/\"]}]},{\"@type\":\"ImageObject\",\"inLanguage\":\"fr-FR\",\"@id\":\"https:\/\/forma5.com\/fr\/tables-bureaux\/stockage\/muvit\/#primaryimage\",\"url\":\"https:\/\/forma5.com\/wp-content\/uploads\/muvitcarro.webp\",\"contentUrl\":\"https:\/\/forma5.com\/wp-content\/uploads\/muvitcarro.webp\",\"width\":1200,\"height\":1200},{\"@type\":\"BreadcrumbList\",\"@id\":\"https:\/\/forma5.com\/fr\/tables-bureaux\/stockage\/muvit\/#breadcrumb\",\"itemListElement\":[{\"@type\":\"ListItem\",\"position\":1,\"name\":\"Portada\",\"item\":\"https:\/\/forma5.com\/fr\/\"},{\"@type\":\"ListItem\",\"position\":2,\"name\":\"Productos\",\"item\":\"https:\/\/forma5.com\/shop\/\"},{\"@type\":\"ListItem\",\"position\":3,\"name\":\"Chariot de bureau &#8216;MUVIT&#8217;\"}]},{\"@type\":\"WebSite\",\"@id\":\"https:\/\/forma5.com\/fr\/#website\",\"url\":\"https:\/\/forma5.com\/fr\/\",\"name\":\"Forma 5\",\"description\":\"\",\"publisher\":{\"@id\":\"https:\/\/forma5.com\/fr\/#organization\"},\"potentialAction\":[{\"@type\":\"SearchAction\",\"target\":{\"@type\":\"EntryPoint\",\"urlTemplate\":\"https:\/\/forma5.com\/fr\/?s={search_term_string}\"},\"query-input\":{\"@type\":\"PropertyValueSpecification\",\"valueRequired\":true,\"valueName\":\"search_term_string\"}}],\"inLanguage\":\"fr-FR\"},{\"@type\":\"Organization\",\"@id\":\"https:\/\/forma5.com\/fr\/#organization\",\"name\":\"Forma 5\",\"url\":\"https:\/\/forma5.com\/fr\/\",\"logo\":{\"@type\":\"ImageObject\",\"inLanguage\":\"fr-FR\",\"@id\":\"https:\/\/forma5.com\/fr\/#\/schema\/logo\/image\/\",\"url\":\"https:\/\/forma5.com\/wp-content\/uploads\/cropped-Logo-2D-Forma-5_BLACK.png\",\"contentUrl\":\"https:\/\/forma5.com\/wp-content\/uploads\/cropped-Logo-2D-Forma-5_BLACK.png\",\"width\":1129,\"height\":225,\"caption\":\"Forma 5\"},\"image\":{\"@id\":\"https:\/\/forma5.com\/fr\/#\/schema\/logo\/image\/\"}}]}<\/script>\n<!-- \/ Yoast SEO plugin. -->","yoast_head_json":{"title":"\u25b6 D\u00e9couvrez 'Muvit' : notre chariot de bureau - Groupe Forma 5","description":"Notre chariot de bureau est un mod\u00e8le pratique qui am\u00e9liore la mobilit\u00e9 et l'organisation.","robots":{"index":"index","follow":"follow","max-snippet":"max-snippet:-1","max-image-preview":"max-image-preview:large","max-video-preview":"max-video-preview:-1"},"canonical":"https:\/\/forma5.com\/fr\/tables-bureaux\/stockage\/muvit\/","og_locale":"fr_FR","og_type":"article","og_title":"\u25b6 D\u00e9couvrez 'Muvit' : notre chariot de bureau - Groupe Forma 5","og_description":"Notre chariot de bureau est un mod\u00e8le pratique qui am\u00e9liore la mobilit\u00e9 et l'organisation.","og_url":"https:\/\/forma5.com\/fr\/tables-bureaux\/stockage\/muvit\/","og_site_name":"Forma 5","article_modified_time":"2025-06-03T13:58:47+00:00","og_image":[{"width":1200,"height":1200,"url":"https:\/\/forma5.com\/wp-content\/uploads\/muvitcarro.webp","type":"image\/webp"}],"twitter_card":"summary_large_image","twitter_misc":{"Dur\u00e9e de lecture estim\u00e9e":"1 minute"},"schema":{"@context":"https:\/\/schema.org","@graph":[{"@type":"WebPage","@id":"https:\/\/forma5.com\/fr\/tables-bureaux\/stockage\/muvit\/","url":"https:\/\/forma5.com\/fr\/tables-bureaux\/stockage\/muvit\/","name":"\u25b6 D\u00e9couvrez 'Muvit' : notre chariot de bureau - Groupe Forma 5","isPartOf":{"@id":"https:\/\/forma5.com\/fr\/#website"},"primaryImageOfPage":{"@id":"https:\/\/forma5.com\/fr\/tables-bureaux\/stockage\/muvit\/#primaryimage"},"image":{"@id":"https:\/\/forma5.com\/fr\/tables-bureaux\/stockage\/muvit\/#primaryimage"},"thumbnailUrl":"https:\/\/forma5.com\/wp-content\/uploads\/muvitcarro.webp","datePublished":"2024-08-23T06:14:23+00:00","dateModified":"2025-06-03T13:58:47+00:00","description":"Notre chariot de bureau est un mod\u00e8le pratique qui am\u00e9liore la mobilit\u00e9 et l'organisation.","breadcrumb":{"@id":"https:\/\/forma5.com\/fr\/tables-bureaux\/stockage\/muvit\/#breadcrumb"},"inLanguage":"fr-FR","potentialAction":[{"@type":"ReadAction","target":["https:\/\/forma5.com\/fr\/tables-bureaux\/stockage\/muvit\/"]}]},{"@type":"ImageObject","inLanguage":"fr-FR","@id":"https:\/\/forma5.com\/fr\/tables-bureaux\/stockage\/muvit\/#primaryimage","url":"https:\/\/forma5.com\/wp-content\/uploads\/muvitcarro.webp","contentUrl":"https:\/\/forma5.com\/wp-content\/uploads\/muvitcarro.webp","width":1200,"height":1200},{"@type":"BreadcrumbList","@id":"https:\/\/forma5.com\/fr\/tables-bureaux\/stockage\/muvit\/#breadcrumb","itemListElement":[{"@type":"ListItem","position":1,"name":"Portada","item":"https:\/\/forma5.com\/fr\/"},{"@type":"ListItem","position":2,"name":"Productos","item":"https:\/\/forma5.com\/shop\/"},{"@type":"ListItem","position":3,"name":"Chariot de bureau &#8216;MUVIT&#8217;"}]},{"@type":"WebSite","@id":"https:\/\/forma5.com\/fr\/#website","url":"https:\/\/forma5.com\/fr\/","name":"Forma 5","description":"","publisher":{"@id":"https:\/\/forma5.com\/fr\/#organization"},"potentialAction":[{"@type":"SearchAction","target":{"@type":"EntryPoint","urlTemplate":"https:\/\/forma5.com\/fr\/?s={search_term_string}"},"query-input":{"@type":"PropertyValueSpecification","valueRequired":true,"valueName":"search_term_string"}}],"inLanguage":"fr-FR"},{"@type":"Organization","@id":"https:\/\/forma5.com\/fr\/#organization","name":"Forma 5","url":"https:\/\/forma5.com\/fr\/","logo":{"@type":"ImageObject","inLanguage":"fr-FR","@id":"https:\/\/forma5.com\/fr\/#\/schema\/logo\/image\/","url":"https:\/\/forma5.com\/wp-content\/uploads\/cropped-Logo-2D-Forma-5_BLACK.png","contentUrl":"https:\/\/forma5.com\/wp-content\/uploads\/cropped-Logo-2D-Forma-5_BLACK.png","width":1129,"height":225,"caption":"Forma 5"},"image":{"@id":"https:\/\/forma5.com\/fr\/#\/schema\/logo\/image\/"}}]}},"_links":{"self":[{"href":"https:\/\/forma5.com\/fr\/wp-json\/wp\/v2\/product\/5174","targetHints":{"allow":["GET"]}}],"collection":[{"href":"https:\/\/forma5.com\/fr\/wp-json\/wp\/v2\/product"}],"about":[{"href":"https:\/\/forma5.com\/fr\/wp-json\/wp\/v2\/types\/product"}],"acf:attachment":[{"embeddable":true,"href":"https:\/\/forma5.com\/fr\/wp-json\/wp\/v2\/media\/2790"},{"embeddable":true,"href":"https:\/\/forma5.com\/fr\/wp-json\/wp\/v2\/media\/2788"},{"embeddable":true,"href":"https:\/\/forma5.com\/fr\/wp-json\/wp\/v2\/media\/2786"}],"acf:post":[{"embeddable":true,"href":"https:\/\/forma5.com\/fr\/wp-json\/wp\/v2\/disenador\/2313"}],"wp:featuredmedia":[{"embeddable":true,"href":"https:\/\/forma5.com\/fr\/wp-json\/wp\/v2\/media\/5176"}],"wp:attachment":[{"href":"https:\/\/forma5.com\/fr\/wp-json\/wp\/v2\/media?parent=5174"}],"wp:term":[{"taxonomy":"product_brand","embeddable":true,"href":"https:\/\/forma5.com\/fr\/wp-json\/wp\/v2\/product_brand?post=5174"},{"taxonomy":"product_cat","embeddable":true,"href":"https:\/\/forma5.com\/fr\/wp-json\/wp\/v2\/product_cat?post=5174"},{"taxonomy":"product_tag","embeddable":true,"href":"https:\/\/forma5.com\/fr\/wp-json\/wp\/v2\/product_tag?post=5174"}],"curies":[{"name":"wp","href":"https:\/\/api.w.org\/{rel}","templated":true}]}}