{"id":5178,"date":"2024-08-23T08:21:32","date_gmt":"2024-08-23T06:21:32","guid":{"rendered":"https:\/\/forma5.com\/producto\/non%20class\u00e9\/biombo-ruedas-panel-slim\/"},"modified":"2025-06-04T10:03:23","modified_gmt":"2025-06-04T08:03:23","slug":"slim","status":"publish","type":"product","link":"https:\/\/forma5.com\/fr\/tables-bureaux\/panneaux-separation\/slim\/","title":{"rendered":"Panel Slim"},"content":{"rendered":"<p><span data-sheets-root=\"1\">La demande croissante de postes de travail privil\u00e9giant la concentration, l&rsquo;intimit\u00e9 et l&rsquo;isolement pousse de nombreuses entreprises \u00e0 utiliser des cloisons pour postes de travail. Panel Slim propose une solution pour ces espaces, avec une gamme d&rsquo;options techniques s&rsquo;int\u00e9grant \u00e0 l&rsquo;environnement et dont l&rsquo;esth\u00e9tique est l\u00e9g\u00e8re et harmonieuse.<\/span><\/p>\n","protected":false},"excerpt":{"rendered":"<h2>Solutions techniques int\u00e9gr\u00e9es dans l&rsquo;espace,<em><span data-sheets-root=\"1\"> avec une esth\u00e9tique l\u00e9g\u00e8re et \u00e9quilibr\u00e9e<\/span><\/em><\/h2>\n","protected":false},"featured_media":5180,"template":"","meta":{"_acf_changed":false},"product_brand":[],"product_cat":[151],"product_tag":[],"class_list":{"0":"post-5178","1":"product","2":"type-product","3":"status-publish","4":"has-post-thumbnail","6":"product_cat-panneaux-separation","8":"first","9":"instock","10":"shipping-taxable","11":"product-type-simple"},"acf":{"bigger_product_image":"","background-text":"","product_designer":[1024],"inactive_designer_info":{"custom_designer_name":"","custom_designer_image":null},"scene_gallery":[2762,2766,2768,2770],"gallery_bg_color":"#757575","details_gallery":[{"slide_text":"<span style=\"font-size: inherit;\"> <span data-sheets-root=\"1\">Slim Panel est dot\u00e9 d'\u00e9l\u00e9ments techniques qui se d\u00e9veloppent de mani\u00e8re modulaire gr\u00e2ce \u00e0 un <strong>syst\u00e8me simple et robuste<\/strong>.<\/span><\/span>","slide_image":2764},{"slide_text":"<span data-sheets-root=\"1\"><strong>Les configurations en \u00ab T \u00bb, \u00ab L \u00bb ou \u00ab Y \u00bb<\/strong> permettent de diviser la pi\u00e8ce en fonction de l'espace ou des t\u00e2ches \u00e0 accomplir.<\/span>","slide_image":2772}],"product_video":{"video_link":"","video_cover":""},"product_downloads_path":"separadores","product_downloads":[{"select_file_type":"normal","file_type":"catalog","file_type_special":"","file_name":"Panel Slim.pdf","file_customlabel":"Catalogue"},{"select_file_type":"normal","file_type":"technicalFeatures","file_type_special":"","file_name":"CCTT_Panel_Slim.pdf","file_customlabel":"Caract\u00e9ristiques Techniques"},{"select_file_type":"normal","file_type":"images","file_type_special":"","file_name":"01_Panel Slim.zip","file_customlabel":"Images"},{"select_file_type":"normal","file_type":"autocad","file_type_special":"","file_name":"Panel slim.zip","file_customlabel":"G\u00e9om\u00e9trie 3D"}],"grid_image_gallery":null},"yoast_head":"<!-- This site is optimized with the Yoast SEO plugin v25.2 - https:\/\/yoast.com\/wordpress\/plugins\/seo\/ -->\n<title>\u25b6 S\u00e9parateur de bureau int\u00e9rieur &#039;Panel Slim&#039; - Groupe Forma 5<\/title>\n<meta name=\"description\" content=\"D\u00e9couvrez nos cloisons int\u00e9rieures pour bureaux. Des solutions polyvalentes et \u00e9l\u00e9gantes pour cloisonner les espaces.\" \/>\n<meta name=\"robots\" content=\"index, follow, max-snippet:-1, max-image-preview:large, max-video-preview:-1\" \/>\n<link rel=\"canonical\" href=\"https:\/\/forma5.com\/fr\/tables-bureaux\/panneaux-separation\/slim\/\" \/>\n<meta property=\"og:locale\" content=\"fr_FR\" \/>\n<meta property=\"og:type\" content=\"article\" \/>\n<meta property=\"og:title\" content=\"\u25b6 S\u00e9parateur de bureau int\u00e9rieur &#039;Panel Slim&#039; - Groupe Forma 5\" \/>\n<meta property=\"og:description\" content=\"D\u00e9couvrez nos cloisons int\u00e9rieures pour bureaux. Des solutions polyvalentes et \u00e9l\u00e9gantes pour cloisonner les espaces.\" \/>\n<meta property=\"og:url\" content=\"https:\/\/forma5.com\/fr\/tables-bureaux\/panneaux-separation\/slim\/\" \/>\n<meta property=\"og:site_name\" content=\"Forma 5\" \/>\n<meta property=\"article:modified_time\" content=\"2025-06-04T08:03:23+00:00\" \/>\n<meta property=\"og:image\" content=\"https:\/\/forma5.com\/wp-content\/uploads\/panelslim.webp\" \/>\n\t<meta property=\"og:image:width\" content=\"1200\" \/>\n\t<meta property=\"og:image:height\" content=\"1200\" \/>\n\t<meta property=\"og:image:type\" content=\"image\/webp\" \/>\n<meta name=\"twitter:card\" content=\"summary_large_image\" \/>\n<meta name=\"twitter:label1\" content=\"Dur\u00e9e de lecture estim\u00e9e\" \/>\n\t<meta name=\"twitter:data1\" content=\"1 minute\" \/>\n<script type=\"application\/ld+json\" class=\"yoast-schema-graph\">{\"@context\":\"https:\/\/schema.org\",\"@graph\":[{\"@type\":\"WebPage\",\"@id\":\"https:\/\/forma5.com\/fr\/tables-bureaux\/panneaux-separation\/slim\/\",\"url\":\"https:\/\/forma5.com\/fr\/tables-bureaux\/panneaux-separation\/slim\/\",\"name\":\"\u25b6 S\u00e9parateur de bureau int\u00e9rieur 'Panel Slim' - Groupe Forma 5\",\"isPartOf\":{\"@id\":\"https:\/\/forma5.com\/fr\/#website\"},\"primaryImageOfPage\":{\"@id\":\"https:\/\/forma5.com\/fr\/tables-bureaux\/panneaux-separation\/slim\/#primaryimage\"},\"image\":{\"@id\":\"https:\/\/forma5.com\/fr\/tables-bureaux\/panneaux-separation\/slim\/#primaryimage\"},\"thumbnailUrl\":\"https:\/\/forma5.com\/wp-content\/uploads\/panelslim.webp\",\"datePublished\":\"2024-08-23T06:21:32+00:00\",\"dateModified\":\"2025-06-04T08:03:23+00:00\",\"description\":\"D\u00e9couvrez nos cloisons int\u00e9rieures pour bureaux. Des solutions polyvalentes et \u00e9l\u00e9gantes pour cloisonner les espaces.\",\"breadcrumb\":{\"@id\":\"https:\/\/forma5.com\/fr\/tables-bureaux\/panneaux-separation\/slim\/#breadcrumb\"},\"inLanguage\":\"fr-FR\",\"potentialAction\":[{\"@type\":\"ReadAction\",\"target\":[\"https:\/\/forma5.com\/fr\/tables-bureaux\/panneaux-separation\/slim\/\"]}]},{\"@type\":\"ImageObject\",\"inLanguage\":\"fr-FR\",\"@id\":\"https:\/\/forma5.com\/fr\/tables-bureaux\/panneaux-separation\/slim\/#primaryimage\",\"url\":\"https:\/\/forma5.com\/wp-content\/uploads\/panelslim.webp\",\"contentUrl\":\"https:\/\/forma5.com\/wp-content\/uploads\/panelslim.webp\",\"width\":1200,\"height\":1200},{\"@type\":\"BreadcrumbList\",\"@id\":\"https:\/\/forma5.com\/fr\/tables-bureaux\/panneaux-separation\/slim\/#breadcrumb\",\"itemListElement\":[{\"@type\":\"ListItem\",\"position\":1,\"name\":\"Portada\",\"item\":\"https:\/\/forma5.com\/fr\/\"},{\"@type\":\"ListItem\",\"position\":2,\"name\":\"Productos\",\"item\":\"https:\/\/forma5.com\/shop\/\"},{\"@type\":\"ListItem\",\"position\":3,\"name\":\"Panel Slim\"}]},{\"@type\":\"WebSite\",\"@id\":\"https:\/\/forma5.com\/fr\/#website\",\"url\":\"https:\/\/forma5.com\/fr\/\",\"name\":\"Forma 5\",\"description\":\"\",\"publisher\":{\"@id\":\"https:\/\/forma5.com\/fr\/#organization\"},\"potentialAction\":[{\"@type\":\"SearchAction\",\"target\":{\"@type\":\"EntryPoint\",\"urlTemplate\":\"https:\/\/forma5.com\/fr\/?s={search_term_string}\"},\"query-input\":{\"@type\":\"PropertyValueSpecification\",\"valueRequired\":true,\"valueName\":\"search_term_string\"}}],\"inLanguage\":\"fr-FR\"},{\"@type\":\"Organization\",\"@id\":\"https:\/\/forma5.com\/fr\/#organization\",\"name\":\"Forma 5\",\"url\":\"https:\/\/forma5.com\/fr\/\",\"logo\":{\"@type\":\"ImageObject\",\"inLanguage\":\"fr-FR\",\"@id\":\"https:\/\/forma5.com\/fr\/#\/schema\/logo\/image\/\",\"url\":\"https:\/\/forma5.com\/wp-content\/uploads\/cropped-Logo-2D-Forma-5_BLACK.png\",\"contentUrl\":\"https:\/\/forma5.com\/wp-content\/uploads\/cropped-Logo-2D-Forma-5_BLACK.png\",\"width\":1129,\"height\":225,\"caption\":\"Forma 5\"},\"image\":{\"@id\":\"https:\/\/forma5.com\/fr\/#\/schema\/logo\/image\/\"}}]}<\/script>\n<!-- \/ Yoast SEO plugin. -->","yoast_head_json":{"title":"\u25b6 S\u00e9parateur de bureau int\u00e9rieur 'Panel Slim' - Groupe Forma 5","description":"D\u00e9couvrez nos cloisons int\u00e9rieures pour bureaux. Des solutions polyvalentes et \u00e9l\u00e9gantes pour cloisonner les espaces.","robots":{"index":"index","follow":"follow","max-snippet":"max-snippet:-1","max-image-preview":"max-image-preview:large","max-video-preview":"max-video-preview:-1"},"canonical":"https:\/\/forma5.com\/fr\/tables-bureaux\/panneaux-separation\/slim\/","og_locale":"fr_FR","og_type":"article","og_title":"\u25b6 S\u00e9parateur de bureau int\u00e9rieur 'Panel Slim' - Groupe Forma 5","og_description":"D\u00e9couvrez nos cloisons int\u00e9rieures pour bureaux. Des solutions polyvalentes et \u00e9l\u00e9gantes pour cloisonner les espaces.","og_url":"https:\/\/forma5.com\/fr\/tables-bureaux\/panneaux-separation\/slim\/","og_site_name":"Forma 5","article_modified_time":"2025-06-04T08:03:23+00:00","og_image":[{"width":1200,"height":1200,"url":"https:\/\/forma5.com\/wp-content\/uploads\/panelslim.webp","type":"image\/webp"}],"twitter_card":"summary_large_image","twitter_misc":{"Dur\u00e9e de lecture estim\u00e9e":"1 minute"},"schema":{"@context":"https:\/\/schema.org","@graph":[{"@type":"WebPage","@id":"https:\/\/forma5.com\/fr\/tables-bureaux\/panneaux-separation\/slim\/","url":"https:\/\/forma5.com\/fr\/tables-bureaux\/panneaux-separation\/slim\/","name":"\u25b6 S\u00e9parateur de bureau int\u00e9rieur 'Panel Slim' - Groupe Forma 5","isPartOf":{"@id":"https:\/\/forma5.com\/fr\/#website"},"primaryImageOfPage":{"@id":"https:\/\/forma5.com\/fr\/tables-bureaux\/panneaux-separation\/slim\/#primaryimage"},"image":{"@id":"https:\/\/forma5.com\/fr\/tables-bureaux\/panneaux-separation\/slim\/#primaryimage"},"thumbnailUrl":"https:\/\/forma5.com\/wp-content\/uploads\/panelslim.webp","datePublished":"2024-08-23T06:21:32+00:00","dateModified":"2025-06-04T08:03:23+00:00","description":"D\u00e9couvrez nos cloisons int\u00e9rieures pour bureaux. Des solutions polyvalentes et \u00e9l\u00e9gantes pour cloisonner les espaces.","breadcrumb":{"@id":"https:\/\/forma5.com\/fr\/tables-bureaux\/panneaux-separation\/slim\/#breadcrumb"},"inLanguage":"fr-FR","potentialAction":[{"@type":"ReadAction","target":["https:\/\/forma5.com\/fr\/tables-bureaux\/panneaux-separation\/slim\/"]}]},{"@type":"ImageObject","inLanguage":"fr-FR","@id":"https:\/\/forma5.com\/fr\/tables-bureaux\/panneaux-separation\/slim\/#primaryimage","url":"https:\/\/forma5.com\/wp-content\/uploads\/panelslim.webp","contentUrl":"https:\/\/forma5.com\/wp-content\/uploads\/panelslim.webp","width":1200,"height":1200},{"@type":"BreadcrumbList","@id":"https:\/\/forma5.com\/fr\/tables-bureaux\/panneaux-separation\/slim\/#breadcrumb","itemListElement":[{"@type":"ListItem","position":1,"name":"Portada","item":"https:\/\/forma5.com\/fr\/"},{"@type":"ListItem","position":2,"name":"Productos","item":"https:\/\/forma5.com\/shop\/"},{"@type":"ListItem","position":3,"name":"Panel Slim"}]},{"@type":"WebSite","@id":"https:\/\/forma5.com\/fr\/#website","url":"https:\/\/forma5.com\/fr\/","name":"Forma 5","description":"","publisher":{"@id":"https:\/\/forma5.com\/fr\/#organization"},"potentialAction":[{"@type":"SearchAction","target":{"@type":"EntryPoint","urlTemplate":"https:\/\/forma5.com\/fr\/?s={search_term_string}"},"query-input":{"@type":"PropertyValueSpecification","valueRequired":true,"valueName":"search_term_string"}}],"inLanguage":"fr-FR"},{"@type":"Organization","@id":"https:\/\/forma5.com\/fr\/#organization","name":"Forma 5","url":"https:\/\/forma5.com\/fr\/","logo":{"@type":"ImageObject","inLanguage":"fr-FR","@id":"https:\/\/forma5.com\/fr\/#\/schema\/logo\/image\/","url":"https:\/\/forma5.com\/wp-content\/uploads\/cropped-Logo-2D-Forma-5_BLACK.png","contentUrl":"https:\/\/forma5.com\/wp-content\/uploads\/cropped-Logo-2D-Forma-5_BLACK.png","width":1129,"height":225,"caption":"Forma 5"},"image":{"@id":"https:\/\/forma5.com\/fr\/#\/schema\/logo\/image\/"}}]}},"_links":{"self":[{"href":"https:\/\/forma5.com\/fr\/wp-json\/wp\/v2\/product\/5178","targetHints":{"allow":["GET"]}}],"collection":[{"href":"https:\/\/forma5.com\/fr\/wp-json\/wp\/v2\/product"}],"about":[{"href":"https:\/\/forma5.com\/fr\/wp-json\/wp\/v2\/types\/product"}],"acf:attachment":[{"embeddable":true,"href":"https:\/\/forma5.com\/fr\/wp-json\/wp\/v2\/media\/2770"},{"embeddable":true,"href":"https:\/\/forma5.com\/fr\/wp-json\/wp\/v2\/media\/2768"},{"embeddable":true,"href":"https:\/\/forma5.com\/fr\/wp-json\/wp\/v2\/media\/2766"},{"embeddable":true,"href":"https:\/\/forma5.com\/fr\/wp-json\/wp\/v2\/media\/2762"}],"acf:post":[{"embeddable":true,"href":"https:\/\/forma5.com\/fr\/wp-json\/wp\/v2\/disenador\/1024"}],"wp:featuredmedia":[{"embeddable":true,"href":"https:\/\/forma5.com\/fr\/wp-json\/wp\/v2\/media\/5180"}],"wp:attachment":[{"href":"https:\/\/forma5.com\/fr\/wp-json\/wp\/v2\/media?parent=5178"}],"wp:term":[{"taxonomy":"product_brand","embeddable":true,"href":"https:\/\/forma5.com\/fr\/wp-json\/wp\/v2\/product_brand?post=5178"},{"taxonomy":"product_cat","embeddable":true,"href":"https:\/\/forma5.com\/fr\/wp-json\/wp\/v2\/product_cat?post=5178"},{"taxonomy":"product_tag","embeddable":true,"href":"https:\/\/forma5.com\/fr\/wp-json\/wp\/v2\/product_tag?post=5178"}],"curies":[{"name":"wp","href":"https:\/\/api.w.org\/{rel}","templated":true}]}}