{"id":5182,"date":"2024-08-23T08:42:10","date_gmt":"2024-08-23T06:42:10","guid":{"rendered":"https:\/\/forma5.com\/producto\/non%20class\u00e9\/laterales-mesa-system\/"},"modified":"2025-06-04T09:59:55","modified_gmt":"2025-06-04T07:59:55","slug":"system","status":"publish","type":"product","link":"https:\/\/forma5.com\/fr\/tables-bureaux\/panneaux-separation\/system\/","title":{"rendered":"Panel System"},"content":{"rendered":"<p><span data-sheets-root=\"1\">Con\u00e7u pour diviser les espaces ouverts en utilisant des configurations micro-architecturales, Panel System offre une large gamme de solutions pour cr\u00e9er des environnements ind\u00e9pendants mais int\u00e9gr\u00e9s dans les bureaux \u00e0 aire ouverte.<\/span><\/p>\n","protected":false},"excerpt":{"rendered":"<h2><span data-sheets-root=\"1\">Des espaces <em>ouverts ind\u00e9pendants<\/em> et inclusifs<\/span><\/h2>\n","protected":false},"featured_media":5184,"template":"","meta":{"_acf_changed":false},"product_brand":[],"product_cat":[151],"product_tag":[],"class_list":{"0":"post-5182","1":"product","2":"type-product","3":"status-publish","4":"has-post-thumbnail","6":"product_cat-panneaux-separation","8":"first","9":"instock","10":"shipping-taxable","11":"product-type-simple"},"acf":{"bigger_product_image":["isBigger"],"background-text":"","product_designer":[1047],"inactive_designer_info":{"custom_designer_name":"","custom_designer_image":null},"scene_gallery":[2775,2781,6758],"gallery_bg_color":"#595959","details_gallery":[{"slide_text":"<span data-sheets-root=\"1\">Con\u00e7u pour cr\u00e9er des <strong>espaces ind\u00e9pendants et inclusifs<\/strong>.<\/span>","slide_image":3473},{"slide_text":"<span data-sheets-root=\"1\">Il est compos\u00e9 d'\u00e9l\u00e9ments techniques qui peuvent \u00eatre \u00e9tendus de mani\u00e8re modulaire, <strong>\u00e0 l'aide d'un syst\u00e8me simple mais r\u00e9sistant<\/strong>.<\/span>","slide_image":2779}],"product_video":{"video_link":"","video_cover":""},"product_downloads_path":"separadores","product_downloads":[{"select_file_type":"normal","file_type":"catalog","file_type_special":"","file_name":"Panel System.pdf","file_customlabel":"Catalogue Panel System"},{"select_file_type":"normal","file_type":"technicalFeatures","file_type_special":"","file_name":"_CCTT_Panel_System.pdf","file_customlabel":"Caract\u00e9ristiques Techniques"},{"select_file_type":"normal","file_type":"images","file_type_special":"","file_name":"02_Panel System.zip","file_customlabel":"Images"},{"select_file_type":"normal","file_type":"autocad","file_type_special":"","file_name":"Panel system.zip","file_customlabel":"G\u00e9om\u00e9trie 3D"}],"grid_image_gallery":null},"yoast_head":"<!-- This site is optimized with the Yoast SEO plugin v25.2 - https:\/\/yoast.com\/wordpress\/plugins\/seo\/ -->\n<title>\u25b6 Panneau de s\u00e9paration de bureau &#039;Panel System&#039; - Groupe Forma 5<\/title>\n<meta name=\"description\" content=\"D\u00e9couvrez nos panneaux de s\u00e9paration pour bureau. Ils sont parfaits pour cr\u00e9er des espaces priv\u00e9s et organiser votre espace de travail.\" \/>\n<meta name=\"robots\" content=\"index, follow, max-snippet:-1, max-image-preview:large, max-video-preview:-1\" \/>\n<link rel=\"canonical\" href=\"https:\/\/forma5.com\/fr\/tables-bureaux\/panneaux-separation\/system\/\" \/>\n<meta property=\"og:locale\" content=\"fr_FR\" \/>\n<meta property=\"og:type\" content=\"article\" \/>\n<meta property=\"og:title\" content=\"\u25b6 Panneau de s\u00e9paration de bureau &#039;Panel System&#039; - Groupe Forma 5\" \/>\n<meta property=\"og:description\" content=\"D\u00e9couvrez nos panneaux de s\u00e9paration pour bureau. Ils sont parfaits pour cr\u00e9er des espaces priv\u00e9s et organiser votre espace de travail.\" \/>\n<meta property=\"og:url\" content=\"https:\/\/forma5.com\/fr\/tables-bureaux\/panneaux-separation\/system\/\" \/>\n<meta property=\"og:site_name\" content=\"Forma 5\" \/>\n<meta property=\"article:modified_time\" content=\"2025-06-04T07:59:55+00:00\" \/>\n<meta property=\"og:image\" content=\"https:\/\/forma5.com\/wp-content\/uploads\/panelsystem.webp\" \/>\n\t<meta property=\"og:image:width\" content=\"1200\" \/>\n\t<meta property=\"og:image:height\" content=\"1200\" \/>\n\t<meta property=\"og:image:type\" content=\"image\/webp\" \/>\n<meta name=\"twitter:card\" content=\"summary_large_image\" \/>\n<meta name=\"twitter:label1\" content=\"Dur\u00e9e de lecture estim\u00e9e\" \/>\n\t<meta name=\"twitter:data1\" content=\"1 minute\" \/>\n<script type=\"application\/ld+json\" class=\"yoast-schema-graph\">{\"@context\":\"https:\/\/schema.org\",\"@graph\":[{\"@type\":\"WebPage\",\"@id\":\"https:\/\/forma5.com\/fr\/tables-bureaux\/panneaux-separation\/system\/\",\"url\":\"https:\/\/forma5.com\/fr\/tables-bureaux\/panneaux-separation\/system\/\",\"name\":\"\u25b6 Panneau de s\u00e9paration de bureau 'Panel System' - Groupe Forma 5\",\"isPartOf\":{\"@id\":\"https:\/\/forma5.com\/fr\/#website\"},\"primaryImageOfPage\":{\"@id\":\"https:\/\/forma5.com\/fr\/tables-bureaux\/panneaux-separation\/system\/#primaryimage\"},\"image\":{\"@id\":\"https:\/\/forma5.com\/fr\/tables-bureaux\/panneaux-separation\/system\/#primaryimage\"},\"thumbnailUrl\":\"https:\/\/forma5.com\/wp-content\/uploads\/panelsystem.webp\",\"datePublished\":\"2024-08-23T06:42:10+00:00\",\"dateModified\":\"2025-06-04T07:59:55+00:00\",\"description\":\"D\u00e9couvrez nos panneaux de s\u00e9paration pour bureau. Ils sont parfaits pour cr\u00e9er des espaces priv\u00e9s et organiser votre espace de travail.\",\"breadcrumb\":{\"@id\":\"https:\/\/forma5.com\/fr\/tables-bureaux\/panneaux-separation\/system\/#breadcrumb\"},\"inLanguage\":\"fr-FR\",\"potentialAction\":[{\"@type\":\"ReadAction\",\"target\":[\"https:\/\/forma5.com\/fr\/tables-bureaux\/panneaux-separation\/system\/\"]}]},{\"@type\":\"ImageObject\",\"inLanguage\":\"fr-FR\",\"@id\":\"https:\/\/forma5.com\/fr\/tables-bureaux\/panneaux-separation\/system\/#primaryimage\",\"url\":\"https:\/\/forma5.com\/wp-content\/uploads\/panelsystem.webp\",\"contentUrl\":\"https:\/\/forma5.com\/wp-content\/uploads\/panelsystem.webp\",\"width\":1200,\"height\":1200},{\"@type\":\"BreadcrumbList\",\"@id\":\"https:\/\/forma5.com\/fr\/tables-bureaux\/panneaux-separation\/system\/#breadcrumb\",\"itemListElement\":[{\"@type\":\"ListItem\",\"position\":1,\"name\":\"Portada\",\"item\":\"https:\/\/forma5.com\/fr\/\"},{\"@type\":\"ListItem\",\"position\":2,\"name\":\"Productos\",\"item\":\"https:\/\/forma5.com\/shop\/\"},{\"@type\":\"ListItem\",\"position\":3,\"name\":\"Panel System\"}]},{\"@type\":\"WebSite\",\"@id\":\"https:\/\/forma5.com\/fr\/#website\",\"url\":\"https:\/\/forma5.com\/fr\/\",\"name\":\"Forma 5\",\"description\":\"\",\"publisher\":{\"@id\":\"https:\/\/forma5.com\/fr\/#organization\"},\"potentialAction\":[{\"@type\":\"SearchAction\",\"target\":{\"@type\":\"EntryPoint\",\"urlTemplate\":\"https:\/\/forma5.com\/fr\/?s={search_term_string}\"},\"query-input\":{\"@type\":\"PropertyValueSpecification\",\"valueRequired\":true,\"valueName\":\"search_term_string\"}}],\"inLanguage\":\"fr-FR\"},{\"@type\":\"Organization\",\"@id\":\"https:\/\/forma5.com\/fr\/#organization\",\"name\":\"Forma 5\",\"url\":\"https:\/\/forma5.com\/fr\/\",\"logo\":{\"@type\":\"ImageObject\",\"inLanguage\":\"fr-FR\",\"@id\":\"https:\/\/forma5.com\/fr\/#\/schema\/logo\/image\/\",\"url\":\"https:\/\/forma5.com\/wp-content\/uploads\/cropped-Logo-2D-Forma-5_BLACK.png\",\"contentUrl\":\"https:\/\/forma5.com\/wp-content\/uploads\/cropped-Logo-2D-Forma-5_BLACK.png\",\"width\":1129,\"height\":225,\"caption\":\"Forma 5\"},\"image\":{\"@id\":\"https:\/\/forma5.com\/fr\/#\/schema\/logo\/image\/\"}}]}<\/script>\n<!-- \/ Yoast SEO plugin. -->","yoast_head_json":{"title":"\u25b6 Panneau de s\u00e9paration de bureau 'Panel System' - Groupe Forma 5","description":"D\u00e9couvrez nos panneaux de s\u00e9paration pour bureau. Ils sont parfaits pour cr\u00e9er des espaces priv\u00e9s et organiser votre espace de travail.","robots":{"index":"index","follow":"follow","max-snippet":"max-snippet:-1","max-image-preview":"max-image-preview:large","max-video-preview":"max-video-preview:-1"},"canonical":"https:\/\/forma5.com\/fr\/tables-bureaux\/panneaux-separation\/system\/","og_locale":"fr_FR","og_type":"article","og_title":"\u25b6 Panneau de s\u00e9paration de bureau 'Panel System' - Groupe Forma 5","og_description":"D\u00e9couvrez nos panneaux de s\u00e9paration pour bureau. Ils sont parfaits pour cr\u00e9er des espaces priv\u00e9s et organiser votre espace de travail.","og_url":"https:\/\/forma5.com\/fr\/tables-bureaux\/panneaux-separation\/system\/","og_site_name":"Forma 5","article_modified_time":"2025-06-04T07:59:55+00:00","og_image":[{"width":1200,"height":1200,"url":"https:\/\/forma5.com\/wp-content\/uploads\/panelsystem.webp","type":"image\/webp"}],"twitter_card":"summary_large_image","twitter_misc":{"Dur\u00e9e de lecture estim\u00e9e":"1 minute"},"schema":{"@context":"https:\/\/schema.org","@graph":[{"@type":"WebPage","@id":"https:\/\/forma5.com\/fr\/tables-bureaux\/panneaux-separation\/system\/","url":"https:\/\/forma5.com\/fr\/tables-bureaux\/panneaux-separation\/system\/","name":"\u25b6 Panneau de s\u00e9paration de bureau 'Panel System' - Groupe Forma 5","isPartOf":{"@id":"https:\/\/forma5.com\/fr\/#website"},"primaryImageOfPage":{"@id":"https:\/\/forma5.com\/fr\/tables-bureaux\/panneaux-separation\/system\/#primaryimage"},"image":{"@id":"https:\/\/forma5.com\/fr\/tables-bureaux\/panneaux-separation\/system\/#primaryimage"},"thumbnailUrl":"https:\/\/forma5.com\/wp-content\/uploads\/panelsystem.webp","datePublished":"2024-08-23T06:42:10+00:00","dateModified":"2025-06-04T07:59:55+00:00","description":"D\u00e9couvrez nos panneaux de s\u00e9paration pour bureau. Ils sont parfaits pour cr\u00e9er des espaces priv\u00e9s et organiser votre espace de travail.","breadcrumb":{"@id":"https:\/\/forma5.com\/fr\/tables-bureaux\/panneaux-separation\/system\/#breadcrumb"},"inLanguage":"fr-FR","potentialAction":[{"@type":"ReadAction","target":["https:\/\/forma5.com\/fr\/tables-bureaux\/panneaux-separation\/system\/"]}]},{"@type":"ImageObject","inLanguage":"fr-FR","@id":"https:\/\/forma5.com\/fr\/tables-bureaux\/panneaux-separation\/system\/#primaryimage","url":"https:\/\/forma5.com\/wp-content\/uploads\/panelsystem.webp","contentUrl":"https:\/\/forma5.com\/wp-content\/uploads\/panelsystem.webp","width":1200,"height":1200},{"@type":"BreadcrumbList","@id":"https:\/\/forma5.com\/fr\/tables-bureaux\/panneaux-separation\/system\/#breadcrumb","itemListElement":[{"@type":"ListItem","position":1,"name":"Portada","item":"https:\/\/forma5.com\/fr\/"},{"@type":"ListItem","position":2,"name":"Productos","item":"https:\/\/forma5.com\/shop\/"},{"@type":"ListItem","position":3,"name":"Panel System"}]},{"@type":"WebSite","@id":"https:\/\/forma5.com\/fr\/#website","url":"https:\/\/forma5.com\/fr\/","name":"Forma 5","description":"","publisher":{"@id":"https:\/\/forma5.com\/fr\/#organization"},"potentialAction":[{"@type":"SearchAction","target":{"@type":"EntryPoint","urlTemplate":"https:\/\/forma5.com\/fr\/?s={search_term_string}"},"query-input":{"@type":"PropertyValueSpecification","valueRequired":true,"valueName":"search_term_string"}}],"inLanguage":"fr-FR"},{"@type":"Organization","@id":"https:\/\/forma5.com\/fr\/#organization","name":"Forma 5","url":"https:\/\/forma5.com\/fr\/","logo":{"@type":"ImageObject","inLanguage":"fr-FR","@id":"https:\/\/forma5.com\/fr\/#\/schema\/logo\/image\/","url":"https:\/\/forma5.com\/wp-content\/uploads\/cropped-Logo-2D-Forma-5_BLACK.png","contentUrl":"https:\/\/forma5.com\/wp-content\/uploads\/cropped-Logo-2D-Forma-5_BLACK.png","width":1129,"height":225,"caption":"Forma 5"},"image":{"@id":"https:\/\/forma5.com\/fr\/#\/schema\/logo\/image\/"}}]}},"_links":{"self":[{"href":"https:\/\/forma5.com\/fr\/wp-json\/wp\/v2\/product\/5182","targetHints":{"allow":["GET"]}}],"collection":[{"href":"https:\/\/forma5.com\/fr\/wp-json\/wp\/v2\/product"}],"about":[{"href":"https:\/\/forma5.com\/fr\/wp-json\/wp\/v2\/types\/product"}],"acf:attachment":[{"embeddable":true,"href":"https:\/\/forma5.com\/fr\/wp-json\/wp\/v2\/media\/6758"},{"embeddable":true,"href":"https:\/\/forma5.com\/fr\/wp-json\/wp\/v2\/media\/2781"},{"embeddable":true,"href":"https:\/\/forma5.com\/fr\/wp-json\/wp\/v2\/media\/2775"}],"acf:post":[{"embeddable":true,"href":"https:\/\/forma5.com\/fr\/wp-json\/wp\/v2\/disenador\/1047"}],"wp:featuredmedia":[{"embeddable":true,"href":"https:\/\/forma5.com\/fr\/wp-json\/wp\/v2\/media\/5184"}],"wp:attachment":[{"href":"https:\/\/forma5.com\/fr\/wp-json\/wp\/v2\/media?parent=5182"}],"wp:term":[{"taxonomy":"product_brand","embeddable":true,"href":"https:\/\/forma5.com\/fr\/wp-json\/wp\/v2\/product_brand?post=5182"},{"taxonomy":"product_cat","embeddable":true,"href":"https:\/\/forma5.com\/fr\/wp-json\/wp\/v2\/product_cat?post=5182"},{"taxonomy":"product_tag","embeddable":true,"href":"https:\/\/forma5.com\/fr\/wp-json\/wp\/v2\/product_tag?post=5182"}],"curies":[{"name":"wp","href":"https:\/\/api.w.org\/{rel}","templated":true}]}}