{"id":5224,"date":"2025-05-25T10:08:42","date_gmt":"2025-05-25T08:08:42","guid":{"rendered":"https:\/\/forma5.com\/producto\/non%20class\u00e9\/flow\/"},"modified":"2025-11-21T08:51:09","modified_gmt":"2025-11-21T07:51:09","slug":"flow","status":"publish","type":"product","link":"https:\/\/forma5.com\/fr\/sieges-de-bureau\/flow\/","title":{"rendered":"Flow"},"content":{"rendered":"<p><span data-sheets-root=\"1\">Flow incarne le dynamisme des espaces de travail actuels, offrant un confort suppl\u00e9mentaire dans notre journ\u00e9e. Avec une esth\u00e9tique essentiellement l\u00e9g\u00e8re, sa g\u00e9om\u00e9trie simple est sp\u00e9cialement con\u00e7ue pour les espaces de travail rotatifs, le travail en \u00e9quipe, le coworking et m\u00eame \u00e0 la maison.<\/span><\/p>\n","protected":false},"excerpt":{"rendered":"<h2><span data-sheets-root=\"1\"><em>Confort<\/em> pendant la journ\u00e9e de travail<\/span><\/h2>\n","protected":false},"featured_media":5226,"template":"","meta":{"_acf_changed":false},"product_brand":[],"product_cat":[146,152],"product_tag":[],"class_list":{"0":"post-5224","1":"product","2":"type-product","3":"status-publish","4":"has-post-thumbnail","6":"product_cat-sieges","7":"product_cat-sieges-de-bureau","9":"first","10":"instock","11":"shipping-taxable","12":"product-type-simple"},"acf":{"bigger_product_image":"","background-text":"","product_designer":[1035],"inactive_designer_info":{"custom_designer_name":"","custom_designer_image":""},"scene_gallery":[2277,2279,2281,2283],"gallery_bg_color":"#727272","details_gallery":[{"slide_text":"<span data-sheets-root=\"1\">Travail, coop\u00e9ration, travail d'\u00e9quipe, cr\u00e9ativit\u00e9, concentration...<strong> FLEXIBILIT\u00c9.<\/strong><\/span>","slide_image":2271},{"slide_text":"<div class=\"wpb_text_column wpb_content_element wpb_animate_when_almost_visible wpb_left-to-right left-to-right wpb_start_animation animated\">\r\n<div class=\"wpb_wrapper\">\r\n\r\n<span data-sheets-root=\"1\">Chaise ou tabouret de travail avec dossier en polypropyl\u00e8ne ou rembourr\u00e9. Structure blanche avec d\u00e9tails gris brume ou version noire. <strong>Design moderne et polyvalent<\/strong>, elle s'adapte \u00e0 diff\u00e9rents environnements de travail.<\/span>\r\n\r\n<\/div>\r\n<\/div>","slide_image":2275},{"slide_text":"<span data-sheets-root=\"1\">Ses lignes sinueuses et sa souplesse<strong> s'adaptent<\/strong> <strong>naturellement \u00e0 la courbe du dos<\/strong>, offrant ainsi un confort optimal.<\/span>","slide_image":2273}],"product_video":{"video_link":"https:\/\/vimeo.com\/910425820","video_cover":2279},"product_downloads_path":"sillas\/oficina-ergonomica","product_downloads":[{"select_file_type":"normal","file_type":"catalog","file_type_special":"","file_name":"Flow.pdf","file_customlabel":"Catalogue"},{"select_file_type":"normal","file_type":"technicalFeatures","file_type_special":"","file_name":"_CCTT_Flow_FR.pdf","file_customlabel":"Caract\u00e9ristiques Techniques"},{"select_file_type":"normal","file_type":"images","file_type_special":"","file_name":"09_Flow.zip","file_customlabel":"Images"},{"select_file_type":"normal","file_type":"autocad","file_type_special":"","file_name":"Flow.zip","file_customlabel":"G\u00e9om\u00e9trie 3D"},{"select_file_type":"normal","file_type":"productCertificate","file_type_special":"","file_name":"DAP_FLOW_ENG.pdf","file_customlabel":"DEP"}],"grid_image_gallery":[8557,8653,8649,8645,8641,8637,8633,8629,8625,8621,8617,8613,8609,8605,8601,8597,8593,8589,8585,8581,8577,8573,8569,8565,8561,8697,8693,8689,8685,8681,8677,8673,8669,8665,8661,8657]},"yoast_head":"<!-- This site is optimized with the Yoast SEO plugin v25.2 - https:\/\/yoast.com\/wordpress\/plugins\/seo\/ -->\n<title>\u25b6 D\u00e9couvrez \u00ab Flow \u00bb : notre chaise pour votre espace de coworking - Groupe Forma 5<\/title>\n<meta name=\"description\" content=\"Flow Si\u00e8ges pour le coworking : confort et dynamisme dans un design l\u00e9ger, id\u00e9al pour le travail en rotation et en \u00e9quipe. Cliquez ici pour explorer !\" \/>\n<meta name=\"robots\" content=\"index, follow, max-snippet:-1, max-image-preview:large, max-video-preview:-1\" \/>\n<link rel=\"canonical\" href=\"https:\/\/forma5.com\/fr\/sieges-de-bureau\/flow\/\" \/>\n<meta property=\"og:locale\" content=\"fr_FR\" \/>\n<meta property=\"og:type\" content=\"article\" \/>\n<meta property=\"og:title\" content=\"\u25b6 D\u00e9couvrez \u00ab Flow \u00bb : notre chaise pour votre espace de coworking - Groupe Forma 5\" \/>\n<meta property=\"og:description\" content=\"Flow Si\u00e8ges pour le coworking : confort et dynamisme dans un design l\u00e9ger, id\u00e9al pour le travail en rotation et en \u00e9quipe. Cliquez ici pour explorer !\" \/>\n<meta property=\"og:url\" content=\"https:\/\/forma5.com\/fr\/sieges-de-bureau\/flow\/\" \/>\n<meta property=\"og:site_name\" content=\"Forma 5\" \/>\n<meta property=\"article:modified_time\" content=\"2025-11-21T07:51:09+00:00\" \/>\n<meta property=\"og:image\" content=\"https:\/\/forma5.com\/wp-content\/uploads\/Flow.webp\" \/>\n\t<meta property=\"og:image:width\" content=\"800\" \/>\n\t<meta property=\"og:image:height\" content=\"800\" \/>\n\t<meta property=\"og:image:type\" content=\"image\/webp\" \/>\n<meta name=\"twitter:card\" content=\"summary_large_image\" \/>\n<meta name=\"twitter:label1\" content=\"Dur\u00e9e de lecture estim\u00e9e\" \/>\n\t<meta name=\"twitter:data1\" content=\"1 minute\" \/>\n<script type=\"application\/ld+json\" class=\"yoast-schema-graph\">{\"@context\":\"https:\/\/schema.org\",\"@graph\":[{\"@type\":\"WebPage\",\"@id\":\"https:\/\/forma5.com\/fr\/sieges-de-bureau\/flow\/\",\"url\":\"https:\/\/forma5.com\/fr\/sieges-de-bureau\/flow\/\",\"name\":\"\u25b6 D\u00e9couvrez \u00ab Flow \u00bb : notre chaise pour votre espace de coworking - Groupe Forma 5\",\"isPartOf\":{\"@id\":\"https:\/\/forma5.com\/fr\/#website\"},\"primaryImageOfPage\":{\"@id\":\"https:\/\/forma5.com\/fr\/sieges-de-bureau\/flow\/#primaryimage\"},\"image\":{\"@id\":\"https:\/\/forma5.com\/fr\/sieges-de-bureau\/flow\/#primaryimage\"},\"thumbnailUrl\":\"https:\/\/forma5.com\/wp-content\/uploads\/Flow.webp\",\"datePublished\":\"2025-05-25T08:08:42+00:00\",\"dateModified\":\"2025-11-21T07:51:09+00:00\",\"description\":\"Flow Si\u00e8ges pour le coworking : confort et dynamisme dans un design l\u00e9ger, id\u00e9al pour le travail en rotation et en \u00e9quipe. Cliquez ici pour explorer !\",\"breadcrumb\":{\"@id\":\"https:\/\/forma5.com\/fr\/sieges-de-bureau\/flow\/#breadcrumb\"},\"inLanguage\":\"fr-FR\",\"potentialAction\":[{\"@type\":\"ReadAction\",\"target\":[\"https:\/\/forma5.com\/fr\/sieges-de-bureau\/flow\/\"]}]},{\"@type\":\"ImageObject\",\"inLanguage\":\"fr-FR\",\"@id\":\"https:\/\/forma5.com\/fr\/sieges-de-bureau\/flow\/#primaryimage\",\"url\":\"https:\/\/forma5.com\/wp-content\/uploads\/Flow.webp\",\"contentUrl\":\"https:\/\/forma5.com\/wp-content\/uploads\/Flow.webp\",\"width\":800,\"height\":800},{\"@type\":\"BreadcrumbList\",\"@id\":\"https:\/\/forma5.com\/fr\/sieges-de-bureau\/flow\/#breadcrumb\",\"itemListElement\":[{\"@type\":\"ListItem\",\"position\":1,\"name\":\"Portada\",\"item\":\"https:\/\/forma5.com\/fr\/\"},{\"@type\":\"ListItem\",\"position\":2,\"name\":\"Productos\",\"item\":\"https:\/\/forma5.com\/shop\/\"},{\"@type\":\"ListItem\",\"position\":3,\"name\":\"Flow\"}]},{\"@type\":\"WebSite\",\"@id\":\"https:\/\/forma5.com\/fr\/#website\",\"url\":\"https:\/\/forma5.com\/fr\/\",\"name\":\"Forma 5\",\"description\":\"\",\"publisher\":{\"@id\":\"https:\/\/forma5.com\/fr\/#organization\"},\"potentialAction\":[{\"@type\":\"SearchAction\",\"target\":{\"@type\":\"EntryPoint\",\"urlTemplate\":\"https:\/\/forma5.com\/fr\/?s={search_term_string}\"},\"query-input\":{\"@type\":\"PropertyValueSpecification\",\"valueRequired\":true,\"valueName\":\"search_term_string\"}}],\"inLanguage\":\"fr-FR\"},{\"@type\":\"Organization\",\"@id\":\"https:\/\/forma5.com\/fr\/#organization\",\"name\":\"Forma 5\",\"url\":\"https:\/\/forma5.com\/fr\/\",\"logo\":{\"@type\":\"ImageObject\",\"inLanguage\":\"fr-FR\",\"@id\":\"https:\/\/forma5.com\/fr\/#\/schema\/logo\/image\/\",\"url\":\"https:\/\/forma5.com\/wp-content\/uploads\/cropped-Logo-2D-Forma-5_BLACK.png\",\"contentUrl\":\"https:\/\/forma5.com\/wp-content\/uploads\/cropped-Logo-2D-Forma-5_BLACK.png\",\"width\":1129,\"height\":225,\"caption\":\"Forma 5\"},\"image\":{\"@id\":\"https:\/\/forma5.com\/fr\/#\/schema\/logo\/image\/\"}}]}<\/script>\n<!-- \/ Yoast SEO plugin. -->","yoast_head_json":{"title":"\u25b6 D\u00e9couvrez \u00ab Flow \u00bb : notre chaise pour votre espace de coworking - Groupe Forma 5","description":"Flow Si\u00e8ges pour le coworking : confort et dynamisme dans un design l\u00e9ger, id\u00e9al pour le travail en rotation et en \u00e9quipe. Cliquez ici pour explorer !","robots":{"index":"index","follow":"follow","max-snippet":"max-snippet:-1","max-image-preview":"max-image-preview:large","max-video-preview":"max-video-preview:-1"},"canonical":"https:\/\/forma5.com\/fr\/sieges-de-bureau\/flow\/","og_locale":"fr_FR","og_type":"article","og_title":"\u25b6 D\u00e9couvrez \u00ab Flow \u00bb : notre chaise pour votre espace de coworking - Groupe Forma 5","og_description":"Flow Si\u00e8ges pour le coworking : confort et dynamisme dans un design l\u00e9ger, id\u00e9al pour le travail en rotation et en \u00e9quipe. Cliquez ici pour explorer !","og_url":"https:\/\/forma5.com\/fr\/sieges-de-bureau\/flow\/","og_site_name":"Forma 5","article_modified_time":"2025-11-21T07:51:09+00:00","og_image":[{"width":800,"height":800,"url":"https:\/\/forma5.com\/wp-content\/uploads\/Flow.webp","type":"image\/webp"}],"twitter_card":"summary_large_image","twitter_misc":{"Dur\u00e9e de lecture estim\u00e9e":"1 minute"},"schema":{"@context":"https:\/\/schema.org","@graph":[{"@type":"WebPage","@id":"https:\/\/forma5.com\/fr\/sieges-de-bureau\/flow\/","url":"https:\/\/forma5.com\/fr\/sieges-de-bureau\/flow\/","name":"\u25b6 D\u00e9couvrez \u00ab Flow \u00bb : notre chaise pour votre espace de coworking - Groupe Forma 5","isPartOf":{"@id":"https:\/\/forma5.com\/fr\/#website"},"primaryImageOfPage":{"@id":"https:\/\/forma5.com\/fr\/sieges-de-bureau\/flow\/#primaryimage"},"image":{"@id":"https:\/\/forma5.com\/fr\/sieges-de-bureau\/flow\/#primaryimage"},"thumbnailUrl":"https:\/\/forma5.com\/wp-content\/uploads\/Flow.webp","datePublished":"2025-05-25T08:08:42+00:00","dateModified":"2025-11-21T07:51:09+00:00","description":"Flow Si\u00e8ges pour le coworking : confort et dynamisme dans un design l\u00e9ger, id\u00e9al pour le travail en rotation et en \u00e9quipe. Cliquez ici pour explorer !","breadcrumb":{"@id":"https:\/\/forma5.com\/fr\/sieges-de-bureau\/flow\/#breadcrumb"},"inLanguage":"fr-FR","potentialAction":[{"@type":"ReadAction","target":["https:\/\/forma5.com\/fr\/sieges-de-bureau\/flow\/"]}]},{"@type":"ImageObject","inLanguage":"fr-FR","@id":"https:\/\/forma5.com\/fr\/sieges-de-bureau\/flow\/#primaryimage","url":"https:\/\/forma5.com\/wp-content\/uploads\/Flow.webp","contentUrl":"https:\/\/forma5.com\/wp-content\/uploads\/Flow.webp","width":800,"height":800},{"@type":"BreadcrumbList","@id":"https:\/\/forma5.com\/fr\/sieges-de-bureau\/flow\/#breadcrumb","itemListElement":[{"@type":"ListItem","position":1,"name":"Portada","item":"https:\/\/forma5.com\/fr\/"},{"@type":"ListItem","position":2,"name":"Productos","item":"https:\/\/forma5.com\/shop\/"},{"@type":"ListItem","position":3,"name":"Flow"}]},{"@type":"WebSite","@id":"https:\/\/forma5.com\/fr\/#website","url":"https:\/\/forma5.com\/fr\/","name":"Forma 5","description":"","publisher":{"@id":"https:\/\/forma5.com\/fr\/#organization"},"potentialAction":[{"@type":"SearchAction","target":{"@type":"EntryPoint","urlTemplate":"https:\/\/forma5.com\/fr\/?s={search_term_string}"},"query-input":{"@type":"PropertyValueSpecification","valueRequired":true,"valueName":"search_term_string"}}],"inLanguage":"fr-FR"},{"@type":"Organization","@id":"https:\/\/forma5.com\/fr\/#organization","name":"Forma 5","url":"https:\/\/forma5.com\/fr\/","logo":{"@type":"ImageObject","inLanguage":"fr-FR","@id":"https:\/\/forma5.com\/fr\/#\/schema\/logo\/image\/","url":"https:\/\/forma5.com\/wp-content\/uploads\/cropped-Logo-2D-Forma-5_BLACK.png","contentUrl":"https:\/\/forma5.com\/wp-content\/uploads\/cropped-Logo-2D-Forma-5_BLACK.png","width":1129,"height":225,"caption":"Forma 5"},"image":{"@id":"https:\/\/forma5.com\/fr\/#\/schema\/logo\/image\/"}}]}},"_links":{"self":[{"href":"https:\/\/forma5.com\/fr\/wp-json\/wp\/v2\/product\/5224","targetHints":{"allow":["GET"]}}],"collection":[{"href":"https:\/\/forma5.com\/fr\/wp-json\/wp\/v2\/product"}],"about":[{"href":"https:\/\/forma5.com\/fr\/wp-json\/wp\/v2\/types\/product"}],"acf:attachment":[{"embeddable":true,"href":"https:\/\/forma5.com\/fr\/wp-json\/wp\/v2\/media\/8657"},{"embeddable":true,"href":"https:\/\/forma5.com\/fr\/wp-json\/wp\/v2\/media\/8661"},{"embeddable":true,"href":"https:\/\/forma5.com\/fr\/wp-json\/wp\/v2\/media\/8665"},{"embeddable":true,"href":"https:\/\/forma5.com\/fr\/wp-json\/wp\/v2\/media\/8669"},{"embeddable":true,"href":"https:\/\/forma5.com\/fr\/wp-json\/wp\/v2\/media\/8673"},{"embeddable":true,"href":"https:\/\/forma5.com\/fr\/wp-json\/wp\/v2\/media\/8677"},{"embeddable":true,"href":"https:\/\/forma5.com\/fr\/wp-json\/wp\/v2\/media\/8681"},{"embeddable":true,"href":"https:\/\/forma5.com\/fr\/wp-json\/wp\/v2\/media\/8685"},{"embeddable":true,"href":"https:\/\/forma5.com\/fr\/wp-json\/wp\/v2\/media\/8689"},{"embeddable":true,"href":"https:\/\/forma5.com\/fr\/wp-json\/wp\/v2\/media\/8693"},{"embeddable":true,"href":"https:\/\/forma5.com\/fr\/wp-json\/wp\/v2\/media\/8697"},{"embeddable":true,"href":"https:\/\/forma5.com\/fr\/wp-json\/wp\/v2\/media\/8561"},{"embeddable":true,"href":"https:\/\/forma5.com\/fr\/wp-json\/wp\/v2\/media\/8565"},{"embeddable":true,"href":"https:\/\/forma5.com\/fr\/wp-json\/wp\/v2\/media\/8569"},{"embeddable":true,"href":"https:\/\/forma5.com\/fr\/wp-json\/wp\/v2\/media\/8573"},{"embeddable":true,"href":"https:\/\/forma5.com\/fr\/wp-json\/wp\/v2\/media\/8577"},{"embeddable":true,"href":"https:\/\/forma5.com\/fr\/wp-json\/wp\/v2\/media\/8581"},{"embeddable":true,"href":"https:\/\/forma5.com\/fr\/wp-json\/wp\/v2\/media\/8585"},{"embeddable":true,"href":"https:\/\/forma5.com\/fr\/wp-json\/wp\/v2\/media\/8589"},{"embeddable":true,"href":"https:\/\/forma5.com\/fr\/wp-json\/wp\/v2\/media\/8593"},{"embeddable":true,"href":"https:\/\/forma5.com\/fr\/wp-json\/wp\/v2\/media\/8597"},{"embeddable":true,"href":"https:\/\/forma5.com\/fr\/wp-json\/wp\/v2\/media\/8601"},{"embeddable":true,"href":"https:\/\/forma5.com\/fr\/wp-json\/wp\/v2\/media\/8605"},{"embeddable":true,"href":"https:\/\/forma5.com\/fr\/wp-json\/wp\/v2\/media\/8609"},{"embeddable":true,"href":"https:\/\/forma5.com\/fr\/wp-json\/wp\/v2\/media\/8613"},{"embeddable":true,"href":"https:\/\/forma5.com\/fr\/wp-json\/wp\/v2\/media\/8617"},{"embeddable":true,"href":"https:\/\/forma5.com\/fr\/wp-json\/wp\/v2\/media\/8621"},{"embeddable":true,"href":"https:\/\/forma5.com\/fr\/wp-json\/wp\/v2\/media\/8625"},{"embeddable":true,"href":"https:\/\/forma5.com\/fr\/wp-json\/wp\/v2\/media\/8629"},{"embeddable":true,"href":"https:\/\/forma5.com\/fr\/wp-json\/wp\/v2\/media\/8633"},{"embeddable":true,"href":"https:\/\/forma5.com\/fr\/wp-json\/wp\/v2\/media\/8637"},{"embeddable":true,"href":"https:\/\/forma5.com\/fr\/wp-json\/wp\/v2\/media\/8641"},{"embeddable":true,"href":"https:\/\/forma5.com\/fr\/wp-json\/wp\/v2\/media\/8645"},{"embeddable":true,"href":"https:\/\/forma5.com\/fr\/wp-json\/wp\/v2\/media\/8649"},{"embeddable":true,"href":"https:\/\/forma5.com\/fr\/wp-json\/wp\/v2\/media\/8653"},{"embeddable":true,"href":"https:\/\/forma5.com\/fr\/wp-json\/wp\/v2\/media\/8557"},{"embeddable":true,"href":"https:\/\/forma5.com\/fr\/wp-json\/wp\/v2\/media\/2283"},{"embeddable":true,"href":"https:\/\/forma5.com\/fr\/wp-json\/wp\/v2\/media\/2281"},{"embeddable":true,"href":"https:\/\/forma5.com\/fr\/wp-json\/wp\/v2\/media\/2279"},{"embeddable":true,"href":"https:\/\/forma5.com\/fr\/wp-json\/wp\/v2\/media\/2277"}],"acf:post":[{"embeddable":true,"href":"https:\/\/forma5.com\/fr\/wp-json\/wp\/v2\/disenador\/1035"}],"wp:featuredmedia":[{"embeddable":true,"href":"https:\/\/forma5.com\/fr\/wp-json\/wp\/v2\/media\/5226"}],"wp:attachment":[{"href":"https:\/\/forma5.com\/fr\/wp-json\/wp\/v2\/media?parent=5224"}],"wp:term":[{"taxonomy":"product_brand","embeddable":true,"href":"https:\/\/forma5.com\/fr\/wp-json\/wp\/v2\/product_brand?post=5224"},{"taxonomy":"product_cat","embeddable":true,"href":"https:\/\/forma5.com\/fr\/wp-json\/wp\/v2\/product_cat?post=5224"},{"taxonomy":"product_tag","embeddable":true,"href":"https:\/\/forma5.com\/fr\/wp-json\/wp\/v2\/product_tag?post=5224"}],"curies":[{"name":"wp","href":"https:\/\/api.w.org\/{rel}","templated":true}]}}