{"id":5276,"date":"2025-05-24T12:40:00","date_gmt":"2025-05-24T10:40:00","guid":{"rendered":"https:\/\/forma5.com\/producto\/non%20class\u00e9\/cappa\/"},"modified":"2025-05-26T14:45:41","modified_gmt":"2025-05-26T12:45:41","slug":"cappa","status":"publish","type":"product","link":"https:\/\/forma5.com\/fr\/chaises-de-collectivite\/cappa\/","title":{"rendered":"Cappa"},"content":{"rendered":"<p><span data-sheets-root=\"1\">Les informations que nous recevons lorsque nous voyons une chaise Cappa pour la premi\u00e8re fois se traduisent par une accumulation d&rsquo;impressions bas\u00e9es sur la couleur, les formes courbes, l&rsquo;\u00e9lancement des lignes, la g\u00e9om\u00e9trie et la sym\u00e9trie de la structure. De petits stimuli qui forment un ensemble \u00e9quilibr\u00e9 et parfait, agr\u00e9able et chaleureux.<\/span><\/p>\n","protected":false},"excerpt":{"rendered":"<h2>Impressions bas\u00e9es sur la <em><span data-sheets-root=\"1\">couleur, les formes courbes, la g\u00e9om\u00e9trie et la sym\u00e9trie<\/span><\/em><\/h2>\n","protected":false},"featured_media":5277,"template":"","meta":{"_acf_changed":false},"product_brand":[],"product_cat":[146,154],"product_tag":[],"class_list":{"0":"post-5276","1":"product","2":"type-product","3":"status-publish","4":"has-post-thumbnail","6":"product_cat-sieges","7":"product_cat-chaises-de-collectivite","9":"first","10":"instock","11":"shipping-taxable","12":"product-type-simple"},"acf":{"bigger_product_image":"","background-text":"","product_designer":[1042],"inactive_designer_info":{"custom_designer_name":"","custom_designer_image":null},"scene_gallery":[2911,2913],"gallery_bg_color":"#6d6d6d","details_gallery":[{"slide_text":"<span data-sheets-root=\"1\">La famille Cappa propose des chaises et des fauteuils de diff\u00e9rentes structures, <strong>id\u00e9aux pour les bureaux, les espaces polyvalents et les salles de conf\u00e9rence.<\/strong><\/span>","slide_image":2909}],"product_video":{"video_link":"https:\/\/vimeo.com\/995335829?share=copy","video_cover":2911},"product_downloads_path":"sillas\/silla-confidente","product_downloads":[{"select_file_type":"normal","file_type":"catalog","file_type_special":"","file_name":"Cappa.pdf","file_customlabel":"Catalogue"},{"select_file_type":"normal","file_type":"technicalFeatures","file_type_special":"","file_name":"_CCTT_Cappa.pdf","file_customlabel":"Caract\u00e9ristiques Techniques"},{"select_file_type":"normal","file_type":"productCertificate","file_type_special":"","file_name":"CAPPA_rev03_Firmado.pdf","file_customlabel":"Certificat de Produit"},{"select_file_type":"normal","file_type":"images","file_type_special":"","file_name":"03_Cappa.zip","file_customlabel":"Images"},{"select_file_type":"normal","file_type":"autocad","file_type_special":"","file_name":"Cappa.zip","file_customlabel":"G\u00e9om\u00e9trie 3D"},{"select_file_type":"normal","file_type":"revitBim","file_type_special":"","file_name":"CAPPA.zip","file_customlabel":"Revit\/BIM"}],"grid_image_gallery":null},"yoast_head":"<!-- This site is optimized with the Yoast SEO plugin v25.2 - https:\/\/yoast.com\/wordpress\/plugins\/seo\/ -->\n<title>\u25b6 D\u00e9couvrez &#039;Cappa&#039; : notre chaise design pour le bureau - Groupe Forma 5<\/title>\n<meta name=\"description\" content=\"Si\u00e8ges design pour les bureaux. Des formes \u00e9l\u00e9gantes, courbes et \u00e9lanc\u00e9es, cr\u00e9ant un ensemble \u00e9quilibr\u00e9 et chaleureux pour tout environnement de travail.\" \/>\n<meta name=\"robots\" content=\"index, follow, max-snippet:-1, max-image-preview:large, max-video-preview:-1\" \/>\n<link rel=\"canonical\" href=\"https:\/\/forma5.com\/fr\/chaises-de-collectivite\/cappa\/\" \/>\n<meta property=\"og:locale\" content=\"fr_FR\" \/>\n<meta property=\"og:type\" content=\"article\" \/>\n<meta property=\"og:title\" content=\"\u25b6 D\u00e9couvrez &#039;Cappa&#039; : notre chaise design pour le bureau - Groupe Forma 5\" \/>\n<meta property=\"og:description\" content=\"Si\u00e8ges design pour les bureaux. Des formes \u00e9l\u00e9gantes, courbes et \u00e9lanc\u00e9es, cr\u00e9ant un ensemble \u00e9quilibr\u00e9 et chaleureux pour tout environnement de travail.\" \/>\n<meta property=\"og:url\" content=\"https:\/\/forma5.com\/fr\/chaises-de-collectivite\/cappa\/\" \/>\n<meta property=\"og:site_name\" content=\"Forma 5\" \/>\n<meta property=\"article:modified_time\" content=\"2025-05-26T12:45:41+00:00\" \/>\n<meta property=\"og:image\" content=\"https:\/\/forma5.com\/wp-content\/uploads\/cappa-2.webp\" \/>\n\t<meta property=\"og:image:width\" content=\"800\" \/>\n\t<meta property=\"og:image:height\" content=\"800\" \/>\n\t<meta property=\"og:image:type\" content=\"image\/webp\" \/>\n<meta name=\"twitter:card\" content=\"summary_large_image\" \/>\n<meta name=\"twitter:label1\" content=\"Dur\u00e9e de lecture estim\u00e9e\" \/>\n\t<meta name=\"twitter:data1\" content=\"1 minute\" \/>\n<script type=\"application\/ld+json\" class=\"yoast-schema-graph\">{\"@context\":\"https:\/\/schema.org\",\"@graph\":[{\"@type\":\"WebPage\",\"@id\":\"https:\/\/forma5.com\/fr\/chaises-de-collectivite\/cappa\/\",\"url\":\"https:\/\/forma5.com\/fr\/chaises-de-collectivite\/cappa\/\",\"name\":\"\u25b6 D\u00e9couvrez 'Cappa' : notre chaise design pour le bureau - Groupe Forma 5\",\"isPartOf\":{\"@id\":\"https:\/\/forma5.com\/fr\/#website\"},\"primaryImageOfPage\":{\"@id\":\"https:\/\/forma5.com\/fr\/chaises-de-collectivite\/cappa\/#primaryimage\"},\"image\":{\"@id\":\"https:\/\/forma5.com\/fr\/chaises-de-collectivite\/cappa\/#primaryimage\"},\"thumbnailUrl\":\"https:\/\/forma5.com\/wp-content\/uploads\/cappa-2.webp\",\"datePublished\":\"2025-05-24T10:40:00+00:00\",\"dateModified\":\"2025-05-26T12:45:41+00:00\",\"description\":\"Si\u00e8ges design pour les bureaux. Des formes \u00e9l\u00e9gantes, courbes et \u00e9lanc\u00e9es, cr\u00e9ant un ensemble \u00e9quilibr\u00e9 et chaleureux pour tout environnement de travail.\",\"breadcrumb\":{\"@id\":\"https:\/\/forma5.com\/fr\/chaises-de-collectivite\/cappa\/#breadcrumb\"},\"inLanguage\":\"fr-FR\",\"potentialAction\":[{\"@type\":\"ReadAction\",\"target\":[\"https:\/\/forma5.com\/fr\/chaises-de-collectivite\/cappa\/\"]}]},{\"@type\":\"ImageObject\",\"inLanguage\":\"fr-FR\",\"@id\":\"https:\/\/forma5.com\/fr\/chaises-de-collectivite\/cappa\/#primaryimage\",\"url\":\"https:\/\/forma5.com\/wp-content\/uploads\/cappa-2.webp\",\"contentUrl\":\"https:\/\/forma5.com\/wp-content\/uploads\/cappa-2.webp\",\"width\":800,\"height\":800},{\"@type\":\"BreadcrumbList\",\"@id\":\"https:\/\/forma5.com\/fr\/chaises-de-collectivite\/cappa\/#breadcrumb\",\"itemListElement\":[{\"@type\":\"ListItem\",\"position\":1,\"name\":\"Portada\",\"item\":\"https:\/\/forma5.com\/fr\/\"},{\"@type\":\"ListItem\",\"position\":2,\"name\":\"Productos\",\"item\":\"https:\/\/forma5.com\/shop\/\"},{\"@type\":\"ListItem\",\"position\":3,\"name\":\"Cappa\"}]},{\"@type\":\"WebSite\",\"@id\":\"https:\/\/forma5.com\/fr\/#website\",\"url\":\"https:\/\/forma5.com\/fr\/\",\"name\":\"Forma 5\",\"description\":\"\",\"publisher\":{\"@id\":\"https:\/\/forma5.com\/fr\/#organization\"},\"potentialAction\":[{\"@type\":\"SearchAction\",\"target\":{\"@type\":\"EntryPoint\",\"urlTemplate\":\"https:\/\/forma5.com\/fr\/?s={search_term_string}\"},\"query-input\":{\"@type\":\"PropertyValueSpecification\",\"valueRequired\":true,\"valueName\":\"search_term_string\"}}],\"inLanguage\":\"fr-FR\"},{\"@type\":\"Organization\",\"@id\":\"https:\/\/forma5.com\/fr\/#organization\",\"name\":\"Forma 5\",\"url\":\"https:\/\/forma5.com\/fr\/\",\"logo\":{\"@type\":\"ImageObject\",\"inLanguage\":\"fr-FR\",\"@id\":\"https:\/\/forma5.com\/fr\/#\/schema\/logo\/image\/\",\"url\":\"https:\/\/forma5.com\/wp-content\/uploads\/cropped-Logo-2D-Forma-5_BLACK.png\",\"contentUrl\":\"https:\/\/forma5.com\/wp-content\/uploads\/cropped-Logo-2D-Forma-5_BLACK.png\",\"width\":1129,\"height\":225,\"caption\":\"Forma 5\"},\"image\":{\"@id\":\"https:\/\/forma5.com\/fr\/#\/schema\/logo\/image\/\"}}]}<\/script>\n<!-- \/ Yoast SEO plugin. -->","yoast_head_json":{"title":"\u25b6 D\u00e9couvrez 'Cappa' : notre chaise design pour le bureau - Groupe Forma 5","description":"Si\u00e8ges design pour les bureaux. Des formes \u00e9l\u00e9gantes, courbes et \u00e9lanc\u00e9es, cr\u00e9ant un ensemble \u00e9quilibr\u00e9 et chaleureux pour tout environnement de travail.","robots":{"index":"index","follow":"follow","max-snippet":"max-snippet:-1","max-image-preview":"max-image-preview:large","max-video-preview":"max-video-preview:-1"},"canonical":"https:\/\/forma5.com\/fr\/chaises-de-collectivite\/cappa\/","og_locale":"fr_FR","og_type":"article","og_title":"\u25b6 D\u00e9couvrez 'Cappa' : notre chaise design pour le bureau - Groupe Forma 5","og_description":"Si\u00e8ges design pour les bureaux. Des formes \u00e9l\u00e9gantes, courbes et \u00e9lanc\u00e9es, cr\u00e9ant un ensemble \u00e9quilibr\u00e9 et chaleureux pour tout environnement de travail.","og_url":"https:\/\/forma5.com\/fr\/chaises-de-collectivite\/cappa\/","og_site_name":"Forma 5","article_modified_time":"2025-05-26T12:45:41+00:00","og_image":[{"width":800,"height":800,"url":"https:\/\/forma5.com\/wp-content\/uploads\/cappa-2.webp","type":"image\/webp"}],"twitter_card":"summary_large_image","twitter_misc":{"Dur\u00e9e de lecture estim\u00e9e":"1 minute"},"schema":{"@context":"https:\/\/schema.org","@graph":[{"@type":"WebPage","@id":"https:\/\/forma5.com\/fr\/chaises-de-collectivite\/cappa\/","url":"https:\/\/forma5.com\/fr\/chaises-de-collectivite\/cappa\/","name":"\u25b6 D\u00e9couvrez 'Cappa' : notre chaise design pour le bureau - Groupe Forma 5","isPartOf":{"@id":"https:\/\/forma5.com\/fr\/#website"},"primaryImageOfPage":{"@id":"https:\/\/forma5.com\/fr\/chaises-de-collectivite\/cappa\/#primaryimage"},"image":{"@id":"https:\/\/forma5.com\/fr\/chaises-de-collectivite\/cappa\/#primaryimage"},"thumbnailUrl":"https:\/\/forma5.com\/wp-content\/uploads\/cappa-2.webp","datePublished":"2025-05-24T10:40:00+00:00","dateModified":"2025-05-26T12:45:41+00:00","description":"Si\u00e8ges design pour les bureaux. Des formes \u00e9l\u00e9gantes, courbes et \u00e9lanc\u00e9es, cr\u00e9ant un ensemble \u00e9quilibr\u00e9 et chaleureux pour tout environnement de travail.","breadcrumb":{"@id":"https:\/\/forma5.com\/fr\/chaises-de-collectivite\/cappa\/#breadcrumb"},"inLanguage":"fr-FR","potentialAction":[{"@type":"ReadAction","target":["https:\/\/forma5.com\/fr\/chaises-de-collectivite\/cappa\/"]}]},{"@type":"ImageObject","inLanguage":"fr-FR","@id":"https:\/\/forma5.com\/fr\/chaises-de-collectivite\/cappa\/#primaryimage","url":"https:\/\/forma5.com\/wp-content\/uploads\/cappa-2.webp","contentUrl":"https:\/\/forma5.com\/wp-content\/uploads\/cappa-2.webp","width":800,"height":800},{"@type":"BreadcrumbList","@id":"https:\/\/forma5.com\/fr\/chaises-de-collectivite\/cappa\/#breadcrumb","itemListElement":[{"@type":"ListItem","position":1,"name":"Portada","item":"https:\/\/forma5.com\/fr\/"},{"@type":"ListItem","position":2,"name":"Productos","item":"https:\/\/forma5.com\/shop\/"},{"@type":"ListItem","position":3,"name":"Cappa"}]},{"@type":"WebSite","@id":"https:\/\/forma5.com\/fr\/#website","url":"https:\/\/forma5.com\/fr\/","name":"Forma 5","description":"","publisher":{"@id":"https:\/\/forma5.com\/fr\/#organization"},"potentialAction":[{"@type":"SearchAction","target":{"@type":"EntryPoint","urlTemplate":"https:\/\/forma5.com\/fr\/?s={search_term_string}"},"query-input":{"@type":"PropertyValueSpecification","valueRequired":true,"valueName":"search_term_string"}}],"inLanguage":"fr-FR"},{"@type":"Organization","@id":"https:\/\/forma5.com\/fr\/#organization","name":"Forma 5","url":"https:\/\/forma5.com\/fr\/","logo":{"@type":"ImageObject","inLanguage":"fr-FR","@id":"https:\/\/forma5.com\/fr\/#\/schema\/logo\/image\/","url":"https:\/\/forma5.com\/wp-content\/uploads\/cropped-Logo-2D-Forma-5_BLACK.png","contentUrl":"https:\/\/forma5.com\/wp-content\/uploads\/cropped-Logo-2D-Forma-5_BLACK.png","width":1129,"height":225,"caption":"Forma 5"},"image":{"@id":"https:\/\/forma5.com\/fr\/#\/schema\/logo\/image\/"}}]}},"_links":{"self":[{"href":"https:\/\/forma5.com\/fr\/wp-json\/wp\/v2\/product\/5276","targetHints":{"allow":["GET"]}}],"collection":[{"href":"https:\/\/forma5.com\/fr\/wp-json\/wp\/v2\/product"}],"about":[{"href":"https:\/\/forma5.com\/fr\/wp-json\/wp\/v2\/types\/product"}],"acf:attachment":[{"embeddable":true,"href":"https:\/\/forma5.com\/fr\/wp-json\/wp\/v2\/media\/2913"},{"embeddable":true,"href":"https:\/\/forma5.com\/fr\/wp-json\/wp\/v2\/media\/2911"}],"acf:post":[{"embeddable":true,"href":"https:\/\/forma5.com\/fr\/wp-json\/wp\/v2\/disenador\/1042"}],"wp:featuredmedia":[{"embeddable":true,"href":"https:\/\/forma5.com\/fr\/wp-json\/wp\/v2\/media\/5277"}],"wp:attachment":[{"href":"https:\/\/forma5.com\/fr\/wp-json\/wp\/v2\/media?parent=5276"}],"wp:term":[{"taxonomy":"product_brand","embeddable":true,"href":"https:\/\/forma5.com\/fr\/wp-json\/wp\/v2\/product_brand?post=5276"},{"taxonomy":"product_cat","embeddable":true,"href":"https:\/\/forma5.com\/fr\/wp-json\/wp\/v2\/product_cat?post=5276"},{"taxonomy":"product_tag","embeddable":true,"href":"https:\/\/forma5.com\/fr\/wp-json\/wp\/v2\/product_tag?post=5276"}],"curies":[{"name":"wp","href":"https:\/\/api.w.org\/{rel}","templated":true}]}}