{"id":5290,"date":"2025-05-25T13:37:01","date_gmt":"2025-05-25T11:37:01","guid":{"rendered":"https:\/\/forma5.com\/producto\/non%20class\u00e9\/ecologicas-muvit\/"},"modified":"2025-06-20T11:39:50","modified_gmt":"2025-06-20T09:39:50","slug":"muvit-3","status":"publish","type":"product","link":"https:\/\/forma5.com\/fr\/chaises-de-salle-dattente\/muvit\/","title":{"rendered":"Pouf Muvit"},"content":{"rendered":"<p><span data-sheets-root=\"1\">Avec son design innovant et sa vision engag\u00e9e en faveur de l&rsquo;environnement, le Pouf Muvit perfectionne le concept du bureau agile. Fabriqu\u00e9 en PET, un polym\u00e8re compos\u00e9 de plastique recycl\u00e9, ce tabouret l\u00e9ger est un ajout durable au bureau, sans compromis sur la solidit\u00e9 et la durabilit\u00e9.<\/span><\/p>\n","protected":false},"excerpt":{"rendered":"<h2>Une conception<em><span data-sheets-root=\"1\"> innovante et une vision engag\u00e9e <\/span><\/em>en faveur de l&rsquo;environnement<\/h2>\n","protected":false},"featured_media":5292,"template":"","meta":{"_acf_changed":false},"product_brand":[],"product_cat":[146,147],"product_tag":[],"class_list":{"0":"post-5290","1":"product","2":"type-product","3":"status-publish","4":"has-post-thumbnail","6":"product_cat-sieges","7":"product_cat-chaises-de-salle-dattente","9":"first","10":"instock","11":"shipping-taxable","12":"product-type-simple"},"acf":{"bigger_product_image":"","background-text":"Muvit","product_designer":[2313],"inactive_designer_info":{"custom_designer_name":"","custom_designer_image":null},"scene_gallery":[2901,2903,2905],"gallery_bg_color":"#777777","details_gallery":[{"slide_text":"Le si\u00e8ge MUVIT r\u00e9pond aux<strong><span data-sheets-root=\"1\"> exigences de l'environnement de travail actuel.<\/span><\/strong>","slide_image":2907}],"product_video":{"video_link":"https:\/\/vimeo.com\/910395740","video_cover":2903},"product_downloads_path":"sillas\/sala-espera-recepcion","product_downloads":[{"select_file_type":"normal","file_type":"catalog","file_type_special":"","file_name":"Muvit.pdf","file_customlabel":"Catalogue Muvit"},{"select_file_type":"normal","file_type":"technicalFeatures","file_type_special":"","file_name":"_CCTT_MUVIT_Seat.pdf","file_customlabel":"Caract\u00e9ristiques Techniques"},{"select_file_type":"normal","file_type":"images","file_type_special":"","file_name":"01_Muvit Seat.zip","file_customlabel":"Images"},{"select_file_type":"normal","file_type":"autocad","file_type_special":"","file_name":"Muvit seat.zip","file_customlabel":"G\u00e9om\u00e9trie 3D"}],"grid_image_gallery":null},"yoast_head":"<!-- This site is optimized with the Yoast SEO plugin v25.2 - https:\/\/yoast.com\/wordpress\/plugins\/seo\/ -->\n<title>\u25b6 D\u00e9couvrez &#039;Muvit&#039; : notre chaise \u00e9cologique - Groupe Forma 5<\/title>\n<meta name=\"description\" content=\"Si\u00e8ges \u00e9cologiques pour bureaux : le MUVIT Seat en PET recycl\u00e9 offre innovation, l\u00e9g\u00e8ret\u00e9 et engagement environnemental.\" \/>\n<meta name=\"robots\" content=\"index, follow, max-snippet:-1, max-image-preview:large, max-video-preview:-1\" \/>\n<link rel=\"canonical\" href=\"https:\/\/forma5.com\/fr\/chaises-de-salle-dattente\/muvit\/\" \/>\n<meta property=\"og:locale\" content=\"fr_FR\" \/>\n<meta property=\"og:type\" content=\"article\" \/>\n<meta property=\"og:title\" content=\"\u25b6 D\u00e9couvrez &#039;Muvit&#039; : notre chaise \u00e9cologique - Groupe Forma 5\" \/>\n<meta property=\"og:description\" content=\"Si\u00e8ges \u00e9cologiques pour bureaux : le MUVIT Seat en PET recycl\u00e9 offre innovation, l\u00e9g\u00e8ret\u00e9 et engagement environnemental.\" \/>\n<meta property=\"og:url\" content=\"https:\/\/forma5.com\/fr\/chaises-de-salle-dattente\/muvit\/\" \/>\n<meta property=\"og:site_name\" content=\"Forma 5\" \/>\n<meta property=\"article:modified_time\" content=\"2025-06-20T09:39:50+00:00\" \/>\n<meta property=\"og:image\" content=\"https:\/\/forma5.com\/wp-content\/uploads\/muvit.webp\" \/>\n\t<meta property=\"og:image:width\" content=\"800\" \/>\n\t<meta property=\"og:image:height\" content=\"800\" \/>\n\t<meta property=\"og:image:type\" content=\"image\/webp\" \/>\n<meta name=\"twitter:card\" content=\"summary_large_image\" \/>\n<meta name=\"twitter:label1\" content=\"Dur\u00e9e de lecture estim\u00e9e\" \/>\n\t<meta name=\"twitter:data1\" content=\"1 minute\" \/>\n<script type=\"application\/ld+json\" class=\"yoast-schema-graph\">{\"@context\":\"https:\/\/schema.org\",\"@graph\":[{\"@type\":\"WebPage\",\"@id\":\"https:\/\/forma5.com\/fr\/chaises-de-salle-dattente\/muvit\/\",\"url\":\"https:\/\/forma5.com\/fr\/chaises-de-salle-dattente\/muvit\/\",\"name\":\"\u25b6 D\u00e9couvrez 'Muvit' : notre chaise \u00e9cologique - Groupe Forma 5\",\"isPartOf\":{\"@id\":\"https:\/\/forma5.com\/fr\/#website\"},\"primaryImageOfPage\":{\"@id\":\"https:\/\/forma5.com\/fr\/chaises-de-salle-dattente\/muvit\/#primaryimage\"},\"image\":{\"@id\":\"https:\/\/forma5.com\/fr\/chaises-de-salle-dattente\/muvit\/#primaryimage\"},\"thumbnailUrl\":\"https:\/\/forma5.com\/wp-content\/uploads\/muvit.webp\",\"datePublished\":\"2025-05-25T11:37:01+00:00\",\"dateModified\":\"2025-06-20T09:39:50+00:00\",\"description\":\"Si\u00e8ges \u00e9cologiques pour bureaux : le MUVIT Seat en PET recycl\u00e9 offre innovation, l\u00e9g\u00e8ret\u00e9 et engagement environnemental.\",\"breadcrumb\":{\"@id\":\"https:\/\/forma5.com\/fr\/chaises-de-salle-dattente\/muvit\/#breadcrumb\"},\"inLanguage\":\"fr-FR\",\"potentialAction\":[{\"@type\":\"ReadAction\",\"target\":[\"https:\/\/forma5.com\/fr\/chaises-de-salle-dattente\/muvit\/\"]}]},{\"@type\":\"ImageObject\",\"inLanguage\":\"fr-FR\",\"@id\":\"https:\/\/forma5.com\/fr\/chaises-de-salle-dattente\/muvit\/#primaryimage\",\"url\":\"https:\/\/forma5.com\/wp-content\/uploads\/muvit.webp\",\"contentUrl\":\"https:\/\/forma5.com\/wp-content\/uploads\/muvit.webp\",\"width\":800,\"height\":800},{\"@type\":\"BreadcrumbList\",\"@id\":\"https:\/\/forma5.com\/fr\/chaises-de-salle-dattente\/muvit\/#breadcrumb\",\"itemListElement\":[{\"@type\":\"ListItem\",\"position\":1,\"name\":\"Portada\",\"item\":\"https:\/\/forma5.com\/fr\/\"},{\"@type\":\"ListItem\",\"position\":2,\"name\":\"Productos\",\"item\":\"https:\/\/forma5.com\/shop\/\"},{\"@type\":\"ListItem\",\"position\":3,\"name\":\"Pouf Muvit\"}]},{\"@type\":\"WebSite\",\"@id\":\"https:\/\/forma5.com\/fr\/#website\",\"url\":\"https:\/\/forma5.com\/fr\/\",\"name\":\"Forma 5\",\"description\":\"\",\"publisher\":{\"@id\":\"https:\/\/forma5.com\/fr\/#organization\"},\"potentialAction\":[{\"@type\":\"SearchAction\",\"target\":{\"@type\":\"EntryPoint\",\"urlTemplate\":\"https:\/\/forma5.com\/fr\/?s={search_term_string}\"},\"query-input\":{\"@type\":\"PropertyValueSpecification\",\"valueRequired\":true,\"valueName\":\"search_term_string\"}}],\"inLanguage\":\"fr-FR\"},{\"@type\":\"Organization\",\"@id\":\"https:\/\/forma5.com\/fr\/#organization\",\"name\":\"Forma 5\",\"url\":\"https:\/\/forma5.com\/fr\/\",\"logo\":{\"@type\":\"ImageObject\",\"inLanguage\":\"fr-FR\",\"@id\":\"https:\/\/forma5.com\/fr\/#\/schema\/logo\/image\/\",\"url\":\"https:\/\/forma5.com\/wp-content\/uploads\/cropped-Logo-2D-Forma-5_BLACK.png\",\"contentUrl\":\"https:\/\/forma5.com\/wp-content\/uploads\/cropped-Logo-2D-Forma-5_BLACK.png\",\"width\":1129,\"height\":225,\"caption\":\"Forma 5\"},\"image\":{\"@id\":\"https:\/\/forma5.com\/fr\/#\/schema\/logo\/image\/\"}}]}<\/script>\n<!-- \/ Yoast SEO plugin. -->","yoast_head_json":{"title":"\u25b6 D\u00e9couvrez 'Muvit' : notre chaise \u00e9cologique - Groupe Forma 5","description":"Si\u00e8ges \u00e9cologiques pour bureaux : le MUVIT Seat en PET recycl\u00e9 offre innovation, l\u00e9g\u00e8ret\u00e9 et engagement environnemental.","robots":{"index":"index","follow":"follow","max-snippet":"max-snippet:-1","max-image-preview":"max-image-preview:large","max-video-preview":"max-video-preview:-1"},"canonical":"https:\/\/forma5.com\/fr\/chaises-de-salle-dattente\/muvit\/","og_locale":"fr_FR","og_type":"article","og_title":"\u25b6 D\u00e9couvrez 'Muvit' : notre chaise \u00e9cologique - Groupe Forma 5","og_description":"Si\u00e8ges \u00e9cologiques pour bureaux : le MUVIT Seat en PET recycl\u00e9 offre innovation, l\u00e9g\u00e8ret\u00e9 et engagement environnemental.","og_url":"https:\/\/forma5.com\/fr\/chaises-de-salle-dattente\/muvit\/","og_site_name":"Forma 5","article_modified_time":"2025-06-20T09:39:50+00:00","og_image":[{"width":800,"height":800,"url":"https:\/\/forma5.com\/wp-content\/uploads\/muvit.webp","type":"image\/webp"}],"twitter_card":"summary_large_image","twitter_misc":{"Dur\u00e9e de lecture estim\u00e9e":"1 minute"},"schema":{"@context":"https:\/\/schema.org","@graph":[{"@type":"WebPage","@id":"https:\/\/forma5.com\/fr\/chaises-de-salle-dattente\/muvit\/","url":"https:\/\/forma5.com\/fr\/chaises-de-salle-dattente\/muvit\/","name":"\u25b6 D\u00e9couvrez 'Muvit' : notre chaise \u00e9cologique - Groupe Forma 5","isPartOf":{"@id":"https:\/\/forma5.com\/fr\/#website"},"primaryImageOfPage":{"@id":"https:\/\/forma5.com\/fr\/chaises-de-salle-dattente\/muvit\/#primaryimage"},"image":{"@id":"https:\/\/forma5.com\/fr\/chaises-de-salle-dattente\/muvit\/#primaryimage"},"thumbnailUrl":"https:\/\/forma5.com\/wp-content\/uploads\/muvit.webp","datePublished":"2025-05-25T11:37:01+00:00","dateModified":"2025-06-20T09:39:50+00:00","description":"Si\u00e8ges \u00e9cologiques pour bureaux : le MUVIT Seat en PET recycl\u00e9 offre innovation, l\u00e9g\u00e8ret\u00e9 et engagement environnemental.","breadcrumb":{"@id":"https:\/\/forma5.com\/fr\/chaises-de-salle-dattente\/muvit\/#breadcrumb"},"inLanguage":"fr-FR","potentialAction":[{"@type":"ReadAction","target":["https:\/\/forma5.com\/fr\/chaises-de-salle-dattente\/muvit\/"]}]},{"@type":"ImageObject","inLanguage":"fr-FR","@id":"https:\/\/forma5.com\/fr\/chaises-de-salle-dattente\/muvit\/#primaryimage","url":"https:\/\/forma5.com\/wp-content\/uploads\/muvit.webp","contentUrl":"https:\/\/forma5.com\/wp-content\/uploads\/muvit.webp","width":800,"height":800},{"@type":"BreadcrumbList","@id":"https:\/\/forma5.com\/fr\/chaises-de-salle-dattente\/muvit\/#breadcrumb","itemListElement":[{"@type":"ListItem","position":1,"name":"Portada","item":"https:\/\/forma5.com\/fr\/"},{"@type":"ListItem","position":2,"name":"Productos","item":"https:\/\/forma5.com\/shop\/"},{"@type":"ListItem","position":3,"name":"Pouf Muvit"}]},{"@type":"WebSite","@id":"https:\/\/forma5.com\/fr\/#website","url":"https:\/\/forma5.com\/fr\/","name":"Forma 5","description":"","publisher":{"@id":"https:\/\/forma5.com\/fr\/#organization"},"potentialAction":[{"@type":"SearchAction","target":{"@type":"EntryPoint","urlTemplate":"https:\/\/forma5.com\/fr\/?s={search_term_string}"},"query-input":{"@type":"PropertyValueSpecification","valueRequired":true,"valueName":"search_term_string"}}],"inLanguage":"fr-FR"},{"@type":"Organization","@id":"https:\/\/forma5.com\/fr\/#organization","name":"Forma 5","url":"https:\/\/forma5.com\/fr\/","logo":{"@type":"ImageObject","inLanguage":"fr-FR","@id":"https:\/\/forma5.com\/fr\/#\/schema\/logo\/image\/","url":"https:\/\/forma5.com\/wp-content\/uploads\/cropped-Logo-2D-Forma-5_BLACK.png","contentUrl":"https:\/\/forma5.com\/wp-content\/uploads\/cropped-Logo-2D-Forma-5_BLACK.png","width":1129,"height":225,"caption":"Forma 5"},"image":{"@id":"https:\/\/forma5.com\/fr\/#\/schema\/logo\/image\/"}}]}},"_links":{"self":[{"href":"https:\/\/forma5.com\/fr\/wp-json\/wp\/v2\/product\/5290","targetHints":{"allow":["GET"]}}],"collection":[{"href":"https:\/\/forma5.com\/fr\/wp-json\/wp\/v2\/product"}],"about":[{"href":"https:\/\/forma5.com\/fr\/wp-json\/wp\/v2\/types\/product"}],"acf:attachment":[{"embeddable":true,"href":"https:\/\/forma5.com\/fr\/wp-json\/wp\/v2\/media\/2905"},{"embeddable":true,"href":"https:\/\/forma5.com\/fr\/wp-json\/wp\/v2\/media\/2903"},{"embeddable":true,"href":"https:\/\/forma5.com\/fr\/wp-json\/wp\/v2\/media\/2901"}],"acf:post":[{"embeddable":true,"href":"https:\/\/forma5.com\/fr\/wp-json\/wp\/v2\/disenador\/2313"}],"wp:featuredmedia":[{"embeddable":true,"href":"https:\/\/forma5.com\/fr\/wp-json\/wp\/v2\/media\/5292"}],"wp:attachment":[{"href":"https:\/\/forma5.com\/fr\/wp-json\/wp\/v2\/media?parent=5290"}],"wp:term":[{"taxonomy":"product_brand","embeddable":true,"href":"https:\/\/forma5.com\/fr\/wp-json\/wp\/v2\/product_brand?post=5290"},{"taxonomy":"product_cat","embeddable":true,"href":"https:\/\/forma5.com\/fr\/wp-json\/wp\/v2\/product_cat?post=5290"},{"taxonomy":"product_tag","embeddable":true,"href":"https:\/\/forma5.com\/fr\/wp-json\/wp\/v2\/product_tag?post=5290"}],"curies":[{"name":"wp","href":"https:\/\/api.w.org\/{rel}","templated":true}]}}