{"id":5311,"date":"2024-08-01T09:19:47","date_gmt":"2024-08-01T07:19:47","guid":{"rendered":"https:\/\/forma5.com\/producto\/non%20class\u00e9\/silla-plegable\/"},"modified":"2025-03-03T11:45:41","modified_gmt":"2025-03-03T10:45:41","slug":"teatro","status":"publish","type":"product","link":"https:\/\/forma5.com\/fr\/sieges-de-lauditorium\/teatro\/","title":{"rendered":"Teatro"},"content":{"rendered":"<p><span data-sheets-root=\"1\">La polyvalence de ce si\u00e8ge de th\u00e9\u00e2tre lui permet d&rsquo;\u00eatre utilis\u00e9 dans des lieux tels que les th\u00e9\u00e2tres, les auditoriums, les salles de conf\u00e9rence, les amphith\u00e9\u00e2tres, les salles de presse ou de projection, les salles polyvalentes d&rsquo;institutions publiques ou priv\u00e9es, etc.<\/span><\/p>\n","protected":false},"excerpt":{"rendered":"<h2><span data-sheets-root=\"1\">Une atmosph\u00e8re <em>conviviale et amicale<\/em> sera int\u00e9gr\u00e9e \u00e0 l&rsquo;espace<\/span><\/h2>\n","protected":false},"featured_media":5313,"template":"","meta":{"_acf_changed":false},"product_brand":[],"product_cat":[146,155],"product_tag":[],"class_list":{"0":"post-5311","1":"product","2":"type-product","3":"status-publish","4":"has-post-thumbnail","6":"product_cat-sieges","7":"product_cat-sieges-de-lauditorium","9":"first","10":"instock","11":"shipping-taxable","12":"product-type-simple"},"acf":{"bigger_product_image":"","background-text":"","product_designer":[1042],"inactive_designer_info":{"custom_designer_name":"","custom_designer_image":null},"scene_gallery":[3340,2878,2880],"gallery_bg_color":"#919191","details_gallery":[{"slide_text":"<span data-sheets-root=\"1\">Le pupitre est con\u00e7u pour <strong>compl\u00e9ter les espaces<\/strong> o\u00f9 son utilisation est requise.<\/span>","slide_image":2882},{"slide_text":"<span style=\"font-size: inherit; font-family: -apple-system, system-ui, BlinkMacSystemFont, 'Segoe UI', Helvetica, Arial, sans-serif, 'Apple Color Emoji', 'Segoe UI Emoji', 'Segoe UI Symbol';\">Le\u00a0<\/span><strong style=\"font-size: inherit; font-family: -apple-system, system-ui, BlinkMacSystemFont, 'Segoe UI', Helvetica, Arial, sans-serif, 'Apple Color Emoji', 'Segoe UI Emoji', 'Segoe UI Symbol';\">rembourrage en mousse<\/strong><span style=\"font-size: inherit; font-family: -apple-system, system-ui, BlinkMacSystemFont, 'Segoe UI', Helvetica, Arial, sans-serif, 'Apple Color Emoji', 'Segoe UI Emoji', 'Segoe UI Symbol';\"> de polyur\u00e9thane d'une \u00e9paisseur de 75 mm et d'une densit\u00e9 de 40 kg\/m^(3) est tr\u00e8s confortable. Large gamme de tissus disponible. Les <\/span><strong style=\"font-size: inherit; font-family: -apple-system, system-ui, BlinkMacSystemFont, 'Segoe UI', Helvetica, Arial, sans-serif, 'Apple Color Emoji', 'Segoe UI Emoji', 'Segoe UI Symbol';\">accoudoirs<\/strong><span style=\"font-size: inherit; font-family: -apple-system, system-ui, BlinkMacSystemFont, 'Segoe UI', Helvetica, Arial, sans-serif, 'Apple Color Emoji', 'Segoe UI Emoji', 'Segoe UI Symbol';\"> sont en bois, avec une <\/span><strong style=\"font-size: inherit; font-family: -apple-system, system-ui, BlinkMacSystemFont, 'Segoe UI', Helvetica, Arial, sans-serif, 'Apple Color Emoji', 'Segoe UI Emoji', 'Segoe UI Symbol';\">finition h\u00eatre<\/strong><span style=\"font-size: inherit; font-family: -apple-system, system-ui, BlinkMacSystemFont, 'Segoe UI', Helvetica, Arial, sans-serif, 'Apple Color Emoji', 'Segoe UI Emoji', 'Segoe UI Symbol';\">.<\/span>","slide_image":3342}],"product_video":{"video_link":"","video_cover":""},"product_downloads_path":"sillas\/butacas-diseno","product_downloads":[{"select_file_type":"normal","file_type":"catalog","file_type_special":"","file_name":"F_Auditoriun.pdf","file_customlabel":"Catalogue"},{"select_file_type":"normal","file_type":"images","file_type_special":"","file_name":"01_Teatro.zip","file_customlabel":"Images"},{"select_file_type":"normal","file_type":"productCertificate","file_type_special":"","file_name":"Teatro_TEST.pdf","file_customlabel":"Certificat"},{"select_file_type":"normal","file_type":"technicalFeatures","file_type_special":"","file_name":"_CCTT_Teatro.pdf","file_customlabel":"Caract\u00e9ristiques Techniques"},{"select_file_type":"normal","file_type":"autocad","file_type_special":"","file_name":"Teatro.zip","file_customlabel":"Autocad"}],"grid_image_gallery":null},"yoast_head":"<!-- This site is optimized with the Yoast SEO plugin v25.2 - https:\/\/yoast.com\/wordpress\/plugins\/seo\/ -->\n<title>\u25b6 D\u00e9couvrez \u00ab Teatro \u00bb : notre chaise pliante pour les cin\u00e9mas, les auditoriums, etc. - Groupe Forma 5<\/title>\n<meta name=\"description\" content=\"Chaise pliante et si\u00e8ges avec table pour les th\u00e9\u00e2tres, auditoriums, cin\u00e9mas, \u00e9v\u00e9nements, salles de conf\u00e9rence, amphith\u00e9\u00e2tres, etc. Avec accoudoirs en bois.\" \/>\n<meta name=\"robots\" content=\"index, follow, max-snippet:-1, max-image-preview:large, max-video-preview:-1\" \/>\n<link rel=\"canonical\" href=\"https:\/\/forma5.com\/fr\/sieges-de-lauditorium\/teatro\/\" \/>\n<meta property=\"og:locale\" content=\"fr_FR\" \/>\n<meta property=\"og:type\" content=\"article\" \/>\n<meta property=\"og:title\" content=\"\u25b6 D\u00e9couvrez \u00ab Teatro \u00bb : notre chaise pliante pour les cin\u00e9mas, les auditoriums, etc. - Groupe Forma 5\" \/>\n<meta property=\"og:description\" content=\"Chaise pliante et si\u00e8ges avec table pour les th\u00e9\u00e2tres, auditoriums, cin\u00e9mas, \u00e9v\u00e9nements, salles de conf\u00e9rence, amphith\u00e9\u00e2tres, etc. Avec accoudoirs en bois.\" \/>\n<meta property=\"og:url\" content=\"https:\/\/forma5.com\/fr\/sieges-de-lauditorium\/teatro\/\" \/>\n<meta property=\"og:site_name\" content=\"Forma 5\" \/>\n<meta property=\"article:modified_time\" content=\"2025-03-03T10:45:41+00:00\" \/>\n<meta property=\"og:image\" content=\"https:\/\/forma5.com\/wp-content\/uploads\/teatro.webp\" \/>\n\t<meta property=\"og:image:width\" content=\"800\" \/>\n\t<meta property=\"og:image:height\" content=\"800\" \/>\n\t<meta property=\"og:image:type\" content=\"image\/webp\" \/>\n<meta name=\"twitter:card\" content=\"summary_large_image\" \/>\n<meta name=\"twitter:label1\" content=\"Dur\u00e9e de lecture estim\u00e9e\" \/>\n\t<meta name=\"twitter:data1\" content=\"1 minute\" \/>\n<script type=\"application\/ld+json\" class=\"yoast-schema-graph\">{\"@context\":\"https:\/\/schema.org\",\"@graph\":[{\"@type\":\"WebPage\",\"@id\":\"https:\/\/forma5.com\/fr\/sieges-de-lauditorium\/teatro\/\",\"url\":\"https:\/\/forma5.com\/fr\/sieges-de-lauditorium\/teatro\/\",\"name\":\"\u25b6 D\u00e9couvrez \u00ab Teatro \u00bb : notre chaise pliante pour les cin\u00e9mas, les auditoriums, etc. - Groupe Forma 5\",\"isPartOf\":{\"@id\":\"https:\/\/forma5.com\/fr\/#website\"},\"primaryImageOfPage\":{\"@id\":\"https:\/\/forma5.com\/fr\/sieges-de-lauditorium\/teatro\/#primaryimage\"},\"image\":{\"@id\":\"https:\/\/forma5.com\/fr\/sieges-de-lauditorium\/teatro\/#primaryimage\"},\"thumbnailUrl\":\"https:\/\/forma5.com\/wp-content\/uploads\/teatro.webp\",\"datePublished\":\"2024-08-01T07:19:47+00:00\",\"dateModified\":\"2025-03-03T10:45:41+00:00\",\"description\":\"Chaise pliante et si\u00e8ges avec table pour les th\u00e9\u00e2tres, auditoriums, cin\u00e9mas, \u00e9v\u00e9nements, salles de conf\u00e9rence, amphith\u00e9\u00e2tres, etc. Avec accoudoirs en bois.\",\"breadcrumb\":{\"@id\":\"https:\/\/forma5.com\/fr\/sieges-de-lauditorium\/teatro\/#breadcrumb\"},\"inLanguage\":\"fr-FR\",\"potentialAction\":[{\"@type\":\"ReadAction\",\"target\":[\"https:\/\/forma5.com\/fr\/sieges-de-lauditorium\/teatro\/\"]}]},{\"@type\":\"ImageObject\",\"inLanguage\":\"fr-FR\",\"@id\":\"https:\/\/forma5.com\/fr\/sieges-de-lauditorium\/teatro\/#primaryimage\",\"url\":\"https:\/\/forma5.com\/wp-content\/uploads\/teatro.webp\",\"contentUrl\":\"https:\/\/forma5.com\/wp-content\/uploads\/teatro.webp\",\"width\":800,\"height\":800},{\"@type\":\"BreadcrumbList\",\"@id\":\"https:\/\/forma5.com\/fr\/sieges-de-lauditorium\/teatro\/#breadcrumb\",\"itemListElement\":[{\"@type\":\"ListItem\",\"position\":1,\"name\":\"Portada\",\"item\":\"https:\/\/forma5.com\/fr\/\"},{\"@type\":\"ListItem\",\"position\":2,\"name\":\"Productos\",\"item\":\"https:\/\/forma5.com\/shop\/\"},{\"@type\":\"ListItem\",\"position\":3,\"name\":\"Teatro\"}]},{\"@type\":\"WebSite\",\"@id\":\"https:\/\/forma5.com\/fr\/#website\",\"url\":\"https:\/\/forma5.com\/fr\/\",\"name\":\"Forma 5\",\"description\":\"\",\"publisher\":{\"@id\":\"https:\/\/forma5.com\/fr\/#organization\"},\"potentialAction\":[{\"@type\":\"SearchAction\",\"target\":{\"@type\":\"EntryPoint\",\"urlTemplate\":\"https:\/\/forma5.com\/fr\/?s={search_term_string}\"},\"query-input\":{\"@type\":\"PropertyValueSpecification\",\"valueRequired\":true,\"valueName\":\"search_term_string\"}}],\"inLanguage\":\"fr-FR\"},{\"@type\":\"Organization\",\"@id\":\"https:\/\/forma5.com\/fr\/#organization\",\"name\":\"Forma 5\",\"url\":\"https:\/\/forma5.com\/fr\/\",\"logo\":{\"@type\":\"ImageObject\",\"inLanguage\":\"fr-FR\",\"@id\":\"https:\/\/forma5.com\/fr\/#\/schema\/logo\/image\/\",\"url\":\"https:\/\/forma5.com\/wp-content\/uploads\/cropped-Logo-2D-Forma-5_BLACK.png\",\"contentUrl\":\"https:\/\/forma5.com\/wp-content\/uploads\/cropped-Logo-2D-Forma-5_BLACK.png\",\"width\":1129,\"height\":225,\"caption\":\"Forma 5\"},\"image\":{\"@id\":\"https:\/\/forma5.com\/fr\/#\/schema\/logo\/image\/\"}}]}<\/script>\n<!-- \/ Yoast SEO plugin. -->","yoast_head_json":{"title":"\u25b6 D\u00e9couvrez \u00ab Teatro \u00bb : notre chaise pliante pour les cin\u00e9mas, les auditoriums, etc. - Groupe Forma 5","description":"Chaise pliante et si\u00e8ges avec table pour les th\u00e9\u00e2tres, auditoriums, cin\u00e9mas, \u00e9v\u00e9nements, salles de conf\u00e9rence, amphith\u00e9\u00e2tres, etc. Avec accoudoirs en bois.","robots":{"index":"index","follow":"follow","max-snippet":"max-snippet:-1","max-image-preview":"max-image-preview:large","max-video-preview":"max-video-preview:-1"},"canonical":"https:\/\/forma5.com\/fr\/sieges-de-lauditorium\/teatro\/","og_locale":"fr_FR","og_type":"article","og_title":"\u25b6 D\u00e9couvrez \u00ab Teatro \u00bb : notre chaise pliante pour les cin\u00e9mas, les auditoriums, etc. - Groupe Forma 5","og_description":"Chaise pliante et si\u00e8ges avec table pour les th\u00e9\u00e2tres, auditoriums, cin\u00e9mas, \u00e9v\u00e9nements, salles de conf\u00e9rence, amphith\u00e9\u00e2tres, etc. Avec accoudoirs en bois.","og_url":"https:\/\/forma5.com\/fr\/sieges-de-lauditorium\/teatro\/","og_site_name":"Forma 5","article_modified_time":"2025-03-03T10:45:41+00:00","og_image":[{"width":800,"height":800,"url":"https:\/\/forma5.com\/wp-content\/uploads\/teatro.webp","type":"image\/webp"}],"twitter_card":"summary_large_image","twitter_misc":{"Dur\u00e9e de lecture estim\u00e9e":"1 minute"},"schema":{"@context":"https:\/\/schema.org","@graph":[{"@type":"WebPage","@id":"https:\/\/forma5.com\/fr\/sieges-de-lauditorium\/teatro\/","url":"https:\/\/forma5.com\/fr\/sieges-de-lauditorium\/teatro\/","name":"\u25b6 D\u00e9couvrez \u00ab Teatro \u00bb : notre chaise pliante pour les cin\u00e9mas, les auditoriums, etc. - Groupe Forma 5","isPartOf":{"@id":"https:\/\/forma5.com\/fr\/#website"},"primaryImageOfPage":{"@id":"https:\/\/forma5.com\/fr\/sieges-de-lauditorium\/teatro\/#primaryimage"},"image":{"@id":"https:\/\/forma5.com\/fr\/sieges-de-lauditorium\/teatro\/#primaryimage"},"thumbnailUrl":"https:\/\/forma5.com\/wp-content\/uploads\/teatro.webp","datePublished":"2024-08-01T07:19:47+00:00","dateModified":"2025-03-03T10:45:41+00:00","description":"Chaise pliante et si\u00e8ges avec table pour les th\u00e9\u00e2tres, auditoriums, cin\u00e9mas, \u00e9v\u00e9nements, salles de conf\u00e9rence, amphith\u00e9\u00e2tres, etc. Avec accoudoirs en bois.","breadcrumb":{"@id":"https:\/\/forma5.com\/fr\/sieges-de-lauditorium\/teatro\/#breadcrumb"},"inLanguage":"fr-FR","potentialAction":[{"@type":"ReadAction","target":["https:\/\/forma5.com\/fr\/sieges-de-lauditorium\/teatro\/"]}]},{"@type":"ImageObject","inLanguage":"fr-FR","@id":"https:\/\/forma5.com\/fr\/sieges-de-lauditorium\/teatro\/#primaryimage","url":"https:\/\/forma5.com\/wp-content\/uploads\/teatro.webp","contentUrl":"https:\/\/forma5.com\/wp-content\/uploads\/teatro.webp","width":800,"height":800},{"@type":"BreadcrumbList","@id":"https:\/\/forma5.com\/fr\/sieges-de-lauditorium\/teatro\/#breadcrumb","itemListElement":[{"@type":"ListItem","position":1,"name":"Portada","item":"https:\/\/forma5.com\/fr\/"},{"@type":"ListItem","position":2,"name":"Productos","item":"https:\/\/forma5.com\/shop\/"},{"@type":"ListItem","position":3,"name":"Teatro"}]},{"@type":"WebSite","@id":"https:\/\/forma5.com\/fr\/#website","url":"https:\/\/forma5.com\/fr\/","name":"Forma 5","description":"","publisher":{"@id":"https:\/\/forma5.com\/fr\/#organization"},"potentialAction":[{"@type":"SearchAction","target":{"@type":"EntryPoint","urlTemplate":"https:\/\/forma5.com\/fr\/?s={search_term_string}"},"query-input":{"@type":"PropertyValueSpecification","valueRequired":true,"valueName":"search_term_string"}}],"inLanguage":"fr-FR"},{"@type":"Organization","@id":"https:\/\/forma5.com\/fr\/#organization","name":"Forma 5","url":"https:\/\/forma5.com\/fr\/","logo":{"@type":"ImageObject","inLanguage":"fr-FR","@id":"https:\/\/forma5.com\/fr\/#\/schema\/logo\/image\/","url":"https:\/\/forma5.com\/wp-content\/uploads\/cropped-Logo-2D-Forma-5_BLACK.png","contentUrl":"https:\/\/forma5.com\/wp-content\/uploads\/cropped-Logo-2D-Forma-5_BLACK.png","width":1129,"height":225,"caption":"Forma 5"},"image":{"@id":"https:\/\/forma5.com\/fr\/#\/schema\/logo\/image\/"}}]}},"_links":{"self":[{"href":"https:\/\/forma5.com\/fr\/wp-json\/wp\/v2\/product\/5311","targetHints":{"allow":["GET"]}}],"collection":[{"href":"https:\/\/forma5.com\/fr\/wp-json\/wp\/v2\/product"}],"about":[{"href":"https:\/\/forma5.com\/fr\/wp-json\/wp\/v2\/types\/product"}],"acf:attachment":[{"embeddable":true,"href":"https:\/\/forma5.com\/fr\/wp-json\/wp\/v2\/media\/2880"},{"embeddable":true,"href":"https:\/\/forma5.com\/fr\/wp-json\/wp\/v2\/media\/2878"},{"embeddable":true,"href":"https:\/\/forma5.com\/fr\/wp-json\/wp\/v2\/media\/3340"}],"acf:post":[{"embeddable":true,"href":"https:\/\/forma5.com\/fr\/wp-json\/wp\/v2\/disenador\/1042"}],"wp:featuredmedia":[{"embeddable":true,"href":"https:\/\/forma5.com\/fr\/wp-json\/wp\/v2\/media\/5313"}],"wp:attachment":[{"href":"https:\/\/forma5.com\/fr\/wp-json\/wp\/v2\/media?parent=5311"}],"wp:term":[{"taxonomy":"product_brand","embeddable":true,"href":"https:\/\/forma5.com\/fr\/wp-json\/wp\/v2\/product_brand?post=5311"},{"taxonomy":"product_cat","embeddable":true,"href":"https:\/\/forma5.com\/fr\/wp-json\/wp\/v2\/product_cat?post=5311"},{"taxonomy":"product_tag","embeddable":true,"href":"https:\/\/forma5.com\/fr\/wp-json\/wp\/v2\/product_tag?post=5311"}],"curies":[{"name":"wp","href":"https:\/\/api.w.org\/{rel}","templated":true}]}}