{"id":5344,"date":"2024-08-16T10:47:32","date_gmt":"2024-08-16T08:47:32","guid":{"rendered":"https:\/\/forma5.com\/producto\/non%20class\u00e9\/blok\/"},"modified":"2025-06-03T15:47:36","modified_gmt":"2025-06-03T13:47:36","slug":"blok","status":"publish","type":"product","link":"https:\/\/forma5.com\/fr\/tables-bureaux\/systemes\/blok\/","title":{"rendered":"Blok"},"content":{"rendered":"<p><span data-sheets-root=\"1\">La gamme Blok peut \u00eatre combin\u00e9e et personnalis\u00e9e pour r\u00e9pondre aux besoins de chaque service ou poste de travail dans un bureau. Le large \u00e9ventail d&rsquo;options de cette s\u00e9rie comprend des configurations telles que : simple, compacte, cintr\u00e9e, double face, banc, etc. Pour se d\u00e9marquer, Blok dispose d&rsquo;un s\u00e9parateur bench-skirt rembourr\u00e9 ou bi-lamin\u00e9 : une seule pi\u00e8ce qui offre robustesse, ind\u00e9pendance et design.<\/span><\/p>\n","protected":false},"excerpt":{"rendered":"<h2><span data-sheets-root=\"1\">Compositions et <em>personnalisations<\/em> adapt\u00e9es \u00e0 chaque d\u00e9partement<\/span><\/h2>\n","protected":false},"featured_media":5346,"template":"","meta":{"_acf_changed":false},"product_brand":[],"product_cat":[143,144],"product_tag":[],"class_list":{"0":"post-5344","1":"product","2":"type-product","3":"status-publish","4":"has-post-thumbnail","6":"product_cat-tables-bureaux","7":"product_cat-systemes","9":"first","10":"instock","11":"shipping-taxable","12":"product-type-simple"},"acf":{"bigger_product_image":["isBigger"],"background-text":"","product_designer":[1024],"inactive_designer_info":{"custom_designer_name":"","custom_designer_image":null},"scene_gallery":[3356,2589,2591,2595],"gallery_bg_color":"#aaaaaa","details_gallery":[{"slide_text":"<span data-sheets-root=\"1\">Bas\u00e9 sur la <strong>sobri\u00e9t\u00e9 de la combinaison des formes rectangulaires et verticales<\/strong>, Blok dispose de ses propres espaces de rangement, comme les armoires hautes ou les buffets.<\/span>","slide_image":2587},{"slide_text":"<span data-sheets-root=\"1\">Il assure une <strong>utilisation optimale de l'espace<\/strong>. Avec ses bancs de deux, quatre ou six places, Blok facilite les relations et les flux d'informations entre les utilisateurs et les int\u00e8gre dans l'environnement de travail.<\/span>","slide_image":2593}],"product_video":{"video_link":"","video_cover":""},"product_downloads_path":"mesas-oficina\/escritorio","product_downloads":[{"select_file_type":"normal","file_type":"catalog","file_type_special":"","file_name":"C_blok.pdf","file_customlabel":"Catalogue Blok"},{"select_file_type":"normal","file_type":"technicalFeatures","file_type_special":"","file_name":"_CCTT_Blok.pdf","file_customlabel":"Caract\u00e9ristiques Techniques"},{"select_file_type":"normal","file_type":"images","file_type_special":"","file_name":"01_Blok.zip","file_customlabel":"Images"},{"select_file_type":"normal","file_type":"autocad","file_type_special":"","file_name":"Blok.zip","file_customlabel":"G\u00e9om\u00e9trie 3D"},{"select_file_type":"normal","file_type":"revitBim","file_type_special":"","file_name":"BLOK.zip","file_customlabel":"G\u00e9om\u00e9trie Revit\/BIM"},{"select_file_type":"normal","file_type":"productCertificate","file_type_special":"","file_name":"BLOK_rev04_Firmado.pdf","file_customlabel":"Certificat de Produit"}],"grid_image_gallery":null},"yoast_head":"<!-- This site is optimized with the Yoast SEO plugin v25.2 - https:\/\/yoast.com\/wordpress\/plugins\/seo\/ -->\n<title>\u25b6 D\u00e9couvrez \u00ab Blok \u00bb : notre bureau avec voile de fond<\/title>\n<meta name=\"description\" content=\"D\u00e9couvrez le bureau en bois \u00ab Blok \u00bb avec voile de fond de Forma 5, alliant \u00e9l\u00e9gance et fonctionnalit\u00e9 pour votre espace de travail.\" \/>\n<meta name=\"robots\" content=\"index, follow, max-snippet:-1, max-image-preview:large, max-video-preview:-1\" \/>\n<link rel=\"canonical\" href=\"https:\/\/forma5.com\/fr\/tables-bureaux\/systemes\/blok\/\" \/>\n<meta property=\"og:locale\" content=\"fr_FR\" \/>\n<meta property=\"og:type\" content=\"article\" \/>\n<meta property=\"og:title\" content=\"\u25b6 D\u00e9couvrez \u00ab Blok \u00bb : notre bureau avec voile de fond\" \/>\n<meta property=\"og:description\" content=\"D\u00e9couvrez le bureau en bois \u00ab Blok \u00bb avec voile de fond de Forma 5, alliant \u00e9l\u00e9gance et fonctionnalit\u00e9 pour votre espace de travail.\" \/>\n<meta property=\"og:url\" content=\"https:\/\/forma5.com\/fr\/tables-bureaux\/systemes\/blok\/\" \/>\n<meta property=\"og:site_name\" content=\"Forma 5\" \/>\n<meta property=\"article:modified_time\" content=\"2025-06-03T13:47:36+00:00\" \/>\n<meta property=\"og:image\" content=\"https:\/\/forma5.com\/wp-content\/uploads\/blok.webp\" \/>\n\t<meta property=\"og:image:width\" content=\"1200\" \/>\n\t<meta property=\"og:image:height\" content=\"1200\" \/>\n\t<meta property=\"og:image:type\" content=\"image\/webp\" \/>\n<meta name=\"twitter:card\" content=\"summary_large_image\" \/>\n<meta name=\"twitter:label1\" content=\"Dur\u00e9e de lecture estim\u00e9e\" \/>\n\t<meta name=\"twitter:data1\" content=\"1 minute\" \/>\n<script type=\"application\/ld+json\" class=\"yoast-schema-graph\">{\"@context\":\"https:\/\/schema.org\",\"@graph\":[{\"@type\":\"WebPage\",\"@id\":\"https:\/\/forma5.com\/fr\/tables-bureaux\/systemes\/blok\/\",\"url\":\"https:\/\/forma5.com\/fr\/tables-bureaux\/systemes\/blok\/\",\"name\":\"\u25b6 D\u00e9couvrez \u00ab Blok \u00bb : notre bureau avec voile de fond\",\"isPartOf\":{\"@id\":\"https:\/\/forma5.com\/fr\/#website\"},\"primaryImageOfPage\":{\"@id\":\"https:\/\/forma5.com\/fr\/tables-bureaux\/systemes\/blok\/#primaryimage\"},\"image\":{\"@id\":\"https:\/\/forma5.com\/fr\/tables-bureaux\/systemes\/blok\/#primaryimage\"},\"thumbnailUrl\":\"https:\/\/forma5.com\/wp-content\/uploads\/blok.webp\",\"datePublished\":\"2024-08-16T08:47:32+00:00\",\"dateModified\":\"2025-06-03T13:47:36+00:00\",\"description\":\"D\u00e9couvrez le bureau en bois \u00ab Blok \u00bb avec voile de fond de Forma 5, alliant \u00e9l\u00e9gance et fonctionnalit\u00e9 pour votre espace de travail.\",\"breadcrumb\":{\"@id\":\"https:\/\/forma5.com\/fr\/tables-bureaux\/systemes\/blok\/#breadcrumb\"},\"inLanguage\":\"fr-FR\",\"potentialAction\":[{\"@type\":\"ReadAction\",\"target\":[\"https:\/\/forma5.com\/fr\/tables-bureaux\/systemes\/blok\/\"]}]},{\"@type\":\"ImageObject\",\"inLanguage\":\"fr-FR\",\"@id\":\"https:\/\/forma5.com\/fr\/tables-bureaux\/systemes\/blok\/#primaryimage\",\"url\":\"https:\/\/forma5.com\/wp-content\/uploads\/blok.webp\",\"contentUrl\":\"https:\/\/forma5.com\/wp-content\/uploads\/blok.webp\",\"width\":1200,\"height\":1200},{\"@type\":\"BreadcrumbList\",\"@id\":\"https:\/\/forma5.com\/fr\/tables-bureaux\/systemes\/blok\/#breadcrumb\",\"itemListElement\":[{\"@type\":\"ListItem\",\"position\":1,\"name\":\"Portada\",\"item\":\"https:\/\/forma5.com\/fr\/\"},{\"@type\":\"ListItem\",\"position\":2,\"name\":\"Productos\",\"item\":\"https:\/\/forma5.com\/shop\/\"},{\"@type\":\"ListItem\",\"position\":3,\"name\":\"Blok\"}]},{\"@type\":\"WebSite\",\"@id\":\"https:\/\/forma5.com\/fr\/#website\",\"url\":\"https:\/\/forma5.com\/fr\/\",\"name\":\"Forma 5\",\"description\":\"\",\"publisher\":{\"@id\":\"https:\/\/forma5.com\/fr\/#organization\"},\"potentialAction\":[{\"@type\":\"SearchAction\",\"target\":{\"@type\":\"EntryPoint\",\"urlTemplate\":\"https:\/\/forma5.com\/fr\/?s={search_term_string}\"},\"query-input\":{\"@type\":\"PropertyValueSpecification\",\"valueRequired\":true,\"valueName\":\"search_term_string\"}}],\"inLanguage\":\"fr-FR\"},{\"@type\":\"Organization\",\"@id\":\"https:\/\/forma5.com\/fr\/#organization\",\"name\":\"Forma 5\",\"url\":\"https:\/\/forma5.com\/fr\/\",\"logo\":{\"@type\":\"ImageObject\",\"inLanguage\":\"fr-FR\",\"@id\":\"https:\/\/forma5.com\/fr\/#\/schema\/logo\/image\/\",\"url\":\"https:\/\/forma5.com\/wp-content\/uploads\/cropped-Logo-2D-Forma-5_BLACK.png\",\"contentUrl\":\"https:\/\/forma5.com\/wp-content\/uploads\/cropped-Logo-2D-Forma-5_BLACK.png\",\"width\":1129,\"height\":225,\"caption\":\"Forma 5\"},\"image\":{\"@id\":\"https:\/\/forma5.com\/fr\/#\/schema\/logo\/image\/\"}}]}<\/script>\n<!-- \/ Yoast SEO plugin. -->","yoast_head_json":{"title":"\u25b6 D\u00e9couvrez \u00ab Blok \u00bb : notre bureau avec voile de fond","description":"D\u00e9couvrez le bureau en bois \u00ab Blok \u00bb avec voile de fond de Forma 5, alliant \u00e9l\u00e9gance et fonctionnalit\u00e9 pour votre espace de travail.","robots":{"index":"index","follow":"follow","max-snippet":"max-snippet:-1","max-image-preview":"max-image-preview:large","max-video-preview":"max-video-preview:-1"},"canonical":"https:\/\/forma5.com\/fr\/tables-bureaux\/systemes\/blok\/","og_locale":"fr_FR","og_type":"article","og_title":"\u25b6 D\u00e9couvrez \u00ab Blok \u00bb : notre bureau avec voile de fond","og_description":"D\u00e9couvrez le bureau en bois \u00ab Blok \u00bb avec voile de fond de Forma 5, alliant \u00e9l\u00e9gance et fonctionnalit\u00e9 pour votre espace de travail.","og_url":"https:\/\/forma5.com\/fr\/tables-bureaux\/systemes\/blok\/","og_site_name":"Forma 5","article_modified_time":"2025-06-03T13:47:36+00:00","og_image":[{"width":1200,"height":1200,"url":"https:\/\/forma5.com\/wp-content\/uploads\/blok.webp","type":"image\/webp"}],"twitter_card":"summary_large_image","twitter_misc":{"Dur\u00e9e de lecture estim\u00e9e":"1 minute"},"schema":{"@context":"https:\/\/schema.org","@graph":[{"@type":"WebPage","@id":"https:\/\/forma5.com\/fr\/tables-bureaux\/systemes\/blok\/","url":"https:\/\/forma5.com\/fr\/tables-bureaux\/systemes\/blok\/","name":"\u25b6 D\u00e9couvrez \u00ab Blok \u00bb : notre bureau avec voile de fond","isPartOf":{"@id":"https:\/\/forma5.com\/fr\/#website"},"primaryImageOfPage":{"@id":"https:\/\/forma5.com\/fr\/tables-bureaux\/systemes\/blok\/#primaryimage"},"image":{"@id":"https:\/\/forma5.com\/fr\/tables-bureaux\/systemes\/blok\/#primaryimage"},"thumbnailUrl":"https:\/\/forma5.com\/wp-content\/uploads\/blok.webp","datePublished":"2024-08-16T08:47:32+00:00","dateModified":"2025-06-03T13:47:36+00:00","description":"D\u00e9couvrez le bureau en bois \u00ab Blok \u00bb avec voile de fond de Forma 5, alliant \u00e9l\u00e9gance et fonctionnalit\u00e9 pour votre espace de travail.","breadcrumb":{"@id":"https:\/\/forma5.com\/fr\/tables-bureaux\/systemes\/blok\/#breadcrumb"},"inLanguage":"fr-FR","potentialAction":[{"@type":"ReadAction","target":["https:\/\/forma5.com\/fr\/tables-bureaux\/systemes\/blok\/"]}]},{"@type":"ImageObject","inLanguage":"fr-FR","@id":"https:\/\/forma5.com\/fr\/tables-bureaux\/systemes\/blok\/#primaryimage","url":"https:\/\/forma5.com\/wp-content\/uploads\/blok.webp","contentUrl":"https:\/\/forma5.com\/wp-content\/uploads\/blok.webp","width":1200,"height":1200},{"@type":"BreadcrumbList","@id":"https:\/\/forma5.com\/fr\/tables-bureaux\/systemes\/blok\/#breadcrumb","itemListElement":[{"@type":"ListItem","position":1,"name":"Portada","item":"https:\/\/forma5.com\/fr\/"},{"@type":"ListItem","position":2,"name":"Productos","item":"https:\/\/forma5.com\/shop\/"},{"@type":"ListItem","position":3,"name":"Blok"}]},{"@type":"WebSite","@id":"https:\/\/forma5.com\/fr\/#website","url":"https:\/\/forma5.com\/fr\/","name":"Forma 5","description":"","publisher":{"@id":"https:\/\/forma5.com\/fr\/#organization"},"potentialAction":[{"@type":"SearchAction","target":{"@type":"EntryPoint","urlTemplate":"https:\/\/forma5.com\/fr\/?s={search_term_string}"},"query-input":{"@type":"PropertyValueSpecification","valueRequired":true,"valueName":"search_term_string"}}],"inLanguage":"fr-FR"},{"@type":"Organization","@id":"https:\/\/forma5.com\/fr\/#organization","name":"Forma 5","url":"https:\/\/forma5.com\/fr\/","logo":{"@type":"ImageObject","inLanguage":"fr-FR","@id":"https:\/\/forma5.com\/fr\/#\/schema\/logo\/image\/","url":"https:\/\/forma5.com\/wp-content\/uploads\/cropped-Logo-2D-Forma-5_BLACK.png","contentUrl":"https:\/\/forma5.com\/wp-content\/uploads\/cropped-Logo-2D-Forma-5_BLACK.png","width":1129,"height":225,"caption":"Forma 5"},"image":{"@id":"https:\/\/forma5.com\/fr\/#\/schema\/logo\/image\/"}}]}},"_links":{"self":[{"href":"https:\/\/forma5.com\/fr\/wp-json\/wp\/v2\/product\/5344","targetHints":{"allow":["GET"]}}],"collection":[{"href":"https:\/\/forma5.com\/fr\/wp-json\/wp\/v2\/product"}],"about":[{"href":"https:\/\/forma5.com\/fr\/wp-json\/wp\/v2\/types\/product"}],"acf:attachment":[{"embeddable":true,"href":"https:\/\/forma5.com\/fr\/wp-json\/wp\/v2\/media\/2595"},{"embeddable":true,"href":"https:\/\/forma5.com\/fr\/wp-json\/wp\/v2\/media\/2591"},{"embeddable":true,"href":"https:\/\/forma5.com\/fr\/wp-json\/wp\/v2\/media\/2589"},{"embeddable":true,"href":"https:\/\/forma5.com\/fr\/wp-json\/wp\/v2\/media\/3356"}],"acf:post":[{"embeddable":true,"href":"https:\/\/forma5.com\/fr\/wp-json\/wp\/v2\/disenador\/1024"}],"wp:featuredmedia":[{"embeddable":true,"href":"https:\/\/forma5.com\/fr\/wp-json\/wp\/v2\/media\/5346"}],"wp:attachment":[{"href":"https:\/\/forma5.com\/fr\/wp-json\/wp\/v2\/media?parent=5344"}],"wp:term":[{"taxonomy":"product_brand","embeddable":true,"href":"https:\/\/forma5.com\/fr\/wp-json\/wp\/v2\/product_brand?post=5344"},{"taxonomy":"product_cat","embeddable":true,"href":"https:\/\/forma5.com\/fr\/wp-json\/wp\/v2\/product_cat?post=5344"},{"taxonomy":"product_tag","embeddable":true,"href":"https:\/\/forma5.com\/fr\/wp-json\/wp\/v2\/product_tag?post=5344"}],"curies":[{"name":"wp","href":"https:\/\/api.w.org\/{rel}","templated":true}]}}