{"id":7581,"date":"2025-07-03T11:00:59","date_gmt":"2025-07-03T09:00:59","guid":{"rendered":"https:\/\/forma5.com\/?post_type=product&#038;p=7581"},"modified":"2025-11-18T13:14:30","modified_gmt":"2025-11-18T12:14:30","slug":"m-next","status":"publish","type":"product","link":"https:\/\/forma5.com\/fr\/producto\/m-next\/","title":{"rendered":"M-Next"},"content":{"rendered":"<p>M-Next con\u00e7oit l\u2019espace de travail comme un \u00e9cosyst\u00e8me en constante \u00e9volution qui n\u00e9cessite des solutions flexibles et adaptables. Sa structure, reposant sur un design \u00e9pur\u00e9, permet diverses configurations facilitant une organisation efficace sans complexit\u00e9 technique. Cette capacit\u00e9 d\u2019adaptation fait de M-Next un outil strat\u00e9gique pour les environnements professionnels dynamiques, capable d\u2019\u00e9voluer avec l\u2019utilisateur et de s\u2019aligner pleinement sur les nouveaux mod\u00e8les et modes de travail. Gr\u00e2ce \u00e0 son design modulaire, M-Next s\u2019adapte aux besoins changeants de chaque espace.<\/p>\n","protected":false},"excerpt":{"rendered":"<h2>Permet de concevoir des bureaux qui <em>\u00e9voluent au m\u00eame rythme que les personnes qui les occupent,<\/em> en optimisant l\u2019espace avec intelligence.<\/h2>\n","protected":false},"featured_media":7766,"template":"","meta":{"_acf_changed":false},"product_brand":[],"product_cat":[143,144],"product_tag":[],"class_list":{"0":"post-7581","1":"product","2":"type-product","3":"status-publish","4":"has-post-thumbnail","6":"product_cat-tables-bureaux","7":"product_cat-systemes","9":"first","10":"instock","11":"shipping-taxable","12":"product-type-simple"},"acf":{"bigger_product_image":"","background-text":"M-Next","product_designer":[1024],"inactive_designer_info":{"custom_designer_name":"","custom_designer_image":null},"scene_gallery":[7466,7470,7478,7482],"gallery_bg_color":"#777777","details_gallery":[{"slide_text":"<strong data-start=\"104\" data-end=\"137\">M-Next combine fonctionnalit\u00e9<\/strong> avec un <strong data-start=\"146\" data-end=\"176\">design accessible et l\u00e9ger<\/strong>. Id\u00e9al pour des espaces de travail en constante \u00e9volution qui n\u00e9cessitent une <strong data-start=\"255\" data-end=\"277\">structure flexible<\/strong>. <strong data-start=\"279\" data-end=\"353\">Fonctionnel, polyvalent et ax\u00e9 sur les besoins r\u00e9els du bureau moderne<\/strong>.","slide_image":7474},{"slide_text":"Avec <strong data-start=\"115\" data-end=\"125\">M-Next<\/strong>, <strong data-start=\"127\" data-end=\"164\">Forma 5 inaugure une nouvelle \u00e8re<\/strong> dans le mobilier op\u00e9rationnel, marqu\u00e9e par un <strong data-start=\"211\" data-end=\"262\">engagement clair et audacieux envers la couleur<\/strong>. L\u2019int\u00e9gration d\u2019une partie de la gamme chromatique <a href=\"https:\/\/espattiobrand.com\/fr\/\" target=\"_blank\" rel=\"noopener\"><strong data-start=\"315\" data-end=\"327\">esPattio<\/strong><\/a>, incluant des couleurs telles que <strong data-start=\"362\" data-end=\"381\">Bleu Atlantico<\/strong>, <strong data-start=\"383\" data-end=\"397\">Vert Oliva<\/strong>, <strong data-start=\"399\" data-end=\"417\">Marron Ubrique<\/strong> et <strong data-start=\"421\" data-end=\"444\">Terracotta Alhambra<\/strong>, transforme la <strong data-start=\"460\" data-end=\"484\">structure m\u00e9tallique<\/strong> du mobilier en un <strong data-start=\"503\" data-end=\"521\">\u00e9l\u00e9ment visuel<\/strong> qui enrichit l\u2019environnement sans nuire \u00e0 sa fonctionnalit\u00e9.","slide_image":7568},{"slide_text":"La structure de <strong data-start=\"87\" data-end=\"97\">M-Next<\/strong> repose sur une <strong data-start=\"113\" data-end=\"132\">poutre centrale<\/strong> reli\u00e9e \u00e0 un syst\u00e8me de <strong data-start=\"156\" data-end=\"181\">portiques m\u00e9talliques<\/strong>, garantissant <strong data-start=\"196\" data-end=\"209\">stabilit\u00e9<\/strong>, <strong data-start=\"211\" data-end=\"223\">l\u00e9g\u00e8ret\u00e9<\/strong> et une <strong data-start=\"231\" data-end=\"269\">int\u00e9gration facile des accessoires<\/strong>.","slide_image":7572},{"slide_text":"Les <strong data-start=\"83\" data-end=\"96\">portiques<\/strong> de <strong data-start=\"100\" data-end=\"110\">M-Next<\/strong> pr\u00e9sentent un <strong data-start=\"125\" data-end=\"169\">design aux lignes \u00e9pur\u00e9es et simplifi\u00e9es<\/strong>, apportant une <strong data-start=\"185\" data-end=\"211\">esth\u00e9tique plus l\u00e9g\u00e8re <\/strong>sans compromettre la <strong data-start=\"233\" data-end=\"247\">robustesse<\/strong>.","slide_image":7576}],"product_video":{"video_link":"","video_cover":""},"product_downloads_path":"mesas-oficina\/escritorio","product_downloads":[{"select_file_type":"normal","file_type":"catalog","file_type_special":"","file_name":"C_M-Next.pdf","file_customlabel":"Catalogue"},{"select_file_type":"normal","file_type":"technicalFeatures","file_type_special":"","file_name":"_CCTT_M-Next.pdf","file_customlabel":"Caract\u00e9ristiques Techniques"},{"select_file_type":"normal","file_type":"productCertificate","file_type_special":"","file_name":"DAP_M-Next.pdf","file_customlabel":"DEP"},{"select_file_type":"normal","file_type":"images","file_type_special":"","file_name":"13_M-Next.zip","file_customlabel":"Images"},{"select_file_type":"normal","file_type":"autocad","file_type_special":"","file_name":"M-NEXT.zip","file_customlabel":"Autocad"}],"grid_image_gallery":[9258,9262,9266,9270,9274,9278,9282,9286,9290,9294,9298,9302,9306,9310,9314,9318,9322,9326,9330,9334,9338,9342,9346,9350]},"yoast_head":"<!-- This site is optimized with the Yoast SEO plugin v25.2 - https:\/\/yoast.com\/wordpress\/plugins\/seo\/ -->\n<title>\u25b6 Tables de bureau M-Next - Forma 5<\/title>\n<meta name=\"description\" content=\"Tables de bureau M-Next, id\u00e9ales pour les bureaux contemporains. D\u00e9couvrez comment optimiser votre espace de travail avec des solutions adaptables.\" \/>\n<meta name=\"robots\" content=\"index, follow, max-snippet:-1, max-image-preview:large, max-video-preview:-1\" \/>\n<link rel=\"canonical\" href=\"https:\/\/forma5.com\/fr\/producto\/m-next\/\" \/>\n<meta property=\"og:locale\" content=\"fr_FR\" \/>\n<meta property=\"og:type\" content=\"article\" \/>\n<meta property=\"og:title\" content=\"\u25b6 Tables de bureau M-Next - Forma 5\" \/>\n<meta property=\"og:description\" content=\"Tables de bureau M-Next, id\u00e9ales pour les bureaux contemporains. D\u00e9couvrez comment optimiser votre espace de travail avec des solutions adaptables.\" \/>\n<meta property=\"og:url\" content=\"https:\/\/forma5.com\/fr\/producto\/m-next\/\" \/>\n<meta property=\"og:site_name\" content=\"Forma 5\" \/>\n<meta property=\"article:modified_time\" content=\"2025-11-18T12:14:30+00:00\" \/>\n<meta property=\"og:image\" content=\"https:\/\/forma5.com\/wp-content\/uploads\/M-Next.png\" \/>\n\t<meta property=\"og:image:width\" content=\"800\" \/>\n\t<meta property=\"og:image:height\" content=\"800\" \/>\n\t<meta property=\"og:image:type\" content=\"image\/png\" \/>\n<meta name=\"twitter:card\" content=\"summary_large_image\" \/>\n<meta name=\"twitter:label1\" content=\"Dur\u00e9e de lecture estim\u00e9e\" \/>\n\t<meta name=\"twitter:data1\" content=\"1 minute\" \/>\n<script type=\"application\/ld+json\" class=\"yoast-schema-graph\">{\"@context\":\"https:\/\/schema.org\",\"@graph\":[{\"@type\":\"WebPage\",\"@id\":\"https:\/\/forma5.com\/fr\/producto\/m-next\/\",\"url\":\"https:\/\/forma5.com\/fr\/producto\/m-next\/\",\"name\":\"\u25b6 Tables de bureau M-Next - Forma 5\",\"isPartOf\":{\"@id\":\"https:\/\/forma5.com\/fr\/#website\"},\"primaryImageOfPage\":{\"@id\":\"https:\/\/forma5.com\/fr\/producto\/m-next\/#primaryimage\"},\"image\":{\"@id\":\"https:\/\/forma5.com\/fr\/producto\/m-next\/#primaryimage\"},\"thumbnailUrl\":\"https:\/\/forma5.com\/wp-content\/uploads\/M-Next.png\",\"datePublished\":\"2025-07-03T09:00:59+00:00\",\"dateModified\":\"2025-11-18T12:14:30+00:00\",\"description\":\"Tables de bureau M-Next, id\u00e9ales pour les bureaux contemporains. D\u00e9couvrez comment optimiser votre espace de travail avec des solutions adaptables.\",\"breadcrumb\":{\"@id\":\"https:\/\/forma5.com\/fr\/producto\/m-next\/#breadcrumb\"},\"inLanguage\":\"fr-FR\",\"potentialAction\":[{\"@type\":\"ReadAction\",\"target\":[\"https:\/\/forma5.com\/fr\/producto\/m-next\/\"]}]},{\"@type\":\"ImageObject\",\"inLanguage\":\"fr-FR\",\"@id\":\"https:\/\/forma5.com\/fr\/producto\/m-next\/#primaryimage\",\"url\":\"https:\/\/forma5.com\/wp-content\/uploads\/M-Next.png\",\"contentUrl\":\"https:\/\/forma5.com\/wp-content\/uploads\/M-Next.png\",\"width\":800,\"height\":800},{\"@type\":\"BreadcrumbList\",\"@id\":\"https:\/\/forma5.com\/fr\/producto\/m-next\/#breadcrumb\",\"itemListElement\":[{\"@type\":\"ListItem\",\"position\":1,\"name\":\"Portada\",\"item\":\"https:\/\/forma5.com\/fr\/\"},{\"@type\":\"ListItem\",\"position\":2,\"name\":\"Productos\",\"item\":\"https:\/\/forma5.com\/shop\/\"},{\"@type\":\"ListItem\",\"position\":3,\"name\":\"M-Next\"}]},{\"@type\":\"WebSite\",\"@id\":\"https:\/\/forma5.com\/fr\/#website\",\"url\":\"https:\/\/forma5.com\/fr\/\",\"name\":\"Forma 5\",\"description\":\"\",\"publisher\":{\"@id\":\"https:\/\/forma5.com\/fr\/#organization\"},\"potentialAction\":[{\"@type\":\"SearchAction\",\"target\":{\"@type\":\"EntryPoint\",\"urlTemplate\":\"https:\/\/forma5.com\/fr\/?s={search_term_string}\"},\"query-input\":{\"@type\":\"PropertyValueSpecification\",\"valueRequired\":true,\"valueName\":\"search_term_string\"}}],\"inLanguage\":\"fr-FR\"},{\"@type\":\"Organization\",\"@id\":\"https:\/\/forma5.com\/fr\/#organization\",\"name\":\"Forma 5\",\"url\":\"https:\/\/forma5.com\/fr\/\",\"logo\":{\"@type\":\"ImageObject\",\"inLanguage\":\"fr-FR\",\"@id\":\"https:\/\/forma5.com\/fr\/#\/schema\/logo\/image\/\",\"url\":\"https:\/\/forma5.com\/wp-content\/uploads\/cropped-Logo-2D-Forma-5_BLACK.png\",\"contentUrl\":\"https:\/\/forma5.com\/wp-content\/uploads\/cropped-Logo-2D-Forma-5_BLACK.png\",\"width\":1129,\"height\":225,\"caption\":\"Forma 5\"},\"image\":{\"@id\":\"https:\/\/forma5.com\/fr\/#\/schema\/logo\/image\/\"}}]}<\/script>\n<!-- \/ Yoast SEO plugin. -->","yoast_head_json":{"title":"\u25b6 Tables de bureau M-Next - Forma 5","description":"Tables de bureau M-Next, id\u00e9ales pour les bureaux contemporains. D\u00e9couvrez comment optimiser votre espace de travail avec des solutions adaptables.","robots":{"index":"index","follow":"follow","max-snippet":"max-snippet:-1","max-image-preview":"max-image-preview:large","max-video-preview":"max-video-preview:-1"},"canonical":"https:\/\/forma5.com\/fr\/producto\/m-next\/","og_locale":"fr_FR","og_type":"article","og_title":"\u25b6 Tables de bureau M-Next - Forma 5","og_description":"Tables de bureau M-Next, id\u00e9ales pour les bureaux contemporains. D\u00e9couvrez comment optimiser votre espace de travail avec des solutions adaptables.","og_url":"https:\/\/forma5.com\/fr\/producto\/m-next\/","og_site_name":"Forma 5","article_modified_time":"2025-11-18T12:14:30+00:00","og_image":[{"width":800,"height":800,"url":"https:\/\/forma5.com\/wp-content\/uploads\/M-Next.png","type":"image\/png"}],"twitter_card":"summary_large_image","twitter_misc":{"Dur\u00e9e de lecture estim\u00e9e":"1 minute"},"schema":{"@context":"https:\/\/schema.org","@graph":[{"@type":"WebPage","@id":"https:\/\/forma5.com\/fr\/producto\/m-next\/","url":"https:\/\/forma5.com\/fr\/producto\/m-next\/","name":"\u25b6 Tables de bureau M-Next - Forma 5","isPartOf":{"@id":"https:\/\/forma5.com\/fr\/#website"},"primaryImageOfPage":{"@id":"https:\/\/forma5.com\/fr\/producto\/m-next\/#primaryimage"},"image":{"@id":"https:\/\/forma5.com\/fr\/producto\/m-next\/#primaryimage"},"thumbnailUrl":"https:\/\/forma5.com\/wp-content\/uploads\/M-Next.png","datePublished":"2025-07-03T09:00:59+00:00","dateModified":"2025-11-18T12:14:30+00:00","description":"Tables de bureau M-Next, id\u00e9ales pour les bureaux contemporains. D\u00e9couvrez comment optimiser votre espace de travail avec des solutions adaptables.","breadcrumb":{"@id":"https:\/\/forma5.com\/fr\/producto\/m-next\/#breadcrumb"},"inLanguage":"fr-FR","potentialAction":[{"@type":"ReadAction","target":["https:\/\/forma5.com\/fr\/producto\/m-next\/"]}]},{"@type":"ImageObject","inLanguage":"fr-FR","@id":"https:\/\/forma5.com\/fr\/producto\/m-next\/#primaryimage","url":"https:\/\/forma5.com\/wp-content\/uploads\/M-Next.png","contentUrl":"https:\/\/forma5.com\/wp-content\/uploads\/M-Next.png","width":800,"height":800},{"@type":"BreadcrumbList","@id":"https:\/\/forma5.com\/fr\/producto\/m-next\/#breadcrumb","itemListElement":[{"@type":"ListItem","position":1,"name":"Portada","item":"https:\/\/forma5.com\/fr\/"},{"@type":"ListItem","position":2,"name":"Productos","item":"https:\/\/forma5.com\/shop\/"},{"@type":"ListItem","position":3,"name":"M-Next"}]},{"@type":"WebSite","@id":"https:\/\/forma5.com\/fr\/#website","url":"https:\/\/forma5.com\/fr\/","name":"Forma 5","description":"","publisher":{"@id":"https:\/\/forma5.com\/fr\/#organization"},"potentialAction":[{"@type":"SearchAction","target":{"@type":"EntryPoint","urlTemplate":"https:\/\/forma5.com\/fr\/?s={search_term_string}"},"query-input":{"@type":"PropertyValueSpecification","valueRequired":true,"valueName":"search_term_string"}}],"inLanguage":"fr-FR"},{"@type":"Organization","@id":"https:\/\/forma5.com\/fr\/#organization","name":"Forma 5","url":"https:\/\/forma5.com\/fr\/","logo":{"@type":"ImageObject","inLanguage":"fr-FR","@id":"https:\/\/forma5.com\/fr\/#\/schema\/logo\/image\/","url":"https:\/\/forma5.com\/wp-content\/uploads\/cropped-Logo-2D-Forma-5_BLACK.png","contentUrl":"https:\/\/forma5.com\/wp-content\/uploads\/cropped-Logo-2D-Forma-5_BLACK.png","width":1129,"height":225,"caption":"Forma 5"},"image":{"@id":"https:\/\/forma5.com\/fr\/#\/schema\/logo\/image\/"}}]}},"_links":{"self":[{"href":"https:\/\/forma5.com\/fr\/wp-json\/wp\/v2\/product\/7581","targetHints":{"allow":["GET"]}}],"collection":[{"href":"https:\/\/forma5.com\/fr\/wp-json\/wp\/v2\/product"}],"about":[{"href":"https:\/\/forma5.com\/fr\/wp-json\/wp\/v2\/types\/product"}],"acf:attachment":[{"embeddable":true,"href":"https:\/\/forma5.com\/fr\/wp-json\/wp\/v2\/media\/9350"},{"embeddable":true,"href":"https:\/\/forma5.com\/fr\/wp-json\/wp\/v2\/media\/9346"},{"embeddable":true,"href":"https:\/\/forma5.com\/fr\/wp-json\/wp\/v2\/media\/9342"},{"embeddable":true,"href":"https:\/\/forma5.com\/fr\/wp-json\/wp\/v2\/media\/9338"},{"embeddable":true,"href":"https:\/\/forma5.com\/fr\/wp-json\/wp\/v2\/media\/9334"},{"embeddable":true,"href":"https:\/\/forma5.com\/fr\/wp-json\/wp\/v2\/media\/9330"},{"embeddable":true,"href":"https:\/\/forma5.com\/fr\/wp-json\/wp\/v2\/media\/9326"},{"embeddable":true,"href":"https:\/\/forma5.com\/fr\/wp-json\/wp\/v2\/media\/9322"},{"embeddable":true,"href":"https:\/\/forma5.com\/fr\/wp-json\/wp\/v2\/media\/9318"},{"embeddable":true,"href":"https:\/\/forma5.com\/fr\/wp-json\/wp\/v2\/media\/9314"},{"embeddable":true,"href":"https:\/\/forma5.com\/fr\/wp-json\/wp\/v2\/media\/9310"},{"embeddable":true,"href":"https:\/\/forma5.com\/fr\/wp-json\/wp\/v2\/media\/9306"},{"embeddable":true,"href":"https:\/\/forma5.com\/fr\/wp-json\/wp\/v2\/media\/9302"},{"embeddable":true,"href":"https:\/\/forma5.com\/fr\/wp-json\/wp\/v2\/media\/9298"},{"embeddable":true,"href":"https:\/\/forma5.com\/fr\/wp-json\/wp\/v2\/media\/9294"},{"embeddable":true,"href":"https:\/\/forma5.com\/fr\/wp-json\/wp\/v2\/media\/9290"},{"embeddable":true,"href":"https:\/\/forma5.com\/fr\/wp-json\/wp\/v2\/media\/9286"},{"embeddable":true,"href":"https:\/\/forma5.com\/fr\/wp-json\/wp\/v2\/media\/9282"},{"embeddable":true,"href":"https:\/\/forma5.com\/fr\/wp-json\/wp\/v2\/media\/9278"},{"embeddable":true,"href":"https:\/\/forma5.com\/fr\/wp-json\/wp\/v2\/media\/9274"},{"embeddable":true,"href":"https:\/\/forma5.com\/fr\/wp-json\/wp\/v2\/media\/9270"},{"embeddable":true,"href":"https:\/\/forma5.com\/fr\/wp-json\/wp\/v2\/media\/9266"},{"embeddable":true,"href":"https:\/\/forma5.com\/fr\/wp-json\/wp\/v2\/media\/9262"},{"embeddable":true,"href":"https:\/\/forma5.com\/fr\/wp-json\/wp\/v2\/media\/9258"},{"embeddable":true,"href":"https:\/\/forma5.com\/fr\/wp-json\/wp\/v2\/media\/7482"},{"embeddable":true,"href":"https:\/\/forma5.com\/fr\/wp-json\/wp\/v2\/media\/7478"},{"embeddable":true,"href":"https:\/\/forma5.com\/fr\/wp-json\/wp\/v2\/media\/7470"},{"embeddable":true,"href":"https:\/\/forma5.com\/fr\/wp-json\/wp\/v2\/media\/7466"}],"acf:post":[{"embeddable":true,"href":"https:\/\/forma5.com\/fr\/wp-json\/wp\/v2\/disenador\/1024"}],"wp:featuredmedia":[{"embeddable":true,"href":"https:\/\/forma5.com\/fr\/wp-json\/wp\/v2\/media\/7766"}],"wp:attachment":[{"href":"https:\/\/forma5.com\/fr\/wp-json\/wp\/v2\/media?parent=7581"}],"wp:term":[{"taxonomy":"product_brand","embeddable":true,"href":"https:\/\/forma5.com\/fr\/wp-json\/wp\/v2\/product_brand?post=7581"},{"taxonomy":"product_cat","embeddable":true,"href":"https:\/\/forma5.com\/fr\/wp-json\/wp\/v2\/product_cat?post=7581"},{"taxonomy":"product_tag","embeddable":true,"href":"https:\/\/forma5.com\/fr\/wp-json\/wp\/v2\/product_tag?post=7581"}],"curies":[{"name":"wp","href":"https:\/\/api.w.org\/{rel}","templated":true}]}}