{"id":8231,"date":"2025-11-14T13:27:07","date_gmt":"2025-11-14T12:27:07","guid":{"rendered":"https:\/\/forma5.com\/?post_type=product&#038;p=8231"},"modified":"2025-11-17T10:09:56","modified_gmt":"2025-11-17T09:09:56","slug":"skala-next","status":"publish","type":"product","link":"https:\/\/forma5.com\/fr\/producto\/skala-next\/","title":{"rendered":"Skala Next"},"content":{"rendered":"<p>Skala Next repr\u00e9sente la nouvelle g\u00e9n\u00e9ration de bureaux r\u00e9glables en hauteur d\u00e9velopp\u00e9e par Forma 5. Cette collection, con\u00e7ue pour r\u00e9pondre aux exigences des environnements de travail contemporains, pr\u00e9sente un design enti\u00e8rement repens\u00e9 qui optimise l\u2019\u00e9quilibre entre ergonomie, technologie et esth\u00e9tique, offrant des solutions polyvalentes qui s\u2019adaptent naturellement aux bureaux, aux espaces collaboratifs et aux zones de coworking.<\/p>\n","protected":false},"excerpt":{"rendered":"<h2>Son design enti\u00e8rement repens\u00e9 optimise l\u2019\u00e9quilibre entre <em>ergonomie, innovation technologique et esth\u00e9tique d\u2019entreprise.<\/em><\/h2>\n","protected":false},"featured_media":8155,"template":"","meta":{"_acf_changed":false},"product_brand":[],"product_cat":[143,144],"product_tag":[],"class_list":{"0":"post-8231","1":"product","2":"type-product","3":"status-publish","4":"has-post-thumbnail","6":"product_cat-tables-bureaux","7":"product_cat-systemes","9":"first","10":"instock","11":"shipping-taxable","12":"product-type-simple"},"acf":{"bigger_product_image":"","background-text":"Skala Next","product_designer":[1024],"inactive_designer_info":{"custom_designer_name":"","custom_designer_image":""},"scene_gallery":[8214,8137,8218,8133],"gallery_bg_color":"#777777","details_gallery":[{"slide_text":"Skala Next allie <strong>ergonomie, design et durabilit\u00e9<\/strong> dans des bureaux r\u00e9glables en hauteur, cr\u00e9ant des espaces de travail flexibles, personnalis\u00e9s et confortables, adapt\u00e9s \u00e0 diff\u00e9rents r\u00f4les et utilisateurs sans compromettre l\u2019esth\u00e9tique.","slide_image":8141},{"slide_text":"<strong>L\u2019\u00e9volution technologique constante de Forma 5<\/strong> se refl\u00e8te dans chaque d\u00e9tail de Skala Next. Sa structure en trois sections garantit une plage de r\u00e9glage plus large et pr\u00e9cise <strong>(de 620 mm \u00e0 1275 mm)<\/strong>, tandis que la structure extensible optimise l\u2019utilisation des composants et facilite l\u2019adaptation \u00e0 diff\u00e9rents formats de travail.","slide_image":8145},{"slide_text":"<strong>Skala Next int\u00e8gre un syst\u00e8me anti-collision<\/strong> de derni\u00e8re g\u00e9n\u00e9ration qui, gr\u00e2ce \u00e0 des capteurs, d\u00e9tecte les obstacles sur le parcours du bureau, arr\u00eatant et inversant le mouvement pour \u00e9viter tout dommage au mobilier ou toute blessure pour l\u2019utilisateur.","slide_image":8149},{"slide_text":"<strong>La s\u00e9rie int\u00e8gre un design innovant de commande avec \u00e9cran optionnel<\/strong>, permettant un r\u00e9glage rapide et pr\u00e9cis de la hauteur du bureau. Ce syst\u00e8me peut m\u00e9moriser jusqu\u2019\u00e0 trois positions de hauteur personnalisables, s\u2019adaptant facilement aux diff\u00e9rents besoins et postures au cours de la journ\u00e9e. <strong>De plus, il dispose d\u2019un port de recharge USB int\u00e9gr\u00e9.<\/strong>","slide_image":8226},{"slide_text":"Le design de Skala Next \u00e9quilibre pr\u00e9cision structurelle et puret\u00e9 <strong>esth\u00e9tique dans une proposition alliant fonctionnalit\u00e9 et \u00e9l\u00e9gance<\/strong>. Sa base, avec des pieds \u00e9lanc\u00e9s et tr\u00e8s stables, transmet solidit\u00e9 et \u00e9quilibre tout en conservant une apparence l\u00e9g\u00e8re et contemporaine.","slide_image":8210},{"slide_text":"<strong>Saviez-vous que\u2026<\/strong>\r\n\r\nDes \u00e9tudes indiquent qu\u2019alterner entre position assise et position debout peut <strong>r\u00e9duire jusqu\u2019\u00e0 32\u202f% les inconforts musculosquelettiques<\/strong> en milieu de bureau, soulignant l\u2019importance d\u2019un design ergonomique.","slide_image":8206}],"product_video":{"video_link":"","video_cover":""},"product_downloads_path":"mesas-oficina\/escritorio","product_downloads":[{"select_file_type":"normal","file_type":"catalog","file_type_special":"","file_name":"CAT_SkalaNext.pdf","file_customlabel":"Catalog"},{"select_file_type":"normal","file_type":"technicalFeatures","file_type_special":"","file_name":"CCTT_SkalaNext.pdf","file_customlabel":"Caract\u00e9ristiques Techniques"},{"select_file_type":"normal","file_type":"productCertificate","file_type_special":"","file_name":"DAP_SkalaNext","file_customlabel":"DEP"},{"select_file_type":"normal","file_type":"images","file_type_special":"","file_name":"SkalaNext.zip","file_customlabel":"Images"},{"select_file_type":"normal","file_type":"autocad","file_type_special":"","file_name":"SKALANEXT.zip","file_customlabel":"G\u00e9om\u00e9tries 3D"}],"grid_image_gallery":[8466,8470,8474,8478,8482,8486,8490,8494,8498,8502,8506,8510,8514,8518,8522,8526,8530,8534,8538,8542,8546,8550,8462]},"yoast_head":"<!-- This site is optimized with the Yoast SEO plugin v25.2 - https:\/\/yoast.com\/wordpress\/plugins\/seo\/ -->\n<title>Skala Next - Forma 5<\/title>\n<meta name=\"description\" content=\"D\u00e9couvrez Skala Next de Forma 5\u202f: des bureaux r\u00e9glables en hauteur qui allient ergonomie, technologie et design pour les bureaux et les espaces de coworking. Explorez la collection d\u00e8s maintenant\u202f!\" \/>\n<meta name=\"robots\" content=\"index, follow, max-snippet:-1, max-image-preview:large, max-video-preview:-1\" \/>\n<link rel=\"canonical\" href=\"https:\/\/forma5.com\/fr\/producto\/skala-next\/\" \/>\n<meta property=\"og:locale\" content=\"fr_FR\" \/>\n<meta property=\"og:type\" content=\"article\" \/>\n<meta property=\"og:title\" content=\"Skala Next - Forma 5\" \/>\n<meta property=\"og:description\" content=\"D\u00e9couvrez Skala Next de Forma 5\u202f: des bureaux r\u00e9glables en hauteur qui allient ergonomie, technologie et design pour les bureaux et les espaces de coworking. Explorez la collection d\u00e8s maintenant\u202f!\" \/>\n<meta property=\"og:url\" content=\"https:\/\/forma5.com\/fr\/producto\/skala-next\/\" \/>\n<meta property=\"og:site_name\" content=\"Forma 5\" \/>\n<meta property=\"article:modified_time\" content=\"2025-11-17T09:09:56+00:00\" \/>\n<meta property=\"og:image\" content=\"https:\/\/forma5.com\/wp-content\/uploads\/Skala-next-portada.png\" \/>\n\t<meta property=\"og:image:width\" content=\"800\" \/>\n\t<meta property=\"og:image:height\" content=\"800\" \/>\n\t<meta property=\"og:image:type\" content=\"image\/png\" \/>\n<meta name=\"twitter:card\" content=\"summary_large_image\" \/>\n<meta name=\"twitter:label1\" content=\"Dur\u00e9e de lecture estim\u00e9e\" \/>\n\t<meta name=\"twitter:data1\" content=\"1 minute\" \/>\n<script type=\"application\/ld+json\" class=\"yoast-schema-graph\">{\"@context\":\"https:\/\/schema.org\",\"@graph\":[{\"@type\":\"WebPage\",\"@id\":\"https:\/\/forma5.com\/fr\/producto\/skala-next\/\",\"url\":\"https:\/\/forma5.com\/fr\/producto\/skala-next\/\",\"name\":\"Skala Next - Forma 5\",\"isPartOf\":{\"@id\":\"https:\/\/forma5.com\/fr\/#website\"},\"primaryImageOfPage\":{\"@id\":\"https:\/\/forma5.com\/fr\/producto\/skala-next\/#primaryimage\"},\"image\":{\"@id\":\"https:\/\/forma5.com\/fr\/producto\/skala-next\/#primaryimage\"},\"thumbnailUrl\":\"https:\/\/forma5.com\/wp-content\/uploads\/Skala-next-portada.png\",\"datePublished\":\"2025-11-14T12:27:07+00:00\",\"dateModified\":\"2025-11-17T09:09:56+00:00\",\"description\":\"D\u00e9couvrez Skala Next de Forma 5\u202f: des bureaux r\u00e9glables en hauteur qui allient ergonomie, technologie et design pour les bureaux et les espaces de coworking. Explorez la collection d\u00e8s maintenant\u202f!\",\"breadcrumb\":{\"@id\":\"https:\/\/forma5.com\/fr\/producto\/skala-next\/#breadcrumb\"},\"inLanguage\":\"fr-FR\",\"potentialAction\":[{\"@type\":\"ReadAction\",\"target\":[\"https:\/\/forma5.com\/fr\/producto\/skala-next\/\"]}]},{\"@type\":\"ImageObject\",\"inLanguage\":\"fr-FR\",\"@id\":\"https:\/\/forma5.com\/fr\/producto\/skala-next\/#primaryimage\",\"url\":\"https:\/\/forma5.com\/wp-content\/uploads\/Skala-next-portada.png\",\"contentUrl\":\"https:\/\/forma5.com\/wp-content\/uploads\/Skala-next-portada.png\",\"width\":800,\"height\":800},{\"@type\":\"BreadcrumbList\",\"@id\":\"https:\/\/forma5.com\/fr\/producto\/skala-next\/#breadcrumb\",\"itemListElement\":[{\"@type\":\"ListItem\",\"position\":1,\"name\":\"Portada\",\"item\":\"https:\/\/forma5.com\/fr\/\"},{\"@type\":\"ListItem\",\"position\":2,\"name\":\"Productos\",\"item\":\"https:\/\/forma5.com\/shop\/\"},{\"@type\":\"ListItem\",\"position\":3,\"name\":\"Skala Next\"}]},{\"@type\":\"WebSite\",\"@id\":\"https:\/\/forma5.com\/fr\/#website\",\"url\":\"https:\/\/forma5.com\/fr\/\",\"name\":\"Forma 5\",\"description\":\"\",\"publisher\":{\"@id\":\"https:\/\/forma5.com\/fr\/#organization\"},\"potentialAction\":[{\"@type\":\"SearchAction\",\"target\":{\"@type\":\"EntryPoint\",\"urlTemplate\":\"https:\/\/forma5.com\/fr\/?s={search_term_string}\"},\"query-input\":{\"@type\":\"PropertyValueSpecification\",\"valueRequired\":true,\"valueName\":\"search_term_string\"}}],\"inLanguage\":\"fr-FR\"},{\"@type\":\"Organization\",\"@id\":\"https:\/\/forma5.com\/fr\/#organization\",\"name\":\"Forma 5\",\"url\":\"https:\/\/forma5.com\/fr\/\",\"logo\":{\"@type\":\"ImageObject\",\"inLanguage\":\"fr-FR\",\"@id\":\"https:\/\/forma5.com\/fr\/#\/schema\/logo\/image\/\",\"url\":\"https:\/\/forma5.com\/wp-content\/uploads\/cropped-Logo-2D-Forma-5_BLACK.png\",\"contentUrl\":\"https:\/\/forma5.com\/wp-content\/uploads\/cropped-Logo-2D-Forma-5_BLACK.png\",\"width\":1129,\"height\":225,\"caption\":\"Forma 5\"},\"image\":{\"@id\":\"https:\/\/forma5.com\/fr\/#\/schema\/logo\/image\/\"}}]}<\/script>\n<!-- \/ Yoast SEO plugin. -->","yoast_head_json":{"title":"Skala Next - Forma 5","description":"D\u00e9couvrez Skala Next de Forma 5\u202f: des bureaux r\u00e9glables en hauteur qui allient ergonomie, technologie et design pour les bureaux et les espaces de coworking. Explorez la collection d\u00e8s maintenant\u202f!","robots":{"index":"index","follow":"follow","max-snippet":"max-snippet:-1","max-image-preview":"max-image-preview:large","max-video-preview":"max-video-preview:-1"},"canonical":"https:\/\/forma5.com\/fr\/producto\/skala-next\/","og_locale":"fr_FR","og_type":"article","og_title":"Skala Next - Forma 5","og_description":"D\u00e9couvrez Skala Next de Forma 5\u202f: des bureaux r\u00e9glables en hauteur qui allient ergonomie, technologie et design pour les bureaux et les espaces de coworking. Explorez la collection d\u00e8s maintenant\u202f!","og_url":"https:\/\/forma5.com\/fr\/producto\/skala-next\/","og_site_name":"Forma 5","article_modified_time":"2025-11-17T09:09:56+00:00","og_image":[{"width":800,"height":800,"url":"https:\/\/forma5.com\/wp-content\/uploads\/Skala-next-portada.png","type":"image\/png"}],"twitter_card":"summary_large_image","twitter_misc":{"Dur\u00e9e de lecture estim\u00e9e":"1 minute"},"schema":{"@context":"https:\/\/schema.org","@graph":[{"@type":"WebPage","@id":"https:\/\/forma5.com\/fr\/producto\/skala-next\/","url":"https:\/\/forma5.com\/fr\/producto\/skala-next\/","name":"Skala Next - Forma 5","isPartOf":{"@id":"https:\/\/forma5.com\/fr\/#website"},"primaryImageOfPage":{"@id":"https:\/\/forma5.com\/fr\/producto\/skala-next\/#primaryimage"},"image":{"@id":"https:\/\/forma5.com\/fr\/producto\/skala-next\/#primaryimage"},"thumbnailUrl":"https:\/\/forma5.com\/wp-content\/uploads\/Skala-next-portada.png","datePublished":"2025-11-14T12:27:07+00:00","dateModified":"2025-11-17T09:09:56+00:00","description":"D\u00e9couvrez Skala Next de Forma 5\u202f: des bureaux r\u00e9glables en hauteur qui allient ergonomie, technologie et design pour les bureaux et les espaces de coworking. Explorez la collection d\u00e8s maintenant\u202f!","breadcrumb":{"@id":"https:\/\/forma5.com\/fr\/producto\/skala-next\/#breadcrumb"},"inLanguage":"fr-FR","potentialAction":[{"@type":"ReadAction","target":["https:\/\/forma5.com\/fr\/producto\/skala-next\/"]}]},{"@type":"ImageObject","inLanguage":"fr-FR","@id":"https:\/\/forma5.com\/fr\/producto\/skala-next\/#primaryimage","url":"https:\/\/forma5.com\/wp-content\/uploads\/Skala-next-portada.png","contentUrl":"https:\/\/forma5.com\/wp-content\/uploads\/Skala-next-portada.png","width":800,"height":800},{"@type":"BreadcrumbList","@id":"https:\/\/forma5.com\/fr\/producto\/skala-next\/#breadcrumb","itemListElement":[{"@type":"ListItem","position":1,"name":"Portada","item":"https:\/\/forma5.com\/fr\/"},{"@type":"ListItem","position":2,"name":"Productos","item":"https:\/\/forma5.com\/shop\/"},{"@type":"ListItem","position":3,"name":"Skala Next"}]},{"@type":"WebSite","@id":"https:\/\/forma5.com\/fr\/#website","url":"https:\/\/forma5.com\/fr\/","name":"Forma 5","description":"","publisher":{"@id":"https:\/\/forma5.com\/fr\/#organization"},"potentialAction":[{"@type":"SearchAction","target":{"@type":"EntryPoint","urlTemplate":"https:\/\/forma5.com\/fr\/?s={search_term_string}"},"query-input":{"@type":"PropertyValueSpecification","valueRequired":true,"valueName":"search_term_string"}}],"inLanguage":"fr-FR"},{"@type":"Organization","@id":"https:\/\/forma5.com\/fr\/#organization","name":"Forma 5","url":"https:\/\/forma5.com\/fr\/","logo":{"@type":"ImageObject","inLanguage":"fr-FR","@id":"https:\/\/forma5.com\/fr\/#\/schema\/logo\/image\/","url":"https:\/\/forma5.com\/wp-content\/uploads\/cropped-Logo-2D-Forma-5_BLACK.png","contentUrl":"https:\/\/forma5.com\/wp-content\/uploads\/cropped-Logo-2D-Forma-5_BLACK.png","width":1129,"height":225,"caption":"Forma 5"},"image":{"@id":"https:\/\/forma5.com\/fr\/#\/schema\/logo\/image\/"}}]}},"_links":{"self":[{"href":"https:\/\/forma5.com\/fr\/wp-json\/wp\/v2\/product\/8231","targetHints":{"allow":["GET"]}}],"collection":[{"href":"https:\/\/forma5.com\/fr\/wp-json\/wp\/v2\/product"}],"about":[{"href":"https:\/\/forma5.com\/fr\/wp-json\/wp\/v2\/types\/product"}],"acf:attachment":[{"embeddable":true,"href":"https:\/\/forma5.com\/fr\/wp-json\/wp\/v2\/media\/8462"},{"embeddable":true,"href":"https:\/\/forma5.com\/fr\/wp-json\/wp\/v2\/media\/8550"},{"embeddable":true,"href":"https:\/\/forma5.com\/fr\/wp-json\/wp\/v2\/media\/8546"},{"embeddable":true,"href":"https:\/\/forma5.com\/fr\/wp-json\/wp\/v2\/media\/8542"},{"embeddable":true,"href":"https:\/\/forma5.com\/fr\/wp-json\/wp\/v2\/media\/8538"},{"embeddable":true,"href":"https:\/\/forma5.com\/fr\/wp-json\/wp\/v2\/media\/8534"},{"embeddable":true,"href":"https:\/\/forma5.com\/fr\/wp-json\/wp\/v2\/media\/8530"},{"embeddable":true,"href":"https:\/\/forma5.com\/fr\/wp-json\/wp\/v2\/media\/8526"},{"embeddable":true,"href":"https:\/\/forma5.com\/fr\/wp-json\/wp\/v2\/media\/8522"},{"embeddable":true,"href":"https:\/\/forma5.com\/fr\/wp-json\/wp\/v2\/media\/8518"},{"embeddable":true,"href":"https:\/\/forma5.com\/fr\/wp-json\/wp\/v2\/media\/8514"},{"embeddable":true,"href":"https:\/\/forma5.com\/fr\/wp-json\/wp\/v2\/media\/8510"},{"embeddable":true,"href":"https:\/\/forma5.com\/fr\/wp-json\/wp\/v2\/media\/8506"},{"embeddable":true,"href":"https:\/\/forma5.com\/fr\/wp-json\/wp\/v2\/media\/8502"},{"embeddable":true,"href":"https:\/\/forma5.com\/fr\/wp-json\/wp\/v2\/media\/8498"},{"embeddable":true,"href":"https:\/\/forma5.com\/fr\/wp-json\/wp\/v2\/media\/8494"},{"embeddable":true,"href":"https:\/\/forma5.com\/fr\/wp-json\/wp\/v2\/media\/8490"},{"embeddable":true,"href":"https:\/\/forma5.com\/fr\/wp-json\/wp\/v2\/media\/8486"},{"embeddable":true,"href":"https:\/\/forma5.com\/fr\/wp-json\/wp\/v2\/media\/8482"},{"embeddable":true,"href":"https:\/\/forma5.com\/fr\/wp-json\/wp\/v2\/media\/8478"},{"embeddable":true,"href":"https:\/\/forma5.com\/fr\/wp-json\/wp\/v2\/media\/8474"},{"embeddable":true,"href":"https:\/\/forma5.com\/fr\/wp-json\/wp\/v2\/media\/8470"},{"embeddable":true,"href":"https:\/\/forma5.com\/fr\/wp-json\/wp\/v2\/media\/8466"},{"embeddable":true,"href":"https:\/\/forma5.com\/fr\/wp-json\/wp\/v2\/media\/8133"},{"embeddable":true,"href":"https:\/\/forma5.com\/fr\/wp-json\/wp\/v2\/media\/8218"},{"embeddable":true,"href":"https:\/\/forma5.com\/fr\/wp-json\/wp\/v2\/media\/8137"},{"embeddable":true,"href":"https:\/\/forma5.com\/fr\/wp-json\/wp\/v2\/media\/8214"}],"acf:post":[{"embeddable":true,"href":"https:\/\/forma5.com\/fr\/wp-json\/wp\/v2\/disenador\/1024"}],"wp:featuredmedia":[{"embeddable":true,"href":"https:\/\/forma5.com\/fr\/wp-json\/wp\/v2\/media\/8155"}],"wp:attachment":[{"href":"https:\/\/forma5.com\/fr\/wp-json\/wp\/v2\/media?parent=8231"}],"wp:term":[{"taxonomy":"product_brand","embeddable":true,"href":"https:\/\/forma5.com\/fr\/wp-json\/wp\/v2\/product_brand?post=8231"},{"taxonomy":"product_cat","embeddable":true,"href":"https:\/\/forma5.com\/fr\/wp-json\/wp\/v2\/product_cat?post=8231"},{"taxonomy":"product_tag","embeddable":true,"href":"https:\/\/forma5.com\/fr\/wp-json\/wp\/v2\/product_tag?post=8231"}],"curies":[{"name":"wp","href":"https:\/\/api.w.org\/{rel}","templated":true}]}}